{"id":12202,"date":"2026-02-02T18:16:59","date_gmt":"2026-02-02T16:16:59","guid":{"rendered":"https:\/\/mykonostownhousehotel.com\/condizioni-di-prenotazione\/"},"modified":"2026-02-02T18:17:03","modified_gmt":"2026-02-02T16:17:03","slug":"condizioni-di-prenotazione","status":"publish","type":"page","link":"https:\/\/mykonostownhousehotel.com\/it\/condizioni-di-prenotazione\/","title":{"rendered":"CONDIZIONI DI PRENOTAZIONE"},"content":{"rendered":"<div class=\"wpb-content-wrapper\"><p>[vc_row rt_row_background_width=&#8221;fullwidth&#8221; rt_row_content_width=&#8221;default&#8221; rt_row_style=&#8221;default-style&#8221; rt_row_height=&#8221;&#8221; rt_row_borders=&#8221;&#8221; rt_row_shadows=&#8221;&#8221; rt_column_gaps=&#8221;&#8221; rt_row_paddings=&#8221;true&#8221; rt_bg_effect=&#8221;classic&#8221; rt_transparent_bg=&#8221;&#8221; rt_bg_image_repeat=&#8221;repeat&#8221; rt_bg_size=&#8221;cover&#8221; rt_bg_position=&#8221;right top&#8221; rt_bg_attachment=&#8221;scroll&#8221; rt_bg_video_format=&#8221;self-hosted&#8221;][vc_column rt_col_paddings=&#8221;true&#8221; rt_wrp_col_paddings=&#8221;false&#8221; rt_column_shadow=&#8221;&#8221; rt_border_top=&#8221;&#8221; rt_border_bottom=&#8221;&#8221; rt_border_left=&#8221;&#8221; rt_border_right=&#8221;&#8221; rt_border_top_mobile=&#8221;&#8221; rt_border_bottom_mobile=&#8221;&#8221; rt_border_left_mobile=&#8221;&#8221; rt_border_right_mobile=&#8221;&#8221; rt_bg_image_repeat=&#8221;repeat&#8221; rt_bg_size=&#8221;auto auto&#8221; rt_bg_position=&#8221;right top&#8221; rt_bg_attachment=&#8221;scroll&#8221; rt_padding_top=&#8221;20&#8243; rt_bg_color=&#8221;&#8221; rt_bg_overlay_color=&#8221;&#8221;][vc_column_text]<\/p>\n<h1><strong>Condizioni di prenotazione per Mykonos TownHouse<\/strong><\/h1>\n<p>&nbsp;<\/p>\n<p><strong>1. Operatore e termini<br \/>\n<\/strong>Elegant Hotel Collection Limited (EHC), con sede legale a Newark Beacon Cafferata Way NG24 2TN, \u00e8 l&#8217;operatore di Mykonos TownHouse.<\/p>\n<p>Si prega di notare che il pagamento verr\u00e0 elaborato da HotelREZ Limited (con lo stesso indirizzo) che agisce come agente di EHC ai fini dell&#8217;elaborazione dei pagamenti.<\/p>\n<p>Questi sono i termini che si applicano quando richiedi una prenotazione a Mykonos TownHouse.<\/p>\n<p>Alle prenotazioni presso tutti gli altri hotel EHC si applicano condizioni diverse, che di solito si trovano nella pagina di prenotazione dell&#8217;hotel in questione.<\/p>\n<p>&nbsp;<\/p>\n<p><strong>2. La tua prenotazione<\/strong><\/p>\n<p>Per garantire la prenotazione, ti chiederemo i dati della tua carta di credito o di debito. Accettiamo Visa, Mastercard, American Express e qualsiasi altra carta indicata nella procedura di pagamento. Ti preghiamo di controllare attentamente i dettagli della tua prenotazione prima di confermarla.  <\/p>\n<p><span style=\"font-weight: 400;\">Le prenotazioni sono valide solo se la carta di credito\/debito \u00e8 intestata alla persona che ha effettuato la prenotazione. Non accettiamo prenotazioni pagate\/garantite se il nome del titolare della carta \u00e8 diverso da quello della prenotazione. <\/span><\/p>\n<p>Confermeremo la tua prenotazione inviando un&#8217;e-mail all&#8217;indirizzo di posta elettronica che ci hai fornito al momento della prenotazione. Non esister\u00e0 alcun contratto tra noi finch\u00e9 non riceverai questa e-mail. <\/p>\n<p>Si prega di notare che la prenotazione non \u00e8 trasferibile. Ci riserviamo il diritto di rifiutare l&#8217;alloggio e\/o i servizi a qualsiasi persona non indicata nella prenotazione originale. <\/p>\n<p>Per prenotare devi avere almeno 18 anni.<\/p>\n<p>&nbsp;<\/p>\n<p><strong>3. Prezzo e pagamento<br \/>\n<\/strong><\/p>\n<p>Il prezzo che pagherai sar\u00e0 quello indicato al momento della prenotazione. Il prezzo sar\u00e0 confermato nell&#8217;e-mail di conferma. <\/p>\n<p>Il prezzo includer\u00e0 l&#8217;IVA all&#8217;aliquota vigente. In caso di modifica dell&#8217;aliquota IVA, saremo obbligati ad applicare la nuova aliquota alle somme che non avrai pagato prima dell&#8217;entrata in vigore della modifica. <\/p>\n<p>Il momento in cui deve essere effettuato il pagamento dipende dal piano tariffario della camera che hai scelto. Questo sar\u00e0 indicato nelle informazioni di prenotazione che ti verranno fornite al momento della prenotazione. <\/p>\n<p>Si prega di notare che le tasse turistiche locali devono essere pagate in hotel alla partenza o prima di essa. Siamo in grado di accettare contanti per importi fino a 100 euro, ma richiediamo il pagamento con carta di credito o di debito per importi superiori a 100 euro. <\/p>\n<p>I cibi e le bevande acquistati presso il Mykonos TownHouse e i suoi bar gemelli, SKYBAR e 54 Cocktail Bar, possono essere addebitati alla tua camera e saldati alla partenza o prima di essa, a condizione che tu ci abbia comunicato i dati della tua carta di credito con una pre-autorizzazione di importo sufficiente.<\/p>\n<p>Ci riserviamo il diritto di richiedere la pre-autorizzazione della carta di credito per qualsiasi spesa che tu possa sostenere o per qualsiasi danno che tu possa causare durante il tuo soggiorno presso di noi e\/o di chiederti di saldare il conto in qualsiasi momento durante il tuo soggiorno.<\/p>\n<p>&nbsp;<\/p>\n<p><strong>4. Il tuo soggiorno<\/strong><\/p>\n<p>All&#8217;arrivo a Mykonos TownHouse, potrebbe esserti chiesto di fornire alcune informazioni, come un documento d&#8217;identit\u00e0 e i dati del passaporto. Queste informazioni saranno trattate in conformit\u00e0 con la nostra politica sulla privacy. <\/p>\n<p>L&#8217;occupazione massima della camera \u00e8 il numero di persone indicato nelle informazioni fornite al momento della prenotazione. Non devi superare questo numero. <\/p>\n<p>La tua camera sar\u00e0 disponibile a partire dalle 15:00 del giorno del tuo arrivo e il check-out \u00e8 previsto per le 12:00 del giorno della tua partenza. Se desideri prendere altri accordi, ti preghiamo di comunicarcelo e cercheremo di aiutarti. <\/p>\n<p>Se il tuo arrivo \u00e8 previsto dopo le 21:00, ti preghiamo di comunicarcelo.<\/p>\n<p><strong><br \/>\n5. Accessibilit\u00e0<br \/>\n<\/strong>La Mykonos TownHouse si trova in un&#8217;area storicamente sensibile dove le norme locali limitano lo sviluppo e l&#8217;accesso all&#8217;hotel \u00e8 estremamente limitato. Di conseguenza, non possiamo garantire che l&#8217;hotel sia adatto alle persone con disabilit\u00e0. Se hai dei dubbi sull&#8217;idoneit\u00e0 della Mykonos TownHouse per te o per un membro del tuo gruppo, contattaci prima di prenotare e saremo lieti di darti una consulenza.  <\/p>\n<p>&nbsp;<\/p>\n<p><strong>6. Cancellazione e modifiche della prenotazione da parte tua<br \/>\n<\/strong>Se cancelli la tua prenotazione, ti rimborseremo:<\/p>\n<ul>\n<li>100% &#8211; se cancelli pi\u00f9 di 21 giorni prima del primo giorno di soggiorno;<\/li>\n<li>Se cancelli 21 giorni o meno prima del primo giorno di soggiorno, non potremo effettuare alcun rimborso.<\/li>\n<\/ul>\n<p>Dovresti prendere in considerazione la possibilit\u00e0 di stipulare un&#8217;assicurazione adeguata per coprire questa eventualit\u00e0.<\/p>\n<p>Se desideri apportare piccole modifiche alla tua prenotazione, contattaci e faremo il possibile per aiutarti.<\/p>\n<p><strong><br \/>\n7. Cancellazione da parte nostra<br \/>\n<\/strong>Ci riserviamo il diritto di cancellare la tua prenotazione dandone comunicazione scritta (anche via e-mail):<\/p>\n<ul>\n<li>se l&#8217;utente non effettua il pagamento quando richiesto dai presenti Termini<\/li>\n<li>se infrangi il contratto tra noi in qualsiasi modo<\/li>\n<li><span style=\"font-weight: 400;\">se il nome del titolare della carta non coincide con quello della prenotazione<\/span><\/li>\n<\/ul>\n<p>Potremmo anche cancellare la tua prenotazione se un evento al di fuori del nostro controllo (come un incendio, un&#8217;inondazione, un guasto alle utenze o un&#8217;evacuazione di emergenza) ci impedisce di rendere disponibile la tua camera per te. In tal caso, ti informeremo il prima possibile e ti rimborseremo integralmente tutte le somme che ci hai versato. Il rimborso verr\u00e0 effettuato sulla stessa carta utilizzata per il pagamento. Tuttavia, ad eccezione di qualsiasi diritto legale che non possiamo escludere o limitare, non avremo alcuna responsabilit\u00e0 nei tuoi confronti in queste circostanze.   <\/p>\n<p><strong><br \/>\n8. Il tuo comportamento<\/strong><\/p>\n<p>Tu e il tuo gruppo siete tenuti a comportarvi in modo appropriato in ogni momento e a rispettare le nostre procedure e\/o richieste in materia di comportamento e di rispetto della propriet\u00e0 dell&#8217;hotel, dei suoi dipendenti e degli ospiti, nonch\u00e9 della loro salute e sicurezza. Tu e il tuo gruppo siete invitati a non disturbare il comfort e il divertimento degli altri ospiti, il buon funzionamento dell&#8217;hotel e a non recare offesa agli altri ospiti o al nostro personale. <\/p>\n<p>Ti preghiamo di non fumare in nessun luogo dell&#8217;hotel. L<span style=\"font-weight: 400;\">&#8216;hotel si riserva il diritto di addebitare il costo del fumo in caso di fumo nelle camere.<\/span> <\/p>\n<p>Tu e i tuoi amici non dovrete utilizzare l&#8217;accesso a internet fornito da noi per accedere o scaricare materiale illegale o osceno o che possa recare offesa.<\/p>\n<p>Ci riserviamo il diritto di rifiutare l&#8217;alloggio o i servizi o di allontanare te e\/o i membri del tuo gruppo dall&#8217;hotel se, a nostro ragionevole giudizio, riteniamo che questa disposizione sia stata violata. In tal caso non avremo alcun obbligo di rimborsarti per la perdita dell&#8217;alloggio, di altri servizi o per qualsiasi altra perdita o spesa sostenuta. <\/p>\n<p>&nbsp;<\/p>\n<p><strong>9. La nostra responsabilit\u00e0<\/strong><\/p>\n<p>Non saremo responsabili per la perdita o il danneggiamento di qualsiasi bene lasciato in hotel, se non nei casi previsti dalla legge.<\/p>\n<p>Non saremo responsabili di alcuna perdita economica indiretta, consequenziale o pura, n\u00e9 di alcuna perdita di profitto, di avviamento o di opportunit\u00e0, comunque causata (anche per nostra negligenza).<\/p>\n<p>A meno che non sia vietato dalla legge applicabile, la nostra responsabilit\u00e0 totale non superer\u00e0 il valore degli addebiti ricevuti dall&#8217;utente in relazione alla prenotazione.<\/p>\n<p>Non saremo responsabili nei tuoi confronti per eventuali guasti, perdite o violazioni derivanti da eventi al di fuori del nostro ragionevole controllo.<\/p>\n<p>Nulla di quanto contenuto nei presenti Termini potr\u00e0 essere letto o interpretato come un&#8217;esclusione o una limitazione di responsabilit\u00e0 che non pu\u00f2 essere esclusa o limitata dalla legge applicabile o come un&#8217;incidenza su qualsiasi diritto di cui l&#8217;utente dispone in qualit\u00e0 di consumatore.<\/p>\n<p><strong><br \/>\n10. I tuoi dati<br \/>\n<\/strong>I tuoi dati personali saranno conservati in modo sicuro e protetto. I dettagli su come gestiremo i tuoi dati sono riportati nella nostra <a href=\"https:\/\/mykonostownhousehotel.com\/privacy-policy\/\">informativa sulla privacy<\/a>. <\/p>\n<p><strong><br \/>\n11. Termini legali<br \/>\n<\/strong>La legge inglese si applicher\u00e0 a questi termini (compreso il loro oggetto e la loro formazione) e alla tua prenotazione.<\/p>\n<p>I tribunali inglesi avranno giurisdizione esclusiva.[\/vc_column_text][\/vc_column][\/vc_row]<\/p>\n<\/div>","protected":false},"excerpt":{"rendered":"<p>[vc_row rt_row_background_width=&#8221;fullwidth&#8221; rt_row_content_width=&#8221;default&#8221; rt_row_style=&#8221;default-style&#8221; rt_row_height=&#8221;&#8221; rt_row_borders=&#8221;&#8221; rt_row_shadows=&#8221;&#8221; rt_column_gaps=&#8221;&#8221; rt_row_paddings=&#8221;true&#8221; rt_bg_effect=&#8221;classic&#8221; rt_transparent_bg=&#8221;&#8221; rt_bg_image_repeat=&#8221;repeat&#8221; rt_bg_size=&#8221;cover&#8221; rt_bg_position=&#8221;right top&#8221; rt_bg_attachment=&#8221;scroll&#8221; rt_bg_video_format=&#8221;self-hosted&#8221;][vc_column rt_col_paddings=&#8221;true&#8221; rt_wrp_col_paddings=&#8221;false&#8221; rt_column_shadow=&#8221;&#8221; rt_border_top=&#8221;&#8221; rt_border_bottom=&#8221;&#8221; rt_border_left=&#8221;&#8221; rt_border_right=&#8221;&#8221; rt_border_top_mobile=&#8221;&#8221; rt_border_bottom_mobile=&#8221;&#8221; rt_border_left_mobile=&#8221;&#8221; rt_border_right_mobile=&#8221;&#8221; rt_bg_image_repeat=&#8221;repeat&#8221; rt_bg_size=&#8221;auto auto&#8221; rt_bg_position=&#8221;right top&#8221; rt_bg_attachment=&#8221;scroll&#8221; rt_padding_top=&#8221;20&#8243; rt_bg_color=&#8221;&#8221; rt_bg_overlay_color=&#8221;&#8221;][vc_column_text] Condizioni di prenotazione per Mykonos TownHouse &nbsp; 1. Operatore e termini Elegant Hotel Collection Limited (EHC), con sede &#8230; <a class=\"more-link\" href=\"https:\/\/mykonostownhousehotel.com\/it\/condizioni-di-prenotazione\/\">Continua a leggere<\/a><\/p>\n","protected":false},"author":7,"featured_media":0,"parent":0,"menu_order":0,"comment_status":"closed","ping_status":"closed","template":"","meta":{"footnotes":""},"class_list":["post-12202","page","type-page","status-publish","hentry"],"yoast_head":"<!-- This site is optimized with the Yoast SEO plugin v27.4 - https:\/\/yoast.com\/product\/yoast-seo-wordpress\/ -->\n<title>Condizioni di prenotazione - The TownHouse Mykonos Hotel<\/title>\n<meta name=\"description\" content=\"Tutto quello che devi sapere sulle condizioni di prenotazione al The TownHouse Mykonos Hotel.\" \/>\n<meta name=\"robots\" content=\"index, follow, max-snippet:-1, max-image-preview:large, max-video-preview:-1\" \/>\n<link rel=\"canonical\" href=\"https:\/\/mykonostownhousehotel.com\/it\/condizioni-di-prenotazione\/\" \/>\n<meta property=\"og:locale\" content=\"it_IT\" \/>\n<meta property=\"og:type\" content=\"article\" \/>\n<meta property=\"og:title\" content=\"Condizioni di prenotazione - The TownHouse Mykonos Hotel\" \/>\n<meta property=\"og:description\" content=\"Tutto quello che devi sapere sulle condizioni di prenotazione al The TownHouse Mykonos Hotel.\" \/>\n<meta property=\"og:url\" content=\"https:\/\/mykonostownhousehotel.com\/it\/condizioni-di-prenotazione\/\" \/>\n<meta property=\"og:site_name\" content=\"The Townhouse Hotel Mykonos\" \/>\n<meta property=\"article:publisher\" content=\"https:\/\/www.facebook.com\/MykonosTownHouse\/\" \/>\n<meta property=\"article:modified_time\" content=\"2026-02-02T16:17:03+00:00\" \/>\n<meta name=\"twitter:card\" content=\"summary_large_image\" \/>\n<meta name=\"twitter:label1\" content=\"Tempo di lettura stimato\" \/>\n\t<meta name=\"twitter:data1\" content=\"7 minuti\" \/>\n<script type=\"application\/ld+json\" class=\"yoast-schema-graph\">{\"@context\":\"https:\\\/\\\/schema.org\",\"@graph\":[{\"@type\":\"WebPage\",\"@id\":\"https:\\\/\\\/mykonostownhousehotel.com\\\/it\\\/condizioni-di-prenotazione\\\/\",\"url\":\"https:\\\/\\\/mykonostownhousehotel.com\\\/it\\\/condizioni-di-prenotazione\\\/\",\"name\":\"Condizioni di prenotazione - The TownHouse Mykonos Hotel\",\"isPartOf\":{\"@id\":\"https:\\\/\\\/hotelrez-mykonos.local\\\/#website\"},\"datePublished\":\"2026-02-02T16:16:59+00:00\",\"dateModified\":\"2026-02-02T16:17:03+00:00\",\"description\":\"Tutto quello che devi sapere sulle condizioni di prenotazione al The TownHouse Mykonos Hotel.\",\"breadcrumb\":{\"@id\":\"https:\\\/\\\/mykonostownhousehotel.com\\\/it\\\/condizioni-di-prenotazione\\\/#breadcrumb\"},\"inLanguage\":\"it-IT\",\"potentialAction\":[{\"@type\":\"ReadAction\",\"target\":[\"https:\\\/\\\/mykonostownhousehotel.com\\\/it\\\/condizioni-di-prenotazione\\\/\"]}]},{\"@type\":\"BreadcrumbList\",\"@id\":\"https:\\\/\\\/mykonostownhousehotel.com\\\/it\\\/condizioni-di-prenotazione\\\/#breadcrumb\",\"itemListElement\":[{\"@type\":\"ListItem\",\"position\":1,\"name\":\"Home\",\"item\":\"https:\\\/\\\/mykonostownhousehotel.com\\\/it\\\/\"},{\"@type\":\"ListItem\",\"position\":2,\"name\":\"CONDIZIONI DI PRENOTAZIONE\"}]},{\"@type\":\"WebSite\",\"@id\":\"https:\\\/\\\/hotelrez-mykonos.local\\\/#website\",\"url\":\"https:\\\/\\\/hotelrez-mykonos.local\\\/\",\"name\":\"The Townhouse Hotel Mykonos\",\"description\":\"Reservations +30 211 198 9344\",\"publisher\":{\"@id\":\"https:\\\/\\\/hotelrez-mykonos.local\\\/#organization\"},\"potentialAction\":[{\"@type\":\"SearchAction\",\"target\":{\"@type\":\"EntryPoint\",\"urlTemplate\":\"https:\\\/\\\/hotelrez-mykonos.local\\\/?s={search_term_string}\"},\"query-input\":{\"@type\":\"PropertyValueSpecification\",\"valueRequired\":true,\"valueName\":\"search_term_string\"}}],\"inLanguage\":\"it-IT\"},{\"@type\":\"Organization\",\"@id\":\"https:\\\/\\\/hotelrez-mykonos.local\\\/#organization\",\"name\":\"The TownHouse Mykonos\",\"url\":\"https:\\\/\\\/hotelrez-mykonos.local\\\/\",\"logo\":{\"@type\":\"ImageObject\",\"inLanguage\":\"it-IT\",\"@id\":\"https:\\\/\\\/hotelrez-mykonos.local\\\/#\\\/schema\\\/logo\\\/image\\\/\",\"url\":\"https:\\\/\\\/mykonostownhousehotel.com\\\/wp-content\\\/uploads\\\/2017\\\/01\\\/The-Townhouse-Mykonos-Logo-12.png\",\"contentUrl\":\"https:\\\/\\\/mykonostownhousehotel.com\\\/wp-content\\\/uploads\\\/2017\\\/01\\\/The-Townhouse-Mykonos-Logo-12.png\",\"width\":909,\"height\":396,\"caption\":\"The TownHouse Mykonos\"},\"image\":{\"@id\":\"https:\\\/\\\/hotelrez-mykonos.local\\\/#\\\/schema\\\/logo\\\/image\\\/\"},\"sameAs\":[\"https:\\\/\\\/www.facebook.com\\\/MykonosTownHouse\\\/\",\"https:\\\/\\\/www.instagram.com\\\/mykonostownhouse\\\/\"]}]}<\/script>\n<!-- \/ Yoast SEO plugin. -->","yoast_head_json":{"title":"Condizioni di prenotazione - The TownHouse Mykonos Hotel","description":"Tutto quello che devi sapere sulle condizioni di prenotazione al The TownHouse Mykonos Hotel.","robots":{"index":"index","follow":"follow","max-snippet":"max-snippet:-1","max-image-preview":"max-image-preview:large","max-video-preview":"max-video-preview:-1"},"canonical":"https:\/\/mykonostownhousehotel.com\/it\/condizioni-di-prenotazione\/","og_locale":"it_IT","og_type":"article","og_title":"Condizioni di prenotazione - The TownHouse Mykonos Hotel","og_description":"Tutto quello che devi sapere sulle condizioni di prenotazione al The TownHouse Mykonos Hotel.","og_url":"https:\/\/mykonostownhousehotel.com\/it\/condizioni-di-prenotazione\/","og_site_name":"The Townhouse Hotel Mykonos","article_publisher":"https:\/\/www.facebook.com\/MykonosTownHouse\/","article_modified_time":"2026-02-02T16:17:03+00:00","twitter_card":"summary_large_image","twitter_misc":{"Tempo di lettura stimato":"7 minuti"},"schema":{"@context":"https:\/\/schema.org","@graph":[{"@type":"WebPage","@id":"https:\/\/mykonostownhousehotel.com\/it\/condizioni-di-prenotazione\/","url":"https:\/\/mykonostownhousehotel.com\/it\/condizioni-di-prenotazione\/","name":"Condizioni di prenotazione - The TownHouse Mykonos Hotel","isPartOf":{"@id":"https:\/\/hotelrez-mykonos.local\/#website"},"datePublished":"2026-02-02T16:16:59+00:00","dateModified":"2026-02-02T16:17:03+00:00","description":"Tutto quello che devi sapere sulle condizioni di prenotazione al The TownHouse Mykonos Hotel.","breadcrumb":{"@id":"https:\/\/mykonostownhousehotel.com\/it\/condizioni-di-prenotazione\/#breadcrumb"},"inLanguage":"it-IT","potentialAction":[{"@type":"ReadAction","target":["https:\/\/mykonostownhousehotel.com\/it\/condizioni-di-prenotazione\/"]}]},{"@type":"BreadcrumbList","@id":"https:\/\/mykonostownhousehotel.com\/it\/condizioni-di-prenotazione\/#breadcrumb","itemListElement":[{"@type":"ListItem","position":1,"name":"Home","item":"https:\/\/mykonostownhousehotel.com\/it\/"},{"@type":"ListItem","position":2,"name":"CONDIZIONI DI PRENOTAZIONE"}]},{"@type":"WebSite","@id":"https:\/\/hotelrez-mykonos.local\/#website","url":"https:\/\/hotelrez-mykonos.local\/","name":"The Townhouse Hotel Mykonos","description":"Reservations +30 211 198 9344","publisher":{"@id":"https:\/\/hotelrez-mykonos.local\/#organization"},"potentialAction":[{"@type":"SearchAction","target":{"@type":"EntryPoint","urlTemplate":"https:\/\/hotelrez-mykonos.local\/?s={search_term_string}"},"query-input":{"@type":"PropertyValueSpecification","valueRequired":true,"valueName":"search_term_string"}}],"inLanguage":"it-IT"},{"@type":"Organization","@id":"https:\/\/hotelrez-mykonos.local\/#organization","name":"The TownHouse Mykonos","url":"https:\/\/hotelrez-mykonos.local\/","logo":{"@type":"ImageObject","inLanguage":"it-IT","@id":"https:\/\/hotelrez-mykonos.local\/#\/schema\/logo\/image\/","url":"https:\/\/mykonostownhousehotel.com\/wp-content\/uploads\/2017\/01\/The-Townhouse-Mykonos-Logo-12.png","contentUrl":"https:\/\/mykonostownhousehotel.com\/wp-content\/uploads\/2017\/01\/The-Townhouse-Mykonos-Logo-12.png","width":909,"height":396,"caption":"The TownHouse Mykonos"},"image":{"@id":"https:\/\/hotelrez-mykonos.local\/#\/schema\/logo\/image\/"},"sameAs":["https:\/\/www.facebook.com\/MykonosTownHouse\/","https:\/\/www.instagram.com\/mykonostownhouse\/"]}]}},"_links":{"self":[{"href":"https:\/\/mykonostownhousehotel.com\/it\/wp-json\/wp\/v2\/pages\/12202","targetHints":{"allow":["GET"]}}],"collection":[{"href":"https:\/\/mykonostownhousehotel.com\/it\/wp-json\/wp\/v2\/pages"}],"about":[{"href":"https:\/\/mykonostownhousehotel.com\/it\/wp-json\/wp\/v2\/types\/page"}],"author":[{"embeddable":true,"href":"https:\/\/mykonostownhousehotel.com\/it\/wp-json\/wp\/v2\/users\/7"}],"replies":[{"embeddable":true,"href":"https:\/\/mykonostownhousehotel.com\/it\/wp-json\/wp\/v2\/comments?post=12202"}],"version-history":[{"count":1,"href":"https:\/\/mykonostownhousehotel.com\/it\/wp-json\/wp\/v2\/pages\/12202\/revisions"}],"predecessor-version":[{"id":12206,"href":"https:\/\/mykonostownhousehotel.com\/it\/wp-json\/wp\/v2\/pages\/12202\/revisions\/12206"}],"wp:attachment":[{"href":"https:\/\/mykonostownhousehotel.com\/it\/wp-json\/wp\/v2\/media?parent=12202"}],"curies":[{"name":"wp","href":"https:\/\/api.w.org\/{rel}","templated":true}]}}