{"id":11997,"date":"2026-02-02T18:16:35","date_gmt":"2026-02-02T16:16:35","guid":{"rendered":"https:\/\/mykonostownhousehotel.com\/esclusione-di-responsabilita\/"},"modified":"2026-02-02T18:16:35","modified_gmt":"2026-02-02T16:16:35","slug":"esclusione-di-responsabilita","status":"publish","type":"page","link":"https:\/\/mykonostownhousehotel.com\/it\/esclusione-di-responsabilita\/","title":{"rendered":"Esclusione di responsabilit\u00e0"},"content":{"rendered":"<p>Il TownHouse Mykonos \u00e8 membro e rappresentato in esclusiva da Elegant Hotel Collection (EHC), societ\u00e0 con sede nel Regno Unito. Il TownHouse fa parte del franchising alberghiero EHC e aderisce al suo impegno per l&#8217;eccellenza. Tutte le prenotazioni vengono effettuate esclusivamente tramite EHC e le richieste di informazioni relative a queste o ad altre questioni devono essere indirizzate a: accounts@eleganthotelcollection.com. <strong><a href=\"https:\/\/mykonostownhousehotel.com\/it\/termini-e-condizioni\/\">termini e condizioni<\/a><\/strong>, <strong><a href=\"https:\/\/mykonostownhousehotel.com\/it\/condizioni-di-prenotazione\/\">termini di prenotazione<\/a><\/strong> e <a href=\"https:\/\/mykonostownhousehotel.com\/privacy-policy\/\"><strong> informativa sulla privacy <\/strong><\/a> per maggiori informazioni.  <\/p>\n<p>Le informazioni contenute in questo messaggio di posta elettronica sono riservate, senza pregiudizi e possono essere legalmente privilegiate. Sono destinate esclusivamente ai destinatari. L&#8217;accesso a questo messaggio di posta elettronica via Internet da parte di chiunque altro non \u00e8 autorizzato. Se non sei il destinatario previsto, qualsiasi divulgazione, copia, distribuzione o azione intrapresa o omessa in base ad esso \u00e8 vietata e pu\u00f2 essere illegale.   <\/p>\n<p>Le opinioni e\/o i pareri espressi in questa e-mail possono essere personali e non sono necessariamente quelli di TownHouse Mykonos; le azioni intraprese in base a tali opinioni e\/o pareri sono pertanto prese in modo indipendente e a proprio rischio. Il mittente ritiene che questa e-mail e tutti gli allegati siano privi di virus, worm, cavalli di Troia e\/o codici maligni al momento dell&#8217;invio. Questo messaggio e i suoi allegati potrebbero essere stati infettati durante la trasmissione. Leggendo il messaggio e aprendo gli allegati, il destinatario si assume la piena responsabilit\u00e0 di adottare misure protettive e correttive nei confronti di virus e altri difetti.   <\/p>\n","protected":false},"excerpt":{"rendered":"<p>Il TownHouse Mykonos \u00e8 membro e rappresentato in esclusiva da Elegant Hotel Collection (EHC), societ\u00e0 con sede nel Regno Unito. Il TownHouse fa parte del franchising alberghiero EHC e aderisce al suo impegno per l&#8217;eccellenza. Tutte le prenotazioni vengono effettuate esclusivamente tramite EHC e le richieste di informazioni relative a queste o ad altre questioni &#8230; <a class=\"more-link\" href=\"https:\/\/mykonostownhousehotel.com\/it\/esclusione-di-responsabilita\/\">Continua a leggere<\/a><\/p>\n","protected":false},"author":2,"featured_media":0,"parent":0,"menu_order":0,"comment_status":"closed","ping_status":"closed","template":"","meta":{"footnotes":""},"class_list":["post-11997","page","type-page","status-publish","hentry"],"yoast_head":"<!-- This site is optimized with the Yoast SEO plugin v27.4 - https:\/\/yoast.com\/product\/yoast-seo-wordpress\/ -->\n<title>Esclusione di responsabilit\u00e0 - The Townhouse Hotel Mykonos<\/title>\n<meta name=\"robots\" content=\"index, follow, max-snippet:-1, max-image-preview:large, max-video-preview:-1\" \/>\n<link rel=\"canonical\" href=\"https:\/\/mykonostownhousehotel.com\/it\/esclusione-di-responsabilita\/\" \/>\n<meta property=\"og:locale\" content=\"it_IT\" \/>\n<meta property=\"og:type\" content=\"article\" \/>\n<meta property=\"og:title\" content=\"Esclusione di responsabilit\u00e0 - The Townhouse Hotel Mykonos\" \/>\n<meta property=\"og:description\" content=\"Il TownHouse Mykonos \u00e8 membro e rappresentato in esclusiva da Elegant Hotel Collection (EHC), societ\u00e0 con sede nel Regno Unito. Il TownHouse fa parte del franchising alberghiero EHC e aderisce al suo impegno per l&#8217;eccellenza. Tutte le prenotazioni vengono effettuate esclusivamente tramite EHC e le richieste di informazioni relative a queste o ad altre questioni [&hellip;]\" \/>\n<meta property=\"og:url\" content=\"https:\/\/mykonostownhousehotel.com\/it\/esclusione-di-responsabilita\/\" \/>\n<meta property=\"og:site_name\" content=\"The Townhouse Hotel Mykonos\" \/>\n<meta property=\"article:publisher\" content=\"https:\/\/www.facebook.com\/MykonosTownHouse\/\" \/>\n<meta name=\"twitter:card\" content=\"summary_large_image\" \/>\n<meta name=\"twitter:label1\" content=\"Tempo di lettura stimato\" \/>\n\t<meta name=\"twitter:data1\" content=\"1 minuto\" \/>\n<script type=\"application\/ld+json\" class=\"yoast-schema-graph\">{\"@context\":\"https:\\\/\\\/schema.org\",\"@graph\":[{\"@type\":\"WebPage\",\"@id\":\"https:\\\/\\\/mykonostownhousehotel.com\\\/it\\\/esclusione-di-responsabilita\\\/\",\"url\":\"https:\\\/\\\/mykonostownhousehotel.com\\\/it\\\/esclusione-di-responsabilita\\\/\",\"name\":\"Esclusione di responsabilit\u00e0 - The Townhouse Hotel Mykonos\",\"isPartOf\":{\"@id\":\"https:\\\/\\\/hotelrez-mykonos.local\\\/#website\"},\"datePublished\":\"2026-02-02T16:16:35+00:00\",\"breadcrumb\":{\"@id\":\"https:\\\/\\\/mykonostownhousehotel.com\\\/it\\\/esclusione-di-responsabilita\\\/#breadcrumb\"},\"inLanguage\":\"it-IT\",\"potentialAction\":[{\"@type\":\"ReadAction\",\"target\":[\"https:\\\/\\\/mykonostownhousehotel.com\\\/it\\\/esclusione-di-responsabilita\\\/\"]}]},{\"@type\":\"BreadcrumbList\",\"@id\":\"https:\\\/\\\/mykonostownhousehotel.com\\\/it\\\/esclusione-di-responsabilita\\\/#breadcrumb\",\"itemListElement\":[{\"@type\":\"ListItem\",\"position\":1,\"name\":\"Home\",\"item\":\"https:\\\/\\\/mykonostownhousehotel.com\\\/it\\\/\"},{\"@type\":\"ListItem\",\"position\":2,\"name\":\"Esclusione di responsabilit\u00e0\"}]},{\"@type\":\"WebSite\",\"@id\":\"https:\\\/\\\/hotelrez-mykonos.local\\\/#website\",\"url\":\"https:\\\/\\\/hotelrez-mykonos.local\\\/\",\"name\":\"The Townhouse Hotel Mykonos\",\"description\":\"Reservations +30 211 198 9344\",\"publisher\":{\"@id\":\"https:\\\/\\\/hotelrez-mykonos.local\\\/#organization\"},\"potentialAction\":[{\"@type\":\"SearchAction\",\"target\":{\"@type\":\"EntryPoint\",\"urlTemplate\":\"https:\\\/\\\/hotelrez-mykonos.local\\\/?s={search_term_string}\"},\"query-input\":{\"@type\":\"PropertyValueSpecification\",\"valueRequired\":true,\"valueName\":\"search_term_string\"}}],\"inLanguage\":\"it-IT\"},{\"@type\":\"Organization\",\"@id\":\"https:\\\/\\\/hotelrez-mykonos.local\\\/#organization\",\"name\":\"The TownHouse Mykonos\",\"url\":\"https:\\\/\\\/hotelrez-mykonos.local\\\/\",\"logo\":{\"@type\":\"ImageObject\",\"inLanguage\":\"it-IT\",\"@id\":\"https:\\\/\\\/hotelrez-mykonos.local\\\/#\\\/schema\\\/logo\\\/image\\\/\",\"url\":\"https:\\\/\\\/mykonostownhousehotel.com\\\/wp-content\\\/uploads\\\/2017\\\/01\\\/The-Townhouse-Mykonos-Logo-12.png\",\"contentUrl\":\"https:\\\/\\\/mykonostownhousehotel.com\\\/wp-content\\\/uploads\\\/2017\\\/01\\\/The-Townhouse-Mykonos-Logo-12.png\",\"width\":909,\"height\":396,\"caption\":\"The TownHouse Mykonos\"},\"image\":{\"@id\":\"https:\\\/\\\/hotelrez-mykonos.local\\\/#\\\/schema\\\/logo\\\/image\\\/\"},\"sameAs\":[\"https:\\\/\\\/www.facebook.com\\\/MykonosTownHouse\\\/\",\"https:\\\/\\\/www.instagram.com\\\/mykonostownhouse\\\/\"]}]}<\/script>\n<!-- \/ Yoast SEO plugin. -->","yoast_head_json":{"title":"Esclusione di responsabilit\u00e0 - The Townhouse Hotel Mykonos","robots":{"index":"index","follow":"follow","max-snippet":"max-snippet:-1","max-image-preview":"max-image-preview:large","max-video-preview":"max-video-preview:-1"},"canonical":"https:\/\/mykonostownhousehotel.com\/it\/esclusione-di-responsabilita\/","og_locale":"it_IT","og_type":"article","og_title":"Esclusione di responsabilit\u00e0 - The Townhouse Hotel Mykonos","og_description":"Il TownHouse Mykonos \u00e8 membro e rappresentato in esclusiva da Elegant Hotel Collection (EHC), societ\u00e0 con sede nel Regno Unito. Il TownHouse fa parte del franchising alberghiero EHC e aderisce al suo impegno per l&#8217;eccellenza. Tutte le prenotazioni vengono effettuate esclusivamente tramite EHC e le richieste di informazioni relative a queste o ad altre questioni [&hellip;]","og_url":"https:\/\/mykonostownhousehotel.com\/it\/esclusione-di-responsabilita\/","og_site_name":"The Townhouse Hotel Mykonos","article_publisher":"https:\/\/www.facebook.com\/MykonosTownHouse\/","twitter_card":"summary_large_image","twitter_misc":{"Tempo di lettura stimato":"1 minuto"},"schema":{"@context":"https:\/\/schema.org","@graph":[{"@type":"WebPage","@id":"https:\/\/mykonostownhousehotel.com\/it\/esclusione-di-responsabilita\/","url":"https:\/\/mykonostownhousehotel.com\/it\/esclusione-di-responsabilita\/","name":"Esclusione di responsabilit\u00e0 - The Townhouse Hotel Mykonos","isPartOf":{"@id":"https:\/\/hotelrez-mykonos.local\/#website"},"datePublished":"2026-02-02T16:16:35+00:00","breadcrumb":{"@id":"https:\/\/mykonostownhousehotel.com\/it\/esclusione-di-responsabilita\/#breadcrumb"},"inLanguage":"it-IT","potentialAction":[{"@type":"ReadAction","target":["https:\/\/mykonostownhousehotel.com\/it\/esclusione-di-responsabilita\/"]}]},{"@type":"BreadcrumbList","@id":"https:\/\/mykonostownhousehotel.com\/it\/esclusione-di-responsabilita\/#breadcrumb","itemListElement":[{"@type":"ListItem","position":1,"name":"Home","item":"https:\/\/mykonostownhousehotel.com\/it\/"},{"@type":"ListItem","position":2,"name":"Esclusione di responsabilit\u00e0"}]},{"@type":"WebSite","@id":"https:\/\/hotelrez-mykonos.local\/#website","url":"https:\/\/hotelrez-mykonos.local\/","name":"The Townhouse Hotel Mykonos","description":"Reservations +30 211 198 9344","publisher":{"@id":"https:\/\/hotelrez-mykonos.local\/#organization"},"potentialAction":[{"@type":"SearchAction","target":{"@type":"EntryPoint","urlTemplate":"https:\/\/hotelrez-mykonos.local\/?s={search_term_string}"},"query-input":{"@type":"PropertyValueSpecification","valueRequired":true,"valueName":"search_term_string"}}],"inLanguage":"it-IT"},{"@type":"Organization","@id":"https:\/\/hotelrez-mykonos.local\/#organization","name":"The TownHouse Mykonos","url":"https:\/\/hotelrez-mykonos.local\/","logo":{"@type":"ImageObject","inLanguage":"it-IT","@id":"https:\/\/hotelrez-mykonos.local\/#\/schema\/logo\/image\/","url":"https:\/\/mykonostownhousehotel.com\/wp-content\/uploads\/2017\/01\/The-Townhouse-Mykonos-Logo-12.png","contentUrl":"https:\/\/mykonostownhousehotel.com\/wp-content\/uploads\/2017\/01\/The-Townhouse-Mykonos-Logo-12.png","width":909,"height":396,"caption":"The TownHouse Mykonos"},"image":{"@id":"https:\/\/hotelrez-mykonos.local\/#\/schema\/logo\/image\/"},"sameAs":["https:\/\/www.facebook.com\/MykonosTownHouse\/","https:\/\/www.instagram.com\/mykonostownhouse\/"]}]}},"_links":{"self":[{"href":"https:\/\/mykonostownhousehotel.com\/it\/wp-json\/wp\/v2\/pages\/11997","targetHints":{"allow":["GET"]}}],"collection":[{"href":"https:\/\/mykonostownhousehotel.com\/it\/wp-json\/wp\/v2\/pages"}],"about":[{"href":"https:\/\/mykonostownhousehotel.com\/it\/wp-json\/wp\/v2\/types\/page"}],"author":[{"embeddable":true,"href":"https:\/\/mykonostownhousehotel.com\/it\/wp-json\/wp\/v2\/users\/2"}],"replies":[{"embeddable":true,"href":"https:\/\/mykonostownhousehotel.com\/it\/wp-json\/wp\/v2\/comments?post=11997"}],"version-history":[{"count":0,"href":"https:\/\/mykonostownhousehotel.com\/it\/wp-json\/wp\/v2\/pages\/11997\/revisions"}],"wp:attachment":[{"href":"https:\/\/mykonostownhousehotel.com\/it\/wp-json\/wp\/v2\/media?parent=11997"}],"curies":[{"name":"wp","href":"https:\/\/api.w.org\/{rel}","templated":true}]}}