{"id":11761,"date":"2026-02-02T18:15:34","date_gmt":"2026-02-02T16:15:34","guid":{"rendered":"https:\/\/mykonostownhousehotel.com\/politiche-dellhotel-covid-19\/"},"modified":"2026-02-02T18:15:37","modified_gmt":"2026-02-02T16:15:37","slug":"politiche-dellhotel-covid-19","status":"publish","type":"page","link":"https:\/\/mykonostownhousehotel.com\/it\/politiche-dellhotel-covid-19\/","title":{"rendered":"Politiche dell&#8217;hotel COVID-19"},"content":{"rendered":"<div class=\"wpb-content-wrapper\"><p>[vc_row rt_row_background_width=&#8221;fullwidth&#8221; rt_row_content_width=&#8221;fullwidth&#8221; rt_row_style=&#8221;alt-style-1&#8243; rt_row_height=&#8221;min_height&#8221; rt_holder_placement=&#8221;middle&#8221; rt_column_placement=&#8221;middle&#8221; rt_row_borders=&#8221;&#8221; rt_row_shadows=&#8221;&#8221; rt_column_gaps=&#8221;&#8221; rt_row_paddings=&#8221;true&#8221; rt_bg_effect=&#8221;classic&#8221; rt_transparent_bg=&#8221;&#8221; rt_bg_image_repeat=&#8221;repeat&#8221; rt_bg_size=&#8221;cover&#8221; rt_bg_position=&#8221;center center&#8221; rt_bg_attachment=&#8221;fixed&#8221; rt_bg_video_format=&#8221;self-hosted&#8221; rt_bg_color=&#8221;#020202&#8243; rt_min_row_height=&#8221;600&#8243; rt_bg_image=&#8221;7548&#8243; rt_bg_overlay_color=&#8221;rgba(0,0,0,0.79)&#8221;][vc_column rt_col_paddings=&#8221;true&#8221; rt_wrp_col_paddings=&#8221;false&#8221; rt_column_shadow=&#8221;&#8221; rt_border_top=&#8221;&#8221; rt_border_bottom=&#8221;&#8221; rt_border_left=&#8221;&#8221; rt_border_right=&#8221;&#8221; rt_border_top_mobile=&#8221;&#8221; rt_border_bottom_mobile=&#8221;&#8221; rt_border_left_mobile=&#8221;&#8221; rt_border_right_mobile=&#8221;&#8221; rt_bg_image_repeat=&#8221;repeat&#8221; rt_bg_size=&#8221;auto auto&#8221; rt_bg_position=&#8221;right top&#8221; rt_bg_attachment=&#8221;scroll&#8221;]<div class=\"rt_heading_wrapper style-4\">\n\t\t\t\t\t\t<h1 class=\"rt_heading  primary-color secondary-font style-4\"  style=\"font-size:50px;margin-top:150px;\">Politiche dell&#8217;hotel COVID-19<\/h1> \n\t\t\t\t\t<\/div>[\/vc_column][\/vc_row][vc_row rt_row_background_width=&#8221;fullwidth&#8221; rt_row_content_width=&#8221;default&#8221; rt_row_style=&#8221;default-style&#8221; rt_row_height=&#8221;&#8221; rt_row_borders=&#8221;&#8221; rt_row_shadows=&#8221;&#8221; rt_column_gaps=&#8221;&#8221; rt_row_paddings=&#8221;true&#8221; rt_bg_effect=&#8221;classic&#8221; rt_transparent_bg=&#8221;&#8221; rt_bg_image_repeat=&#8221;repeat&#8221; rt_bg_size=&#8221;cover&#8221; rt_bg_position=&#8221;right top&#8221; rt_bg_attachment=&#8221;scroll&#8221; rt_bg_video_format=&#8221;self-hosted&#8221;][vc_column rt_col_paddings=&#8221;true&#8221; rt_wrp_col_paddings=&#8221;false&#8221; rt_column_shadow=&#8221;&#8221; rt_border_top=&#8221;&#8221; rt_border_bottom=&#8221;&#8221; rt_border_left=&#8221;&#8221; rt_border_right=&#8221;&#8221; rt_border_top_mobile=&#8221;&#8221; rt_border_bottom_mobile=&#8221;&#8221; rt_border_left_mobile=&#8221;&#8221; rt_border_right_mobile=&#8221;&#8221; rt_bg_image_repeat=&#8221;repeat&#8221; rt_bg_size=&#8221;auto auto&#8221; rt_bg_position=&#8221;right top&#8221; rt_bg_attachment=&#8221;scroll&#8221;][vc_column_text]Noi di The TownHouse Mykonos siamo consapevoli dell&#8217;impatto del virus Corona e dell&#8217;epidemia di Covid-19 sulle decisioni di viaggio degli ospiti e sulla necessit\u00e0 di sentirsi &#8220;al sicuro&#8221; quando soggiornano da noi.<\/p>\n<p>La salute dei nostri ospiti e del nostro personale \u00e8 di primaria importanza per noi. Questa pagina fornisce agli ospiti attuali e futuri una panoramica delle misure che adottiamo per garantire la tua sicurezza e il tuo benessere. <\/p>\n<p>La TownHouse monitora attentamente l&#8217;Organizzazione Mondiale della Sanit\u00e0 (OMS), il Centro per il Controllo delle Malattie (CDC) e varie agenzie governative per individuare le migliori pratiche che informano le nostre politiche e migliorano le procedure operative. Abbiamo implementato le seguenti politiche <\/p>\n<p><img loading=\"lazy\" decoding=\"async\" class=\"alignnone wp-image-7399 size-full\" src=\"https:\/\/mykonostownhousehotel.com\/wp-content\/uploads\/2020\/07\/Covid_Compliance_Badge_1137628-02.jpg\" alt=\"\" width=\"1034\" height=\"317\" srcset=\"https:\/\/mykonostownhousehotel.com\/wp-content\/uploads\/2020\/07\/Covid_Compliance_Badge_1137628-02.jpg 1034w, https:\/\/mykonostownhousehotel.com\/wp-content\/uploads\/2020\/07\/Covid_Compliance_Badge_1137628-02-300x92.jpg 300w, https:\/\/mykonostownhousehotel.com\/wp-content\/uploads\/2020\/07\/Covid_Compliance_Badge_1137628-02-1024x314.jpg 1024w, https:\/\/mykonostownhousehotel.com\/wp-content\/uploads\/2020\/07\/Covid_Compliance_Badge_1137628-02-768x235.jpg 768w\" sizes=\"auto, (max-width: 1034px) 100vw, 1034px\" \/><\/p>\n<p>&nbsp;<\/p>\n<h4><b>Politica della super &#8220;camera bianca<\/b><\/h4>\n<p>Mary Poppins sarebbe orgogliosa del nostro approccio &#8220;a macchia d&#8217;olio&#8221; alla disinfezione e alla sanificazione delle camere e di tutte le aree dell&#8217;hotel.<\/p>\n<ul>\n<li>Le nostre SOP per la pulizia delle camere sono conformi alle istruzioni EODY COVID-19.<\/li>\n<li>Tutte le camere da letto (e le aree pubbliche) vengono igienizzate con prodotti specifici di Dettol, Lysol, Johnson &amp; Johnson o simili. Questo avviene prima dell&#8217;arrivo. <\/li>\n<li>Una volta che le camere da letto sono state sottoposte a una &#8220;sanificazione profonda&#8221;, vengono sigillate per garantire che tu sia l&#8217;unico e il primo ad entrare.<\/li>\n<li>Le aree ad alto contatto nelle camere e in tutto l&#8217;hotel sono state identificate e vengono regolarmente igienizzate. Queste includono, ma non si limitano a: maniglie delle porte, pulsanti, binari, reception; piani di lavoro, chiavi delle camere, aree bar, tavoli e tutte le aree comuni. <\/li>\n<li>Le stanze ordinate riducono il rischio di trasmissione.<\/li>\n<li>Pulizia su richiesta &#8211; Lo standard dell&#8217;hotel prevede la pulizia giornaliera delle camere, il cambio della biancheria ogni due giorni e il servizio di couverture. Il servizio di couverture viene effettuato solo su richiesta degli ospiti tra le 19:00 e le 21:00. <\/li>\n<li>I nostri Mini Bar vengono igienizzati prima dell&#8217;arrivo e continueranno a essere completamente riforniti.<\/li>\n<\/ul>\n<p>&nbsp;<\/p>\n<h4><b>Igiene del personale e DPI  <\/b><\/h4>\n<ul>\n<li>Tutti i membri del personale sono tenuti a seguire i consigli ufficiali sull&#8217;adozione dei dispositivi di protezione individuale (DPI) indossando le mascherine.<\/li>\n<li>Tutti i membri del personale sono tenuti a lavarsi e igienizzarsi le mani frequentemente.<\/li>\n<li>Forniamo liquidi antibatterici e igienizzanti in tutto l&#8217;hotel per l&#8217;uso degli ospiti.<\/li>\n<li>Non stringiamo la mano e non stabiliamo alcun tipo di contatto fisico con gli ospiti o i colleghi (\u00e8 una pratica consigliata per evitare la diffusione della COVID-19). Si tratta di una pratica un po&#8217; estranea a noi, perch\u00e9 essendo un boutique hotel di lusso crediamo che la personalizzazione sia incredibilmente importante. Faremo del nostro meglio per garantire che le personalit\u00e0 dei nostri team continuino a brillare.  <\/li>\n<li>L&#8217;attrezzatura DPI per gli ospiti \u00e8 disponibile su richiesta.<\/li>\n<li>La nostra cucina opera in conformit\u00e0 alle norme e ai regolamenti HACCP.<\/li>\n<li>Tutti i punti di contatto con il pubblico ad alta frequenza sono frequentemente igienizzati.<\/li>\n<li>Gli asciugamani dei lettini vengono sostituiti e i lettini vengono igienizzati dopo ogni utilizzo.<\/li>\n<\/ul>\n<p>&nbsp;<\/p>\n<h4><strong>Allontanamento sociale<\/strong><\/h4>\n<ul>\n<li>\u00c8 disponibile la colazione &#8220;\u00e0 la carte&#8221;. La colazione viene servita sulle terrazze del 54 bar. Se hai prenotato la tariffa &#8216;Night Owl&#8217; (solo camera) puoi aggiungere la colazione al tuo soggiorno con un supplemento a persona.  <\/li>\n<li>In tutto l&#8217;hotel sono state introdotte delle restrizioni per garantire un certo grado di distanza sociale.<\/li>\n<li>Il numero di tavoli disponibili nell&#8217;hotel per gli ospiti che desiderano bere qualcosa \u00e8 stato ridotto, in linea con le indicazioni ufficiali. Questo include la capacit\u00e0 del nostro 54 Cocktail Bar, che \u00e8 stata ridotta per garantire la tua sicurezza; di conseguenza, ti consigliamo di prenotare un posto se hai voglia di bere un cocktail con noi &#8211; agli ospiti dell&#8217;hotel viene sempre data la priorit\u00e0. <\/li>\n<li>Le restrizioni sulle migliori pratiche si applicano anche alla Pump Gym.<\/li>\n<li>Rivolgiti alla reception per discutere delle prenotazioni necessarie.<\/li>\n<\/ul>\n<div class=\"notranslate\" style=\"all: initial;\"><\/div>\n<p>[\/vc_column_text][\/vc_column][\/vc_row]<\/p>\n<\/div>","protected":false},"excerpt":{"rendered":"<p>[vc_row rt_row_background_width=&#8221;fullwidth&#8221; rt_row_content_width=&#8221;fullwidth&#8221; rt_row_style=&#8221;alt-style-1&#8243; rt_row_height=&#8221;min_height&#8221; rt_holder_placement=&#8221;middle&#8221; rt_column_placement=&#8221;middle&#8221; rt_row_borders=&#8221;&#8221; rt_row_shadows=&#8221;&#8221; rt_column_gaps=&#8221;&#8221; rt_row_paddings=&#8221;true&#8221; rt_bg_effect=&#8221;classic&#8221; rt_transparent_bg=&#8221;&#8221; rt_bg_image_repeat=&#8221;repeat&#8221; rt_bg_size=&#8221;cover&#8221; rt_bg_position=&#8221;center center&#8221; rt_bg_attachment=&#8221;fixed&#8221; rt_bg_video_format=&#8221;self-hosted&#8221; rt_bg_color=&#8221;#020202&#8243; rt_min_row_height=&#8221;600&#8243; rt_bg_image=&#8221;7548&#8243; rt_bg_overlay_color=&#8221;rgba(0,0,0,0.79)&#8221;][vc_column rt_col_paddings=&#8221;true&#8221; rt_wrp_col_paddings=&#8221;false&#8221; rt_column_shadow=&#8221;&#8221; rt_border_top=&#8221;&#8221; rt_border_bottom=&#8221;&#8221; rt_border_left=&#8221;&#8221; rt_border_right=&#8221;&#8221; rt_border_top_mobile=&#8221;&#8221; rt_border_bottom_mobile=&#8221;&#8221; rt_border_left_mobile=&#8221;&#8221; rt_border_right_mobile=&#8221;&#8221; rt_bg_image_repeat=&#8221;repeat&#8221; rt_bg_size=&#8221;auto auto&#8221; rt_bg_position=&#8221;right top&#8221; rt_bg_attachment=&#8221;scroll&#8221;][\/vc_column][\/vc_row][vc_row rt_row_background_width=&#8221;fullwidth&#8221; rt_row_content_width=&#8221;default&#8221; rt_row_style=&#8221;default-style&#8221; rt_row_height=&#8221;&#8221; rt_row_borders=&#8221;&#8221; rt_row_shadows=&#8221;&#8221; rt_column_gaps=&#8221;&#8221; rt_row_paddings=&#8221;true&#8221; rt_bg_effect=&#8221;classic&#8221; rt_transparent_bg=&#8221;&#8221; rt_bg_image_repeat=&#8221;repeat&#8221; rt_bg_size=&#8221;cover&#8221; rt_bg_position=&#8221;right top&#8221; rt_bg_attachment=&#8221;scroll&#8221; &#8230; <a class=\"more-link\" href=\"https:\/\/mykonostownhousehotel.com\/it\/politiche-dellhotel-covid-19\/\">Continua a leggere<\/a><\/p>\n","protected":false},"author":2,"featured_media":0,"parent":0,"menu_order":0,"comment_status":"closed","ping_status":"closed","template":"","meta":{"footnotes":""},"class_list":["post-11761","page","type-page","status-publish","hentry"],"yoast_head":"<!-- This site is optimized with the Yoast SEO plugin v27.4 - https:\/\/yoast.com\/product\/yoast-seo-wordpress\/ -->\n<title>Politiche dell&#039;hotel COVID-19 - The Townhouse Hotel Mykonos<\/title>\n<meta name=\"robots\" content=\"index, follow, max-snippet:-1, max-image-preview:large, max-video-preview:-1\" \/>\n<link rel=\"canonical\" href=\"https:\/\/mykonostownhousehotel.com\/it\/politiche-dellhotel-covid-19\/\" \/>\n<meta property=\"og:locale\" content=\"it_IT\" \/>\n<meta property=\"og:type\" content=\"article\" \/>\n<meta property=\"og:title\" content=\"Politiche dell&#039;hotel COVID-19 - The Townhouse Hotel Mykonos\" \/>\n<meta property=\"og:description\" content=\"[vc_row rt_row_background_width=&#8221;fullwidth&#8221; rt_row_content_width=&#8221;fullwidth&#8221; rt_row_style=&#8221;alt-style-1&#8243; rt_row_height=&#8221;min_height&#8221; rt_holder_placement=&#8221;middle&#8221; rt_column_placement=&#8221;middle&#8221; rt_row_borders=&#8221;&#8221; rt_row_shadows=&#8221;&#8221; rt_column_gaps=&#8221;&#8221; rt_row_paddings=&#8221;true&#8221; rt_bg_effect=&#8221;classic&#8221; rt_transparent_bg=&#8221;&#8221; rt_bg_image_repeat=&#8221;repeat&#8221; rt_bg_size=&#8221;cover&#8221; rt_bg_position=&#8221;center center&#8221; rt_bg_attachment=&#8221;fixed&#8221; rt_bg_video_format=&#8221;self-hosted&#8221; rt_bg_color=&#8221;#020202&#8243; rt_min_row_height=&#8221;600&#8243; rt_bg_image=&#8221;7548&#8243; rt_bg_overlay_color=&#8221;rgba(0,0,0,0.79)&#8221;][vc_column rt_col_paddings=&#8221;true&#8221; rt_wrp_col_paddings=&#8221;false&#8221; rt_column_shadow=&#8221;&#8221; rt_border_top=&#8221;&#8221; rt_border_bottom=&#8221;&#8221; rt_border_left=&#8221;&#8221; rt_border_right=&#8221;&#8221; rt_border_top_mobile=&#8221;&#8221; rt_border_bottom_mobile=&#8221;&#8221; rt_border_left_mobile=&#8221;&#8221; rt_border_right_mobile=&#8221;&#8221; rt_bg_image_repeat=&#8221;repeat&#8221; rt_bg_size=&#8221;auto auto&#8221; rt_bg_position=&#8221;right top&#8221; rt_bg_attachment=&#8221;scroll&#8221;][\/vc_column][\/vc_row][vc_row rt_row_background_width=&#8221;fullwidth&#8221; rt_row_content_width=&#8221;default&#8221; rt_row_style=&#8221;default-style&#8221; rt_row_height=&#8221;&#8221; rt_row_borders=&#8221;&#8221; rt_row_shadows=&#8221;&#8221; rt_column_gaps=&#8221;&#8221; rt_row_paddings=&#8221;true&#8221; rt_bg_effect=&#8221;classic&#8221; rt_transparent_bg=&#8221;&#8221; rt_bg_image_repeat=&#8221;repeat&#8221; rt_bg_size=&#8221;cover&#8221; rt_bg_position=&#8221;right top&#8221; rt_bg_attachment=&#8221;scroll&#8221; [&hellip;]\" \/>\n<meta property=\"og:url\" content=\"https:\/\/mykonostownhousehotel.com\/it\/politiche-dellhotel-covid-19\/\" \/>\n<meta property=\"og:site_name\" content=\"The Townhouse Hotel Mykonos\" \/>\n<meta property=\"article:publisher\" content=\"https:\/\/www.facebook.com\/MykonosTownHouse\/\" \/>\n<meta property=\"article:modified_time\" content=\"2026-02-02T16:15:37+00:00\" \/>\n<meta property=\"og:image\" content=\"https:\/\/mykonostownhousehotel.com\/wp-content\/uploads\/2020\/07\/Covid_Compliance_Badge_1137628-02.jpg\" \/>\n\t<meta property=\"og:image:width\" content=\"1034\" \/>\n\t<meta property=\"og:image:height\" content=\"317\" \/>\n\t<meta property=\"og:image:type\" content=\"image\/jpeg\" \/>\n<meta name=\"twitter:card\" content=\"summary_large_image\" \/>\n<meta name=\"twitter:label1\" content=\"Tempo di lettura stimato\" \/>\n\t<meta name=\"twitter:data1\" content=\"5 minuti\" \/>\n<script type=\"application\/ld+json\" class=\"yoast-schema-graph\">{\"@context\":\"https:\\\/\\\/schema.org\",\"@graph\":[{\"@type\":\"WebPage\",\"@id\":\"https:\\\/\\\/mykonostownhousehotel.com\\\/it\\\/politiche-dellhotel-covid-19\\\/\",\"url\":\"https:\\\/\\\/mykonostownhousehotel.com\\\/it\\\/politiche-dellhotel-covid-19\\\/\",\"name\":\"Politiche dell'hotel COVID-19 - The Townhouse Hotel Mykonos\",\"isPartOf\":{\"@id\":\"https:\\\/\\\/hotelrez-mykonos.local\\\/#website\"},\"primaryImageOfPage\":{\"@id\":\"https:\\\/\\\/mykonostownhousehotel.com\\\/it\\\/politiche-dellhotel-covid-19\\\/#primaryimage\"},\"image\":{\"@id\":\"https:\\\/\\\/mykonostownhousehotel.com\\\/it\\\/politiche-dellhotel-covid-19\\\/#primaryimage\"},\"thumbnailUrl\":\"https:\\\/\\\/mykonostownhousehotel.com\\\/wp-content\\\/uploads\\\/2020\\\/07\\\/Covid_Compliance_Badge_1137628-02.jpg\",\"datePublished\":\"2026-02-02T16:15:34+00:00\",\"dateModified\":\"2026-02-02T16:15:37+00:00\",\"breadcrumb\":{\"@id\":\"https:\\\/\\\/mykonostownhousehotel.com\\\/it\\\/politiche-dellhotel-covid-19\\\/#breadcrumb\"},\"inLanguage\":\"it-IT\",\"potentialAction\":[{\"@type\":\"ReadAction\",\"target\":[\"https:\\\/\\\/mykonostownhousehotel.com\\\/it\\\/politiche-dellhotel-covid-19\\\/\"]}]},{\"@type\":\"ImageObject\",\"inLanguage\":\"it-IT\",\"@id\":\"https:\\\/\\\/mykonostownhousehotel.com\\\/it\\\/politiche-dellhotel-covid-19\\\/#primaryimage\",\"url\":\"https:\\\/\\\/mykonostownhousehotel.com\\\/wp-content\\\/uploads\\\/2020\\\/07\\\/Covid_Compliance_Badge_1137628-02.jpg\",\"contentUrl\":\"https:\\\/\\\/mykonostownhousehotel.com\\\/wp-content\\\/uploads\\\/2020\\\/07\\\/Covid_Compliance_Badge_1137628-02.jpg\"},{\"@type\":\"BreadcrumbList\",\"@id\":\"https:\\\/\\\/mykonostownhousehotel.com\\\/it\\\/politiche-dellhotel-covid-19\\\/#breadcrumb\",\"itemListElement\":[{\"@type\":\"ListItem\",\"position\":1,\"name\":\"Home\",\"item\":\"https:\\\/\\\/mykonostownhousehotel.com\\\/it\\\/\"},{\"@type\":\"ListItem\",\"position\":2,\"name\":\"Politiche dell&#8217;hotel COVID-19\"}]},{\"@type\":\"WebSite\",\"@id\":\"https:\\\/\\\/hotelrez-mykonos.local\\\/#website\",\"url\":\"https:\\\/\\\/hotelrez-mykonos.local\\\/\",\"name\":\"The Townhouse Hotel Mykonos\",\"description\":\"Reservations +30 211 198 9344\",\"publisher\":{\"@id\":\"https:\\\/\\\/hotelrez-mykonos.local\\\/#organization\"},\"potentialAction\":[{\"@type\":\"SearchAction\",\"target\":{\"@type\":\"EntryPoint\",\"urlTemplate\":\"https:\\\/\\\/hotelrez-mykonos.local\\\/?s={search_term_string}\"},\"query-input\":{\"@type\":\"PropertyValueSpecification\",\"valueRequired\":true,\"valueName\":\"search_term_string\"}}],\"inLanguage\":\"it-IT\"},{\"@type\":\"Organization\",\"@id\":\"https:\\\/\\\/hotelrez-mykonos.local\\\/#organization\",\"name\":\"The TownHouse Mykonos\",\"url\":\"https:\\\/\\\/hotelrez-mykonos.local\\\/\",\"logo\":{\"@type\":\"ImageObject\",\"inLanguage\":\"it-IT\",\"@id\":\"https:\\\/\\\/hotelrez-mykonos.local\\\/#\\\/schema\\\/logo\\\/image\\\/\",\"url\":\"https:\\\/\\\/mykonostownhousehotel.com\\\/wp-content\\\/uploads\\\/2017\\\/01\\\/The-Townhouse-Mykonos-Logo-12.png\",\"contentUrl\":\"https:\\\/\\\/mykonostownhousehotel.com\\\/wp-content\\\/uploads\\\/2017\\\/01\\\/The-Townhouse-Mykonos-Logo-12.png\",\"width\":909,\"height\":396,\"caption\":\"The TownHouse Mykonos\"},\"image\":{\"@id\":\"https:\\\/\\\/hotelrez-mykonos.local\\\/#\\\/schema\\\/logo\\\/image\\\/\"},\"sameAs\":[\"https:\\\/\\\/www.facebook.com\\\/MykonosTownHouse\\\/\",\"https:\\\/\\\/www.instagram.com\\\/mykonostownhouse\\\/\"]}]}<\/script>\n<!-- \/ Yoast SEO plugin. -->","yoast_head_json":{"title":"Politiche dell'hotel COVID-19 - The Townhouse Hotel Mykonos","robots":{"index":"index","follow":"follow","max-snippet":"max-snippet:-1","max-image-preview":"max-image-preview:large","max-video-preview":"max-video-preview:-1"},"canonical":"https:\/\/mykonostownhousehotel.com\/it\/politiche-dellhotel-covid-19\/","og_locale":"it_IT","og_type":"article","og_title":"Politiche dell'hotel COVID-19 - The Townhouse Hotel Mykonos","og_description":"[vc_row rt_row_background_width=&#8221;fullwidth&#8221; rt_row_content_width=&#8221;fullwidth&#8221; rt_row_style=&#8221;alt-style-1&#8243; rt_row_height=&#8221;min_height&#8221; rt_holder_placement=&#8221;middle&#8221; rt_column_placement=&#8221;middle&#8221; rt_row_borders=&#8221;&#8221; rt_row_shadows=&#8221;&#8221; rt_column_gaps=&#8221;&#8221; rt_row_paddings=&#8221;true&#8221; rt_bg_effect=&#8221;classic&#8221; rt_transparent_bg=&#8221;&#8221; rt_bg_image_repeat=&#8221;repeat&#8221; rt_bg_size=&#8221;cover&#8221; rt_bg_position=&#8221;center center&#8221; rt_bg_attachment=&#8221;fixed&#8221; rt_bg_video_format=&#8221;self-hosted&#8221; rt_bg_color=&#8221;#020202&#8243; rt_min_row_height=&#8221;600&#8243; rt_bg_image=&#8221;7548&#8243; rt_bg_overlay_color=&#8221;rgba(0,0,0,0.79)&#8221;][vc_column rt_col_paddings=&#8221;true&#8221; rt_wrp_col_paddings=&#8221;false&#8221; rt_column_shadow=&#8221;&#8221; rt_border_top=&#8221;&#8221; rt_border_bottom=&#8221;&#8221; rt_border_left=&#8221;&#8221; rt_border_right=&#8221;&#8221; rt_border_top_mobile=&#8221;&#8221; rt_border_bottom_mobile=&#8221;&#8221; rt_border_left_mobile=&#8221;&#8221; rt_border_right_mobile=&#8221;&#8221; rt_bg_image_repeat=&#8221;repeat&#8221; rt_bg_size=&#8221;auto auto&#8221; rt_bg_position=&#8221;right top&#8221; rt_bg_attachment=&#8221;scroll&#8221;][\/vc_column][\/vc_row][vc_row rt_row_background_width=&#8221;fullwidth&#8221; rt_row_content_width=&#8221;default&#8221; rt_row_style=&#8221;default-style&#8221; rt_row_height=&#8221;&#8221; rt_row_borders=&#8221;&#8221; rt_row_shadows=&#8221;&#8221; rt_column_gaps=&#8221;&#8221; rt_row_paddings=&#8221;true&#8221; rt_bg_effect=&#8221;classic&#8221; rt_transparent_bg=&#8221;&#8221; rt_bg_image_repeat=&#8221;repeat&#8221; rt_bg_size=&#8221;cover&#8221; rt_bg_position=&#8221;right top&#8221; rt_bg_attachment=&#8221;scroll&#8221; [&hellip;]","og_url":"https:\/\/mykonostownhousehotel.com\/it\/politiche-dellhotel-covid-19\/","og_site_name":"The Townhouse Hotel Mykonos","article_publisher":"https:\/\/www.facebook.com\/MykonosTownHouse\/","article_modified_time":"2026-02-02T16:15:37+00:00","og_image":[{"width":1034,"height":317,"url":"https:\/\/mykonostownhousehotel.com\/wp-content\/uploads\/2020\/07\/Covid_Compliance_Badge_1137628-02.jpg","type":"image\/jpeg"}],"twitter_card":"summary_large_image","twitter_misc":{"Tempo di lettura stimato":"5 minuti"},"schema":{"@context":"https:\/\/schema.org","@graph":[{"@type":"WebPage","@id":"https:\/\/mykonostownhousehotel.com\/it\/politiche-dellhotel-covid-19\/","url":"https:\/\/mykonostownhousehotel.com\/it\/politiche-dellhotel-covid-19\/","name":"Politiche dell'hotel COVID-19 - The Townhouse Hotel Mykonos","isPartOf":{"@id":"https:\/\/hotelrez-mykonos.local\/#website"},"primaryImageOfPage":{"@id":"https:\/\/mykonostownhousehotel.com\/it\/politiche-dellhotel-covid-19\/#primaryimage"},"image":{"@id":"https:\/\/mykonostownhousehotel.com\/it\/politiche-dellhotel-covid-19\/#primaryimage"},"thumbnailUrl":"https:\/\/mykonostownhousehotel.com\/wp-content\/uploads\/2020\/07\/Covid_Compliance_Badge_1137628-02.jpg","datePublished":"2026-02-02T16:15:34+00:00","dateModified":"2026-02-02T16:15:37+00:00","breadcrumb":{"@id":"https:\/\/mykonostownhousehotel.com\/it\/politiche-dellhotel-covid-19\/#breadcrumb"},"inLanguage":"it-IT","potentialAction":[{"@type":"ReadAction","target":["https:\/\/mykonostownhousehotel.com\/it\/politiche-dellhotel-covid-19\/"]}]},{"@type":"ImageObject","inLanguage":"it-IT","@id":"https:\/\/mykonostownhousehotel.com\/it\/politiche-dellhotel-covid-19\/#primaryimage","url":"https:\/\/mykonostownhousehotel.com\/wp-content\/uploads\/2020\/07\/Covid_Compliance_Badge_1137628-02.jpg","contentUrl":"https:\/\/mykonostownhousehotel.com\/wp-content\/uploads\/2020\/07\/Covid_Compliance_Badge_1137628-02.jpg"},{"@type":"BreadcrumbList","@id":"https:\/\/mykonostownhousehotel.com\/it\/politiche-dellhotel-covid-19\/#breadcrumb","itemListElement":[{"@type":"ListItem","position":1,"name":"Home","item":"https:\/\/mykonostownhousehotel.com\/it\/"},{"@type":"ListItem","position":2,"name":"Politiche dell&#8217;hotel COVID-19"}]},{"@type":"WebSite","@id":"https:\/\/hotelrez-mykonos.local\/#website","url":"https:\/\/hotelrez-mykonos.local\/","name":"The Townhouse Hotel Mykonos","description":"Reservations +30 211 198 9344","publisher":{"@id":"https:\/\/hotelrez-mykonos.local\/#organization"},"potentialAction":[{"@type":"SearchAction","target":{"@type":"EntryPoint","urlTemplate":"https:\/\/hotelrez-mykonos.local\/?s={search_term_string}"},"query-input":{"@type":"PropertyValueSpecification","valueRequired":true,"valueName":"search_term_string"}}],"inLanguage":"it-IT"},{"@type":"Organization","@id":"https:\/\/hotelrez-mykonos.local\/#organization","name":"The TownHouse Mykonos","url":"https:\/\/hotelrez-mykonos.local\/","logo":{"@type":"ImageObject","inLanguage":"it-IT","@id":"https:\/\/hotelrez-mykonos.local\/#\/schema\/logo\/image\/","url":"https:\/\/mykonostownhousehotel.com\/wp-content\/uploads\/2017\/01\/The-Townhouse-Mykonos-Logo-12.png","contentUrl":"https:\/\/mykonostownhousehotel.com\/wp-content\/uploads\/2017\/01\/The-Townhouse-Mykonos-Logo-12.png","width":909,"height":396,"caption":"The TownHouse Mykonos"},"image":{"@id":"https:\/\/hotelrez-mykonos.local\/#\/schema\/logo\/image\/"},"sameAs":["https:\/\/www.facebook.com\/MykonosTownHouse\/","https:\/\/www.instagram.com\/mykonostownhouse\/"]}]}},"_links":{"self":[{"href":"https:\/\/mykonostownhousehotel.com\/it\/wp-json\/wp\/v2\/pages\/11761","targetHints":{"allow":["GET"]}}],"collection":[{"href":"https:\/\/mykonostownhousehotel.com\/it\/wp-json\/wp\/v2\/pages"}],"about":[{"href":"https:\/\/mykonostownhousehotel.com\/it\/wp-json\/wp\/v2\/types\/page"}],"author":[{"embeddable":true,"href":"https:\/\/mykonostownhousehotel.com\/it\/wp-json\/wp\/v2\/users\/2"}],"replies":[{"embeddable":true,"href":"https:\/\/mykonostownhousehotel.com\/it\/wp-json\/wp\/v2\/comments?post=11761"}],"version-history":[{"count":1,"href":"https:\/\/mykonostownhousehotel.com\/it\/wp-json\/wp\/v2\/pages\/11761\/revisions"}],"predecessor-version":[{"id":11770,"href":"https:\/\/mykonostownhousehotel.com\/it\/wp-json\/wp\/v2\/pages\/11761\/revisions\/11770"}],"wp:attachment":[{"href":"https:\/\/mykonostownhousehotel.com\/it\/wp-json\/wp\/v2\/media?parent=11761"}],"curies":[{"name":"wp","href":"https:\/\/api.w.org\/{rel}","templated":true}]}}