{"id":12217,"date":"2026-02-02T18:17:01","date_gmt":"2026-02-02T16:17:01","guid":{"rendered":"https:\/\/mykonostownhousehotel.com\/nos-chambres\/"},"modified":"2026-04-15T19:11:43","modified_gmt":"2026-04-15T16:11:43","slug":"nos-chambres","status":"publish","type":"page","link":"https:\/\/mykonostownhousehotel.com\/fr\/nos-chambres\/","title":{"rendered":"NOS CHAMBRES"},"content":{"rendered":"<div class=\"wpb-content-wrapper\"><p>[vc_row rt_row_background_width=\u00a0\u00bbfullwidth\u00a0\u00bb rt_row_content_width=\u00a0\u00bbdefault\u00a0\u00bb rt_row_style=\u00a0\u00bbalt-style-1&Prime; rt_row_height=\u00a0\u00bbfull_height\u00a0\u00bb rt_holder_placement=\u00a0\u00bbmiddle\u00a0\u00bb rt_column_placement=\u00a0\u00bbmiddle\u00a0\u00bb rt_row_borders=\u00a0\u00bb\u00a0\u00bb rt_row_shadows=\u00a0\u00bb\u00a0\u00bb rt_column_gaps=\u00a0\u00bb\u00a0\u00bb rt_row_paddings=\u00a0\u00bbtrue\u00a0\u00bb rt_bg_effect=\u00a0\u00bbclassic\u00a0\u00bb rt_transparent_bg=\u00a0\u00bbtrue\u00a0\u00bb rt_bg_image_repeat=\u00a0\u00bbno-repeat\u00a0\u00bb rt_bg_size=\u00a0\u00bbcover\u00a0\u00bb rt_bg_position=\u00a0\u00bbcenter center\u00a0\u00bb rt_bg_attachment=\u00a0\u00bbfixed\u00a0\u00bb rt_bg_video_format=\u00a0\u00bbself-hosted\u00a0\u00bb rt_margin_top=\u00a0\u00bb0&Prime; rt_margin_bottom=\u00a0\u00bb0&Prime; rt_content_margin_top=\u00a0\u00bb0&Prime; rt_content_margin_bottom=\u00a0\u00bb0&Prime; rt_bg_image=\u00a0\u00bb7609&Prime; rt_bg_overlay_color=\u00a0\u00bbrgba(0,0,0,0.64)\u00a0\u00bb rt_padding_left=\u00a0\u00bb0&Prime; rt_padding_right=\u00a0\u00bb0&Prime;][vc_column rt_col_paddings=\u00a0\u00bbtrue\u00a0\u00bb rt_wrp_col_paddings=\u00a0\u00bbfalse\u00a0\u00bb rt_column_shadow=\u00a0\u00bb\u00a0\u00bb rt_border_top=\u00a0\u00bb\u00a0\u00bb rt_border_bottom=\u00a0\u00bb\u00a0\u00bb rt_border_left=\u00a0\u00bb\u00a0\u00bb rt_border_right=\u00a0\u00bb\u00a0\u00bb rt_border_top_mobile=\u00a0\u00bb\u00a0\u00bb rt_border_bottom_mobile=\u00a0\u00bb\u00a0\u00bb rt_border_left_mobile=\u00a0\u00bb\u00a0\u00bb rt_border_right_mobile=\u00a0\u00bb\u00a0\u00bb rt_bg_image_repeat=\u00a0\u00bbrepeat\u00a0\u00bb rt_bg_size=\u00a0\u00bbauto auto\u00a0\u00bb rt_bg_position=\u00a0\u00bbright top\u00a0\u00bb rt_bg_attachment=\u00a0\u00bbscroll\u00a0\u00bb rt_bg_color=\u00a0\u00bb\u00a0\u00bb rt_bg_overlay_color=\u00a0\u00bb\u00a0\u00bb][vc_empty_space height=\u00a0\u00bb70px\u00a0\u00bb]<div class=\"rt_heading_wrapper style-4\">\n\t\t\t\t\t\t<h1 class=\"rt_heading  style-4\" >Chambres et suites de luxe TownHouse<\/h1> \n\t\t\t\t\t<\/div><div class=\"rt_heading_wrapper style-7\">\n\t\t\t\t\t\t<h2 class=\"rt_heading  aligncenter style-7\"  style=\"font-size:18px;line-height:35px;\">L&rsquo;\u00e9quilibre entre le caract\u00e8re historique et unique de l&rsquo;h\u00f4tel TownHouse et les exigences des voyageurs haut de gamme d&rsquo;aujourd&rsquo;hui a \u00e9t\u00e9 un travail d&rsquo;amour minutieux. C&rsquo;est pourquoi les clients peuvent choisir parmi les chambres sup\u00e9rieures chic et classiques luxueusement am\u00e9nag\u00e9es, les suites Duplex, Junior et Sunset, ou encore la villa de luxe TownHouse et la suite Mykonian. <\/h2> \n\t\t\t\t\t<\/div>[vc_empty_space height=\u00a0\u00bb70px\u00a0\u00bb][\/vc_column][\/vc_row][vc_row rt_row_background_width=\u00a0\u00bbfullwidth\u00a0\u00bb rt_row_content_width=\u00a0\u00bbdefault\u00a0\u00bb rt_row_style=\u00a0\u00bbalt-style-1&Prime; rt_row_height=\u00a0\u00bb\u00a0\u00bb rt_row_borders=\u00a0\u00bb\u00a0\u00bb rt_row_shadows=\u00a0\u00bb\u00a0\u00bb rt_column_gaps=\u00a0\u00bb\u00a0\u00bb rt_row_paddings=\u00a0\u00bbtrue\u00a0\u00bb rt_bg_effect=\u00a0\u00bbclassic\u00a0\u00bb rt_transparent_bg=\u00a0\u00bb\u00a0\u00bb rt_bg_image_repeat=\u00a0\u00bbrepeat\u00a0\u00bb rt_bg_size=\u00a0\u00bbcover\u00a0\u00bb rt_bg_position=\u00a0\u00bbright top\u00a0\u00bb rt_bg_attachment=\u00a0\u00bbscroll\u00a0\u00bb rt_bg_video_format=\u00a0\u00bbself-hosted\u00a0\u00bb rt_bg_color=\u00a0\u00bb#baad85&Prime; rt_padding_top=\u00a0\u00bb100&Prime; rt_padding_bottom=\u00a0\u00bb100&Prime;][vc_column rt_col_paddings=\u00a0\u00bbtrue\u00a0\u00bb rt_wrp_col_paddings=\u00a0\u00bbfalse\u00a0\u00bb rt_column_shadow=\u00a0\u00bb\u00a0\u00bb rt_border_top=\u00a0\u00bb\u00a0\u00bb rt_border_bottom=\u00a0\u00bb\u00a0\u00bb rt_border_left=\u00a0\u00bb\u00a0\u00bb rt_border_right=\u00a0\u00bb\u00a0\u00bb rt_border_top_mobile=\u00a0\u00bb\u00a0\u00bb rt_border_bottom_mobile=\u00a0\u00bb\u00a0\u00bb rt_border_left_mobile=\u00a0\u00bb\u00a0\u00bb rt_border_right_mobile=\u00a0\u00bb\u00a0\u00bb rt_bg_image_repeat=\u00a0\u00bbrepeat\u00a0\u00bb rt_bg_size=\u00a0\u00bbauto auto\u00a0\u00bb rt_bg_position=\u00a0\u00bbright top\u00a0\u00bb rt_bg_attachment=\u00a0\u00bbscroll\u00a0\u00bb rt_bg_color=\u00a0\u00bb\u00a0\u00bb rt_bg_overlay_color=\u00a0\u00bb\u00a0\u00bb rt_padding_bottom=\u00a0\u00bb50&Prime;]<div class=\"rt_heading_wrapper style-4\">\n\t\t\t\t\t\t<h3 class=\"rt_heading  secondary-font style-4\"  style=\"font-size:50px;\">Usage exclusif<\/h3> \n\t\t\t\t\t<\/div>[\/vc_column][vc_column width=\u00a0\u00bb1\/2&Prime; rt_col_paddings=\u00a0\u00bbtrue\u00a0\u00bb rt_wrp_col_paddings=\u00a0\u00bbfalse\u00a0\u00bb rt_column_shadow=\u00a0\u00bb\u00a0\u00bb rt_border_top=\u00a0\u00bb\u00a0\u00bb rt_border_bottom=\u00a0\u00bb\u00a0\u00bb rt_border_left=\u00a0\u00bbtrue\u00a0\u00bb rt_border_right=\u00a0\u00bb\u00a0\u00bb rt_border_top_mobile=\u00a0\u00bb\u00a0\u00bb rt_border_bottom_mobile=\u00a0\u00bb\u00a0\u00bb rt_border_left_mobile=\u00a0\u00bbtrue\u00a0\u00bb rt_border_right_mobile=\u00a0\u00bb\u00a0\u00bb rt_bg_image_repeat=\u00a0\u00bbrepeat\u00a0\u00bb rt_bg_size=\u00a0\u00bbauto auto\u00a0\u00bb rt_bg_position=\u00a0\u00bbright top\u00a0\u00bb rt_bg_attachment=\u00a0\u00bbscroll\u00a0\u00bb rt_bg_color=\u00a0\u00bb\u00a0\u00bb rt_bg_overlay_color=\u00a0\u00bb\u00a0\u00bb][vc_column_text css_animation=\u00a0\u00bbfadeIn\u00a0\u00bb]<\/p>\n<p style=\"text-align: left;\">Le Mykonos Townhouse est disponible pour un usage exclusif, ce qui permet aux clients d&rsquo;utiliser les 19 chambres\/suites disponibles pour des occasions sp\u00e9ciales sur demande. Que vous souhaitiez un luxe priv\u00e9 pour vous et vos invit\u00e9s le jour de votre mariage, ou que vous souhaitiez c\u00e9l\u00e9brer une occasion sp\u00e9ciale avec une exp\u00e9rience VIP dans notre h\u00f4tel. <\/p>\n<p>[\/vc_column_text][\/vc_column][vc_column width=\u00a0\u00bb1\/2&Prime; rt_col_paddings=\u00a0\u00bbtrue\u00a0\u00bb rt_wrp_col_paddings=\u00a0\u00bbfalse\u00a0\u00bb rt_column_shadow=\u00a0\u00bb\u00a0\u00bb rt_border_top=\u00a0\u00bb\u00a0\u00bb rt_border_bottom=\u00a0\u00bb\u00a0\u00bb rt_border_left=\u00a0\u00bbtrue\u00a0\u00bb rt_border_right=\u00a0\u00bb\u00a0\u00bb rt_border_top_mobile=\u00a0\u00bb\u00a0\u00bb rt_border_bottom_mobile=\u00a0\u00bb\u00a0\u00bb rt_border_left_mobile=\u00a0\u00bb\u00a0\u00bb rt_border_right_mobile=\u00a0\u00bb\u00a0\u00bb rt_bg_image_repeat=\u00a0\u00bbrepeat\u00a0\u00bb rt_bg_size=\u00a0\u00bbauto auto\u00a0\u00bb rt_bg_position=\u00a0\u00bbright top\u00a0\u00bb rt_bg_attachment=\u00a0\u00bbscroll\u00a0\u00bb rt_bg_color=\u00a0\u00bb\u00a0\u00bb rt_bg_overlay_color=\u00a0\u00bb\u00a0\u00bb][vc_column_text css_animation=\u00a0\u00bbfadeIn\u00a0\u00bb]<\/p>\n<p style=\"text-align: left;\">Vous aurez l&rsquo;exclusivit\u00e9 totale de nos terrasses au coucher du soleil et sur le toit, de nos services de conciergerie VIP et m\u00eame de votre propre majordome sur demande.<\/p>\n<p style=\"text-align: left;\">Il vous suffit de nous contacter directement \u00e0 l&rsquo;adresse <a style=\"word-wrap: break-word;\" href=\"mailto:reservations@eleganthotelcollection.com;gm@mykonostownhousehotel.com\">reservations@eleganthotelcollection.com<\/a> pour discuter de la r\u00e9servation de notre manoir du<sup>XVIIIe<\/sup> si\u00e8cle situ\u00e9 au c\u0153ur de Mykonos.<\/p>\n<p>[\/vc_column_text][\/vc_column][\/vc_row][vc_row rt_row_background_width=\u00a0\u00bbfullwidth\u00a0\u00bb rt_row_content_width=\u00a0\u00bbdefault\u00a0\u00bb rt_row_style=\u00a0\u00bbdefault-style\u00a0\u00bb rt_row_height=\u00a0\u00bb\u00a0\u00bb rt_row_borders=\u00a0\u00bb\u00a0\u00bb rt_row_shadows=\u00a0\u00bb\u00a0\u00bb rt_column_gaps=\u00a0\u00bb\u00a0\u00bb rt_row_paddings=\u00a0\u00bbfalse\u00a0\u00bb rt_bg_effect=\u00a0\u00bbclassic\u00a0\u00bb rt_transparent_bg=\u00a0\u00bb\u00a0\u00bb rt_bg_image_repeat=\u00a0\u00bbrepeat\u00a0\u00bb rt_bg_size=\u00a0\u00bbcover\u00a0\u00bb rt_bg_position=\u00a0\u00bbright top\u00a0\u00bb rt_bg_attachment=\u00a0\u00bbscroll\u00a0\u00bb rt_bg_video_format=\u00a0\u00bbself-hosted\u00a0\u00bb rt_content_margin_top=\u00a0\u00bb-50px\u00a0\u00bb][vc_column rt_col_paddings=\u00a0\u00bbtrue\u00a0\u00bb rt_wrp_col_paddings=\u00a0\u00bbfalse\u00a0\u00bb rt_column_shadow=\u00a0\u00bb\u00a0\u00bb rt_border_top=\u00a0\u00bb\u00a0\u00bb rt_border_bottom=\u00a0\u00bb\u00a0\u00bb rt_border_left=\u00a0\u00bb\u00a0\u00bb rt_border_right=\u00a0\u00bb\u00a0\u00bb rt_border_top_mobile=\u00a0\u00bb\u00a0\u00bb rt_border_bottom_mobile=\u00a0\u00bb\u00a0\u00bb rt_border_left_mobile=\u00a0\u00bb\u00a0\u00bb rt_border_right_mobile=\u00a0\u00bb\u00a0\u00bb rt_bg_image_repeat=\u00a0\u00bbrepeat\u00a0\u00bb rt_bg_size=\u00a0\u00bbauto auto\u00a0\u00bb rt_bg_position=\u00a0\u00bbright top\u00a0\u00bb rt_bg_attachment=\u00a0\u00bbscroll\u00a0\u00bb rt_bg_color=\u00a0\u00bb\u00a0\u00bb rt_bg_overlay_color=\u00a0\u00bb\u00a0\u00bb][vc_empty_space height=\u00a0\u00bb100px\u00a0\u00bb el_id=\u00a0\u00bbrooms\u00a0\u00bb][\/vc_column][\/vc_row][vc_row rt_row_background_width=\u00a0\u00bbfullwidth\u00a0\u00bb rt_row_content_width=\u00a0\u00bbdefault\u00a0\u00bb rt_row_style=\u00a0\u00bbdefault-style\u00a0\u00bb rt_row_height=\u00a0\u00bb\u00a0\u00bb rt_row_borders=\u00a0\u00bb\u00a0\u00bb rt_row_shadows=\u00a0\u00bb\u00a0\u00bb rt_column_gaps=\u00a0\u00bb\u00a0\u00bb rt_row_paddings=\u00a0\u00bbtrue\u00a0\u00bb id=\u00a0\u00bbrooms\u00a0\u00bb rt_bg_effect=\u00a0\u00bbclassic\u00a0\u00bb rt_transparent_bg=\u00a0\u00bb\u00a0\u00bb rt_bg_image_repeat=\u00a0\u00bbrepeat\u00a0\u00bb rt_bg_size=\u00a0\u00bbcover\u00a0\u00bb rt_bg_position=\u00a0\u00bbright top\u00a0\u00bb rt_bg_attachment=\u00a0\u00bbscroll\u00a0\u00bb rt_bg_video_format=\u00a0\u00bbself-hosted\u00a0\u00bb][vc_column rt_col_paddings=\u00a0\u00bbtrue\u00a0\u00bb rt_wrp_col_paddings=\u00a0\u00bbfalse\u00a0\u00bb rt_column_shadow=\u00a0\u00bb\u00a0\u00bb rt_border_top=\u00a0\u00bb\u00a0\u00bb rt_border_bottom=\u00a0\u00bb\u00a0\u00bb rt_border_left=\u00a0\u00bb\u00a0\u00bb rt_border_right=\u00a0\u00bb\u00a0\u00bb rt_border_top_mobile=\u00a0\u00bb\u00a0\u00bb rt_border_bottom_mobile=\u00a0\u00bb\u00a0\u00bb rt_border_left_mobile=\u00a0\u00bb\u00a0\u00bb rt_border_right_mobile=\u00a0\u00bb\u00a0\u00bb rt_bg_image_repeat=\u00a0\u00bbrepeat\u00a0\u00bb rt_bg_size=\u00a0\u00bbauto auto\u00a0\u00bb rt_bg_position=\u00a0\u00bbright top\u00a0\u00bb rt_bg_attachment=\u00a0\u00bbscroll\u00a0\u00bb][\/vc_column][\/vc_row]<\/p>\n<\/div>","protected":false},"excerpt":{"rendered":"<p>[vc_row rt_row_background_width=\u00a0\u00bbfullwidth\u00a0\u00bb rt_row_content_width=\u00a0\u00bbdefault\u00a0\u00bb rt_row_style=\u00a0\u00bbalt-style-1&Prime; rt_row_height=\u00a0\u00bbfull_height\u00a0\u00bb rt_holder_placement=\u00a0\u00bbmiddle\u00a0\u00bb rt_column_placement=\u00a0\u00bbmiddle\u00a0\u00bb rt_row_borders=\u00a0\u00bb\u00a0\u00bb rt_row_shadows=\u00a0\u00bb\u00a0\u00bb rt_column_gaps=\u00a0\u00bb\u00a0\u00bb rt_row_paddings=\u00a0\u00bbtrue\u00a0\u00bb rt_bg_effect=\u00a0\u00bbclassic\u00a0\u00bb rt_transparent_bg=\u00a0\u00bbtrue\u00a0\u00bb rt_bg_image_repeat=\u00a0\u00bbno-repeat\u00a0\u00bb rt_bg_size=\u00a0\u00bbcover\u00a0\u00bb rt_bg_position=\u00a0\u00bbcenter center\u00a0\u00bb rt_bg_attachment=\u00a0\u00bbfixed\u00a0\u00bb rt_bg_video_format=\u00a0\u00bbself-hosted\u00a0\u00bb rt_margin_top=\u00a0\u00bb0&Prime; rt_margin_bottom=\u00a0\u00bb0&Prime; rt_content_margin_top=\u00a0\u00bb0&Prime; rt_content_margin_bottom=\u00a0\u00bb0&Prime; rt_bg_image=\u00a0\u00bb7609&Prime; rt_bg_overlay_color=\u00a0\u00bbrgba(0,0,0,0.64)\u00a0\u00bb rt_padding_left=\u00a0\u00bb0&Prime; rt_padding_right=\u00a0\u00bb0&Prime;][vc_column rt_col_paddings=\u00a0\u00bbtrue\u00a0\u00bb rt_wrp_col_paddings=\u00a0\u00bbfalse\u00a0\u00bb rt_column_shadow=\u00a0\u00bb\u00a0\u00bb rt_border_top=\u00a0\u00bb\u00a0\u00bb rt_border_bottom=\u00a0\u00bb\u00a0\u00bb rt_border_left=\u00a0\u00bb\u00a0\u00bb rt_border_right=\u00a0\u00bb\u00a0\u00bb rt_border_top_mobile=\u00a0\u00bb\u00a0\u00bb rt_border_bottom_mobile=\u00a0\u00bb\u00a0\u00bb rt_border_left_mobile=\u00a0\u00bb\u00a0\u00bb rt_border_right_mobile=\u00a0\u00bb\u00a0\u00bb rt_bg_image_repeat=\u00a0\u00bbrepeat\u00a0\u00bb rt_bg_size=\u00a0\u00bbauto auto\u00a0\u00bb rt_bg_position=\u00a0\u00bbright top\u00a0\u00bb rt_bg_attachment=\u00a0\u00bbscroll\u00a0\u00bb rt_bg_color=\u00a0\u00bb\u00a0\u00bb rt_bg_overlay_color=\u00a0\u00bb\u00a0\u00bb][vc_empty_space height=\u00a0\u00bb70px\u00a0\u00bb][vc_empty_space height=\u00a0\u00bb70px\u00a0\u00bb][\/vc_column][\/vc_row][vc_row rt_row_background_width=\u00a0\u00bbfullwidth\u00a0\u00bb rt_row_content_width=\u00a0\u00bbdefault\u00a0\u00bb rt_row_style=\u00a0\u00bbalt-style-1&Prime; rt_row_height=\u00a0\u00bb\u00a0\u00bb rt_row_borders=\u00a0\u00bb\u00a0\u00bb rt_row_shadows=\u00a0\u00bb\u00a0\u00bb rt_column_gaps=\u00a0\u00bb\u00a0\u00bb &#8230; <a class=\"more-link\" href=\"https:\/\/mykonostownhousehotel.com\/fr\/nos-chambres\/\">Poursuivre la lecture<\/a><\/p>\n","protected":false},"author":2,"featured_media":0,"parent":0,"menu_order":0,"comment_status":"closed","ping_status":"closed","template":"","meta":{"footnotes":""},"class_list":["post-12217","page","type-page","status-publish","hentry"],"yoast_head":"<!-- This site is optimized with the Yoast SEO plugin v27.4 - https:\/\/yoast.com\/product\/yoast-seo-wordpress\/ -->\n<title>Chambres et suites de luxe de l&#039;h\u00f4tel TownHouse - The TownHouse Mykonos Hotel<\/title>\n<meta name=\"description\" content=\"Vous avez le choix entre 19 chambres et suites de luxe, dont les chambres sup\u00e9rieures chic et classique, les suites Duplex, Junior et Sunset, ou encore les luxueuses villas TownHouse et Mykonian Suite.\" \/>\n<meta name=\"robots\" content=\"index, follow, max-snippet:-1, max-image-preview:large, max-video-preview:-1\" \/>\n<link rel=\"canonical\" href=\"https:\/\/mykonostownhousehotel.com\/fr\/nos-chambres\/\" \/>\n<meta property=\"og:locale\" content=\"fr_FR\" \/>\n<meta property=\"og:type\" content=\"article\" \/>\n<meta property=\"og:title\" content=\"Nos chambres d&#039;h\u00f4tel - The TownHouse Mykonos Hotel\" \/>\n<meta property=\"og:description\" content=\"Trouver un \u00e9quilibre entre le caract\u00e8re historique et unique du TownHouse et les exigences des voyageurs haut de gamme d&#039;aujourd&#039;hui a \u00e9t\u00e9 un travail d&#039;amour minutieux.\" \/>\n<meta property=\"og:url\" content=\"https:\/\/mykonostownhousehotel.com\/fr\/nos-chambres\/\" \/>\n<meta property=\"og:site_name\" content=\"The Townhouse Hotel Mykonos\" \/>\n<meta property=\"article:publisher\" content=\"https:\/\/www.facebook.com\/MykonosTownHouse\/\" \/>\n<meta property=\"article:modified_time\" content=\"2026-04-15T16:11:43+00:00\" \/>\n<meta property=\"og:image\" content=\"https:\/\/mykonostownhousehotel.com\/wp-content\/uploads\/2019\/10\/Deluxe_Suites2.jpg\" \/>\n<meta name=\"twitter:card\" content=\"summary_large_image\" \/>\n<meta name=\"twitter:title\" content=\"Nos chambres d&#039;h\u00f4tel - The TownHouse Mykonos Hotel\" \/>\n<meta name=\"twitter:description\" content=\"Trouver un \u00e9quilibre entre le caract\u00e8re historique et unique du TownHouse et les exigences des voyageurs haut de gamme d&#039;aujourd&#039;hui a \u00e9t\u00e9 un travail d&#039;amour minutieux.\" \/>\n<meta name=\"twitter:image\" content=\"https:\/\/mykonostownhousehotel.com\/wp-content\/uploads\/2019\/10\/Deluxe_Suites2.jpg\" \/>\n<meta name=\"twitter:label1\" content=\"Dur\u00e9e de lecture estim\u00e9e\" \/>\n\t<meta name=\"twitter:data1\" content=\"2 minutes\" \/>\n<script type=\"application\/ld+json\" class=\"yoast-schema-graph\">{\"@context\":\"https:\\\/\\\/schema.org\",\"@graph\":[{\"@type\":\"WebPage\",\"@id\":\"https:\\\/\\\/mykonostownhousehotel.com\\\/fr\\\/nos-chambres\\\/\",\"url\":\"https:\\\/\\\/mykonostownhousehotel.com\\\/fr\\\/nos-chambres\\\/\",\"name\":\"Chambres et suites de luxe de l'h\u00f4tel TownHouse - The TownHouse Mykonos Hotel\",\"isPartOf\":{\"@id\":\"https:\\\/\\\/hotelrez-mykonos.local\\\/#website\"},\"datePublished\":\"2026-02-02T16:17:01+00:00\",\"dateModified\":\"2026-04-15T16:11:43+00:00\",\"description\":\"Vous avez le choix entre 19 chambres et suites de luxe, dont les chambres sup\u00e9rieures chic et classique, les suites Duplex, Junior et Sunset, ou encore les luxueuses villas TownHouse et Mykonian Suite.\",\"breadcrumb\":{\"@id\":\"https:\\\/\\\/mykonostownhousehotel.com\\\/fr\\\/nos-chambres\\\/#breadcrumb\"},\"inLanguage\":\"fr-FR\",\"potentialAction\":[{\"@type\":\"ReadAction\",\"target\":[\"https:\\\/\\\/mykonostownhousehotel.com\\\/fr\\\/nos-chambres\\\/\"]}]},{\"@type\":\"BreadcrumbList\",\"@id\":\"https:\\\/\\\/mykonostownhousehotel.com\\\/fr\\\/nos-chambres\\\/#breadcrumb\",\"itemListElement\":[{\"@type\":\"ListItem\",\"position\":1,\"name\":\"Home\",\"item\":\"https:\\\/\\\/mykonostownhousehotel.com\\\/fr\\\/\"},{\"@type\":\"ListItem\",\"position\":2,\"name\":\"NOS CHAMBRES\"}]},{\"@type\":\"WebSite\",\"@id\":\"https:\\\/\\\/hotelrez-mykonos.local\\\/#website\",\"url\":\"https:\\\/\\\/hotelrez-mykonos.local\\\/\",\"name\":\"The Townhouse Hotel Mykonos\",\"description\":\"Reservations +30 211 198 9344\",\"publisher\":{\"@id\":\"https:\\\/\\\/hotelrez-mykonos.local\\\/#organization\"},\"potentialAction\":[{\"@type\":\"SearchAction\",\"target\":{\"@type\":\"EntryPoint\",\"urlTemplate\":\"https:\\\/\\\/hotelrez-mykonos.local\\\/?s={search_term_string}\"},\"query-input\":{\"@type\":\"PropertyValueSpecification\",\"valueRequired\":true,\"valueName\":\"search_term_string\"}}],\"inLanguage\":\"fr-FR\"},{\"@type\":\"Organization\",\"@id\":\"https:\\\/\\\/hotelrez-mykonos.local\\\/#organization\",\"name\":\"The TownHouse Mykonos\",\"url\":\"https:\\\/\\\/hotelrez-mykonos.local\\\/\",\"logo\":{\"@type\":\"ImageObject\",\"inLanguage\":\"fr-FR\",\"@id\":\"https:\\\/\\\/hotelrez-mykonos.local\\\/#\\\/schema\\\/logo\\\/image\\\/\",\"url\":\"https:\\\/\\\/mykonostownhousehotel.com\\\/wp-content\\\/uploads\\\/2017\\\/01\\\/The-Townhouse-Mykonos-Logo-12.png\",\"contentUrl\":\"https:\\\/\\\/mykonostownhousehotel.com\\\/wp-content\\\/uploads\\\/2017\\\/01\\\/The-Townhouse-Mykonos-Logo-12.png\",\"width\":909,\"height\":396,\"caption\":\"The TownHouse Mykonos\"},\"image\":{\"@id\":\"https:\\\/\\\/hotelrez-mykonos.local\\\/#\\\/schema\\\/logo\\\/image\\\/\"},\"sameAs\":[\"https:\\\/\\\/www.facebook.com\\\/MykonosTownHouse\\\/\",\"https:\\\/\\\/www.instagram.com\\\/mykonostownhouse\\\/\"]}]}<\/script>\n<!-- \/ Yoast SEO plugin. -->","yoast_head_json":{"title":"Chambres et suites de luxe de l'h\u00f4tel TownHouse - The TownHouse Mykonos Hotel","description":"Vous avez le choix entre 19 chambres et suites de luxe, dont les chambres sup\u00e9rieures chic et classique, les suites Duplex, Junior et Sunset, ou encore les luxueuses villas TownHouse et Mykonian Suite.","robots":{"index":"index","follow":"follow","max-snippet":"max-snippet:-1","max-image-preview":"max-image-preview:large","max-video-preview":"max-video-preview:-1"},"canonical":"https:\/\/mykonostownhousehotel.com\/fr\/nos-chambres\/","og_locale":"fr_FR","og_type":"article","og_title":"Nos chambres d'h\u00f4tel - The TownHouse Mykonos Hotel","og_description":"Trouver un \u00e9quilibre entre le caract\u00e8re historique et unique du TownHouse et les exigences des voyageurs haut de gamme d'aujourd'hui a \u00e9t\u00e9 un travail d'amour minutieux.","og_url":"https:\/\/mykonostownhousehotel.com\/fr\/nos-chambres\/","og_site_name":"The Townhouse Hotel Mykonos","article_publisher":"https:\/\/www.facebook.com\/MykonosTownHouse\/","article_modified_time":"2026-04-15T16:11:43+00:00","og_image":[{"url":"https:\/\/mykonostownhousehotel.com\/wp-content\/uploads\/2019\/10\/Deluxe_Suites2.jpg","type":"","width":"","height":""}],"twitter_card":"summary_large_image","twitter_title":"Nos chambres d'h\u00f4tel - The TownHouse Mykonos Hotel","twitter_description":"Trouver un \u00e9quilibre entre le caract\u00e8re historique et unique du TownHouse et les exigences des voyageurs haut de gamme d'aujourd'hui a \u00e9t\u00e9 un travail d'amour minutieux.","twitter_image":"https:\/\/mykonostownhousehotel.com\/wp-content\/uploads\/2019\/10\/Deluxe_Suites2.jpg","twitter_misc":{"Dur\u00e9e de lecture estim\u00e9e":"2 minutes"},"schema":{"@context":"https:\/\/schema.org","@graph":[{"@type":"WebPage","@id":"https:\/\/mykonostownhousehotel.com\/fr\/nos-chambres\/","url":"https:\/\/mykonostownhousehotel.com\/fr\/nos-chambres\/","name":"Chambres et suites de luxe de l'h\u00f4tel TownHouse - The TownHouse Mykonos Hotel","isPartOf":{"@id":"https:\/\/hotelrez-mykonos.local\/#website"},"datePublished":"2026-02-02T16:17:01+00:00","dateModified":"2026-04-15T16:11:43+00:00","description":"Vous avez le choix entre 19 chambres et suites de luxe, dont les chambres sup\u00e9rieures chic et classique, les suites Duplex, Junior et Sunset, ou encore les luxueuses villas TownHouse et Mykonian Suite.","breadcrumb":{"@id":"https:\/\/mykonostownhousehotel.com\/fr\/nos-chambres\/#breadcrumb"},"inLanguage":"fr-FR","potentialAction":[{"@type":"ReadAction","target":["https:\/\/mykonostownhousehotel.com\/fr\/nos-chambres\/"]}]},{"@type":"BreadcrumbList","@id":"https:\/\/mykonostownhousehotel.com\/fr\/nos-chambres\/#breadcrumb","itemListElement":[{"@type":"ListItem","position":1,"name":"Home","item":"https:\/\/mykonostownhousehotel.com\/fr\/"},{"@type":"ListItem","position":2,"name":"NOS CHAMBRES"}]},{"@type":"WebSite","@id":"https:\/\/hotelrez-mykonos.local\/#website","url":"https:\/\/hotelrez-mykonos.local\/","name":"The Townhouse Hotel Mykonos","description":"Reservations +30 211 198 9344","publisher":{"@id":"https:\/\/hotelrez-mykonos.local\/#organization"},"potentialAction":[{"@type":"SearchAction","target":{"@type":"EntryPoint","urlTemplate":"https:\/\/hotelrez-mykonos.local\/?s={search_term_string}"},"query-input":{"@type":"PropertyValueSpecification","valueRequired":true,"valueName":"search_term_string"}}],"inLanguage":"fr-FR"},{"@type":"Organization","@id":"https:\/\/hotelrez-mykonos.local\/#organization","name":"The TownHouse Mykonos","url":"https:\/\/hotelrez-mykonos.local\/","logo":{"@type":"ImageObject","inLanguage":"fr-FR","@id":"https:\/\/hotelrez-mykonos.local\/#\/schema\/logo\/image\/","url":"https:\/\/mykonostownhousehotel.com\/wp-content\/uploads\/2017\/01\/The-Townhouse-Mykonos-Logo-12.png","contentUrl":"https:\/\/mykonostownhousehotel.com\/wp-content\/uploads\/2017\/01\/The-Townhouse-Mykonos-Logo-12.png","width":909,"height":396,"caption":"The TownHouse Mykonos"},"image":{"@id":"https:\/\/hotelrez-mykonos.local\/#\/schema\/logo\/image\/"},"sameAs":["https:\/\/www.facebook.com\/MykonosTownHouse\/","https:\/\/www.instagram.com\/mykonostownhouse\/"]}]}},"_links":{"self":[{"href":"https:\/\/mykonostownhousehotel.com\/fr\/wp-json\/wp\/v2\/pages\/12217","targetHints":{"allow":["GET"]}}],"collection":[{"href":"https:\/\/mykonostownhousehotel.com\/fr\/wp-json\/wp\/v2\/pages"}],"about":[{"href":"https:\/\/mykonostownhousehotel.com\/fr\/wp-json\/wp\/v2\/types\/page"}],"author":[{"embeddable":true,"href":"https:\/\/mykonostownhousehotel.com\/fr\/wp-json\/wp\/v2\/users\/2"}],"replies":[{"embeddable":true,"href":"https:\/\/mykonostownhousehotel.com\/fr\/wp-json\/wp\/v2\/comments?post=12217"}],"version-history":[{"count":14,"href":"https:\/\/mykonostownhousehotel.com\/fr\/wp-json\/wp\/v2\/pages\/12217\/revisions"}],"predecessor-version":[{"id":13317,"href":"https:\/\/mykonostownhousehotel.com\/fr\/wp-json\/wp\/v2\/pages\/12217\/revisions\/13317"}],"wp:attachment":[{"href":"https:\/\/mykonostownhousehotel.com\/fr\/wp-json\/wp\/v2\/media?parent=12217"}],"curies":[{"name":"wp","href":"https:\/\/api.w.org\/{rel}","templated":true}]}}