{"id":12210,"date":"2026-02-02T18:17:00","date_gmt":"2026-02-02T16:17:00","guid":{"rendered":"https:\/\/mykonostownhousehotel.com\/conditions-de-reservation\/"},"modified":"2026-02-02T18:17:03","modified_gmt":"2026-02-02T16:17:03","slug":"conditions-de-reservation","status":"publish","type":"page","link":"https:\/\/mykonostownhousehotel.com\/fr\/conditions-de-reservation\/","title":{"rendered":"CONDITIONS DE R\u00c9SERVATION"},"content":{"rendered":"<div class=\"wpb-content-wrapper\"><p>[vc_row rt_row_background_width=\u00a0\u00bbfullwidth\u00a0\u00bb rt_row_content_width=\u00a0\u00bbdefault\u00a0\u00bb rt_row_style=\u00a0\u00bbdefault-style\u00a0\u00bb rt_row_height=\u00a0\u00bb\u00a0\u00bb rt_row_borders=\u00a0\u00bb\u00a0\u00bb rt_row_shadows=\u00a0\u00bb\u00a0\u00bb rt_column_gaps=\u00a0\u00bb\u00a0\u00bb rt_row_paddings=\u00a0\u00bbtrue\u00a0\u00bb rt_bg_effect=\u00a0\u00bbclassic\u00a0\u00bb rt_transparent_bg=\u00a0\u00bb\u00a0\u00bb rt_bg_image_repeat=\u00a0\u00bbrepeat\u00a0\u00bb rt_bg_size=\u00a0\u00bbcover\u00a0\u00bb rt_bg_position=\u00a0\u00bbright top\u00a0\u00bb rt_bg_attachment=\u00a0\u00bbscroll\u00a0\u00bb rt_bg_video_format=\u00a0\u00bbself-hosted\u00a0\u00bb][vc_column rt_col_paddings=\u00a0\u00bbtrue\u00a0\u00bb rt_wrp_col_paddings=\u00a0\u00bbfalse\u00a0\u00bb rt_column_shadow=\u00a0\u00bb\u00a0\u00bb rt_border_top=\u00a0\u00bb\u00a0\u00bb rt_border_bottom=\u00a0\u00bb\u00a0\u00bb rt_border_left=\u00a0\u00bb\u00a0\u00bb rt_border_right=\u00a0\u00bb\u00a0\u00bb rt_border_top_mobile=\u00a0\u00bb\u00a0\u00bb rt_border_bottom_mobile=\u00a0\u00bb\u00a0\u00bb rt_border_left_mobile=\u00a0\u00bb\u00a0\u00bb rt_border_right_mobile=\u00a0\u00bb\u00a0\u00bb rt_bg_image_repeat=\u00a0\u00bbrepeat\u00a0\u00bb rt_bg_size=\u00a0\u00bbauto auto\u00a0\u00bb rt_bg_position=\u00a0\u00bbright top\u00a0\u00bb rt_bg_attachment=\u00a0\u00bbscroll\u00a0\u00bb rt_padding_top=\u00a0\u00bb20&Prime; rt_bg_color=\u00a0\u00bb\u00a0\u00bb rt_bg_overlay_color=\u00a0\u00bb\u00a0\u00bb][vc_column_text]<\/p>\n<h1><strong>Conditions de r\u00e9servation pour Mykonos TownHouse<\/strong><\/h1>\n<p>&nbsp;<\/p>\n<p><strong>1. Exploitant et conditions<br \/>\n<\/strong>Elegant Hotel Collection Limited (EHC), dont le si\u00e8ge social est situ\u00e9 \u00e0 Newark Beacon Cafferata Way NG24 2TN, est l&rsquo;exploitant de Mykonos TownHouse.<\/p>\n<p>Veuillez noter que votre paiement sera trait\u00e9 par HotelREZ Limited (de la m\u00eame adresse) qui agit en tant qu&rsquo;agent d&rsquo;EHC aux fins du traitement des paiements.<\/p>\n<p>Les pr\u00e9sentes conditions s&rsquo;appliquent lorsque vous effectuez une demande de r\u00e9servation \u00e0 Mykonos TownHouse.<\/p>\n<p>Des conditions diff\u00e9rentes s&rsquo;appliquent aux r\u00e9servations dans tous les autres h\u00f4tels de l&rsquo;EHC ; ces conditions sont normalement indiqu\u00e9es sur la page de r\u00e9servation de l&rsquo;h\u00f4tel en question.<\/p>\n<p>&nbsp;<\/p>\n<p><strong>2. Votre r\u00e9servation<\/strong><\/p>\n<p>Nous vous demanderons les d\u00e9tails de votre carte de cr\u00e9dit ou de d\u00e9bit pour garantir votre r\u00e9servation. Nous acceptons les cartes Visa, Mastercard, American Express et toutes les autres cartes mentionn\u00e9es sur le formulaire de paiement. Veuillez v\u00e9rifier soigneusement les d\u00e9tails de votre r\u00e9servation avant de la confirmer.  <\/p>\n<p><span style=\"font-weight: 400;\">Les r\u00e9servations ne sont valables que si la carte de cr\u00e9dit\/d\u00e9bit est au nom de la personne qui a effectu\u00e9 la r\u00e9servation. Nous n&rsquo;acceptons pas les r\u00e9servations pay\u00e9es\/garanties lorsque le nom du titulaire de la carte est diff\u00e9rent de celui de la r\u00e9servation. <\/span><\/p>\n<p>Nous confirmerons votre r\u00e9servation en envoyant un courrier \u00e9lectronique \u00e0 l&rsquo;adresse que vous nous avez communiqu\u00e9e lors de la r\u00e9servation. Aucun contrat n&rsquo;existera entre nous tant que vous n&rsquo;aurez pas re\u00e7u cet e-mail. <\/p>\n<p>Veuillez noter que votre r\u00e9servation n&rsquo;est pas transf\u00e9rable. Nous nous r\u00e9servons le droit de refuser l&rsquo;h\u00e9bergement et\/ou les services \u00e0 toute personne ne figurant pas sur la r\u00e9servation initiale. <\/p>\n<p>Vous devez \u00eatre \u00e2g\u00e9 d&rsquo;au moins 18 ans pour effectuer une r\u00e9servation.<\/p>\n<p>&nbsp;<\/p>\n<p><strong>3. Prix et paiement<br \/>\n<\/strong><\/p>\n<p>Le prix que vous paierez sera celui qui vous sera indiqu\u00e9 lors de la r\u00e9servation. Il vous sera confirm\u00e9 dans l&rsquo;e-mail de confirmation. <\/p>\n<p>Le prix comprendra la TVA au taux en vigueur \u00e0 ce moment-l\u00e0. Si le taux de TVA change, nous serons oblig\u00e9s de facturer le nouveau taux sur toutes les sommes que vous n&rsquo;aurez pas pay\u00e9es avant l&rsquo;entr\u00e9e en vigueur du changement. <\/p>\n<p>La date \u00e0 laquelle le paiement doit \u00eatre effectu\u00e9 d\u00e9pend du plan tarifaire que vous avez choisi. Elle est pr\u00e9cis\u00e9e dans les informations de r\u00e9servation qui vous sont fournies au moment de la r\u00e9servation. <\/p>\n<p>Veuillez noter que les taxes touristiques locales doivent \u00eatre pay\u00e9es \u00e0 l&rsquo;h\u00f4tel le jour de votre d\u00e9part ou avant. Nous acceptons les paiements en esp\u00e8ces jusqu&rsquo;\u00e0 100 euros, mais nous demandons un paiement par carte de cr\u00e9dit ou de d\u00e9bit pour les sommes sup\u00e9rieures \u00e0 100 euros. <\/p>\n<p>La nourriture et les boissons achet\u00e9es au Mykonos TownHouse et \u00e0 ses bars affili\u00e9s, le SKYBAR et le 54 Cocktail Bar, peuvent \u00eatre factur\u00e9es \u00e0 votre chambre et r\u00e9gl\u00e9es au moment de votre d\u00e9part ou avant, \u00e0 condition que vous nous ayez communiqu\u00e9 les d\u00e9tails de votre carte de cr\u00e9dit et que vous ayez effectu\u00e9 une pr\u00e9-autorisation d&rsquo;un montant suffisant.<\/p>\n<p>Nous nous r\u00e9servons le droit d&rsquo;exiger une pr\u00e9-autorisation de votre carte de cr\u00e9dit pour toute d\u00e9pense que vous pourriez engager ou tout dommage que vous pourriez causer pendant votre s\u00e9jour chez nous et\/ou de vous demander de r\u00e9gler votre facture \u00e0 tout moment pendant votre s\u00e9jour.<\/p>\n<p>&nbsp;<\/p>\n<p><strong>4. Votre s\u00e9jour<\/strong><\/p>\n<p>\u00c0 votre arriv\u00e9e au Mykonos TownHouse, il se peut que l&rsquo;on vous demande de fournir certaines informations, telles qu&rsquo;une preuve d&rsquo;identit\u00e9 et les d\u00e9tails de votre passeport. Ces informations seront trait\u00e9es conform\u00e9ment \u00e0 notre politique de confidentialit\u00e9. <\/p>\n<p>L&rsquo;occupation maximale de votre chambre est le nombre de personnes indiqu\u00e9 dans les informations fournies lors de la r\u00e9servation. Vous ne devez pas d\u00e9passer ce nombre. <\/p>\n<p>Votre chambre sera disponible \u00e0 partir de 15 heures le jour de votre arriv\u00e9e et vous pourrez la quitter au plus tard \u00e0 12 heures le jour de votre d\u00e9part. Si vous souhaitez prendre d&rsquo;autres dispositions, veuillez nous en informer et nous nous efforcerons de vous aider. <\/p>\n<p>Veuillez nous informer si vous arrivez apr\u00e8s 21 heures.<\/p>\n<p><strong><br \/>\n5. Accessibilit\u00e9<br \/>\n<\/strong>Le Mykonos TownHouse est situ\u00e9 dans une zone historiquement sensible o\u00f9 les r\u00e9glementations locales limitent le d\u00e9veloppement et o\u00f9 l&rsquo;acc\u00e8s \u00e0 l&rsquo;h\u00f4tel est extr\u00eamement restreint. Par cons\u00e9quent, nous ne pouvons pas garantir que l&rsquo;h\u00f4tel conviendra aux personnes handicap\u00e9es. Si vous avez des doutes quant \u00e0 l&rsquo;ad\u00e9quation de l&rsquo;h\u00f4tel Mykonos TownHouse \u00e0 vos besoins ou \u00e0 ceux d&rsquo;un membre de votre groupe, veuillez nous contacter avant de r\u00e9server et nous serons ravis de vous conseiller.  <\/p>\n<p>&nbsp;<\/p>\n<p><strong>6. Annulation et modification de votre r\u00e9servation par vous<br \/>\n<\/strong>Si vous annulez votre r\u00e9servation, nous vous rembourserons :<\/p>\n<ul>\n<li>100% &#8211; si vous annulez plus de 21 jours avant le premier jour de votre s\u00e9jour ;<\/li>\n<li>Si vous annulez 21 jours ou moins avant le premier jour de votre s\u00e9jour, nous ne pourrons proc\u00e9der \u00e0 aucun remboursement.<\/li>\n<\/ul>\n<p>Vous devriez envisager de souscrire une assurance appropri\u00e9e pour couvrir cette \u00e9ventualit\u00e9.<\/p>\n<p>Si vous souhaitez apporter des modifications mineures \u00e0 votre r\u00e9servation, veuillez nous contacter et nous nous efforcerons de vous aider.<\/p>\n<p><strong><br \/>\n7. Annulation par nous<br \/>\n<\/strong>Nous nous r\u00e9servons le droit d&rsquo;annuler votre r\u00e9servation en vous en informant par \u00e9crit (y compris par courrier \u00e9lectronique) :<\/p>\n<ul>\n<li>si vous n&rsquo;effectuez pas le paiement lorsque les pr\u00e9sentes conditions l&rsquo;exigent<\/li>\n<li>si vous rompez le contrat entre nous de quelque mani\u00e8re que ce soit<\/li>\n<li><span style=\"font-weight: 400;\">si le nom du titulaire de la carte n&rsquo;est pas le m\u00eame que celui de la r\u00e9servation<\/span><\/li>\n<\/ul>\n<p>Nous pouvons \u00e9galement annuler votre r\u00e9servation si un \u00e9v\u00e9nement ind\u00e9pendant de notre volont\u00e9 (incendie, inondation, panne de courant ou \u00e9vacuation d&rsquo;urgence) nous emp\u00eache de mettre votre chambre \u00e0 votre disposition. Dans ce cas, nous vous en informerons d\u00e8s que possible et vous rembourserons int\u00e9gralement toutes les sommes que vous nous avez vers\u00e9es. Les remboursements seront effectu\u00e9s sur la m\u00eame carte que celle utilis\u00e9e pour le paiement. Toutefois, \u00e0 l&rsquo;exception des droits statutaires que nous ne pouvons pas exclure ou restreindre, nous n&rsquo;aurons plus aucune responsabilit\u00e9 envers vous dans ces circonstances.   <\/p>\n<p><strong><br \/>\n8. Votre comportement<\/strong><\/p>\n<p>Vous et votre groupe \u00eates tenus de vous comporter de mani\u00e8re appropri\u00e9e \u00e0 tout moment et de vous conformer \u00e0 nos proc\u00e9dures et\/ou demandes en mati\u00e8re de conduite et de respect des biens de l&rsquo;h\u00f4tel, de ses employ\u00e9s et de ses clients, ainsi que de leur sant\u00e9 et de leur s\u00e9curit\u00e9. Vous et votre groupe \u00eates pri\u00e9s de ne pas perturber le confort et le plaisir des autres clients, le bon fonctionnement de l&rsquo;h\u00f4tel, ou de ne pas offenser les autres clients ou les membres de notre personnel. <\/p>\n<p>Ne fumez nulle part dans l&rsquo;h\u00f4tel, y compris les e-cigarettes.<span style=\"font-weight: 400;\">L&rsquo;h\u00f4tel se r\u00e9serve le droit de facturer une taxe pour les fumeurs si vous fumez dans les chambres.<\/span> <\/p>\n<p>Vous et votre groupe ne devez pas utiliser l&rsquo;acc\u00e8s \u00e0 l&rsquo;internet que nous vous fournissons pour acc\u00e9der ou t\u00e9l\u00e9charger du mat\u00e9riel ill\u00e9gal ou obsc\u00e8ne, ou du mat\u00e9riel susceptible d&rsquo;offenser.<\/p>\n<p>Nous nous r\u00e9servons le droit de refuser l&rsquo;h\u00e9bergement ou les services ou de vous renvoyer de l&rsquo;h\u00f4tel, vous et\/ou les membres de votre groupe, si nous consid\u00e9rons, dans une mesure raisonnable, que cette disposition n&rsquo;a pas \u00e9t\u00e9 respect\u00e9e. Dans ce cas, nous ne sommes pas tenus de vous rembourser la perte d&rsquo;h\u00e9bergement, d&rsquo;autres services ou toute autre perte ou d\u00e9pense encourue. <\/p>\n<p>&nbsp;<\/p>\n<p><strong>9. Notre responsabilit\u00e9<\/strong><\/p>\n<p>Nous ne sommes pas responsables de la perte ou de l&rsquo;endommagement des biens laiss\u00e9s \u00e0 l&rsquo;h\u00f4tel, sauf dans les cas pr\u00e9vus par la loi.<\/p>\n<p>Nous ne serons pas responsables des pertes indirectes, cons\u00e9cutives ou purement \u00e9conomiques, ni des pertes de profit, de client\u00e8le ou d&rsquo;opportunit\u00e9, quelle qu&rsquo;en soit la cause (y compris notre n\u00e9gligence).<\/p>\n<p>Sauf si la loi applicable l&rsquo;interdit, notre responsabilit\u00e9 totale n&rsquo;exc\u00e9dera pas la valeur des frais que vous nous avez factur\u00e9s pour cette r\u00e9servation.<\/p>\n<p>Nous ne serons pas responsables envers vous de toute d\u00e9faillance, perte ou violation r\u00e9sultant d&rsquo;\u00e9v\u00e9nements \u00e9chappant \u00e0 notre contr\u00f4le raisonnable.<\/p>\n<p>Aucune disposition des pr\u00e9sentes conditions ne doit \u00eatre interpr\u00e9t\u00e9e comme excluant ou limitant une responsabilit\u00e9 qui ne peut \u00eatre exclue ou limit\u00e9e par la loi applicable ou comme affectant les droits dont vous disposez en tant que consommateur.<\/p>\n<p><strong><br \/>\n10. Vos<\/strong>informations <strong><br \/>\n Nous conservons vos donn\u00e9es personnelles en toute s\u00e9curit\u00e9. Les d\u00e9tails de la mani\u00e8re dont nous traiterons vos donn\u00e9es sont expos\u00e9s dans notre<\/strong> <a href=\"https:\/\/mykonostownhousehotel.com\/privacy-policy\/\">politique de confidentialit\u00e9<\/a>. <\/p>\n<p><strong><br \/>\n11. Conditions juridiques<br \/>\n<\/strong>Le droit anglais s&rsquo;appliquera \u00e0 ces conditions (y compris leur objet et leur formation) et \u00e0 votre r\u00e9servation.<\/p>\n<p>Les tribunaux anglais sont exclusivement comp\u00e9tents.[\/vc_column_text][\/vc_column][\/vc_row]<\/p>\n<\/div>","protected":false},"excerpt":{"rendered":"<p>[vc_row rt_row_background_width=\u00a0\u00bbfullwidth\u00a0\u00bb rt_row_content_width=\u00a0\u00bbdefault\u00a0\u00bb rt_row_style=\u00a0\u00bbdefault-style\u00a0\u00bb rt_row_height=\u00a0\u00bb\u00a0\u00bb rt_row_borders=\u00a0\u00bb\u00a0\u00bb rt_row_shadows=\u00a0\u00bb\u00a0\u00bb rt_column_gaps=\u00a0\u00bb\u00a0\u00bb rt_row_paddings=\u00a0\u00bbtrue\u00a0\u00bb rt_bg_effect=\u00a0\u00bbclassic\u00a0\u00bb rt_transparent_bg=\u00a0\u00bb\u00a0\u00bb rt_bg_image_repeat=\u00a0\u00bbrepeat\u00a0\u00bb rt_bg_size=\u00a0\u00bbcover\u00a0\u00bb rt_bg_position=\u00a0\u00bbright top\u00a0\u00bb rt_bg_attachment=\u00a0\u00bbscroll\u00a0\u00bb rt_bg_video_format=\u00a0\u00bbself-hosted\u00a0\u00bb][vc_column rt_col_paddings=\u00a0\u00bbtrue\u00a0\u00bb rt_wrp_col_paddings=\u00a0\u00bbfalse\u00a0\u00bb rt_column_shadow=\u00a0\u00bb\u00a0\u00bb rt_border_top=\u00a0\u00bb\u00a0\u00bb rt_border_bottom=\u00a0\u00bb\u00a0\u00bb rt_border_left=\u00a0\u00bb\u00a0\u00bb rt_border_right=\u00a0\u00bb\u00a0\u00bb rt_border_top_mobile=\u00a0\u00bb\u00a0\u00bb rt_border_bottom_mobile=\u00a0\u00bb\u00a0\u00bb rt_border_left_mobile=\u00a0\u00bb\u00a0\u00bb rt_border_right_mobile=\u00a0\u00bb\u00a0\u00bb rt_bg_image_repeat=\u00a0\u00bbrepeat\u00a0\u00bb rt_bg_size=\u00a0\u00bbauto auto\u00a0\u00bb rt_bg_position=\u00a0\u00bbright top\u00a0\u00bb rt_bg_attachment=\u00a0\u00bbscroll\u00a0\u00bb rt_padding_top=\u00a0\u00bb20&Prime; rt_bg_color=\u00a0\u00bb\u00a0\u00bb rt_bg_overlay_color=\u00a0\u00bb\u00a0\u00bb][vc_column_text] Conditions de r\u00e9servation pour Mykonos TownHouse &nbsp; 1. Exploitant et conditions Elegant Hotel Collection Limited (EHC), dont le &#8230; <a class=\"more-link\" href=\"https:\/\/mykonostownhousehotel.com\/fr\/conditions-de-reservation\/\">Poursuivre la lecture<\/a><\/p>\n","protected":false},"author":7,"featured_media":0,"parent":0,"menu_order":0,"comment_status":"closed","ping_status":"closed","template":"","meta":{"footnotes":""},"class_list":["post-12210","page","type-page","status-publish","hentry"],"yoast_head":"<!-- This site is optimized with the Yoast SEO plugin v27.4 - https:\/\/yoast.com\/product\/yoast-seo-wordpress\/ -->\n<title>Conditions de r\u00e9servation - The TownHouse Mykonos Hotel<\/title>\n<meta name=\"description\" content=\"Tout ce que vous devez savoir sur les conditions de r\u00e9servation \u00e0 L&#039;h\u00f4tel TownHouse Mykonos.\" \/>\n<meta name=\"robots\" content=\"index, follow, max-snippet:-1, max-image-preview:large, max-video-preview:-1\" \/>\n<link rel=\"canonical\" href=\"https:\/\/mykonostownhousehotel.com\/fr\/conditions-de-reservation\/\" \/>\n<meta property=\"og:locale\" content=\"fr_FR\" \/>\n<meta property=\"og:type\" content=\"article\" \/>\n<meta property=\"og:title\" content=\"Conditions de r\u00e9servation - The TownHouse Mykonos Hotel\" \/>\n<meta property=\"og:description\" content=\"Tout ce que vous devez savoir sur les conditions de r\u00e9servation \u00e0 L&#039;h\u00f4tel TownHouse Mykonos.\" \/>\n<meta property=\"og:url\" content=\"https:\/\/mykonostownhousehotel.com\/fr\/conditions-de-reservation\/\" \/>\n<meta property=\"og:site_name\" content=\"The Townhouse Hotel Mykonos\" \/>\n<meta property=\"article:publisher\" content=\"https:\/\/www.facebook.com\/MykonosTownHouse\/\" \/>\n<meta property=\"article:modified_time\" content=\"2026-02-02T16:17:03+00:00\" \/>\n<meta name=\"twitter:card\" content=\"summary_large_image\" \/>\n<meta name=\"twitter:label1\" content=\"Dur\u00e9e de lecture estim\u00e9e\" \/>\n\t<meta name=\"twitter:data1\" content=\"8 minutes\" \/>\n<script type=\"application\/ld+json\" class=\"yoast-schema-graph\">{\"@context\":\"https:\\\/\\\/schema.org\",\"@graph\":[{\"@type\":\"WebPage\",\"@id\":\"https:\\\/\\\/mykonostownhousehotel.com\\\/fr\\\/conditions-de-reservation\\\/\",\"url\":\"https:\\\/\\\/mykonostownhousehotel.com\\\/fr\\\/conditions-de-reservation\\\/\",\"name\":\"Conditions de r\u00e9servation - The TownHouse Mykonos Hotel\",\"isPartOf\":{\"@id\":\"https:\\\/\\\/hotelrez-mykonos.local\\\/#website\"},\"datePublished\":\"2026-02-02T16:17:00+00:00\",\"dateModified\":\"2026-02-02T16:17:03+00:00\",\"description\":\"Tout ce que vous devez savoir sur les conditions de r\u00e9servation \u00e0 L'h\u00f4tel TownHouse Mykonos.\",\"breadcrumb\":{\"@id\":\"https:\\\/\\\/mykonostownhousehotel.com\\\/fr\\\/conditions-de-reservation\\\/#breadcrumb\"},\"inLanguage\":\"fr-FR\",\"potentialAction\":[{\"@type\":\"ReadAction\",\"target\":[\"https:\\\/\\\/mykonostownhousehotel.com\\\/fr\\\/conditions-de-reservation\\\/\"]}]},{\"@type\":\"BreadcrumbList\",\"@id\":\"https:\\\/\\\/mykonostownhousehotel.com\\\/fr\\\/conditions-de-reservation\\\/#breadcrumb\",\"itemListElement\":[{\"@type\":\"ListItem\",\"position\":1,\"name\":\"Home\",\"item\":\"https:\\\/\\\/mykonostownhousehotel.com\\\/fr\\\/\"},{\"@type\":\"ListItem\",\"position\":2,\"name\":\"CONDITIONS DE R\u00c9SERVATION\"}]},{\"@type\":\"WebSite\",\"@id\":\"https:\\\/\\\/hotelrez-mykonos.local\\\/#website\",\"url\":\"https:\\\/\\\/hotelrez-mykonos.local\\\/\",\"name\":\"The Townhouse Hotel Mykonos\",\"description\":\"Reservations +30 211 198 9344\",\"publisher\":{\"@id\":\"https:\\\/\\\/hotelrez-mykonos.local\\\/#organization\"},\"potentialAction\":[{\"@type\":\"SearchAction\",\"target\":{\"@type\":\"EntryPoint\",\"urlTemplate\":\"https:\\\/\\\/hotelrez-mykonos.local\\\/?s={search_term_string}\"},\"query-input\":{\"@type\":\"PropertyValueSpecification\",\"valueRequired\":true,\"valueName\":\"search_term_string\"}}],\"inLanguage\":\"fr-FR\"},{\"@type\":\"Organization\",\"@id\":\"https:\\\/\\\/hotelrez-mykonos.local\\\/#organization\",\"name\":\"The TownHouse Mykonos\",\"url\":\"https:\\\/\\\/hotelrez-mykonos.local\\\/\",\"logo\":{\"@type\":\"ImageObject\",\"inLanguage\":\"fr-FR\",\"@id\":\"https:\\\/\\\/hotelrez-mykonos.local\\\/#\\\/schema\\\/logo\\\/image\\\/\",\"url\":\"https:\\\/\\\/mykonostownhousehotel.com\\\/wp-content\\\/uploads\\\/2017\\\/01\\\/The-Townhouse-Mykonos-Logo-12.png\",\"contentUrl\":\"https:\\\/\\\/mykonostownhousehotel.com\\\/wp-content\\\/uploads\\\/2017\\\/01\\\/The-Townhouse-Mykonos-Logo-12.png\",\"width\":909,\"height\":396,\"caption\":\"The TownHouse Mykonos\"},\"image\":{\"@id\":\"https:\\\/\\\/hotelrez-mykonos.local\\\/#\\\/schema\\\/logo\\\/image\\\/\"},\"sameAs\":[\"https:\\\/\\\/www.facebook.com\\\/MykonosTownHouse\\\/\",\"https:\\\/\\\/www.instagram.com\\\/mykonostownhouse\\\/\"]}]}<\/script>\n<!-- \/ Yoast SEO plugin. -->","yoast_head_json":{"title":"Conditions de r\u00e9servation - The TownHouse Mykonos Hotel","description":"Tout ce que vous devez savoir sur les conditions de r\u00e9servation \u00e0 L'h\u00f4tel TownHouse Mykonos.","robots":{"index":"index","follow":"follow","max-snippet":"max-snippet:-1","max-image-preview":"max-image-preview:large","max-video-preview":"max-video-preview:-1"},"canonical":"https:\/\/mykonostownhousehotel.com\/fr\/conditions-de-reservation\/","og_locale":"fr_FR","og_type":"article","og_title":"Conditions de r\u00e9servation - The TownHouse Mykonos Hotel","og_description":"Tout ce que vous devez savoir sur les conditions de r\u00e9servation \u00e0 L'h\u00f4tel TownHouse Mykonos.","og_url":"https:\/\/mykonostownhousehotel.com\/fr\/conditions-de-reservation\/","og_site_name":"The Townhouse Hotel Mykonos","article_publisher":"https:\/\/www.facebook.com\/MykonosTownHouse\/","article_modified_time":"2026-02-02T16:17:03+00:00","twitter_card":"summary_large_image","twitter_misc":{"Dur\u00e9e de lecture estim\u00e9e":"8 minutes"},"schema":{"@context":"https:\/\/schema.org","@graph":[{"@type":"WebPage","@id":"https:\/\/mykonostownhousehotel.com\/fr\/conditions-de-reservation\/","url":"https:\/\/mykonostownhousehotel.com\/fr\/conditions-de-reservation\/","name":"Conditions de r\u00e9servation - The TownHouse Mykonos Hotel","isPartOf":{"@id":"https:\/\/hotelrez-mykonos.local\/#website"},"datePublished":"2026-02-02T16:17:00+00:00","dateModified":"2026-02-02T16:17:03+00:00","description":"Tout ce que vous devez savoir sur les conditions de r\u00e9servation \u00e0 L'h\u00f4tel TownHouse Mykonos.","breadcrumb":{"@id":"https:\/\/mykonostownhousehotel.com\/fr\/conditions-de-reservation\/#breadcrumb"},"inLanguage":"fr-FR","potentialAction":[{"@type":"ReadAction","target":["https:\/\/mykonostownhousehotel.com\/fr\/conditions-de-reservation\/"]}]},{"@type":"BreadcrumbList","@id":"https:\/\/mykonostownhousehotel.com\/fr\/conditions-de-reservation\/#breadcrumb","itemListElement":[{"@type":"ListItem","position":1,"name":"Home","item":"https:\/\/mykonostownhousehotel.com\/fr\/"},{"@type":"ListItem","position":2,"name":"CONDITIONS DE R\u00c9SERVATION"}]},{"@type":"WebSite","@id":"https:\/\/hotelrez-mykonos.local\/#website","url":"https:\/\/hotelrez-mykonos.local\/","name":"The Townhouse Hotel Mykonos","description":"Reservations +30 211 198 9344","publisher":{"@id":"https:\/\/hotelrez-mykonos.local\/#organization"},"potentialAction":[{"@type":"SearchAction","target":{"@type":"EntryPoint","urlTemplate":"https:\/\/hotelrez-mykonos.local\/?s={search_term_string}"},"query-input":{"@type":"PropertyValueSpecification","valueRequired":true,"valueName":"search_term_string"}}],"inLanguage":"fr-FR"},{"@type":"Organization","@id":"https:\/\/hotelrez-mykonos.local\/#organization","name":"The TownHouse Mykonos","url":"https:\/\/hotelrez-mykonos.local\/","logo":{"@type":"ImageObject","inLanguage":"fr-FR","@id":"https:\/\/hotelrez-mykonos.local\/#\/schema\/logo\/image\/","url":"https:\/\/mykonostownhousehotel.com\/wp-content\/uploads\/2017\/01\/The-Townhouse-Mykonos-Logo-12.png","contentUrl":"https:\/\/mykonostownhousehotel.com\/wp-content\/uploads\/2017\/01\/The-Townhouse-Mykonos-Logo-12.png","width":909,"height":396,"caption":"The TownHouse Mykonos"},"image":{"@id":"https:\/\/hotelrez-mykonos.local\/#\/schema\/logo\/image\/"},"sameAs":["https:\/\/www.facebook.com\/MykonosTownHouse\/","https:\/\/www.instagram.com\/mykonostownhouse\/"]}]}},"_links":{"self":[{"href":"https:\/\/mykonostownhousehotel.com\/fr\/wp-json\/wp\/v2\/pages\/12210","targetHints":{"allow":["GET"]}}],"collection":[{"href":"https:\/\/mykonostownhousehotel.com\/fr\/wp-json\/wp\/v2\/pages"}],"about":[{"href":"https:\/\/mykonostownhousehotel.com\/fr\/wp-json\/wp\/v2\/types\/page"}],"author":[{"embeddable":true,"href":"https:\/\/mykonostownhousehotel.com\/fr\/wp-json\/wp\/v2\/users\/7"}],"replies":[{"embeddable":true,"href":"https:\/\/mykonostownhousehotel.com\/fr\/wp-json\/wp\/v2\/comments?post=12210"}],"version-history":[{"count":1,"href":"https:\/\/mykonostownhousehotel.com\/fr\/wp-json\/wp\/v2\/pages\/12210\/revisions"}],"predecessor-version":[{"id":12216,"href":"https:\/\/mykonostownhousehotel.com\/fr\/wp-json\/wp\/v2\/pages\/12210\/revisions\/12216"}],"wp:attachment":[{"href":"https:\/\/mykonostownhousehotel.com\/fr\/wp-json\/wp\/v2\/media?parent=12210"}],"curies":[{"name":"wp","href":"https:\/\/api.w.org\/{rel}","templated":true}]}}