{"id":11998,"date":"2026-02-02T18:16:36","date_gmt":"2026-02-02T16:16:36","guid":{"rendered":"https:\/\/mykonostownhousehotel.com\/clause-de-non-responsabilite\/"},"modified":"2026-02-02T18:16:36","modified_gmt":"2026-02-02T16:16:36","slug":"clause-de-non-responsabilite","status":"publish","type":"page","link":"https:\/\/mykonostownhousehotel.com\/fr\/clause-de-non-responsabilite\/","title":{"rendered":"Clause de non-responsabilit\u00e9"},"content":{"rendered":"<p>Le TownHouse Mykonos est membre de l&rsquo;Elegant Hotel Collection (EHC), une soci\u00e9t\u00e9 du Royaume-Uni, qui en est le repr\u00e9sentant exclusif. Le TownHouse fait partie de la franchise h\u00f4teli\u00e8re EHC et adh\u00e8re \u00e0 son engagement d&rsquo;excellence. Toutes les r\u00e9servations sont effectu\u00e9es exclusivement par l&rsquo;interm\u00e9diaire de l&rsquo;EHC et les questions relatives \u00e0 ces r\u00e9servations ou \u00e0 d&rsquo;autres sujets doivent \u00eatre adress\u00e9es \u00e0 : accounts@eleganthotelcollection.com. Veuillez consulter nos <strong><a href=\"https:\/\/mykonostownhousehotel.com\/fr\/conditions-generales\/\">conditions g\u00e9n\u00e9rales<\/a><\/strong>, <strong><a href=\"https:\/\/mykonostownhousehotel.com\/fr\/conditions-de-reservation\/\">conditions de r\u00e9servation<\/a><\/strong> et notre <a href=\"https:\/\/mykonostownhousehotel.com\/privacy-policy\/\"><strong> politique de confidentialit\u00e9 <\/strong><\/a> pour plus d&rsquo;informations.  <\/p>\n<p>Les informations contenues dans ce message \u00e9lectronique sont confidentielles, sans pr\u00e9judice et peuvent \u00eatre juridiquement privil\u00e9gi\u00e9es. Elles sont destin\u00e9es exclusivement au(x) destinataire(s). L&rsquo;acc\u00e8s \u00e0 ce message \u00e9lectronique par toute autre personne n&rsquo;est pas autoris\u00e9. Si vous n&rsquo;\u00eates pas le destinataire pr\u00e9vu, toute divulgation, copie, distribution ou action prise ou omise sur la base de ce message est interdite et peut \u00eatre ill\u00e9gale.   <\/p>\n<p>Les points de vue et\/ou opinions exprim\u00e9s dans cet e-mail peuvent \u00eatre des points de vue personnels et ne sont pas n\u00e9cessairement ceux du TownHouse Mykonos, les actions prises sur la base de ces points de vue et\/ou opinions sont donc prises de mani\u00e8re ind\u00e9pendante et \u00e0 vos propres risques. L&rsquo;exp\u00e9diteur estime que cet e-mail et toutes les pi\u00e8ces jointes \u00e9taient exempts de virus, de vers, de chevaux de Troie et\/ou de codes malveillants au moment de leur envoi. Ce message et ses pi\u00e8ces jointes peuvent avoir \u00e9t\u00e9 infect\u00e9s lors de la transmission. En lisant le message et en ouvrant les pi\u00e8ces jointes, le destinataire accepte l&rsquo;enti\u00e8re responsabilit\u00e9 de prendre des mesures de protection et de correction contre les virus et autres d\u00e9fauts.   <\/p>\n","protected":false},"excerpt":{"rendered":"<p>Le TownHouse Mykonos est membre de l&rsquo;Elegant Hotel Collection (EHC), une soci\u00e9t\u00e9 du Royaume-Uni, qui en est le repr\u00e9sentant exclusif. Le TownHouse fait partie de la franchise h\u00f4teli\u00e8re EHC et adh\u00e8re \u00e0 son engagement d&rsquo;excellence. Toutes les r\u00e9servations sont effectu\u00e9es exclusivement par l&rsquo;interm\u00e9diaire de l&rsquo;EHC et les questions relatives \u00e0 ces r\u00e9servations ou \u00e0 d&rsquo;autres &#8230; <a class=\"more-link\" href=\"https:\/\/mykonostownhousehotel.com\/fr\/clause-de-non-responsabilite\/\">Poursuivre la lecture<\/a><\/p>\n","protected":false},"author":2,"featured_media":0,"parent":0,"menu_order":0,"comment_status":"closed","ping_status":"closed","template":"","meta":{"footnotes":""},"class_list":["post-11998","page","type-page","status-publish","hentry"],"yoast_head":"<!-- This site is optimized with the Yoast SEO plugin v27.4 - https:\/\/yoast.com\/product\/yoast-seo-wordpress\/ -->\n<title>Clause de non-responsabilit\u00e9 - The Townhouse Hotel Mykonos<\/title>\n<meta name=\"robots\" content=\"index, follow, max-snippet:-1, max-image-preview:large, max-video-preview:-1\" \/>\n<link rel=\"canonical\" href=\"https:\/\/mykonostownhousehotel.com\/fr\/clause-de-non-responsabilite\/\" \/>\n<meta property=\"og:locale\" content=\"fr_FR\" \/>\n<meta property=\"og:type\" content=\"article\" \/>\n<meta property=\"og:title\" content=\"Clause de non-responsabilit\u00e9 - The Townhouse Hotel Mykonos\" \/>\n<meta property=\"og:description\" content=\"Le TownHouse Mykonos est membre de l&rsquo;Elegant Hotel Collection (EHC), une soci\u00e9t\u00e9 du Royaume-Uni, qui en est le repr\u00e9sentant exclusif. Le TownHouse fait partie de la franchise h\u00f4teli\u00e8re EHC et adh\u00e8re \u00e0 son engagement d&rsquo;excellence. Toutes les r\u00e9servations sont effectu\u00e9es exclusivement par l&rsquo;interm\u00e9diaire de l&rsquo;EHC et les questions relatives \u00e0 ces r\u00e9servations ou \u00e0 d&rsquo;autres [&hellip;]\" \/>\n<meta property=\"og:url\" content=\"https:\/\/mykonostownhousehotel.com\/fr\/clause-de-non-responsabilite\/\" \/>\n<meta property=\"og:site_name\" content=\"The Townhouse Hotel Mykonos\" \/>\n<meta property=\"article:publisher\" content=\"https:\/\/www.facebook.com\/MykonosTownHouse\/\" \/>\n<meta name=\"twitter:card\" content=\"summary_large_image\" \/>\n<meta name=\"twitter:label1\" content=\"Dur\u00e9e de lecture estim\u00e9e\" \/>\n\t<meta name=\"twitter:data1\" content=\"1 minute\" \/>\n<script type=\"application\/ld+json\" class=\"yoast-schema-graph\">{\"@context\":\"https:\\\/\\\/schema.org\",\"@graph\":[{\"@type\":\"WebPage\",\"@id\":\"https:\\\/\\\/mykonostownhousehotel.com\\\/fr\\\/clause-de-non-responsabilite\\\/\",\"url\":\"https:\\\/\\\/mykonostownhousehotel.com\\\/fr\\\/clause-de-non-responsabilite\\\/\",\"name\":\"Clause de non-responsabilit\u00e9 - The Townhouse Hotel Mykonos\",\"isPartOf\":{\"@id\":\"https:\\\/\\\/hotelrez-mykonos.local\\\/#website\"},\"datePublished\":\"2026-02-02T16:16:36+00:00\",\"breadcrumb\":{\"@id\":\"https:\\\/\\\/mykonostownhousehotel.com\\\/fr\\\/clause-de-non-responsabilite\\\/#breadcrumb\"},\"inLanguage\":\"fr-FR\",\"potentialAction\":[{\"@type\":\"ReadAction\",\"target\":[\"https:\\\/\\\/mykonostownhousehotel.com\\\/fr\\\/clause-de-non-responsabilite\\\/\"]}]},{\"@type\":\"BreadcrumbList\",\"@id\":\"https:\\\/\\\/mykonostownhousehotel.com\\\/fr\\\/clause-de-non-responsabilite\\\/#breadcrumb\",\"itemListElement\":[{\"@type\":\"ListItem\",\"position\":1,\"name\":\"Home\",\"item\":\"https:\\\/\\\/mykonostownhousehotel.com\\\/fr\\\/\"},{\"@type\":\"ListItem\",\"position\":2,\"name\":\"Clause de non-responsabilit\u00e9\"}]},{\"@type\":\"WebSite\",\"@id\":\"https:\\\/\\\/hotelrez-mykonos.local\\\/#website\",\"url\":\"https:\\\/\\\/hotelrez-mykonos.local\\\/\",\"name\":\"The Townhouse Hotel Mykonos\",\"description\":\"Reservations +30 211 198 9344\",\"publisher\":{\"@id\":\"https:\\\/\\\/hotelrez-mykonos.local\\\/#organization\"},\"potentialAction\":[{\"@type\":\"SearchAction\",\"target\":{\"@type\":\"EntryPoint\",\"urlTemplate\":\"https:\\\/\\\/hotelrez-mykonos.local\\\/?s={search_term_string}\"},\"query-input\":{\"@type\":\"PropertyValueSpecification\",\"valueRequired\":true,\"valueName\":\"search_term_string\"}}],\"inLanguage\":\"fr-FR\"},{\"@type\":\"Organization\",\"@id\":\"https:\\\/\\\/hotelrez-mykonos.local\\\/#organization\",\"name\":\"The TownHouse Mykonos\",\"url\":\"https:\\\/\\\/hotelrez-mykonos.local\\\/\",\"logo\":{\"@type\":\"ImageObject\",\"inLanguage\":\"fr-FR\",\"@id\":\"https:\\\/\\\/hotelrez-mykonos.local\\\/#\\\/schema\\\/logo\\\/image\\\/\",\"url\":\"https:\\\/\\\/mykonostownhousehotel.com\\\/wp-content\\\/uploads\\\/2017\\\/01\\\/The-Townhouse-Mykonos-Logo-12.png\",\"contentUrl\":\"https:\\\/\\\/mykonostownhousehotel.com\\\/wp-content\\\/uploads\\\/2017\\\/01\\\/The-Townhouse-Mykonos-Logo-12.png\",\"width\":909,\"height\":396,\"caption\":\"The TownHouse Mykonos\"},\"image\":{\"@id\":\"https:\\\/\\\/hotelrez-mykonos.local\\\/#\\\/schema\\\/logo\\\/image\\\/\"},\"sameAs\":[\"https:\\\/\\\/www.facebook.com\\\/MykonosTownHouse\\\/\",\"https:\\\/\\\/www.instagram.com\\\/mykonostownhouse\\\/\"]}]}<\/script>\n<!-- \/ Yoast SEO plugin. -->","yoast_head_json":{"title":"Clause de non-responsabilit\u00e9 - The Townhouse Hotel Mykonos","robots":{"index":"index","follow":"follow","max-snippet":"max-snippet:-1","max-image-preview":"max-image-preview:large","max-video-preview":"max-video-preview:-1"},"canonical":"https:\/\/mykonostownhousehotel.com\/fr\/clause-de-non-responsabilite\/","og_locale":"fr_FR","og_type":"article","og_title":"Clause de non-responsabilit\u00e9 - The Townhouse Hotel Mykonos","og_description":"Le TownHouse Mykonos est membre de l&rsquo;Elegant Hotel Collection (EHC), une soci\u00e9t\u00e9 du Royaume-Uni, qui en est le repr\u00e9sentant exclusif. Le TownHouse fait partie de la franchise h\u00f4teli\u00e8re EHC et adh\u00e8re \u00e0 son engagement d&rsquo;excellence. Toutes les r\u00e9servations sont effectu\u00e9es exclusivement par l&rsquo;interm\u00e9diaire de l&rsquo;EHC et les questions relatives \u00e0 ces r\u00e9servations ou \u00e0 d&rsquo;autres [&hellip;]","og_url":"https:\/\/mykonostownhousehotel.com\/fr\/clause-de-non-responsabilite\/","og_site_name":"The Townhouse Hotel Mykonos","article_publisher":"https:\/\/www.facebook.com\/MykonosTownHouse\/","twitter_card":"summary_large_image","twitter_misc":{"Dur\u00e9e de lecture estim\u00e9e":"1 minute"},"schema":{"@context":"https:\/\/schema.org","@graph":[{"@type":"WebPage","@id":"https:\/\/mykonostownhousehotel.com\/fr\/clause-de-non-responsabilite\/","url":"https:\/\/mykonostownhousehotel.com\/fr\/clause-de-non-responsabilite\/","name":"Clause de non-responsabilit\u00e9 - The Townhouse Hotel Mykonos","isPartOf":{"@id":"https:\/\/hotelrez-mykonos.local\/#website"},"datePublished":"2026-02-02T16:16:36+00:00","breadcrumb":{"@id":"https:\/\/mykonostownhousehotel.com\/fr\/clause-de-non-responsabilite\/#breadcrumb"},"inLanguage":"fr-FR","potentialAction":[{"@type":"ReadAction","target":["https:\/\/mykonostownhousehotel.com\/fr\/clause-de-non-responsabilite\/"]}]},{"@type":"BreadcrumbList","@id":"https:\/\/mykonostownhousehotel.com\/fr\/clause-de-non-responsabilite\/#breadcrumb","itemListElement":[{"@type":"ListItem","position":1,"name":"Home","item":"https:\/\/mykonostownhousehotel.com\/fr\/"},{"@type":"ListItem","position":2,"name":"Clause de non-responsabilit\u00e9"}]},{"@type":"WebSite","@id":"https:\/\/hotelrez-mykonos.local\/#website","url":"https:\/\/hotelrez-mykonos.local\/","name":"The Townhouse Hotel Mykonos","description":"Reservations +30 211 198 9344","publisher":{"@id":"https:\/\/hotelrez-mykonos.local\/#organization"},"potentialAction":[{"@type":"SearchAction","target":{"@type":"EntryPoint","urlTemplate":"https:\/\/hotelrez-mykonos.local\/?s={search_term_string}"},"query-input":{"@type":"PropertyValueSpecification","valueRequired":true,"valueName":"search_term_string"}}],"inLanguage":"fr-FR"},{"@type":"Organization","@id":"https:\/\/hotelrez-mykonos.local\/#organization","name":"The TownHouse Mykonos","url":"https:\/\/hotelrez-mykonos.local\/","logo":{"@type":"ImageObject","inLanguage":"fr-FR","@id":"https:\/\/hotelrez-mykonos.local\/#\/schema\/logo\/image\/","url":"https:\/\/mykonostownhousehotel.com\/wp-content\/uploads\/2017\/01\/The-Townhouse-Mykonos-Logo-12.png","contentUrl":"https:\/\/mykonostownhousehotel.com\/wp-content\/uploads\/2017\/01\/The-Townhouse-Mykonos-Logo-12.png","width":909,"height":396,"caption":"The TownHouse Mykonos"},"image":{"@id":"https:\/\/hotelrez-mykonos.local\/#\/schema\/logo\/image\/"},"sameAs":["https:\/\/www.facebook.com\/MykonosTownHouse\/","https:\/\/www.instagram.com\/mykonostownhouse\/"]}]}},"_links":{"self":[{"href":"https:\/\/mykonostownhousehotel.com\/fr\/wp-json\/wp\/v2\/pages\/11998","targetHints":{"allow":["GET"]}}],"collection":[{"href":"https:\/\/mykonostownhousehotel.com\/fr\/wp-json\/wp\/v2\/pages"}],"about":[{"href":"https:\/\/mykonostownhousehotel.com\/fr\/wp-json\/wp\/v2\/types\/page"}],"author":[{"embeddable":true,"href":"https:\/\/mykonostownhousehotel.com\/fr\/wp-json\/wp\/v2\/users\/2"}],"replies":[{"embeddable":true,"href":"https:\/\/mykonostownhousehotel.com\/fr\/wp-json\/wp\/v2\/comments?post=11998"}],"version-history":[{"count":0,"href":"https:\/\/mykonostownhousehotel.com\/fr\/wp-json\/wp\/v2\/pages\/11998\/revisions"}],"wp:attachment":[{"href":"https:\/\/mykonostownhousehotel.com\/fr\/wp-json\/wp\/v2\/media?parent=11998"}],"curies":[{"name":"wp","href":"https:\/\/api.w.org\/{rel}","templated":true}]}}