{"id":11518,"date":"2026-02-02T18:15:11","date_gmt":"2026-02-02T16:15:11","guid":{"rendered":"https:\/\/mykonostownhousehotel.com\/sabonner-a-nos-lettres-dinformation\/"},"modified":"2026-02-02T18:15:16","modified_gmt":"2026-02-02T16:15:16","slug":"sabonner-a-nos-lettres-dinformation","status":"publish","type":"page","link":"https:\/\/mykonostownhousehotel.com\/fr\/sabonner-a-nos-lettres-dinformation\/","title":{"rendered":"S&rsquo;abonner \u00e0 nos lettres d&rsquo;information"},"content":{"rendered":"<div class=\"wpb-content-wrapper\"><p>[vc_row rt_row_background_width=\u00a0\u00bbfullwidth\u00a0\u00bb rt_row_content_width=\u00a0\u00bbdefault\u00a0\u00bb rt_row_style=\u00a0\u00bbalt-style-1&Prime; rt_row_height=\u00a0\u00bb\u00a0\u00bb rt_column_placement=\u00a0\u00bbmiddle\u00a0\u00bb rt_row_borders=\u00a0\u00bb\u00a0\u00bb rt_row_shadows=\u00a0\u00bb\u00a0\u00bb rt_column_gaps=\u00a0\u00bb\u00a0\u00bb rt_row_paddings=\u00a0\u00bbtrue\u00a0\u00bb rt_bg_effect=\u00a0\u00bbclassic\u00a0\u00bb rt_transparent_bg=\u00a0\u00bb\u00a0\u00bb rt_bg_image_repeat=\u00a0\u00bbrepeat\u00a0\u00bb rt_bg_size=\u00a0\u00bbcover\u00a0\u00bb rt_bg_position=\u00a0\u00bbcenter center\u00a0\u00bb rt_bg_attachment=\u00a0\u00bbscroll\u00a0\u00bb rt_bg_video_format=\u00a0\u00bbself-hosted\u00a0\u00bb rt_bg_image=\u00a0\u00bb4207&Prime; rt_bg_overlay_color=\u00a0\u00bbrgba(0,0,0,0.52)\u00a0\u00bb][vc_column rt_col_paddings=\u00a0\u00bbtrue\u00a0\u00bb rt_wrp_col_paddings=\u00a0\u00bbfalse\u00a0\u00bb rt_column_shadow=\u00a0\u00bb\u00a0\u00bb rt_border_top=\u00a0\u00bb\u00a0\u00bb rt_border_bottom=\u00a0\u00bb\u00a0\u00bb rt_border_left=\u00a0\u00bb\u00a0\u00bb rt_border_right=\u00a0\u00bb\u00a0\u00bb rt_border_top_mobile=\u00a0\u00bb\u00a0\u00bb rt_border_bottom_mobile=\u00a0\u00bb\u00a0\u00bb rt_border_left_mobile=\u00a0\u00bb\u00a0\u00bb rt_border_right_mobile=\u00a0\u00bb\u00a0\u00bb rt_bg_image_repeat=\u00a0\u00bbrepeat\u00a0\u00bb rt_bg_size=\u00a0\u00bbauto auto\u00a0\u00bb rt_bg_position=\u00a0\u00bbright top\u00a0\u00bb rt_bg_attachment=\u00a0\u00bbscroll\u00a0\u00bb rt_padding_top=\u00a0\u00bb200&Prime; rt_bg_color=\u00a0\u00bb\u00a0\u00bb rt_bg_overlay_color=\u00a0\u00bb\u00a0\u00bb]<div class=\"rt_heading_wrapper style-4\">\n\t\t\t\t\t\t<h1 class=\"rt_heading  style-4\"  style=\"font-size:40px;\">Devenez membre du Townhouse Club<\/h1> \n\t\t\t\t\t<\/div>[vc_column_text]<\/p>\n<h2 style=\"text-align: center;\"><em>S&rsquo;abonner \u00e0 notre newsletter<\/em><\/h2>\n<h4 style=\"text-align: center;\">Inscrivez-vous et b\u00e9n\u00e9ficiez d&rsquo;un statut privil\u00e9gi\u00e9 au TownHouse, recevez r\u00e9guli\u00e8rement des bulletins d&rsquo;information, des promotions exclusives et d&rsquo;autres avantages, notamment : Tarifs d&rsquo;h\u00f4tel promotionnels ; 10% sur 54 boissons au bar \u00e0 cocktails ; Pump Gym ; Personal Training ; Late Check-out et d&rsquo;autres avantages int\u00e9ressants.<\/h4>\n<p>&nbsp;<\/p>\n<p style=\"text-align: center;\">Vous pouvez vous d\u00e9sabonner de notre lettre d&rsquo;information \u00e0 tout moment. Nous respectons votre vie priv\u00e9e et nous <strong>ne<\/strong> partagerons <strong>jamais<\/strong> vos donn\u00e9es avec des tiers, pas plus que nous ne vous enverrons de spam ! <\/p>\n<p>&nbsp;<\/p>\n<p style=\"text-align: center;\"><iframe loading=\"lazy\" title=\"MTH - Abonnement par courriel\" class=\"pardotform\" src=\"https:\/\/www2.hotelrez.com\/l\/76062\/2019-12-19\/5hpbjb\" width=\"100%\" height=\"800\" type=\"text\/html\" frameborder=\"0\" allowTransparency=\"true\" style=\"border: 0\"><\/iframe><\/p>\n<p>[\/vc_column_text][\/vc_column][\/vc_row]<\/p>\n<\/div>","protected":false},"excerpt":{"rendered":"<p>[vc_row rt_row_background_width=\u00a0\u00bbfullwidth\u00a0\u00bb rt_row_content_width=\u00a0\u00bbdefault\u00a0\u00bb rt_row_style=\u00a0\u00bbalt-style-1&Prime; rt_row_height=\u00a0\u00bb\u00a0\u00bb rt_column_placement=\u00a0\u00bbmiddle\u00a0\u00bb rt_row_borders=\u00a0\u00bb\u00a0\u00bb rt_row_shadows=\u00a0\u00bb\u00a0\u00bb rt_column_gaps=\u00a0\u00bb\u00a0\u00bb rt_row_paddings=\u00a0\u00bbtrue\u00a0\u00bb rt_bg_effect=\u00a0\u00bbclassic\u00a0\u00bb rt_transparent_bg=\u00a0\u00bb\u00a0\u00bb rt_bg_image_repeat=\u00a0\u00bbrepeat\u00a0\u00bb rt_bg_size=\u00a0\u00bbcover\u00a0\u00bb rt_bg_position=\u00a0\u00bbcenter center\u00a0\u00bb rt_bg_attachment=\u00a0\u00bbscroll\u00a0\u00bb rt_bg_video_format=\u00a0\u00bbself-hosted\u00a0\u00bb rt_bg_image=\u00a0\u00bb4207&Prime; rt_bg_overlay_color=\u00a0\u00bbrgba(0,0,0,0.52)\u00a0\u00bb][vc_column rt_col_paddings=\u00a0\u00bbtrue\u00a0\u00bb rt_wrp_col_paddings=\u00a0\u00bbfalse\u00a0\u00bb rt_column_shadow=\u00a0\u00bb\u00a0\u00bb rt_border_top=\u00a0\u00bb\u00a0\u00bb rt_border_bottom=\u00a0\u00bb\u00a0\u00bb rt_border_left=\u00a0\u00bb\u00a0\u00bb rt_border_right=\u00a0\u00bb\u00a0\u00bb rt_border_top_mobile=\u00a0\u00bb\u00a0\u00bb rt_border_bottom_mobile=\u00a0\u00bb\u00a0\u00bb rt_border_left_mobile=\u00a0\u00bb\u00a0\u00bb rt_border_right_mobile=\u00a0\u00bb\u00a0\u00bb rt_bg_image_repeat=\u00a0\u00bbrepeat\u00a0\u00bb rt_bg_size=\u00a0\u00bbauto auto\u00a0\u00bb rt_bg_position=\u00a0\u00bbright top\u00a0\u00bb rt_bg_attachment=\u00a0\u00bbscroll\u00a0\u00bb rt_padding_top=\u00a0\u00bb200&Prime; rt_bg_color=\u00a0\u00bb\u00a0\u00bb rt_bg_overlay_color=\u00a0\u00bb\u00a0\u00bb][vc_column_text] S&rsquo;abonner \u00e0 notre newsletter Inscrivez-vous et b\u00e9n\u00e9ficiez d&rsquo;un statut privil\u00e9gi\u00e9 au TownHouse, recevez r\u00e9guli\u00e8rement des &#8230; <a class=\"more-link\" href=\"https:\/\/mykonostownhousehotel.com\/fr\/sabonner-a-nos-lettres-dinformation\/\">Poursuivre la lecture<\/a><\/p>\n","protected":false},"author":7,"featured_media":0,"parent":0,"menu_order":0,"comment_status":"closed","ping_status":"closed","template":"","meta":{"footnotes":""},"class_list":["post-11518","page","type-page","status-publish","hentry"],"yoast_head":"<!-- This site is optimized with the Yoast SEO plugin v27.4 - https:\/\/yoast.com\/product\/yoast-seo-wordpress\/ -->\n<title>S&#039;abonner \u00e0 nos lettres d&#039;information - The Townhouse Hotel Mykonos<\/title>\n<meta name=\"description\" content=\"Inscrivez-vous \u00e0 notre lettre d&#039;information pour recevoir des offres et des tarifs sp\u00e9ciaux, des nouvelles et du contenu de blog ainsi que des codes promotionnels sp\u00e9ciaux \u00e0 utiliser dans notre h\u00f4tel.\" \/>\n<meta name=\"robots\" content=\"index, follow, max-snippet:-1, max-image-preview:large, max-video-preview:-1\" \/>\n<link rel=\"canonical\" href=\"https:\/\/mykonostownhousehotel.com\/fr\/sabonner-a-nos-lettres-dinformation\/\" \/>\n<meta property=\"og:locale\" content=\"fr_FR\" \/>\n<meta property=\"og:type\" content=\"article\" \/>\n<meta property=\"og:title\" content=\"S&#039;abonner \u00e0 nos lettres d&#039;information | The Townhouse Hotel Mykonos\" \/>\n<meta property=\"og:description\" content=\"Inscrivez-vous \u00e0 notre lettre d&#039;information pour recevoir des offres et des tarifs sp\u00e9ciaux, des nouvelles et du contenu de blog ainsi que des codes promotionnels sp\u00e9ciaux \u00e0 utiliser dans notre h\u00f4tel.\" \/>\n<meta property=\"og:url\" content=\"https:\/\/mykonostownhousehotel.com\/fr\/sabonner-a-nos-lettres-dinformation\/\" \/>\n<meta property=\"og:site_name\" content=\"The Townhouse Hotel Mykonos\" \/>\n<meta property=\"article:publisher\" content=\"https:\/\/www.facebook.com\/MykonosTownHouse\/\" \/>\n<meta property=\"article:modified_time\" content=\"2026-02-02T16:15:16+00:00\" \/>\n<meta property=\"og:image\" content=\"https:\/\/mykonostownhousehotel.com\/wp-content\/uploads\/2017\/01\/HP-SL-54bar.jpg\" \/>\n<meta name=\"twitter:card\" content=\"summary_large_image\" \/>\n<meta name=\"twitter:label1\" content=\"Dur\u00e9e de lecture estim\u00e9e\" \/>\n\t<meta name=\"twitter:data1\" content=\"1 minute\" \/>\n<script type=\"application\/ld+json\" class=\"yoast-schema-graph\">{\"@context\":\"https:\\\/\\\/schema.org\",\"@graph\":[{\"@type\":\"WebPage\",\"@id\":\"https:\\\/\\\/mykonostownhousehotel.com\\\/fr\\\/sabonner-a-nos-lettres-dinformation\\\/\",\"url\":\"https:\\\/\\\/mykonostownhousehotel.com\\\/fr\\\/sabonner-a-nos-lettres-dinformation\\\/\",\"name\":\"S'abonner \u00e0 nos lettres d'information - The Townhouse Hotel Mykonos\",\"isPartOf\":{\"@id\":\"https:\\\/\\\/hotelrez-mykonos.local\\\/#website\"},\"datePublished\":\"2026-02-02T16:15:11+00:00\",\"dateModified\":\"2026-02-02T16:15:16+00:00\",\"description\":\"Inscrivez-vous \u00e0 notre lettre d'information pour recevoir des offres et des tarifs sp\u00e9ciaux, des nouvelles et du contenu de blog ainsi que des codes promotionnels sp\u00e9ciaux \u00e0 utiliser dans notre h\u00f4tel.\",\"breadcrumb\":{\"@id\":\"https:\\\/\\\/mykonostownhousehotel.com\\\/fr\\\/sabonner-a-nos-lettres-dinformation\\\/#breadcrumb\"},\"inLanguage\":\"fr-FR\",\"potentialAction\":[{\"@type\":\"ReadAction\",\"target\":[\"https:\\\/\\\/mykonostownhousehotel.com\\\/fr\\\/sabonner-a-nos-lettres-dinformation\\\/\"]}]},{\"@type\":\"BreadcrumbList\",\"@id\":\"https:\\\/\\\/mykonostownhousehotel.com\\\/fr\\\/sabonner-a-nos-lettres-dinformation\\\/#breadcrumb\",\"itemListElement\":[{\"@type\":\"ListItem\",\"position\":1,\"name\":\"Home\",\"item\":\"https:\\\/\\\/mykonostownhousehotel.com\\\/fr\\\/\"},{\"@type\":\"ListItem\",\"position\":2,\"name\":\"S&#8217;abonner \u00e0 nos lettres d&#8217;information\"}]},{\"@type\":\"WebSite\",\"@id\":\"https:\\\/\\\/hotelrez-mykonos.local\\\/#website\",\"url\":\"https:\\\/\\\/hotelrez-mykonos.local\\\/\",\"name\":\"The Townhouse Hotel Mykonos\",\"description\":\"Reservations +30 211 198 9344\",\"publisher\":{\"@id\":\"https:\\\/\\\/hotelrez-mykonos.local\\\/#organization\"},\"potentialAction\":[{\"@type\":\"SearchAction\",\"target\":{\"@type\":\"EntryPoint\",\"urlTemplate\":\"https:\\\/\\\/hotelrez-mykonos.local\\\/?s={search_term_string}\"},\"query-input\":{\"@type\":\"PropertyValueSpecification\",\"valueRequired\":true,\"valueName\":\"search_term_string\"}}],\"inLanguage\":\"fr-FR\"},{\"@type\":\"Organization\",\"@id\":\"https:\\\/\\\/hotelrez-mykonos.local\\\/#organization\",\"name\":\"The TownHouse Mykonos\",\"url\":\"https:\\\/\\\/hotelrez-mykonos.local\\\/\",\"logo\":{\"@type\":\"ImageObject\",\"inLanguage\":\"fr-FR\",\"@id\":\"https:\\\/\\\/hotelrez-mykonos.local\\\/#\\\/schema\\\/logo\\\/image\\\/\",\"url\":\"https:\\\/\\\/mykonostownhousehotel.com\\\/wp-content\\\/uploads\\\/2017\\\/01\\\/The-Townhouse-Mykonos-Logo-12.png\",\"contentUrl\":\"https:\\\/\\\/mykonostownhousehotel.com\\\/wp-content\\\/uploads\\\/2017\\\/01\\\/The-Townhouse-Mykonos-Logo-12.png\",\"width\":909,\"height\":396,\"caption\":\"The TownHouse Mykonos\"},\"image\":{\"@id\":\"https:\\\/\\\/hotelrez-mykonos.local\\\/#\\\/schema\\\/logo\\\/image\\\/\"},\"sameAs\":[\"https:\\\/\\\/www.facebook.com\\\/MykonosTownHouse\\\/\",\"https:\\\/\\\/www.instagram.com\\\/mykonostownhouse\\\/\"]}]}<\/script>\n<!-- \/ Yoast SEO plugin. -->","yoast_head_json":{"title":"S'abonner \u00e0 nos lettres d'information - The Townhouse Hotel Mykonos","description":"Inscrivez-vous \u00e0 notre lettre d'information pour recevoir des offres et des tarifs sp\u00e9ciaux, des nouvelles et du contenu de blog ainsi que des codes promotionnels sp\u00e9ciaux \u00e0 utiliser dans notre h\u00f4tel.","robots":{"index":"index","follow":"follow","max-snippet":"max-snippet:-1","max-image-preview":"max-image-preview:large","max-video-preview":"max-video-preview:-1"},"canonical":"https:\/\/mykonostownhousehotel.com\/fr\/sabonner-a-nos-lettres-dinformation\/","og_locale":"fr_FR","og_type":"article","og_title":"S'abonner \u00e0 nos lettres d'information | The Townhouse Hotel Mykonos","og_description":"Inscrivez-vous \u00e0 notre lettre d'information pour recevoir des offres et des tarifs sp\u00e9ciaux, des nouvelles et du contenu de blog ainsi que des codes promotionnels sp\u00e9ciaux \u00e0 utiliser dans notre h\u00f4tel.","og_url":"https:\/\/mykonostownhousehotel.com\/fr\/sabonner-a-nos-lettres-dinformation\/","og_site_name":"The Townhouse Hotel Mykonos","article_publisher":"https:\/\/www.facebook.com\/MykonosTownHouse\/","article_modified_time":"2026-02-02T16:15:16+00:00","og_image":[{"url":"https:\/\/mykonostownhousehotel.com\/wp-content\/uploads\/2017\/01\/HP-SL-54bar.jpg","type":"","width":"","height":""}],"twitter_card":"summary_large_image","twitter_misc":{"Dur\u00e9e de lecture estim\u00e9e":"1 minute"},"schema":{"@context":"https:\/\/schema.org","@graph":[{"@type":"WebPage","@id":"https:\/\/mykonostownhousehotel.com\/fr\/sabonner-a-nos-lettres-dinformation\/","url":"https:\/\/mykonostownhousehotel.com\/fr\/sabonner-a-nos-lettres-dinformation\/","name":"S'abonner \u00e0 nos lettres d'information - The Townhouse Hotel Mykonos","isPartOf":{"@id":"https:\/\/hotelrez-mykonos.local\/#website"},"datePublished":"2026-02-02T16:15:11+00:00","dateModified":"2026-02-02T16:15:16+00:00","description":"Inscrivez-vous \u00e0 notre lettre d'information pour recevoir des offres et des tarifs sp\u00e9ciaux, des nouvelles et du contenu de blog ainsi que des codes promotionnels sp\u00e9ciaux \u00e0 utiliser dans notre h\u00f4tel.","breadcrumb":{"@id":"https:\/\/mykonostownhousehotel.com\/fr\/sabonner-a-nos-lettres-dinformation\/#breadcrumb"},"inLanguage":"fr-FR","potentialAction":[{"@type":"ReadAction","target":["https:\/\/mykonostownhousehotel.com\/fr\/sabonner-a-nos-lettres-dinformation\/"]}]},{"@type":"BreadcrumbList","@id":"https:\/\/mykonostownhousehotel.com\/fr\/sabonner-a-nos-lettres-dinformation\/#breadcrumb","itemListElement":[{"@type":"ListItem","position":1,"name":"Home","item":"https:\/\/mykonostownhousehotel.com\/fr\/"},{"@type":"ListItem","position":2,"name":"S&#8217;abonner \u00e0 nos lettres d&#8217;information"}]},{"@type":"WebSite","@id":"https:\/\/hotelrez-mykonos.local\/#website","url":"https:\/\/hotelrez-mykonos.local\/","name":"The Townhouse Hotel Mykonos","description":"Reservations +30 211 198 9344","publisher":{"@id":"https:\/\/hotelrez-mykonos.local\/#organization"},"potentialAction":[{"@type":"SearchAction","target":{"@type":"EntryPoint","urlTemplate":"https:\/\/hotelrez-mykonos.local\/?s={search_term_string}"},"query-input":{"@type":"PropertyValueSpecification","valueRequired":true,"valueName":"search_term_string"}}],"inLanguage":"fr-FR"},{"@type":"Organization","@id":"https:\/\/hotelrez-mykonos.local\/#organization","name":"The TownHouse Mykonos","url":"https:\/\/hotelrez-mykonos.local\/","logo":{"@type":"ImageObject","inLanguage":"fr-FR","@id":"https:\/\/hotelrez-mykonos.local\/#\/schema\/logo\/image\/","url":"https:\/\/mykonostownhousehotel.com\/wp-content\/uploads\/2017\/01\/The-Townhouse-Mykonos-Logo-12.png","contentUrl":"https:\/\/mykonostownhousehotel.com\/wp-content\/uploads\/2017\/01\/The-Townhouse-Mykonos-Logo-12.png","width":909,"height":396,"caption":"The TownHouse Mykonos"},"image":{"@id":"https:\/\/hotelrez-mykonos.local\/#\/schema\/logo\/image\/"},"sameAs":["https:\/\/www.facebook.com\/MykonosTownHouse\/","https:\/\/www.instagram.com\/mykonostownhouse\/"]}]}},"_links":{"self":[{"href":"https:\/\/mykonostownhousehotel.com\/fr\/wp-json\/wp\/v2\/pages\/11518","targetHints":{"allow":["GET"]}}],"collection":[{"href":"https:\/\/mykonostownhousehotel.com\/fr\/wp-json\/wp\/v2\/pages"}],"about":[{"href":"https:\/\/mykonostownhousehotel.com\/fr\/wp-json\/wp\/v2\/types\/page"}],"author":[{"embeddable":true,"href":"https:\/\/mykonostownhousehotel.com\/fr\/wp-json\/wp\/v2\/users\/7"}],"replies":[{"embeddable":true,"href":"https:\/\/mykonostownhousehotel.com\/fr\/wp-json\/wp\/v2\/comments?post=11518"}],"version-history":[{"count":10,"href":"https:\/\/mykonostownhousehotel.com\/fr\/wp-json\/wp\/v2\/pages\/11518\/revisions"}],"predecessor-version":[{"id":11607,"href":"https:\/\/mykonostownhousehotel.com\/fr\/wp-json\/wp\/v2\/pages\/11518\/revisions\/11607"}],"wp:attachment":[{"href":"https:\/\/mykonostownhousehotel.com\/fr\/wp-json\/wp\/v2\/media?parent=11518"}],"curies":[{"name":"wp","href":"https:\/\/api.w.org\/{rel}","templated":true}]}}