{"id":12699,"date":"2026-02-02T21:57:33","date_gmt":"2026-02-02T19:57:33","guid":{"rendered":"https:\/\/mykonostownhousehotel.com\/contacta-con-nostotros\/"},"modified":"2026-04-15T19:12:00","modified_gmt":"2026-04-15T16:12:00","slug":"contacta-con-nostotros","status":"publish","type":"page","link":"https:\/\/mykonostownhousehotel.com\/es\/contacta-con-nostotros\/","title":{"rendered":"CONTACTA CON NOSTOTROS"},"content":{"rendered":"<div class=\"wpb-content-wrapper\"><p>[vc_row rt_row_background_width=\u00bbfullwidth\u00bb rt_row_content_width=\u00bbfullwidth\u00bb rt_row_style=\u00bbalt-style-1&#8243; rt_row_height=\u00bbfull_height\u00bb rt_holder_placement=\u00bbmiddle\u00bb rt_column_placement=\u00bbmiddle\u00bb rt_row_borders=\u00bb\u00bb rt_row_shadows=\u00bb\u00bb rt_column_gaps=\u00bb\u00bb rt_row_paddings=\u00bbtrue\u00bb rt_bg_effect=\u00bbclassic\u00bb rt_transparent_bg=\u00bb\u00bb rt_bg_image_repeat=\u00bbrepeat\u00bb rt_bg_size=\u00bbcover\u00bb rt_bg_position=\u00bbcenter center\u00bb rt_bg_attachment=\u00bbfixed\u00bb rt_bg_video_format=\u00bbself-hosted\u00bb rt_margin_top=\u00bb0&#8243; rt_margin_bottom=\u00bb0&#8243; rt_content_margin_top=\u00bb0&#8243; rt_content_margin_bottom=\u00bb0&#8243; rt_padding_left=\u00bb0&#8243; rt_padding_right=\u00bb0&#8243; rt_bg_image=\u00bb8122&#8243; rt_bg_overlay_color=\u00bbrgba(0,0,0,0.6)\u00bb][vc_column rt_col_paddings=\u00bbtrue\u00bb rt_wrp_col_paddings=\u00bbfalse\u00bb rt_column_shadow=\u00bb\u00bb rt_border_top=\u00bb\u00bb rt_border_bottom=\u00bb\u00bb rt_border_left=\u00bb\u00bb rt_border_right=\u00bb\u00bb rt_border_top_mobile=\u00bb\u00bb rt_border_bottom_mobile=\u00bb\u00bb rt_border_left_mobile=\u00bb\u00bb rt_border_right_mobile=\u00bb\u00bb rt_bg_image_repeat=\u00bbrepeat\u00bb rt_bg_size=\u00bbauto auto\u00bb rt_bg_position=\u00bbright top\u00bb rt_bg_attachment=\u00bbscroll\u00bb rt_bg_color=\u00bb\u00bb rt_bg_overlay_color=\u00bb\u00bb][vc_empty_space height=\u00bb70px\u00bb]<div class=\"rt_heading_wrapper style-4\">\n\t\t\t\t\t\t<h1 class=\"rt_heading  style-4\"  style=\"margin-top:100px;margin-bottom:20px;\">Contactar con The TownHouse Mykonos<\/h1> \n\t\t\t\t\t<\/div><div class=\"rt_heading_wrapper style-7\">\n\t\t\t\t\t\t<h2 class=\"rt_heading  aligncenter style-7\"  style=\"font-size:18px;line-height:28px;\">Ponte en contacto con nosotros si tienes alguna pregunta o petici\u00f3n, estaremos encantados de ayudarte.<\/h2> \n\t\t\t\t\t<\/div>[vc_empty_space height=\u00bb70px\u00bb][\/vc_column][\/vc_row][vc_row rt_row_background_width=\u00bbfullwidth\u00bb rt_row_content_width=\u00bbfullwidth\u00bb rt_row_style=\u00bbdefault-style\u00bb rt_row_height=\u00bb\u00bb rt_row_borders=\u00bb\u00bb rt_row_shadows=\u00bb\u00bb rt_column_view=\u00bbequal_heights\u00bb rt_column_gaps=\u00bb\u00bb rt_row_paddings=\u00bbtrue\u00bb rt_bg_effect=\u00bbclassic\u00bb rt_transparent_bg=\u00bb\u00bb rt_bg_image_repeat=\u00bbno-repeat\u00bb rt_bg_size=\u00bbcover\u00bb rt_bg_position=\u00bbcenter bottom\u00bb rt_bg_attachment=\u00bbscroll\u00bb rt_bg_video_format=\u00bbself-hosted\u00bb rt_padding_bottom=\u00bb0&#8243;][vc_column width=\u00bb1\/3&#8243; rt_color_set=\u00bbdefault-style\u00bb rt_col_paddings=\u00bbtrue\u00bb rt_wrp_col_paddings=\u00bbfalse\u00bb rt_column_shadow=\u00bb\u00bb rt_border_top=\u00bb\u00bb rt_border_bottom=\u00bb\u00bb rt_border_left=\u00bb\u00bb rt_border_right=\u00bb\u00bb rt_border_top_mobile=\u00bb\u00bb rt_border_bottom_mobile=\u00bb\u00bb rt_border_left_mobile=\u00bb\u00bb rt_border_right_mobile=\u00bb\u00bb rt_bg_image_repeat=\u00bbrepeat\u00bb rt_bg_size=\u00bbauto auto\u00bb rt_bg_position=\u00bbright top\u00bb rt_bg_attachment=\u00bbscroll\u00bb force_content_width=\u00bbyes\u00bb column_align=\u00bbright\u00bb rt_bg_color=\u00bb\u00bb rt_bg_overlay_color=\u00bb\u00bb rt_padding_top=\u00bb40&#8243; rt_padding_bottom=\u00bb40&#8243; rt_padding_left=\u00bb40&#8243; rt_padding_right=\u00bb40&#8243;]<div class=\"rt_heading_wrapper style-6\">\n\t\t\t\t\t\t<h3 class=\"rt_heading  style-6\" >Informaci\u00f3n de contacto<\/h3> \n\t\t\t\t\t<\/div>[vc_empty_space height=\u00bb50px\u00bb]<article  class=\"icon-content-box content-box icon-left icon-style-1\"><div class=\"icon-holder\"><span class=\"icon-direction\"><\/span><\/div><div class=\"text-holder\"><h5 class=\"heading\">Direcci\u00f3n<\/h5> <p>Plaza Manto, Ciudad de Mykonos 84600, PO BOX 7149, Mykonos, Grecia<\/p>\n<\/div><\/article>[vc_empty_space height=\u00bb20px\u00bb]<article  class=\"icon-content-box content-box icon-left icon-style-1\"><div class=\"icon-holder\"><span class=\"icon-mail-1\"><\/span><\/div><div class=\"text-holder\"><h5 class=\"heading\">Env\u00eda un correo electr\u00f3nico a<\/h5> <p>Para reservar una habitaci\u00f3n<br \/>\n<a href=\"mailto:reservations@mykonostownhousehotel.com\">reservations@mykonostownhousehotel.com<\/a><\/p>\n<p>Para consultas sobre hoteles<br \/>\n<a href=\"mailto:reservations@eleganthotelcollection.com\" target=\"_blank\" rel=\"noopener noreferrer\" data-auth=\"NotApplicable\"><span class=\"gI\"><span data-hovercard-id=\"bar@mykonostownhousehotel.com\" data-hovercard-owner-id=\"152\">reception@mykonostownhousehotel.com<\/span><\/span><\/a><\/p>\n<p>Para el SKYBAR &amp; 54 Lounge<br \/>\n<a href=\"mailto:reservations@eleganthotelcollection.com\" target=\"_blank\" rel=\"noopener noreferrer\" data-auth=\"NotApplicable\"><span class=\"gI\"><span data-hovercard-id=\"bar@mykonostownhousehotel.com\" data-hovercard-owner-id=\"152\">bar@mykonostownhousehotel.com<\/span><\/span><\/a><\/p>\n<p>Para Pump Gym<br \/>\n<a href=\"mailto:reservations@eleganthotelcollection.com\" target=\"_blank\" rel=\"noopener noreferrer\" data-auth=\"NotApplicable\"><span class=\"gI\"><span data-hovercard-id=\"bar@mykonostownhousehotel.com\" data-hovercard-owner-id=\"152\">gym@mykonostownhousehotel.com<\/span><\/span><\/a><\/p>\n<div class=\"notranslate\" style=\"all: initial;\"><\/div>\n<\/div><\/article>[vc_empty_space height=\u00bb20px\u00bb]<article  class=\"icon-content-box content-box icon-left icon-style-1\"><div class=\"icon-holder\"><span class=\"icon-line-phone\"><\/span><\/div><div class=\"text-holder\"><h5 class=\"heading\">Tel\u00e9fono<\/h5> <p>Reservas +30 211 198 9344<br \/>\nRecepci\u00f3n +30 22890 28543<\/p>\n<\/div><\/article>[vc_empty_space height=\u00bb20px\u00bb]<article  class=\"icon-content-box content-box icon-left icon-style-1\"><div class=\"icon-holder\"><span class=\"icon-line-globe\"><\/span><\/div><div class=\"text-holder\"><h5 class=\"heading\">Otros n\u00fameros globales de reserva<\/h5> <p>REINO UNIDO E Irlanda (Londres) +44 (0)20 3699 9936<br \/>\nArgentina (Buenos Aires) +54 11523 91384<br \/>\nAustralia (Sydney) +61 290 372 410<br \/>\nCanad\u00e1 (Toronto) +1 647 724 5062<br \/>\nAlemania +49 180 5011 904<br \/>\nIsrael (Tel Aviv) +9723 9155731<br \/>\nItalia (Mil\u00e1n) +39 024 555 7078<br \/>\nM\u00e9xico (Ciudad de M\u00e9xico) +52 55116 89805<br \/>\nSingapur +65 3158 0367<br \/>\nPolonia (Varsovia) +48 22398 8013<br \/>\nPortugal (Lisboa) +351 308 804 686<br \/>\nEEUU (Nueva York) +1 212 461 1580<\/p>\n<\/div><\/article>[vc_empty_space height=\u00bb20px\u00bb]<article  class=\"icon-content-box content-box icon-left icon-style-1\"><div class=\"icon-holder\"><span class=\"icon-right-hand\"><\/span><\/div><div class=\"text-holder\"> <p>S\u00f3lo adultos &#8211; Edad m\u00ednima 18 a\u00f1os<\/p>\n<\/div><\/article>[\/vc_column][vc_column width=\u00bb2\/3&#8243; rt_col_paddings=\u00bbtrue\u00bb rt_wrp_col_paddings=\u00bbfalse\u00bb rt_column_shadow=\u00bb\u00bb rt_border_top=\u00bb\u00bb rt_border_bottom=\u00bb\u00bb rt_border_left=\u00bb\u00bb rt_border_right=\u00bb\u00bb rt_border_top_mobile=\u00bb\u00bb rt_border_bottom_mobile=\u00bb\u00bb rt_border_left_mobile=\u00bb\u00bb rt_border_right_mobile=\u00bb\u00bb rt_bg_image_repeat=\u00bbrepeat\u00bb rt_bg_size=\u00bbauto auto\u00bb rt_bg_position=\u00bbright top\u00bb rt_bg_attachment=\u00bbscroll\u00bb rt_padding_bottom=\u00bb20&#8243; rt_bg_color=\u00bb\u00bb rt_bg_overlay_color=\u00bb\u00bb]<div class=\"google_map_holder\" data-height=\"800\" data-scope=\"#map-206424\" data-bw=\"yes\">\n\n\t\t\t<div id=\"map-206424\" class=\"google_map\"><\/div>\n\t\t\t<script type=\"text\/javascript\">\n\t\t\t \/* <![CDATA[ *\/ \n\t\t\t\t\/\/ Runs google maps\t\n\t\t\t\t\tjQuery(function() {\n\t\t\t\t\t\tjQuery(\"#map-206424\").rt_maps([[\"Hotel Mykonos Townhouse\", 37.447418, 25.329737, 4,\"Plaza Manto, Ciudad de Mykonos\"],],18); \n\t\t\t\t\t});\n\t\t\t\/* ]]> *\/\t\n\t\t\t<\/script>\n\n\t\t<\/div>[vc_empty_space height=\u00bb50px\u00bb][\/vc_column][\/vc_row][vc_row rt_row_background_width=\u00bbfullwidth\u00bb rt_row_content_width=\u00bbdefault\u00bb rt_row_style=\u00bbdefault-style\u00bb rt_row_height=\u00bb\u00bb rt_row_borders=\u00bb\u00bb rt_row_shadows=\u00bb\u00bb rt_column_gaps=\u00bb\u00bb rt_row_paddings=\u00bbtrue\u00bb id=\u00bbwearehiring\u00bb rt_bg_effect=\u00bbclassic\u00bb rt_transparent_bg=\u00bb\u00bb rt_bg_image_repeat=\u00bbrepeat\u00bb rt_bg_size=\u00bbcover\u00bb rt_bg_position=\u00bbright top\u00bb rt_bg_attachment=\u00bbscroll\u00bb rt_bg_video_format=\u00bbself-hosted\u00bb rt_padding_top=\u00bb30&#8243; rt_padding_bottom=\u00bb50&#8243; rt_padding_left=\u00bb0&#8243; rt_padding_right=\u00bb0&#8243;][vc_column width=\u00bb1\/4&#8243; rt_col_paddings=\u00bbtrue\u00bb rt_wrp_col_paddings=\u00bbfalse\u00bb rt_column_shadow=\u00bb\u00bb rt_border_top=\u00bb\u00bb rt_border_bottom=\u00bb\u00bb rt_border_left=\u00bb\u00bb rt_border_right=\u00bb\u00bb rt_border_top_mobile=\u00bb\u00bb rt_border_bottom_mobile=\u00bb\u00bb rt_border_left_mobile=\u00bb\u00bb rt_border_right_mobile=\u00bb\u00bb rt_bg_image_repeat=\u00bbrepeat\u00bb rt_bg_size=\u00bbauto auto\u00bb rt_bg_position=\u00bbright top\u00bb rt_bg_attachment=\u00bbscroll\u00bb rt_padding_top=\u00bb0&#8243; rt_padding_bottom=\u00bb0&#8243; rt_padding_left=\u00bb0&#8243; rt_padding_right=\u00bb0&#8243; rt_bg_color=\u00bb\u00bb rt_bg_overlay_color=\u00bb\u00bb][vc_single_image image=\u00bb13343&#8243; img_size=\u00bb\u00bb alignment=\u00bbcenter\u00bb css=\u00bb\u00bb][\/vc_column][vc_column width=\u00bb3\/4&#8243; rt_col_paddings=\u00bbtrue\u00bb rt_wrp_col_paddings=\u00bbfalse\u00bb rt_column_shadow=\u00bb\u00bb rt_border_top=\u00bb\u00bb rt_border_bottom=\u00bb\u00bb rt_border_left=\u00bb\u00bb rt_border_right=\u00bb\u00bb rt_border_top_mobile=\u00bb\u00bb rt_border_bottom_mobile=\u00bb\u00bb rt_border_left_mobile=\u00bb\u00bb rt_border_right_mobile=\u00bb\u00bb rt_bg_image_repeat=\u00bbrepeat\u00bb rt_bg_size=\u00bbauto auto\u00bb rt_bg_position=\u00bbright top\u00bb rt_bg_attachment=\u00bbscroll\u00bb rt_padding_left=\u00bb0&#8243; rt_padding_right=\u00bb0&#8243; rt_bg_color=\u00bb\u00bb rt_bg_overlay_color=\u00bb\u00bb]<article  class=\"icon-content-box content-box icon-left icon-style-1\"><div class=\"icon-holder\"><span class=\"icon-mail-1\"><\/span><\/div><div class=\"text-holder\"><h2 class=\"heading\">\u00a1ESTAMOS CONTRATANDO!<\/h2> <h4><span style=\"color: #000000;\"><strong>Temporada 2026<\/strong><\/span><\/h4>\n<p><span style=\"color: #000000;\"><span data-teams=\"true\">\u0391\u03bd\u03b1\u03b6\u03b7\u03c4\u03ac\u03bc\u03b5 \u03b3\u03ba\u03c1\u03bf\u03c5\u03bc &amp; \u03c1\u03b5\u03c3\u03b5\u03c8\u03b9\u03bf\u03bd\u03af\u03c3\u03c4 \u03b3\u03b9\u03b1 \u03b2\u03c1\u03b1\u03b4\u03b9\u03bd\u03ae \u03b2\u03ac\u03c1\u03b4\u03b9\u03b1<br \/>\n<\/span><br \/>\n \u0391\u03c0\u03bf\u03c3\u03c4\u03bf\u03bb\u03ae \u03b2\u03b9\u03bf\u03b3\u03c1\u03b1\u03c6\u03b9\u03ba\u03ce\u03bd:<strong><br \/>\n<a href=\"mailto:gm@mykonostownhousehotel.com\">gm@mykonostownhousehotel.com<\/a><\/strong><\/span><\/p>\n<\/div><\/article>[\/vc_column][\/vc_row][vc_row rt_row_background_width=\u00bbfullwidth\u00bb rt_row_content_width=\u00bbdefault\u00bb rt_row_style=\u00bbalt-style-1&#8243; rt_row_height=\u00bb\u00bb rt_column_placement=\u00bbmiddle\u00bb rt_row_borders=\u00bb\u00bb rt_row_shadows=\u00bb\u00bb rt_column_gaps=\u00bb\u00bb rt_row_paddings=\u00bbtrue\u00bb rt_bg_effect=\u00bbclassic\u00bb rt_transparent_bg=\u00bb\u00bb rt_bg_image_repeat=\u00bbrepeat\u00bb rt_bg_size=\u00bbcover\u00bb rt_bg_position=\u00bbright top\u00bb rt_bg_attachment=\u00bbscroll\u00bb rt_bg_video_format=\u00bbself-hosted\u00bb rt_padding_top=\u00bb100&#8243; rt_padding_bottom=\u00bb100&#8243; rt_margin_top=\u00bb0&#8243;][vc_column width=\u00bb1\/4&#8243; rt_color_set=\u00bbalt-style-1&#8243; rt_col_paddings=\u00bbtrue\u00bb rt_wrp_col_paddings=\u00bbfalse\u00bb rt_column_shadow=\u00bb\u00bb rt_border_top=\u00bb\u00bb rt_border_bottom=\u00bb\u00bb rt_border_left=\u00bb\u00bb rt_border_right=\u00bb\u00bb rt_border_top_mobile=\u00bb\u00bb rt_border_bottom_mobile=\u00bb\u00bb rt_border_left_mobile=\u00bb\u00bb rt_border_right_mobile=\u00bb\u00bb rt_bg_image_repeat=\u00bbrepeat\u00bb rt_bg_size=\u00bbauto auto\u00bb rt_bg_position=\u00bbright top\u00bb rt_bg_attachment=\u00bbscroll\u00bb force_content_width=\u00bbyes\u00bb column_align=\u00bbright\u00bb rt_bg_color=\u00bb\u00bb rt_bg_overlay_color=\u00bb\u00bb rt_padding_top=\u00bb30&#8243; rt_padding_bottom=\u00bb30&#8243;][vc_single_image image=\u00bb12698&#8243; img_size=\u00bb200&#215;120&#8243; alignment=\u00bbcenter\u00bb onclick=\u00bbcustom_link\u00bb link=\u00bbhttps:\/\/www.eleganthotelcollection.com\/\u00bb][\/vc_column][vc_column width=\u00bb3\/4&#8243; rt_color_set=\u00bbalt-style-1&#8243; rt_col_paddings=\u00bbtrue\u00bb rt_wrp_col_paddings=\u00bbfalse\u00bb rt_column_shadow=\u00bb\u00bb rt_border_top=\u00bb\u00bb rt_border_bottom=\u00bb\u00bb rt_border_left=\u00bb\u00bb rt_border_right=\u00bb\u00bb rt_border_top_mobile=\u00bb\u00bb rt_border_bottom_mobile=\u00bb\u00bb rt_border_left_mobile=\u00bb\u00bb rt_border_right_mobile=\u00bb\u00bb rt_bg_image_repeat=\u00bbrepeat\u00bb rt_bg_size=\u00bbauto auto\u00bb rt_bg_position=\u00bbright top\u00bb rt_bg_attachment=\u00bbscroll\u00bb rt_bg_color=\u00bb\u00bb rt_bg_overlay_color=\u00bb\u00bb][vc_column_text]El TownHouse Mykonos es miembro y est\u00e1 representado en exclusiva por Elegant Hotel Collection (EHC), constituida en el Reino Unido. El TownHouse forma parte de la franquicia hotelera EHC y se adhiere a su compromiso con la excelencia. Todas las reservas se realizan exclusivamente a trav\u00e9s de EHC y las consultas sobre cuentas relacionadas con estos u otros asuntos deben dirigirse a: <strong><a style=\"word-wrap: break-word;\" href=\"mailto:accounts@eleganthotelcollection.com\">accounts@eleganthotelcollection.com<\/a><\/strong> para m\u00e1s informaci\u00f3n, consulta nuestras <a href=\"https:\/\/mykonostownhousehotel.com\/es\/condiciones-generales\/\">condiciones<\/a>, <a href=\"https:\/\/mykonostownhousehotel.com\/privacy-policy\/\">pol\u00edtica de<\/a> <a href=\"https:\/\/mykonostownhousehotel.com\/es\/condiciones-de-reserva\/\">reservas<\/a> y privacidad.[\/vc_column_text][\/vc_column][\/vc_row]<\/p>\n<\/div>","protected":false},"excerpt":{"rendered":"<p>[vc_row rt_row_background_width=\u00bbfullwidth\u00bb rt_row_content_width=\u00bbfullwidth\u00bb rt_row_style=\u00bbalt-style-1&#8243; rt_row_height=\u00bbfull_height\u00bb rt_holder_placement=\u00bbmiddle\u00bb rt_column_placement=\u00bbmiddle\u00bb rt_row_borders=\u00bb\u00bb rt_row_shadows=\u00bb\u00bb rt_column_gaps=\u00bb\u00bb rt_row_paddings=\u00bbtrue\u00bb rt_bg_effect=\u00bbclassic\u00bb rt_transparent_bg=\u00bb\u00bb rt_bg_image_repeat=\u00bbrepeat\u00bb rt_bg_size=\u00bbcover\u00bb rt_bg_position=\u00bbcenter center\u00bb rt_bg_attachment=\u00bbfixed\u00bb rt_bg_video_format=\u00bbself-hosted\u00bb rt_margin_top=\u00bb0&#8243; rt_margin_bottom=\u00bb0&#8243; rt_content_margin_top=\u00bb0&#8243; rt_content_margin_bottom=\u00bb0&#8243; rt_padding_left=\u00bb0&#8243; rt_padding_right=\u00bb0&#8243; rt_bg_image=\u00bb8122&#8243; rt_bg_overlay_color=\u00bbrgba(0,0,0,0.6)\u00bb][vc_column rt_col_paddings=\u00bbtrue\u00bb rt_wrp_col_paddings=\u00bbfalse\u00bb rt_column_shadow=\u00bb\u00bb rt_border_top=\u00bb\u00bb rt_border_bottom=\u00bb\u00bb rt_border_left=\u00bb\u00bb rt_border_right=\u00bb\u00bb rt_border_top_mobile=\u00bb\u00bb rt_border_bottom_mobile=\u00bb\u00bb rt_border_left_mobile=\u00bb\u00bb rt_border_right_mobile=\u00bb\u00bb rt_bg_image_repeat=\u00bbrepeat\u00bb rt_bg_size=\u00bbauto auto\u00bb rt_bg_position=\u00bbright top\u00bb rt_bg_attachment=\u00bbscroll\u00bb rt_bg_color=\u00bb\u00bb rt_bg_overlay_color=\u00bb\u00bb][vc_empty_space height=\u00bb70px\u00bb][vc_empty_space height=\u00bb70px\u00bb][\/vc_column][\/vc_row][vc_row rt_row_background_width=\u00bbfullwidth\u00bb rt_row_content_width=\u00bbfullwidth\u00bb rt_row_style=\u00bbdefault-style\u00bb rt_row_height=\u00bb\u00bb rt_row_borders=\u00bb\u00bb rt_row_shadows=\u00bb\u00bb rt_column_view=\u00bbequal_heights\u00bb &#8230; <a class=\"more-link\" href=\"https:\/\/mykonostownhousehotel.com\/es\/contacta-con-nostotros\/\">Seguir leyendo<\/a><\/p>\n","protected":false},"author":1,"featured_media":0,"parent":0,"menu_order":0,"comment_status":"closed","ping_status":"closed","template":"","meta":{"footnotes":""},"class_list":["post-12699","page","type-page","status-publish","hentry"],"yoast_head":"<!-- This site is optimized with the Yoast SEO plugin v27.4 - https:\/\/yoast.com\/product\/yoast-seo-wordpress\/ -->\n<title>Contactar con The TownHouse Mykonos - Hotel The TownHouse Mykonos<\/title>\n<meta name=\"description\" content=\"El equipo del Hotel TownHouse Mykonos estar\u00e1 encantado de ayudarte con tus consultas sobre alojamiento, informaci\u00f3n de contacto y reservas online.\" \/>\n<meta name=\"robots\" content=\"index, follow, max-snippet:-1, max-image-preview:large, max-video-preview:-1\" \/>\n<link rel=\"canonical\" href=\"https:\/\/mykonostownhousehotel.com\/es\/contacta-con-nostotros\/\" \/>\n<meta property=\"og:locale\" content=\"es_ES\" \/>\n<meta property=\"og:type\" content=\"article\" \/>\n<meta property=\"og:title\" content=\"Contactar con The TownHouse Mykonos - Hotel The TownHouse Mykonos\" \/>\n<meta property=\"og:description\" content=\"El equipo del Hotel TownHouse Mykonos estar\u00e1 encantado de ayudarte con tus consultas sobre alojamiento, informaci\u00f3n de contacto y reservas online.\" \/>\n<meta property=\"og:url\" content=\"https:\/\/mykonostownhousehotel.com\/es\/contacta-con-nostotros\/\" \/>\n<meta property=\"og:site_name\" content=\"The Townhouse Hotel Mykonos\" \/>\n<meta property=\"article:publisher\" content=\"https:\/\/www.facebook.com\/MykonosTownHouse\/\" \/>\n<meta property=\"article:modified_time\" content=\"2026-04-15T16:12:00+00:00\" \/>\n<meta name=\"twitter:card\" content=\"summary_large_image\" \/>\n<meta name=\"twitter:label1\" content=\"Tiempo de lectura\" \/>\n\t<meta name=\"twitter:data1\" content=\"7 minutos\" \/>\n<script type=\"application\/ld+json\" class=\"yoast-schema-graph\">{\"@context\":\"https:\\\/\\\/schema.org\",\"@graph\":[{\"@type\":\"WebPage\",\"@id\":\"https:\\\/\\\/mykonostownhousehotel.com\\\/es\\\/contacta-con-nostotros\\\/\",\"url\":\"https:\\\/\\\/mykonostownhousehotel.com\\\/es\\\/contacta-con-nostotros\\\/\",\"name\":\"Contactar con The TownHouse Mykonos - Hotel The TownHouse Mykonos\",\"isPartOf\":{\"@id\":\"https:\\\/\\\/hotelrez-mykonos.local\\\/#website\"},\"datePublished\":\"2026-02-02T19:57:33+00:00\",\"dateModified\":\"2026-04-15T16:12:00+00:00\",\"description\":\"El equipo del Hotel TownHouse Mykonos estar\u00e1 encantado de ayudarte con tus consultas sobre alojamiento, informaci\u00f3n de contacto y reservas online.\",\"breadcrumb\":{\"@id\":\"https:\\\/\\\/mykonostownhousehotel.com\\\/es\\\/contacta-con-nostotros\\\/#breadcrumb\"},\"inLanguage\":\"es\",\"potentialAction\":[{\"@type\":\"ReadAction\",\"target\":[\"https:\\\/\\\/mykonostownhousehotel.com\\\/es\\\/contacta-con-nostotros\\\/\"]}]},{\"@type\":\"BreadcrumbList\",\"@id\":\"https:\\\/\\\/mykonostownhousehotel.com\\\/es\\\/contacta-con-nostotros\\\/#breadcrumb\",\"itemListElement\":[{\"@type\":\"ListItem\",\"position\":1,\"name\":\"Home\",\"item\":\"https:\\\/\\\/mykonostownhousehotel.com\\\/es\\\/\"},{\"@type\":\"ListItem\",\"position\":2,\"name\":\"CONTACTA CON NOSTOTROS\"}]},{\"@type\":\"WebSite\",\"@id\":\"https:\\\/\\\/hotelrez-mykonos.local\\\/#website\",\"url\":\"https:\\\/\\\/hotelrez-mykonos.local\\\/\",\"name\":\"The Townhouse Hotel Mykonos\",\"description\":\"Reservations +30 211 198 9344\",\"publisher\":{\"@id\":\"https:\\\/\\\/hotelrez-mykonos.local\\\/#organization\"},\"potentialAction\":[{\"@type\":\"SearchAction\",\"target\":{\"@type\":\"EntryPoint\",\"urlTemplate\":\"https:\\\/\\\/hotelrez-mykonos.local\\\/?s={search_term_string}\"},\"query-input\":{\"@type\":\"PropertyValueSpecification\",\"valueRequired\":true,\"valueName\":\"search_term_string\"}}],\"inLanguage\":\"es\"},{\"@type\":\"Organization\",\"@id\":\"https:\\\/\\\/hotelrez-mykonos.local\\\/#organization\",\"name\":\"The TownHouse Mykonos\",\"url\":\"https:\\\/\\\/hotelrez-mykonos.local\\\/\",\"logo\":{\"@type\":\"ImageObject\",\"inLanguage\":\"es\",\"@id\":\"https:\\\/\\\/hotelrez-mykonos.local\\\/#\\\/schema\\\/logo\\\/image\\\/\",\"url\":\"https:\\\/\\\/mykonostownhousehotel.com\\\/wp-content\\\/uploads\\\/2017\\\/01\\\/The-Townhouse-Mykonos-Logo-12.png\",\"contentUrl\":\"https:\\\/\\\/mykonostownhousehotel.com\\\/wp-content\\\/uploads\\\/2017\\\/01\\\/The-Townhouse-Mykonos-Logo-12.png\",\"width\":909,\"height\":396,\"caption\":\"The TownHouse Mykonos\"},\"image\":{\"@id\":\"https:\\\/\\\/hotelrez-mykonos.local\\\/#\\\/schema\\\/logo\\\/image\\\/\"},\"sameAs\":[\"https:\\\/\\\/www.facebook.com\\\/MykonosTownHouse\\\/\",\"https:\\\/\\\/www.instagram.com\\\/mykonostownhouse\\\/\"]}]}<\/script>\n<!-- \/ Yoast SEO plugin. -->","yoast_head_json":{"title":"Contactar con The TownHouse Mykonos - Hotel The TownHouse Mykonos","description":"El equipo del Hotel TownHouse Mykonos estar\u00e1 encantado de ayudarte con tus consultas sobre alojamiento, informaci\u00f3n de contacto y reservas online.","robots":{"index":"index","follow":"follow","max-snippet":"max-snippet:-1","max-image-preview":"max-image-preview:large","max-video-preview":"max-video-preview:-1"},"canonical":"https:\/\/mykonostownhousehotel.com\/es\/contacta-con-nostotros\/","og_locale":"es_ES","og_type":"article","og_title":"Contactar con The TownHouse Mykonos - Hotel The TownHouse Mykonos","og_description":"El equipo del Hotel TownHouse Mykonos estar\u00e1 encantado de ayudarte con tus consultas sobre alojamiento, informaci\u00f3n de contacto y reservas online.","og_url":"https:\/\/mykonostownhousehotel.com\/es\/contacta-con-nostotros\/","og_site_name":"The Townhouse Hotel Mykonos","article_publisher":"https:\/\/www.facebook.com\/MykonosTownHouse\/","article_modified_time":"2026-04-15T16:12:00+00:00","twitter_card":"summary_large_image","twitter_misc":{"Tiempo de lectura":"7 minutos"},"schema":{"@context":"https:\/\/schema.org","@graph":[{"@type":"WebPage","@id":"https:\/\/mykonostownhousehotel.com\/es\/contacta-con-nostotros\/","url":"https:\/\/mykonostownhousehotel.com\/es\/contacta-con-nostotros\/","name":"Contactar con The TownHouse Mykonos - Hotel The TownHouse Mykonos","isPartOf":{"@id":"https:\/\/hotelrez-mykonos.local\/#website"},"datePublished":"2026-02-02T19:57:33+00:00","dateModified":"2026-04-15T16:12:00+00:00","description":"El equipo del Hotel TownHouse Mykonos estar\u00e1 encantado de ayudarte con tus consultas sobre alojamiento, informaci\u00f3n de contacto y reservas online.","breadcrumb":{"@id":"https:\/\/mykonostownhousehotel.com\/es\/contacta-con-nostotros\/#breadcrumb"},"inLanguage":"es","potentialAction":[{"@type":"ReadAction","target":["https:\/\/mykonostownhousehotel.com\/es\/contacta-con-nostotros\/"]}]},{"@type":"BreadcrumbList","@id":"https:\/\/mykonostownhousehotel.com\/es\/contacta-con-nostotros\/#breadcrumb","itemListElement":[{"@type":"ListItem","position":1,"name":"Home","item":"https:\/\/mykonostownhousehotel.com\/es\/"},{"@type":"ListItem","position":2,"name":"CONTACTA CON NOSTOTROS"}]},{"@type":"WebSite","@id":"https:\/\/hotelrez-mykonos.local\/#website","url":"https:\/\/hotelrez-mykonos.local\/","name":"The Townhouse Hotel Mykonos","description":"Reservations +30 211 198 9344","publisher":{"@id":"https:\/\/hotelrez-mykonos.local\/#organization"},"potentialAction":[{"@type":"SearchAction","target":{"@type":"EntryPoint","urlTemplate":"https:\/\/hotelrez-mykonos.local\/?s={search_term_string}"},"query-input":{"@type":"PropertyValueSpecification","valueRequired":true,"valueName":"search_term_string"}}],"inLanguage":"es"},{"@type":"Organization","@id":"https:\/\/hotelrez-mykonos.local\/#organization","name":"The TownHouse Mykonos","url":"https:\/\/hotelrez-mykonos.local\/","logo":{"@type":"ImageObject","inLanguage":"es","@id":"https:\/\/hotelrez-mykonos.local\/#\/schema\/logo\/image\/","url":"https:\/\/mykonostownhousehotel.com\/wp-content\/uploads\/2017\/01\/The-Townhouse-Mykonos-Logo-12.png","contentUrl":"https:\/\/mykonostownhousehotel.com\/wp-content\/uploads\/2017\/01\/The-Townhouse-Mykonos-Logo-12.png","width":909,"height":396,"caption":"The TownHouse Mykonos"},"image":{"@id":"https:\/\/hotelrez-mykonos.local\/#\/schema\/logo\/image\/"},"sameAs":["https:\/\/www.facebook.com\/MykonosTownHouse\/","https:\/\/www.instagram.com\/mykonostownhouse\/"]}]}},"_links":{"self":[{"href":"https:\/\/mykonostownhousehotel.com\/es\/wp-json\/wp\/v2\/pages\/12699","targetHints":{"allow":["GET"]}}],"collection":[{"href":"https:\/\/mykonostownhousehotel.com\/es\/wp-json\/wp\/v2\/pages"}],"about":[{"href":"https:\/\/mykonostownhousehotel.com\/es\/wp-json\/wp\/v2\/types\/page"}],"author":[{"embeddable":true,"href":"https:\/\/mykonostownhousehotel.com\/es\/wp-json\/wp\/v2\/users\/1"}],"replies":[{"embeddable":true,"href":"https:\/\/mykonostownhousehotel.com\/es\/wp-json\/wp\/v2\/comments?post=12699"}],"version-history":[{"count":10,"href":"https:\/\/mykonostownhousehotel.com\/es\/wp-json\/wp\/v2\/pages\/12699\/revisions"}],"predecessor-version":[{"id":13351,"href":"https:\/\/mykonostownhousehotel.com\/es\/wp-json\/wp\/v2\/pages\/12699\/revisions\/13351"}],"wp:attachment":[{"href":"https:\/\/mykonostownhousehotel.com\/es\/wp-json\/wp\/v2\/media?parent=12699"}],"curies":[{"name":"wp","href":"https:\/\/api.w.org\/{rel}","templated":true}]}}