{"id":12199,"date":"2026-02-02T18:16:59","date_gmt":"2026-02-02T16:16:59","guid":{"rendered":"https:\/\/mykonostownhousehotel.com\/nuestras-habitaciones\/"},"modified":"2026-04-15T19:11:43","modified_gmt":"2026-04-15T16:11:43","slug":"nuestras-habitaciones","status":"publish","type":"page","link":"https:\/\/mykonostownhousehotel.com\/es\/nuestras-habitaciones\/","title":{"rendered":"NUESTRAS HABITACIONES"},"content":{"rendered":"<div class=\"wpb-content-wrapper\"><p>[vc_row rt_row_background_width=\u00bbfullwidth\u00bb rt_row_content_width=\u00bbdefault\u00bb rt_row_style=\u00bbalt-style-1&#8243; rt_row_height=\u00bbfull_height\u00bb rt_holder_placement=\u00bbmiddle\u00bb rt_column_placement=\u00bbmiddle\u00bb rt_row_borders=\u00bb\u00bb rt_row_shadows=\u00bb\u00bb rt_column_gaps=\u00bb\u00bb rt_row_paddings=\u00bbtrue\u00bb rt_bg_effect=\u00bbclassic\u00bb rt_transparent_bg=\u00bbtrue\u00bb rt_bg_image_repeat=\u00bbno-repeat\u00bb rt_bg_size=\u00bbcover\u00bb rt_bg_position=\u00bbcenter center\u00bb rt_bg_attachment=\u00bbfixed\u00bb rt_bg_video_format=\u00bbself-hosted\u00bb rt_margin_top=\u00bb0&#8243; rt_margin_bottom=\u00bb0&#8243; rt_content_margin_top=\u00bb0&#8243; rt_content_margin_bottom=\u00bb0&#8243; rt_bg_image=\u00bb7609&#8243; rt_bg_overlay_color=\u00bbrgba(0,0,0,0.64)\u00bb rt_padding_left=\u00bb0&#8243; rt_padding_right=\u00bb0&#8243;][vc_column rt_col_paddings=\u00bbtrue\u00bb rt_wrp_col_paddings=\u00bbfalse\u00bb rt_column_shadow=\u00bb\u00bb rt_border_top=\u00bb\u00bb rt_border_bottom=\u00bb\u00bb rt_border_left=\u00bb\u00bb rt_border_right=\u00bb\u00bb rt_border_top_mobile=\u00bb\u00bb rt_border_bottom_mobile=\u00bb\u00bb rt_border_left_mobile=\u00bb\u00bb rt_border_right_mobile=\u00bb\u00bb rt_bg_image_repeat=\u00bbrepeat\u00bb rt_bg_size=\u00bbauto auto\u00bb rt_bg_position=\u00bbright top\u00bb rt_bg_attachment=\u00bbscroll\u00bb rt_bg_color=\u00bb\u00bb rt_bg_overlay_color=\u00bb\u00bb][vc_empty_space height=\u00bb70px\u00bb]<div class=\"rt_heading_wrapper style-4\">\n\t\t\t\t\t\t<h1 class=\"rt_heading  style-4\" >Lujosas habitaciones y suites TownHouse<\/h1> \n\t\t\t\t\t<\/div><div class=\"rt_heading_wrapper style-7\">\n\t\t\t\t\t\t<h2 class=\"rt_heading  aligncenter style-7\"  style=\"font-size:18px;line-height:35px;\">Equilibrar el car\u00e1cter hist\u00f3rico y \u00fanico de The TownHouse con las exigencias del viajero boutique de gama alta de hoy en d\u00eda ha sido un minucioso trabajo de amor. Por ello, los hu\u00e9spedes pueden elegir entre las lujosamente decoradas habitaciones Superior Chic y Classic, las suites D\u00faplex, Junior y Sunset o la Villa de Lujo TownHouse y la Suite Mykonian. <\/h2> \n\t\t\t\t\t<\/div>[vc_empty_space height=\u00bb70px\u00bb][\/vc_column][\/vc_row][vc_row rt_row_background_width=\u00bbfullwidth\u00bb rt_row_content_width=\u00bbdefault\u00bb rt_row_style=\u00bbalt-style-1&#8243; rt_row_height=\u00bb\u00bb rt_row_borders=\u00bb\u00bb rt_row_shadows=\u00bb\u00bb rt_column_gaps=\u00bb\u00bb rt_row_paddings=\u00bbtrue\u00bb rt_bg_effect=\u00bbclassic\u00bb rt_transparent_bg=\u00bb\u00bb rt_bg_image_repeat=\u00bbrepeat\u00bb rt_bg_size=\u00bbcover\u00bb rt_bg_position=\u00bbright top\u00bb rt_bg_attachment=\u00bbscroll\u00bb rt_bg_video_format=\u00bbself-hosted\u00bb rt_bg_color=\u00bb#baad85&#8243; rt_padding_top=\u00bb100&#8243; rt_padding_bottom=\u00bb100&#8243;][vc_column rt_col_paddings=\u00bbtrue\u00bb rt_wrp_col_paddings=\u00bbfalse\u00bb rt_column_shadow=\u00bb\u00bb rt_border_top=\u00bb\u00bb rt_border_bottom=\u00bb\u00bb rt_border_left=\u00bb\u00bb rt_border_right=\u00bb\u00bb rt_border_top_mobile=\u00bb\u00bb rt_border_bottom_mobile=\u00bb\u00bb rt_border_left_mobile=\u00bb\u00bb rt_border_right_mobile=\u00bb\u00bb rt_bg_image_repeat=\u00bbrepeat\u00bb rt_bg_size=\u00bbauto auto\u00bb rt_bg_position=\u00bbright top\u00bb rt_bg_attachment=\u00bbscroll\u00bb rt_bg_color=\u00bb\u00bb rt_bg_overlay_color=\u00bb\u00bb rt_padding_bottom=\u00bb50&#8243;]<div class=\"rt_heading_wrapper style-4\">\n\t\t\t\t\t\t<h3 class=\"rt_heading  secondary-font style-4\"  style=\"font-size:50px;\">Uso exclusivo<\/h3> \n\t\t\t\t\t<\/div>[\/vc_column][vc_column width=\u00bb1\/2&#8243; rt_col_paddings=\u00bbtrue\u00bb rt_wrp_col_paddings=\u00bbfalse\u00bb rt_column_shadow=\u00bb\u00bb rt_border_top=\u00bb\u00bb rt_border_bottom=\u00bb\u00bb rt_border_left=\u00bbtrue\u00bb rt_border_right=\u00bb\u00bb rt_border_top_mobile=\u00bb\u00bb rt_border_bottom_mobile=\u00bb\u00bb rt_border_left_mobile=\u00bbtrue\u00bb rt_border_right_mobile=\u00bb\u00bb rt_bg_image_repeat=\u00bbrepeat\u00bb rt_bg_size=\u00bbauto auto\u00bb rt_bg_position=\u00bbright top\u00bb rt_bg_attachment=\u00bbscroll\u00bb rt_bg_color=\u00bb\u00bb rt_bg_overlay_color=\u00bb\u00bb][vc_column_text css_animation=\u00bbfadeIn\u00bb]<\/p>\n<p style=\"text-align: left;\">Mykonos Townhouse est\u00e1 disponible para uso exclusivo, lo que permite a los hu\u00e9spedes utilizar las 19 habitaciones\/suites disponibles para ocasiones especiales previa solicitud. Tanto si quieres lujo privado para ti y tus invitados el d\u00eda de tu boda, como si quieres celebrar una ocasi\u00f3n especial con una experiencia VIP en nuestro hotel. <\/p>\n<p>[\/vc_column_text][\/vc_column][vc_column width=\u00bb1\/2&#8243; rt_col_paddings=\u00bbtrue\u00bb rt_wrp_col_paddings=\u00bbfalse\u00bb rt_column_shadow=\u00bb\u00bb rt_border_top=\u00bb\u00bb rt_border_bottom=\u00bb\u00bb rt_border_left=\u00bbtrue\u00bb rt_border_right=\u00bb\u00bb rt_border_top_mobile=\u00bb\u00bb rt_border_bottom_mobile=\u00bb\u00bb rt_border_left_mobile=\u00bb\u00bb rt_border_right_mobile=\u00bb\u00bb rt_bg_image_repeat=\u00bbrepeat\u00bb rt_bg_size=\u00bbauto auto\u00bb rt_bg_position=\u00bbright top\u00bb rt_bg_attachment=\u00bbscroll\u00bb rt_bg_color=\u00bb\u00bb rt_bg_overlay_color=\u00bb\u00bb][vc_column_text css_animation=\u00bbfadeIn\u00bb]<\/p>\n<p style=\"text-align: left;\">Tendr\u00e1s total exclusividad en nuestras Terrazas al Atardecer y en la Azotea, nuestros servicios de Conserjer\u00eda VIP e incluso tu propio mayordomo si lo solicitas.<\/p>\n<p style=\"text-align: left;\">S\u00f3lo tienes que ponerte en contacto con nosotros directamente en <a style=\"word-wrap: break-word;\" href=\"mailto:reservations@eleganthotelcollection.com;gm@mykonostownhousehotel.com\">reservations@eleganthotelcollection.com<\/a> para hablar de la reserva de nuestra casa solariega del<sup>siglo<\/sup> XVIII en el coraz\u00f3n de Mykonos.<\/p>\n<p>[\/vc_column_text][\/vc_column][\/vc_row][vc_row rt_row_background_width=\u00bbfullwidth\u00bb rt_row_content_width=\u00bbdefault\u00bb rt_row_style=\u00bbdefault-style\u00bb rt_row_height=\u00bb\u00bb rt_row_borders=\u00bb\u00bb rt_row_shadows=\u00bb\u00bb rt_column_gaps=\u00bb\u00bb rt_row_paddings=\u00bbfalse\u00bb rt_bg_effect=\u00bbclassic\u00bb rt_transparent_bg=\u00bb\u00bb rt_bg_image_repeat=\u00bbrepeat\u00bb rt_bg_size=\u00bbcover\u00bb rt_bg_position=\u00bbright top\u00bb rt_bg_attachment=\u00bbscroll\u00bb rt_bg_video_format=\u00bbself-hosted\u00bb rt_content_margin_top=\u00bb-50px\u00bb][vc_column rt_col_paddings=\u00bbtrue\u00bb rt_wrp_col_paddings=\u00bbfalse\u00bb rt_column_shadow=\u00bb\u00bb rt_border_top=\u00bb\u00bb rt_border_bottom=\u00bb\u00bb rt_border_left=\u00bb\u00bb rt_border_right=\u00bb\u00bb rt_border_top_mobile=\u00bb\u00bb rt_border_bottom_mobile=\u00bb\u00bb rt_border_left_mobile=\u00bb\u00bb rt_border_right_mobile=\u00bb\u00bb rt_bg_image_repeat=\u00bbrepeat\u00bb rt_bg_size=\u00bbauto auto\u00bb rt_bg_position=\u00bbright top\u00bb rt_bg_attachment=\u00bbscroll\u00bb rt_bg_color=\u00bb\u00bb rt_bg_overlay_color=\u00bb\u00bb][vc_empty_space height=\u00bb100px\u00bb el_id=\u00bbrooms\u00bb][\/vc_column][\/vc_row][vc_row rt_row_background_width=\u00bbfullwidth\u00bb rt_row_content_width=\u00bbdefault\u00bb rt_row_style=\u00bbdefault-style\u00bb rt_row_height=\u00bb\u00bb rt_row_borders=\u00bb\u00bb rt_row_shadows=\u00bb\u00bb rt_column_gaps=\u00bb\u00bb rt_row_paddings=\u00bbtrue\u00bb id=\u00bbrooms\u00bb rt_bg_effect=\u00bbclassic\u00bb rt_transparent_bg=\u00bb\u00bb rt_bg_image_repeat=\u00bbrepeat\u00bb rt_bg_size=\u00bbcover\u00bb rt_bg_position=\u00bbright top\u00bb rt_bg_attachment=\u00bbscroll\u00bb rt_bg_video_format=\u00bbself-hosted\u00bb][vc_column rt_col_paddings=\u00bbtrue\u00bb rt_wrp_col_paddings=\u00bbfalse\u00bb rt_column_shadow=\u00bb\u00bb rt_border_top=\u00bb\u00bb rt_border_bottom=\u00bb\u00bb rt_border_left=\u00bb\u00bb rt_border_right=\u00bb\u00bb rt_border_top_mobile=\u00bb\u00bb rt_border_bottom_mobile=\u00bb\u00bb rt_border_left_mobile=\u00bb\u00bb rt_border_right_mobile=\u00bb\u00bb rt_bg_image_repeat=\u00bbrepeat\u00bb rt_bg_size=\u00bbauto auto\u00bb rt_bg_position=\u00bbright top\u00bb rt_bg_attachment=\u00bbscroll\u00bb][\/vc_column][\/vc_row]<\/p>\n<\/div>","protected":false},"excerpt":{"rendered":"<p>[vc_row rt_row_background_width=\u00bbfullwidth\u00bb rt_row_content_width=\u00bbdefault\u00bb rt_row_style=\u00bbalt-style-1&#8243; rt_row_height=\u00bbfull_height\u00bb rt_holder_placement=\u00bbmiddle\u00bb rt_column_placement=\u00bbmiddle\u00bb rt_row_borders=\u00bb\u00bb rt_row_shadows=\u00bb\u00bb rt_column_gaps=\u00bb\u00bb rt_row_paddings=\u00bbtrue\u00bb rt_bg_effect=\u00bbclassic\u00bb rt_transparent_bg=\u00bbtrue\u00bb rt_bg_image_repeat=\u00bbno-repeat\u00bb rt_bg_size=\u00bbcover\u00bb rt_bg_position=\u00bbcenter center\u00bb rt_bg_attachment=\u00bbfixed\u00bb rt_bg_video_format=\u00bbself-hosted\u00bb rt_margin_top=\u00bb0&#8243; rt_margin_bottom=\u00bb0&#8243; rt_content_margin_top=\u00bb0&#8243; rt_content_margin_bottom=\u00bb0&#8243; rt_bg_image=\u00bb7609&#8243; rt_bg_overlay_color=\u00bbrgba(0,0,0,0.64)\u00bb rt_padding_left=\u00bb0&#8243; rt_padding_right=\u00bb0&#8243;][vc_column rt_col_paddings=\u00bbtrue\u00bb rt_wrp_col_paddings=\u00bbfalse\u00bb rt_column_shadow=\u00bb\u00bb rt_border_top=\u00bb\u00bb rt_border_bottom=\u00bb\u00bb rt_border_left=\u00bb\u00bb rt_border_right=\u00bb\u00bb rt_border_top_mobile=\u00bb\u00bb rt_border_bottom_mobile=\u00bb\u00bb rt_border_left_mobile=\u00bb\u00bb rt_border_right_mobile=\u00bb\u00bb rt_bg_image_repeat=\u00bbrepeat\u00bb rt_bg_size=\u00bbauto auto\u00bb rt_bg_position=\u00bbright top\u00bb rt_bg_attachment=\u00bbscroll\u00bb rt_bg_color=\u00bb\u00bb rt_bg_overlay_color=\u00bb\u00bb][vc_empty_space height=\u00bb70px\u00bb][vc_empty_space height=\u00bb70px\u00bb][\/vc_column][\/vc_row][vc_row rt_row_background_width=\u00bbfullwidth\u00bb rt_row_content_width=\u00bbdefault\u00bb rt_row_style=\u00bbalt-style-1&#8243; rt_row_height=\u00bb\u00bb rt_row_borders=\u00bb\u00bb rt_row_shadows=\u00bb\u00bb rt_column_gaps=\u00bb\u00bb &#8230; <a class=\"more-link\" href=\"https:\/\/mykonostownhousehotel.com\/es\/nuestras-habitaciones\/\">Seguir leyendo<\/a><\/p>\n","protected":false},"author":2,"featured_media":0,"parent":0,"menu_order":0,"comment_status":"closed","ping_status":"closed","template":"","meta":{"footnotes":""},"class_list":["post-12199","page","type-page","status-publish","hentry"],"yoast_head":"<!-- This site is optimized with the Yoast SEO plugin v27.4 - https:\/\/yoast.com\/product\/yoast-seo-wordpress\/ -->\n<title>Lujosas habitaciones y suites TownHouse - Hotel TownHouse Mykonos<\/title>\n<meta name=\"description\" content=\"Los hu\u00e9spedes pueden elegir entre 19 habitaciones y suites de lujo, incluidas nuestras habitaciones Superior Chic y Classic, las suites D\u00faplex, Junior y Sunset o la lujosa villa TownHouse y la Suite Mykononian.\" \/>\n<meta name=\"robots\" content=\"index, follow, max-snippet:-1, max-image-preview:large, max-video-preview:-1\" \/>\n<link rel=\"canonical\" href=\"https:\/\/mykonostownhousehotel.com\/es\/nuestras-habitaciones\/\" \/>\n<meta property=\"og:locale\" content=\"es_ES\" \/>\n<meta property=\"og:type\" content=\"article\" \/>\n<meta property=\"og:title\" content=\"Nuestras habitaciones - Hotel TownHouse Mykonos\" \/>\n<meta property=\"og:description\" content=\"Equilibrar el car\u00e1cter hist\u00f3rico y \u00fanico de The TownHouse con las exigencias del viajero boutique de gama alta de hoy en d\u00eda ha sido un minucioso trabajo de amor.\" \/>\n<meta property=\"og:url\" content=\"https:\/\/mykonostownhousehotel.com\/es\/nuestras-habitaciones\/\" \/>\n<meta property=\"og:site_name\" content=\"The Townhouse Hotel Mykonos\" \/>\n<meta property=\"article:publisher\" content=\"https:\/\/www.facebook.com\/MykonosTownHouse\/\" \/>\n<meta property=\"article:modified_time\" content=\"2026-04-15T16:11:43+00:00\" \/>\n<meta property=\"og:image\" content=\"https:\/\/mykonostownhousehotel.com\/wp-content\/uploads\/2019\/10\/Deluxe_Suites2.jpg\" \/>\n<meta name=\"twitter:card\" content=\"summary_large_image\" \/>\n<meta name=\"twitter:title\" content=\"Nuestras habitaciones - Hotel TownHouse Mykonos\" \/>\n<meta name=\"twitter:description\" content=\"Equilibrar el car\u00e1cter hist\u00f3rico y \u00fanico de The TownHouse con las exigencias del viajero boutique de gama alta de hoy en d\u00eda ha sido un minucioso trabajo de amor.\" \/>\n<meta name=\"twitter:image\" content=\"https:\/\/mykonostownhousehotel.com\/wp-content\/uploads\/2019\/10\/Deluxe_Suites2.jpg\" \/>\n<meta name=\"twitter:label1\" content=\"Tiempo de lectura\" \/>\n\t<meta name=\"twitter:data1\" content=\"2 minutos\" \/>\n<script type=\"application\/ld+json\" class=\"yoast-schema-graph\">{\"@context\":\"https:\\\/\\\/schema.org\",\"@graph\":[{\"@type\":\"WebPage\",\"@id\":\"https:\\\/\\\/mykonostownhousehotel.com\\\/es\\\/nuestras-habitaciones\\\/\",\"url\":\"https:\\\/\\\/mykonostownhousehotel.com\\\/es\\\/nuestras-habitaciones\\\/\",\"name\":\"Lujosas habitaciones y suites TownHouse - Hotel TownHouse Mykonos\",\"isPartOf\":{\"@id\":\"https:\\\/\\\/hotelrez-mykonos.local\\\/#website\"},\"datePublished\":\"2026-02-02T16:16:59+00:00\",\"dateModified\":\"2026-04-15T16:11:43+00:00\",\"description\":\"Los hu\u00e9spedes pueden elegir entre 19 habitaciones y suites de lujo, incluidas nuestras habitaciones Superior Chic y Classic, las suites D\u00faplex, Junior y Sunset o la lujosa villa TownHouse y la Suite Mykononian.\",\"breadcrumb\":{\"@id\":\"https:\\\/\\\/mykonostownhousehotel.com\\\/es\\\/nuestras-habitaciones\\\/#breadcrumb\"},\"inLanguage\":\"es\",\"potentialAction\":[{\"@type\":\"ReadAction\",\"target\":[\"https:\\\/\\\/mykonostownhousehotel.com\\\/es\\\/nuestras-habitaciones\\\/\"]}]},{\"@type\":\"BreadcrumbList\",\"@id\":\"https:\\\/\\\/mykonostownhousehotel.com\\\/es\\\/nuestras-habitaciones\\\/#breadcrumb\",\"itemListElement\":[{\"@type\":\"ListItem\",\"position\":1,\"name\":\"Home\",\"item\":\"https:\\\/\\\/mykonostownhousehotel.com\\\/es\\\/\"},{\"@type\":\"ListItem\",\"position\":2,\"name\":\"NUESTRAS HABITACIONES\"}]},{\"@type\":\"WebSite\",\"@id\":\"https:\\\/\\\/hotelrez-mykonos.local\\\/#website\",\"url\":\"https:\\\/\\\/hotelrez-mykonos.local\\\/\",\"name\":\"The Townhouse Hotel Mykonos\",\"description\":\"Reservations +30 211 198 9344\",\"publisher\":{\"@id\":\"https:\\\/\\\/hotelrez-mykonos.local\\\/#organization\"},\"potentialAction\":[{\"@type\":\"SearchAction\",\"target\":{\"@type\":\"EntryPoint\",\"urlTemplate\":\"https:\\\/\\\/hotelrez-mykonos.local\\\/?s={search_term_string}\"},\"query-input\":{\"@type\":\"PropertyValueSpecification\",\"valueRequired\":true,\"valueName\":\"search_term_string\"}}],\"inLanguage\":\"es\"},{\"@type\":\"Organization\",\"@id\":\"https:\\\/\\\/hotelrez-mykonos.local\\\/#organization\",\"name\":\"The TownHouse Mykonos\",\"url\":\"https:\\\/\\\/hotelrez-mykonos.local\\\/\",\"logo\":{\"@type\":\"ImageObject\",\"inLanguage\":\"es\",\"@id\":\"https:\\\/\\\/hotelrez-mykonos.local\\\/#\\\/schema\\\/logo\\\/image\\\/\",\"url\":\"https:\\\/\\\/mykonostownhousehotel.com\\\/wp-content\\\/uploads\\\/2017\\\/01\\\/The-Townhouse-Mykonos-Logo-12.png\",\"contentUrl\":\"https:\\\/\\\/mykonostownhousehotel.com\\\/wp-content\\\/uploads\\\/2017\\\/01\\\/The-Townhouse-Mykonos-Logo-12.png\",\"width\":909,\"height\":396,\"caption\":\"The TownHouse Mykonos\"},\"image\":{\"@id\":\"https:\\\/\\\/hotelrez-mykonos.local\\\/#\\\/schema\\\/logo\\\/image\\\/\"},\"sameAs\":[\"https:\\\/\\\/www.facebook.com\\\/MykonosTownHouse\\\/\",\"https:\\\/\\\/www.instagram.com\\\/mykonostownhouse\\\/\"]}]}<\/script>\n<!-- \/ Yoast SEO plugin. -->","yoast_head_json":{"title":"Lujosas habitaciones y suites TownHouse - Hotel TownHouse Mykonos","description":"Los hu\u00e9spedes pueden elegir entre 19 habitaciones y suites de lujo, incluidas nuestras habitaciones Superior Chic y Classic, las suites D\u00faplex, Junior y Sunset o la lujosa villa TownHouse y la Suite Mykononian.","robots":{"index":"index","follow":"follow","max-snippet":"max-snippet:-1","max-image-preview":"max-image-preview:large","max-video-preview":"max-video-preview:-1"},"canonical":"https:\/\/mykonostownhousehotel.com\/es\/nuestras-habitaciones\/","og_locale":"es_ES","og_type":"article","og_title":"Nuestras habitaciones - Hotel TownHouse Mykonos","og_description":"Equilibrar el car\u00e1cter hist\u00f3rico y \u00fanico de The TownHouse con las exigencias del viajero boutique de gama alta de hoy en d\u00eda ha sido un minucioso trabajo de amor.","og_url":"https:\/\/mykonostownhousehotel.com\/es\/nuestras-habitaciones\/","og_site_name":"The Townhouse Hotel Mykonos","article_publisher":"https:\/\/www.facebook.com\/MykonosTownHouse\/","article_modified_time":"2026-04-15T16:11:43+00:00","og_image":[{"url":"https:\/\/mykonostownhousehotel.com\/wp-content\/uploads\/2019\/10\/Deluxe_Suites2.jpg","type":"","width":"","height":""}],"twitter_card":"summary_large_image","twitter_title":"Nuestras habitaciones - Hotel TownHouse Mykonos","twitter_description":"Equilibrar el car\u00e1cter hist\u00f3rico y \u00fanico de The TownHouse con las exigencias del viajero boutique de gama alta de hoy en d\u00eda ha sido un minucioso trabajo de amor.","twitter_image":"https:\/\/mykonostownhousehotel.com\/wp-content\/uploads\/2019\/10\/Deluxe_Suites2.jpg","twitter_misc":{"Tiempo de lectura":"2 minutos"},"schema":{"@context":"https:\/\/schema.org","@graph":[{"@type":"WebPage","@id":"https:\/\/mykonostownhousehotel.com\/es\/nuestras-habitaciones\/","url":"https:\/\/mykonostownhousehotel.com\/es\/nuestras-habitaciones\/","name":"Lujosas habitaciones y suites TownHouse - Hotel TownHouse Mykonos","isPartOf":{"@id":"https:\/\/hotelrez-mykonos.local\/#website"},"datePublished":"2026-02-02T16:16:59+00:00","dateModified":"2026-04-15T16:11:43+00:00","description":"Los hu\u00e9spedes pueden elegir entre 19 habitaciones y suites de lujo, incluidas nuestras habitaciones Superior Chic y Classic, las suites D\u00faplex, Junior y Sunset o la lujosa villa TownHouse y la Suite Mykononian.","breadcrumb":{"@id":"https:\/\/mykonostownhousehotel.com\/es\/nuestras-habitaciones\/#breadcrumb"},"inLanguage":"es","potentialAction":[{"@type":"ReadAction","target":["https:\/\/mykonostownhousehotel.com\/es\/nuestras-habitaciones\/"]}]},{"@type":"BreadcrumbList","@id":"https:\/\/mykonostownhousehotel.com\/es\/nuestras-habitaciones\/#breadcrumb","itemListElement":[{"@type":"ListItem","position":1,"name":"Home","item":"https:\/\/mykonostownhousehotel.com\/es\/"},{"@type":"ListItem","position":2,"name":"NUESTRAS HABITACIONES"}]},{"@type":"WebSite","@id":"https:\/\/hotelrez-mykonos.local\/#website","url":"https:\/\/hotelrez-mykonos.local\/","name":"The Townhouse Hotel Mykonos","description":"Reservations +30 211 198 9344","publisher":{"@id":"https:\/\/hotelrez-mykonos.local\/#organization"},"potentialAction":[{"@type":"SearchAction","target":{"@type":"EntryPoint","urlTemplate":"https:\/\/hotelrez-mykonos.local\/?s={search_term_string}"},"query-input":{"@type":"PropertyValueSpecification","valueRequired":true,"valueName":"search_term_string"}}],"inLanguage":"es"},{"@type":"Organization","@id":"https:\/\/hotelrez-mykonos.local\/#organization","name":"The TownHouse Mykonos","url":"https:\/\/hotelrez-mykonos.local\/","logo":{"@type":"ImageObject","inLanguage":"es","@id":"https:\/\/hotelrez-mykonos.local\/#\/schema\/logo\/image\/","url":"https:\/\/mykonostownhousehotel.com\/wp-content\/uploads\/2017\/01\/The-Townhouse-Mykonos-Logo-12.png","contentUrl":"https:\/\/mykonostownhousehotel.com\/wp-content\/uploads\/2017\/01\/The-Townhouse-Mykonos-Logo-12.png","width":909,"height":396,"caption":"The TownHouse Mykonos"},"image":{"@id":"https:\/\/hotelrez-mykonos.local\/#\/schema\/logo\/image\/"},"sameAs":["https:\/\/www.facebook.com\/MykonosTownHouse\/","https:\/\/www.instagram.com\/mykonostownhouse\/"]}]}},"_links":{"self":[{"href":"https:\/\/mykonostownhousehotel.com\/es\/wp-json\/wp\/v2\/pages\/12199","targetHints":{"allow":["GET"]}}],"collection":[{"href":"https:\/\/mykonostownhousehotel.com\/es\/wp-json\/wp\/v2\/pages"}],"about":[{"href":"https:\/\/mykonostownhousehotel.com\/es\/wp-json\/wp\/v2\/types\/page"}],"author":[{"embeddable":true,"href":"https:\/\/mykonostownhousehotel.com\/es\/wp-json\/wp\/v2\/users\/2"}],"replies":[{"embeddable":true,"href":"https:\/\/mykonostownhousehotel.com\/es\/wp-json\/wp\/v2\/comments?post=12199"}],"version-history":[{"count":19,"href":"https:\/\/mykonostownhousehotel.com\/es\/wp-json\/wp\/v2\/pages\/12199\/revisions"}],"predecessor-version":[{"id":13314,"href":"https:\/\/mykonostownhousehotel.com\/es\/wp-json\/wp\/v2\/pages\/12199\/revisions\/13314"}],"wp:attachment":[{"href":"https:\/\/mykonostownhousehotel.com\/es\/wp-json\/wp\/v2\/media?parent=12199"}],"curies":[{"name":"wp","href":"https:\/\/api.w.org\/{rel}","templated":true}]}}