{"id":12195,"date":"2026-02-02T18:16:58","date_gmt":"2026-02-02T16:16:58","guid":{"rendered":"https:\/\/mykonostownhousehotel.com\/condiciones-de-reserva\/"},"modified":"2026-02-02T18:17:03","modified_gmt":"2026-02-02T16:17:03","slug":"condiciones-de-reserva","status":"publish","type":"page","link":"https:\/\/mykonostownhousehotel.com\/es\/condiciones-de-reserva\/","title":{"rendered":"CONDICIONES DE RESERVA"},"content":{"rendered":"<div class=\"wpb-content-wrapper\"><p>[vc_row rt_row_background_width=\u00bbfullwidth\u00bb rt_row_content_width=\u00bbdefault\u00bb rt_row_style=\u00bbdefault-style\u00bb rt_row_height=\u00bb\u00bb rt_row_borders=\u00bb\u00bb rt_row_shadows=\u00bb\u00bb rt_column_gaps=\u00bb\u00bb rt_row_paddings=\u00bbtrue\u00bb rt_bg_effect=\u00bbclassic\u00bb rt_transparent_bg=\u00bb\u00bb rt_bg_image_repeat=\u00bbrepeat\u00bb rt_bg_size=\u00bbcover\u00bb rt_bg_position=\u00bbright top\u00bb rt_bg_attachment=\u00bbscroll\u00bb rt_bg_video_format=\u00bbself-hosted\u00bb][vc_column rt_col_paddings=\u00bbtrue\u00bb rt_wrp_col_paddings=\u00bbfalse\u00bb rt_column_shadow=\u00bb\u00bb rt_border_top=\u00bb\u00bb rt_border_bottom=\u00bb\u00bb rt_border_left=\u00bb\u00bb rt_border_right=\u00bb\u00bb rt_border_top_mobile=\u00bb\u00bb rt_border_bottom_mobile=\u00bb\u00bb rt_border_left_mobile=\u00bb\u00bb rt_border_right_mobile=\u00bb\u00bb rt_bg_image_repeat=\u00bbrepeat\u00bb rt_bg_size=\u00bbauto auto\u00bb rt_bg_position=\u00bbright top\u00bb rt_bg_attachment=\u00bbscroll\u00bb rt_padding_top=\u00bb20&#8243; rt_bg_color=\u00bb\u00bb rt_bg_overlay_color=\u00bb\u00bb][vc_column_text]<\/p>\n<h1><strong>Condiciones de reserva para Mykonos TownHouse<\/strong><\/h1>\n<p>&nbsp;<\/p>\n<p><strong>1. Operador y condiciones<br \/>\n<\/strong>Elegant Hotel Collection Limited (EHC), con domicilio social en Newark Beacon Cafferata Way NG24 2TN, es el operador de Mykonos TownHouse.<\/p>\n<p>Ten en cuenta que tu pago ser\u00e1 procesado por HotelREZ Limited (de la misma direcci\u00f3n), que act\u00faa como agente de EHC a efectos del procesamiento del pago.<\/p>\n<p>Estas son las condiciones que se aplican cuando solicitas hacer una reserva en Mykonos TownHouse.<\/p>\n<p>Se aplicar\u00e1n condiciones diferentes a las reservas en todos los dem\u00e1s hoteles EHC; estas condiciones se encontrar\u00e1n normalmente en la p\u00e1gina de reserva del hotel en cuesti\u00f3n.<\/p>\n<p>&nbsp;<\/p>\n<p><strong>2. Tu reserva<\/strong><\/p>\n<p>Te pediremos los datos de tu tarjeta de cr\u00e9dito o d\u00e9bito para garantizar tu reserva. Aceptamos Visa, Mastercard, American Express y cualquier otra tarjeta mencionada en el medio de pago. Por favor, comprueba cuidadosamente los datos de tu reserva antes de confirmarla.  <\/p>\n<p><span style=\"font-weight: 400;\">Las reservas s\u00f3lo son v\u00e1lidas si la tarjeta de cr\u00e9dito\/d\u00e9bito est\u00e1 a nombre de la persona que hizo la reserva. No aceptamos reservas pagadas\/garantizadas cuando el nombre del titular de la tarjeta es diferente del nombre de la reserva. <\/span><\/p>\n<p>Confirmaremos tu reserva envi\u00e1ndote un correo electr\u00f3nico a la direcci\u00f3n de correo electr\u00f3nico que nos diste al hacer la reserva. No existir\u00e1 ning\u00fan contrato entre nosotros hasta que recibas este correo electr\u00f3nico. <\/p>\n<p>Ten en cuenta que tu reserva no es transferible. Nos reservamos el derecho a denegar el alojamiento y\/o los servicios a cualquier persona que no figure en la reserva original. <\/p>\n<p>Debes tener al menos 18 a\u00f1os para hacer una reserva.<\/p>\n<p>&nbsp;<\/p>\n<p><strong>3. Precio y pago<br \/>\n<\/strong><\/p>\n<p>El precio que pagar\u00e1s ser\u00e1 el que se te indique al hacer la reserva. Te lo confirmaremos en el correo electr\u00f3nico de confirmaci\u00f3n. <\/p>\n<p>El precio incluir\u00e1 el IVA al tipo vigente en ese momento. Si el tipo del IVA cambia, estaremos obligados a aplicar el nuevo tipo sobre cualquier cantidad que no hayas pagado antes de que el cambio entre en vigor. <\/p>\n<p>El momento en que debe efectuarse el pago depende del plan de tarifas de habitaci\u00f3n que hayas seleccionado. Esto se establecer\u00e1 en la informaci\u00f3n de reserva que se te proporcione en el momento antes de reservar. <\/p>\n<p>Ten en cuenta que las tasas tur\u00edsticas locales deben pagarse en el hotel el d\u00eda de tu partida o antes. Podemos aceptar efectivo hasta 100 euros, pero te pediremos que pagues con tarjeta de cr\u00e9dito o d\u00e9bito los importes superiores a 100 euros. <\/p>\n<p>La comida y la bebida adquiridas en Mykonos TownHouse y sus bares hermanos, SKYBAR y 54 Cocktail Bar, pueden cargarse a tu habitaci\u00f3n y liquidarse a tu salida o antes, siempre que nos hayas facilitado los datos de tu tarjeta de cr\u00e9dito con preautorizaci\u00f3n de un importe suficiente.<\/p>\n<p>Nos reservamos el derecho a solicitar una preautorizaci\u00f3n de la tarjeta de cr\u00e9dito para cualquier gasto en que puedas incurrir o da\u00f1o que puedas causar durante tu estancia con nosotros y\/o a pedirte que pagues la factura en cualquier momento de tu estancia.<\/p>\n<p>&nbsp;<\/p>\n<p><strong>4. Tu estancia<\/strong><\/p>\n<p>A tu llegada a Mykonos TownHouse, es posible que se te pida cierta informaci\u00f3n, como una prueba de identidad y los datos del pasaporte. Esta informaci\u00f3n se procesar\u00e1 de acuerdo con nuestra pol\u00edtica de privacidad. <\/p>\n<p>La ocupaci\u00f3n m\u00e1xima de tu habitaci\u00f3n es el n\u00famero de personas identificado en la informaci\u00f3n facilitada al hacer la reserva. No debes superar este n\u00famero. <\/p>\n<p>Tu habitaci\u00f3n estar\u00e1 disponible a partir de las 15.00 h del d\u00eda de tu llegada y la hora l\u00edmite de salida son las 12.00 h del d\u00eda de tu partida. Por favor, inf\u00f3rmanos si deseas hacer otros arreglos y nos esforzaremos por ayudarte. <\/p>\n<p>Por favor, av\u00edsanos si vas a llegar despu\u00e9s de las 21.00 h.<\/p>\n<p><strong><br \/>\n5. Accesibilidad<br \/>\n<\/strong>Mykonos TownHouse est\u00e1 situado en una zona hist\u00f3ricamente sensible donde la normativa local limita el desarrollo y el acceso al hotel es extremadamente restringido. En consecuencia, no podemos garantizar que el hotel sea adecuado para personas con discapacidad. Si tienes alguna duda sobre la idoneidad de Mykonos TownHouse para ti o alg\u00fan miembro de tu grupo, ponte en contacto con nosotros antes de reservar y estaremos encantados de asesorarte.  <\/p>\n<p>&nbsp;<\/p>\n<p><strong>6. Cancelaci\u00f3n y cambios en tu reserva por tu parte<br \/>\n<\/strong>Si cancelas tu reserva, te devolveremos el dinero:<\/p>\n<ul>\n<li>100% &#8211; si cancelas m\u00e1s de 21 d\u00edas antes del primer d\u00eda de tu estancia;<\/li>\n<li>Si cancelas 21 d\u00edas o menos antes del primer d\u00eda de tu estancia, no podremos realizar ning\u00fan reembolso.<\/li>\n<\/ul>\n<p>Deber\u00edas plantearte contratar un seguro adecuado para cubrir esta eventualidad.<\/p>\n<p>Si deseas hacer peque\u00f1os cambios en tu reserva, ponte en contacto con nosotros y haremos lo posible por ayudarte.<\/p>\n<p><strong><br \/>\n7. Cancelaci\u00f3n por nuestra parte<br \/>\n<\/strong>Nos reservamos el derecho a cancelar tu reserva notific\u00e1ndotelo por escrito (incluso por correo electr\u00f3nico):<\/p>\n<ul>\n<li>si no efect\u00faas el pago cuando estas Condiciones te lo exigen<\/li>\n<li>si rompes el contrato entre nosotros de cualquier forma<\/li>\n<li><span style=\"font-weight: 400;\">si el nombre del titular de la tarjeta no coincide con el nombre de la reserva<\/span><\/li>\n<\/ul>\n<p>Tambi\u00e9n podemos cancelar tu reserva si un acontecimiento fuera de nuestro control (como un incendio, una inundaci\u00f3n, un fallo de los servicios p\u00fablicos o una evacuaci\u00f3n de emergencia) hace que no podamos poner tu habitaci\u00f3n a tu disposici\u00f3n. Si esto ocurre, te lo notificaremos lo antes posible y te reembolsaremos \u00edntegramente todas las cantidades que nos hayas abonado. Los reembolsos se efectuar\u00e1n en la misma tarjeta que se utiliz\u00f3 para el pago. Sin embargo, a excepci\u00f3n de los derechos legales que no podamos excluir o restringir, no tendremos ninguna otra responsabilidad contigo en estas circunstancias.   <\/p>\n<p><strong><br \/>\n8. Tu comportamiento<\/strong><\/p>\n<p>Se ruega a ti y a tu grupo que os comport\u00e9is adecuadamente en todo momento y que cumpl\u00e1is nuestros procedimientos y\/o peticiones en lo que respecta a la conducta y el respeto por la propiedad del hotel, sus empleados y hu\u00e9spedes, y su salud y seguridad. Se ruega a ti y a tu grupo que no perturb\u00e9is la comodidad y el disfrute de los dem\u00e1s hu\u00e9spedes, el buen funcionamiento del hotel ni ofend\u00e1is a otros hu\u00e9spedes o a nuestro personal. <\/p>\n<p>Por favor, no fumes en ning\u00fan lugar del hotel.<span style=\"font-weight: 400;\">El hotel se reserva el derecho a cobrar una tasa por fumar en caso de que lo hagas en las habitaciones.<\/span> <\/p>\n<p>T\u00fa y tu grupo no deb\u00e9is utilizar el acceso a Internet proporcionado por nosotros para acceder o descargar cualquier material ilegal u obsceno, o cualquier material que pueda resultar ofensivo.<\/p>\n<p>Nos reservamos el derecho a rechazar el alojamiento o los servicios o a expulsarte a ti y\/o a los miembros de tu grupo del hotel si, en nuestra opini\u00f3n razonable, consideramos que se ha incumplido esta disposici\u00f3n. En tal caso, no tendremos obligaci\u00f3n de reembolsarte el alojamiento perdido, otros servicios o cualquier otra p\u00e9rdida o gasto en que hayas incurrido. <\/p>\n<p>&nbsp;<\/p>\n<p><strong>9. Nuestra responsabilidad<\/strong><\/p>\n<p>No seremos responsables de la p\u00e9rdida o da\u00f1o de cualquier propiedad que se deje en el hotel, a no ser que lo exija la legislaci\u00f3n aplicable.<\/p>\n<p>No seremos responsables de ninguna p\u00e9rdida indirecta, consecuencial o puramente econ\u00f3mica, ni de ninguna p\u00e9rdida de beneficios, fondo de comercio u oportunidad, sea cual sea su causa (incluida nuestra negligencia).<\/p>\n<p>Salvo que lo proh\u00edba la legislaci\u00f3n aplicable, nuestra responsabilidad total no superar\u00e1 el valor de los cargos que recibamos de ti en relaci\u00f3n con esta reserva.<\/p>\n<p>No seremos responsables ante ti de ning\u00fan fallo, p\u00e9rdida o incumplimiento derivado de acontecimientos que escapen a nuestro control razonable.<\/p>\n<p>Nada de lo contenido en estas Condiciones se interpretar\u00e1 en el sentido de excluir o restringir cualquier responsabilidad que no pueda ser excluida o restringida por la legislaci\u00f3n aplicable o de afectar a cualquier derecho que tengas como consumidor.<\/p>\n<p><strong><br \/>\n10. Tu informaci\u00f3n<br \/>\n<\/strong>Mantendremos tus datos personales seguros y protegidos. Los detalles sobre c\u00f3mo trataremos tus datos se exponen en nuestra <a href=\"https:\/\/mykonostownhousehotel.com\/privacy-policy\/\">pol\u00edtica de privacidad<\/a>. <\/p>\n<p><strong><br \/>\n11. T\u00e9rminos legales<br \/>\n<\/strong>La legislaci\u00f3n inglesa se aplicar\u00e1 a estos t\u00e9rminos (incluyendo su objeto y formaci\u00f3n) y a tu reserva.<\/p>\n<p>Los tribunales ingleses tendr\u00e1n jurisdicci\u00f3n exclusiva.[\/vc_column_text][\/vc_column][\/vc_row]<\/p>\n<\/div>","protected":false},"excerpt":{"rendered":"<p>[vc_row rt_row_background_width=\u00bbfullwidth\u00bb rt_row_content_width=\u00bbdefault\u00bb rt_row_style=\u00bbdefault-style\u00bb rt_row_height=\u00bb\u00bb rt_row_borders=\u00bb\u00bb rt_row_shadows=\u00bb\u00bb rt_column_gaps=\u00bb\u00bb rt_row_paddings=\u00bbtrue\u00bb rt_bg_effect=\u00bbclassic\u00bb rt_transparent_bg=\u00bb\u00bb rt_bg_image_repeat=\u00bbrepeat\u00bb rt_bg_size=\u00bbcover\u00bb rt_bg_position=\u00bbright top\u00bb rt_bg_attachment=\u00bbscroll\u00bb rt_bg_video_format=\u00bbself-hosted\u00bb][vc_column rt_col_paddings=\u00bbtrue\u00bb rt_wrp_col_paddings=\u00bbfalse\u00bb rt_column_shadow=\u00bb\u00bb rt_border_top=\u00bb\u00bb rt_border_bottom=\u00bb\u00bb rt_border_left=\u00bb\u00bb rt_border_right=\u00bb\u00bb rt_border_top_mobile=\u00bb\u00bb rt_border_bottom_mobile=\u00bb\u00bb rt_border_left_mobile=\u00bb\u00bb rt_border_right_mobile=\u00bb\u00bb rt_bg_image_repeat=\u00bbrepeat\u00bb rt_bg_size=\u00bbauto auto\u00bb rt_bg_position=\u00bbright top\u00bb rt_bg_attachment=\u00bbscroll\u00bb rt_padding_top=\u00bb20&#8243; rt_bg_color=\u00bb\u00bb rt_bg_overlay_color=\u00bb\u00bb][vc_column_text] Condiciones de reserva para Mykonos TownHouse &nbsp; 1. Operador y condiciones Elegant Hotel Collection Limited (EHC), con domicilio &#8230; <a class=\"more-link\" href=\"https:\/\/mykonostownhousehotel.com\/es\/condiciones-de-reserva\/\">Seguir leyendo<\/a><\/p>\n","protected":false},"author":7,"featured_media":0,"parent":0,"menu_order":0,"comment_status":"closed","ping_status":"closed","template":"","meta":{"footnotes":""},"class_list":["post-12195","page","type-page","status-publish","hentry"],"yoast_head":"<!-- This site is optimized with the Yoast SEO plugin v27.4 - https:\/\/yoast.com\/product\/yoast-seo-wordpress\/ -->\n<title>Condiciones de reserva - Hotel The TownHouse Mykonos<\/title>\n<meta name=\"description\" content=\"Todo lo que necesitas saber sobre las condiciones de tu reserva en el Hotel The TownHouse Mykonos.\" \/>\n<meta name=\"robots\" content=\"index, follow, max-snippet:-1, max-image-preview:large, max-video-preview:-1\" \/>\n<link rel=\"canonical\" href=\"https:\/\/mykonostownhousehotel.com\/es\/condiciones-de-reserva\/\" \/>\n<meta property=\"og:locale\" content=\"es_ES\" \/>\n<meta property=\"og:type\" content=\"article\" \/>\n<meta property=\"og:title\" content=\"Condiciones de reserva - Hotel The TownHouse Mykonos\" \/>\n<meta property=\"og:description\" content=\"Todo lo que necesitas saber sobre las condiciones de tu reserva en el Hotel The TownHouse Mykonos.\" \/>\n<meta property=\"og:url\" content=\"https:\/\/mykonostownhousehotel.com\/es\/condiciones-de-reserva\/\" \/>\n<meta property=\"og:site_name\" content=\"The Townhouse Hotel Mykonos\" \/>\n<meta property=\"article:publisher\" content=\"https:\/\/www.facebook.com\/MykonosTownHouse\/\" \/>\n<meta property=\"article:modified_time\" content=\"2026-02-02T16:17:03+00:00\" \/>\n<meta name=\"twitter:card\" content=\"summary_large_image\" \/>\n<meta name=\"twitter:label1\" content=\"Tiempo de lectura\" \/>\n\t<meta name=\"twitter:data1\" content=\"8 minutos\" \/>\n<script type=\"application\/ld+json\" class=\"yoast-schema-graph\">{\"@context\":\"https:\\\/\\\/schema.org\",\"@graph\":[{\"@type\":\"WebPage\",\"@id\":\"https:\\\/\\\/mykonostownhousehotel.com\\\/es\\\/condiciones-de-reserva\\\/\",\"url\":\"https:\\\/\\\/mykonostownhousehotel.com\\\/es\\\/condiciones-de-reserva\\\/\",\"name\":\"Condiciones de reserva - Hotel The TownHouse Mykonos\",\"isPartOf\":{\"@id\":\"https:\\\/\\\/hotelrez-mykonos.local\\\/#website\"},\"datePublished\":\"2026-02-02T16:16:58+00:00\",\"dateModified\":\"2026-02-02T16:17:03+00:00\",\"description\":\"Todo lo que necesitas saber sobre las condiciones de tu reserva en el Hotel The TownHouse Mykonos.\",\"breadcrumb\":{\"@id\":\"https:\\\/\\\/mykonostownhousehotel.com\\\/es\\\/condiciones-de-reserva\\\/#breadcrumb\"},\"inLanguage\":\"es\",\"potentialAction\":[{\"@type\":\"ReadAction\",\"target\":[\"https:\\\/\\\/mykonostownhousehotel.com\\\/es\\\/condiciones-de-reserva\\\/\"]}]},{\"@type\":\"BreadcrumbList\",\"@id\":\"https:\\\/\\\/mykonostownhousehotel.com\\\/es\\\/condiciones-de-reserva\\\/#breadcrumb\",\"itemListElement\":[{\"@type\":\"ListItem\",\"position\":1,\"name\":\"Home\",\"item\":\"https:\\\/\\\/mykonostownhousehotel.com\\\/es\\\/\"},{\"@type\":\"ListItem\",\"position\":2,\"name\":\"CONDICIONES DE RESERVA\"}]},{\"@type\":\"WebSite\",\"@id\":\"https:\\\/\\\/hotelrez-mykonos.local\\\/#website\",\"url\":\"https:\\\/\\\/hotelrez-mykonos.local\\\/\",\"name\":\"The Townhouse Hotel Mykonos\",\"description\":\"Reservations +30 211 198 9344\",\"publisher\":{\"@id\":\"https:\\\/\\\/hotelrez-mykonos.local\\\/#organization\"},\"potentialAction\":[{\"@type\":\"SearchAction\",\"target\":{\"@type\":\"EntryPoint\",\"urlTemplate\":\"https:\\\/\\\/hotelrez-mykonos.local\\\/?s={search_term_string}\"},\"query-input\":{\"@type\":\"PropertyValueSpecification\",\"valueRequired\":true,\"valueName\":\"search_term_string\"}}],\"inLanguage\":\"es\"},{\"@type\":\"Organization\",\"@id\":\"https:\\\/\\\/hotelrez-mykonos.local\\\/#organization\",\"name\":\"The TownHouse Mykonos\",\"url\":\"https:\\\/\\\/hotelrez-mykonos.local\\\/\",\"logo\":{\"@type\":\"ImageObject\",\"inLanguage\":\"es\",\"@id\":\"https:\\\/\\\/hotelrez-mykonos.local\\\/#\\\/schema\\\/logo\\\/image\\\/\",\"url\":\"https:\\\/\\\/mykonostownhousehotel.com\\\/wp-content\\\/uploads\\\/2017\\\/01\\\/The-Townhouse-Mykonos-Logo-12.png\",\"contentUrl\":\"https:\\\/\\\/mykonostownhousehotel.com\\\/wp-content\\\/uploads\\\/2017\\\/01\\\/The-Townhouse-Mykonos-Logo-12.png\",\"width\":909,\"height\":396,\"caption\":\"The TownHouse Mykonos\"},\"image\":{\"@id\":\"https:\\\/\\\/hotelrez-mykonos.local\\\/#\\\/schema\\\/logo\\\/image\\\/\"},\"sameAs\":[\"https:\\\/\\\/www.facebook.com\\\/MykonosTownHouse\\\/\",\"https:\\\/\\\/www.instagram.com\\\/mykonostownhouse\\\/\"]}]}<\/script>\n<!-- \/ Yoast SEO plugin. -->","yoast_head_json":{"title":"Condiciones de reserva - Hotel The TownHouse Mykonos","description":"Todo lo que necesitas saber sobre las condiciones de tu reserva en el Hotel The TownHouse Mykonos.","robots":{"index":"index","follow":"follow","max-snippet":"max-snippet:-1","max-image-preview":"max-image-preview:large","max-video-preview":"max-video-preview:-1"},"canonical":"https:\/\/mykonostownhousehotel.com\/es\/condiciones-de-reserva\/","og_locale":"es_ES","og_type":"article","og_title":"Condiciones de reserva - Hotel The TownHouse Mykonos","og_description":"Todo lo que necesitas saber sobre las condiciones de tu reserva en el Hotel The TownHouse Mykonos.","og_url":"https:\/\/mykonostownhousehotel.com\/es\/condiciones-de-reserva\/","og_site_name":"The Townhouse Hotel Mykonos","article_publisher":"https:\/\/www.facebook.com\/MykonosTownHouse\/","article_modified_time":"2026-02-02T16:17:03+00:00","twitter_card":"summary_large_image","twitter_misc":{"Tiempo de lectura":"8 minutos"},"schema":{"@context":"https:\/\/schema.org","@graph":[{"@type":"WebPage","@id":"https:\/\/mykonostownhousehotel.com\/es\/condiciones-de-reserva\/","url":"https:\/\/mykonostownhousehotel.com\/es\/condiciones-de-reserva\/","name":"Condiciones de reserva - Hotel The TownHouse Mykonos","isPartOf":{"@id":"https:\/\/hotelrez-mykonos.local\/#website"},"datePublished":"2026-02-02T16:16:58+00:00","dateModified":"2026-02-02T16:17:03+00:00","description":"Todo lo que necesitas saber sobre las condiciones de tu reserva en el Hotel The TownHouse Mykonos.","breadcrumb":{"@id":"https:\/\/mykonostownhousehotel.com\/es\/condiciones-de-reserva\/#breadcrumb"},"inLanguage":"es","potentialAction":[{"@type":"ReadAction","target":["https:\/\/mykonostownhousehotel.com\/es\/condiciones-de-reserva\/"]}]},{"@type":"BreadcrumbList","@id":"https:\/\/mykonostownhousehotel.com\/es\/condiciones-de-reserva\/#breadcrumb","itemListElement":[{"@type":"ListItem","position":1,"name":"Home","item":"https:\/\/mykonostownhousehotel.com\/es\/"},{"@type":"ListItem","position":2,"name":"CONDICIONES DE RESERVA"}]},{"@type":"WebSite","@id":"https:\/\/hotelrez-mykonos.local\/#website","url":"https:\/\/hotelrez-mykonos.local\/","name":"The Townhouse Hotel Mykonos","description":"Reservations +30 211 198 9344","publisher":{"@id":"https:\/\/hotelrez-mykonos.local\/#organization"},"potentialAction":[{"@type":"SearchAction","target":{"@type":"EntryPoint","urlTemplate":"https:\/\/hotelrez-mykonos.local\/?s={search_term_string}"},"query-input":{"@type":"PropertyValueSpecification","valueRequired":true,"valueName":"search_term_string"}}],"inLanguage":"es"},{"@type":"Organization","@id":"https:\/\/hotelrez-mykonos.local\/#organization","name":"The TownHouse Mykonos","url":"https:\/\/hotelrez-mykonos.local\/","logo":{"@type":"ImageObject","inLanguage":"es","@id":"https:\/\/hotelrez-mykonos.local\/#\/schema\/logo\/image\/","url":"https:\/\/mykonostownhousehotel.com\/wp-content\/uploads\/2017\/01\/The-Townhouse-Mykonos-Logo-12.png","contentUrl":"https:\/\/mykonostownhousehotel.com\/wp-content\/uploads\/2017\/01\/The-Townhouse-Mykonos-Logo-12.png","width":909,"height":396,"caption":"The TownHouse Mykonos"},"image":{"@id":"https:\/\/hotelrez-mykonos.local\/#\/schema\/logo\/image\/"},"sameAs":["https:\/\/www.facebook.com\/MykonosTownHouse\/","https:\/\/www.instagram.com\/mykonostownhouse\/"]}]}},"_links":{"self":[{"href":"https:\/\/mykonostownhousehotel.com\/es\/wp-json\/wp\/v2\/pages\/12195","targetHints":{"allow":["GET"]}}],"collection":[{"href":"https:\/\/mykonostownhousehotel.com\/es\/wp-json\/wp\/v2\/pages"}],"about":[{"href":"https:\/\/mykonostownhousehotel.com\/es\/wp-json\/wp\/v2\/types\/page"}],"author":[{"embeddable":true,"href":"https:\/\/mykonostownhousehotel.com\/es\/wp-json\/wp\/v2\/users\/7"}],"replies":[{"embeddable":true,"href":"https:\/\/mykonostownhousehotel.com\/es\/wp-json\/wp\/v2\/comments?post=12195"}],"version-history":[{"count":1,"href":"https:\/\/mykonostownhousehotel.com\/es\/wp-json\/wp\/v2\/pages\/12195\/revisions"}],"predecessor-version":[{"id":12198,"href":"https:\/\/mykonostownhousehotel.com\/es\/wp-json\/wp\/v2\/pages\/12195\/revisions\/12198"}],"wp:attachment":[{"href":"https:\/\/mykonostownhousehotel.com\/es\/wp-json\/wp\/v2\/media?parent=12195"}],"curies":[{"name":"wp","href":"https:\/\/api.w.org\/{rel}","templated":true}]}}