{"id":11991,"date":"2026-02-02T18:16:35","date_gmt":"2026-02-02T16:16:35","guid":{"rendered":"https:\/\/mykonostownhousehotel.com\/descargo-de-responsabilidad\/"},"modified":"2026-02-02T18:16:35","modified_gmt":"2026-02-02T16:16:35","slug":"descargo-de-responsabilidad","status":"publish","type":"page","link":"https:\/\/mykonostownhousehotel.com\/es\/descargo-de-responsabilidad\/","title":{"rendered":"Descargo de responsabilidad"},"content":{"rendered":"<p>El TownHouse Mykonos es miembro y est\u00e1 representado en exclusiva por la Elegant Hotel Collection (EHC), constituida en el Reino Unido. El TownHouse forma parte de la franquicia hotelera EHC y se adhiere a su compromiso con la excelencia. Todas las reservas se realizan exclusivamente a trav\u00e9s de EHC y las consultas sobre cuentas relacionadas con estos u otros asuntos deben dirigirse a: accounts@eleganthotelcollection.com. Consulta nuestros <strong><a href=\"https:\/\/mykonostownhousehotel.com\/es\/condiciones-generales\/\">condiciones generales<\/a><\/strong>, <strong><a href=\"https:\/\/mykonostownhousehotel.com\/es\/condiciones-de-reserva\/\">condiciones de reserva<\/a><\/strong> y <a href=\"https:\/\/mykonostownhousehotel.com\/privacy-policy\/\"><strong> pol\u00edtica de privacidad <\/strong><\/a> para m\u00e1s informaci\u00f3n.  <\/p>\n<p>La informaci\u00f3n contenida en este mensaje de correo electr\u00f3nico es confidencial, sin prejuicios, y puede ser legalmente privilegiada. Est\u00e1 destinada exclusivamente a su(s) destinatario(s). El acceso a este mensaje de correo electr\u00f3nico de Internet por cualquier otra persona no est\u00e1 autorizado. Si no eres el destinatario, cualquier divulgaci\u00f3n, copia, distribuci\u00f3n o cualquier acci\u00f3n realizada u omitida en base a \u00e9l est\u00e1 prohibida y puede ser ilegal.   <\/p>\n<p>Los puntos de vista y\/u opiniones expresados en este correo electr\u00f3nico pueden ser personales y no son necesariamente los de TownHouse Mykonos, por lo que las acciones realizadas en base a dichos puntos de vista y\/u opiniones se realizan de forma independiente y bajo tu propia responsabilidad. El remitente considera que este mensaje de correo electr\u00f3nico y sus archivos adjuntos estaban libres de virus, gusanos, troyanos y\/o c\u00f3digos maliciosos en el momento de su env\u00edo. Este mensaje y sus archivos adjuntos podr\u00edan haberse infectado durante la transmisi\u00f3n. Al leer el mensaje y abrir cualquier archivo adjunto, el destinatario acepta toda la responsabilidad de tomar medidas protectoras y correctoras sobre virus y otros defectos.   <\/p>\n","protected":false},"excerpt":{"rendered":"<p>El TownHouse Mykonos es miembro y est\u00e1 representado en exclusiva por la Elegant Hotel Collection (EHC), constituida en el Reino Unido. El TownHouse forma parte de la franquicia hotelera EHC y se adhiere a su compromiso con la excelencia. Todas las reservas se realizan exclusivamente a trav\u00e9s de EHC y las consultas sobre cuentas relacionadas &#8230; <a class=\"more-link\" href=\"https:\/\/mykonostownhousehotel.com\/es\/descargo-de-responsabilidad\/\">Seguir leyendo<\/a><\/p>\n","protected":false},"author":2,"featured_media":0,"parent":0,"menu_order":0,"comment_status":"closed","ping_status":"closed","template":"","meta":{"footnotes":""},"class_list":["post-11991","page","type-page","status-publish","hentry"],"yoast_head":"<!-- This site is optimized with the Yoast SEO plugin v27.4 - https:\/\/yoast.com\/product\/yoast-seo-wordpress\/ -->\n<title>Descargo de responsabilidad - The Townhouse Hotel Mykonos<\/title>\n<meta name=\"robots\" content=\"index, follow, max-snippet:-1, max-image-preview:large, max-video-preview:-1\" \/>\n<link rel=\"canonical\" href=\"https:\/\/mykonostownhousehotel.com\/es\/descargo-de-responsabilidad\/\" \/>\n<meta property=\"og:locale\" content=\"es_ES\" \/>\n<meta property=\"og:type\" content=\"article\" \/>\n<meta property=\"og:title\" content=\"Descargo de responsabilidad - The Townhouse Hotel Mykonos\" \/>\n<meta property=\"og:description\" content=\"El TownHouse Mykonos es miembro y est\u00e1 representado en exclusiva por la Elegant Hotel Collection (EHC), constituida en el Reino Unido. El TownHouse forma parte de la franquicia hotelera EHC y se adhiere a su compromiso con la excelencia. Todas las reservas se realizan exclusivamente a trav\u00e9s de EHC y las consultas sobre cuentas relacionadas [&hellip;]\" \/>\n<meta property=\"og:url\" content=\"https:\/\/mykonostownhousehotel.com\/es\/descargo-de-responsabilidad\/\" \/>\n<meta property=\"og:site_name\" content=\"The Townhouse Hotel Mykonos\" \/>\n<meta property=\"article:publisher\" content=\"https:\/\/www.facebook.com\/MykonosTownHouse\/\" \/>\n<meta name=\"twitter:card\" content=\"summary_large_image\" \/>\n<meta name=\"twitter:label1\" content=\"Tiempo de lectura\" \/>\n\t<meta name=\"twitter:data1\" content=\"1 minuto\" \/>\n<script type=\"application\/ld+json\" class=\"yoast-schema-graph\">{\"@context\":\"https:\\\/\\\/schema.org\",\"@graph\":[{\"@type\":\"WebPage\",\"@id\":\"https:\\\/\\\/mykonostownhousehotel.com\\\/es\\\/descargo-de-responsabilidad\\\/\",\"url\":\"https:\\\/\\\/mykonostownhousehotel.com\\\/es\\\/descargo-de-responsabilidad\\\/\",\"name\":\"Descargo de responsabilidad - The Townhouse Hotel Mykonos\",\"isPartOf\":{\"@id\":\"https:\\\/\\\/hotelrez-mykonos.local\\\/#website\"},\"datePublished\":\"2026-02-02T16:16:35+00:00\",\"breadcrumb\":{\"@id\":\"https:\\\/\\\/mykonostownhousehotel.com\\\/es\\\/descargo-de-responsabilidad\\\/#breadcrumb\"},\"inLanguage\":\"es\",\"potentialAction\":[{\"@type\":\"ReadAction\",\"target\":[\"https:\\\/\\\/mykonostownhousehotel.com\\\/es\\\/descargo-de-responsabilidad\\\/\"]}]},{\"@type\":\"BreadcrumbList\",\"@id\":\"https:\\\/\\\/mykonostownhousehotel.com\\\/es\\\/descargo-de-responsabilidad\\\/#breadcrumb\",\"itemListElement\":[{\"@type\":\"ListItem\",\"position\":1,\"name\":\"Home\",\"item\":\"https:\\\/\\\/mykonostownhousehotel.com\\\/es\\\/\"},{\"@type\":\"ListItem\",\"position\":2,\"name\":\"Descargo de responsabilidad\"}]},{\"@type\":\"WebSite\",\"@id\":\"https:\\\/\\\/hotelrez-mykonos.local\\\/#website\",\"url\":\"https:\\\/\\\/hotelrez-mykonos.local\\\/\",\"name\":\"The Townhouse Hotel Mykonos\",\"description\":\"Reservations +30 211 198 9344\",\"publisher\":{\"@id\":\"https:\\\/\\\/hotelrez-mykonos.local\\\/#organization\"},\"potentialAction\":[{\"@type\":\"SearchAction\",\"target\":{\"@type\":\"EntryPoint\",\"urlTemplate\":\"https:\\\/\\\/hotelrez-mykonos.local\\\/?s={search_term_string}\"},\"query-input\":{\"@type\":\"PropertyValueSpecification\",\"valueRequired\":true,\"valueName\":\"search_term_string\"}}],\"inLanguage\":\"es\"},{\"@type\":\"Organization\",\"@id\":\"https:\\\/\\\/hotelrez-mykonos.local\\\/#organization\",\"name\":\"The TownHouse Mykonos\",\"url\":\"https:\\\/\\\/hotelrez-mykonos.local\\\/\",\"logo\":{\"@type\":\"ImageObject\",\"inLanguage\":\"es\",\"@id\":\"https:\\\/\\\/hotelrez-mykonos.local\\\/#\\\/schema\\\/logo\\\/image\\\/\",\"url\":\"https:\\\/\\\/mykonostownhousehotel.com\\\/wp-content\\\/uploads\\\/2017\\\/01\\\/The-Townhouse-Mykonos-Logo-12.png\",\"contentUrl\":\"https:\\\/\\\/mykonostownhousehotel.com\\\/wp-content\\\/uploads\\\/2017\\\/01\\\/The-Townhouse-Mykonos-Logo-12.png\",\"width\":909,\"height\":396,\"caption\":\"The TownHouse Mykonos\"},\"image\":{\"@id\":\"https:\\\/\\\/hotelrez-mykonos.local\\\/#\\\/schema\\\/logo\\\/image\\\/\"},\"sameAs\":[\"https:\\\/\\\/www.facebook.com\\\/MykonosTownHouse\\\/\",\"https:\\\/\\\/www.instagram.com\\\/mykonostownhouse\\\/\"]}]}<\/script>\n<!-- \/ Yoast SEO plugin. -->","yoast_head_json":{"title":"Descargo de responsabilidad - The Townhouse Hotel Mykonos","robots":{"index":"index","follow":"follow","max-snippet":"max-snippet:-1","max-image-preview":"max-image-preview:large","max-video-preview":"max-video-preview:-1"},"canonical":"https:\/\/mykonostownhousehotel.com\/es\/descargo-de-responsabilidad\/","og_locale":"es_ES","og_type":"article","og_title":"Descargo de responsabilidad - The Townhouse Hotel Mykonos","og_description":"El TownHouse Mykonos es miembro y est\u00e1 representado en exclusiva por la Elegant Hotel Collection (EHC), constituida en el Reino Unido. El TownHouse forma parte de la franquicia hotelera EHC y se adhiere a su compromiso con la excelencia. Todas las reservas se realizan exclusivamente a trav\u00e9s de EHC y las consultas sobre cuentas relacionadas [&hellip;]","og_url":"https:\/\/mykonostownhousehotel.com\/es\/descargo-de-responsabilidad\/","og_site_name":"The Townhouse Hotel Mykonos","article_publisher":"https:\/\/www.facebook.com\/MykonosTownHouse\/","twitter_card":"summary_large_image","twitter_misc":{"Tiempo de lectura":"1 minuto"},"schema":{"@context":"https:\/\/schema.org","@graph":[{"@type":"WebPage","@id":"https:\/\/mykonostownhousehotel.com\/es\/descargo-de-responsabilidad\/","url":"https:\/\/mykonostownhousehotel.com\/es\/descargo-de-responsabilidad\/","name":"Descargo de responsabilidad - The Townhouse Hotel Mykonos","isPartOf":{"@id":"https:\/\/hotelrez-mykonos.local\/#website"},"datePublished":"2026-02-02T16:16:35+00:00","breadcrumb":{"@id":"https:\/\/mykonostownhousehotel.com\/es\/descargo-de-responsabilidad\/#breadcrumb"},"inLanguage":"es","potentialAction":[{"@type":"ReadAction","target":["https:\/\/mykonostownhousehotel.com\/es\/descargo-de-responsabilidad\/"]}]},{"@type":"BreadcrumbList","@id":"https:\/\/mykonostownhousehotel.com\/es\/descargo-de-responsabilidad\/#breadcrumb","itemListElement":[{"@type":"ListItem","position":1,"name":"Home","item":"https:\/\/mykonostownhousehotel.com\/es\/"},{"@type":"ListItem","position":2,"name":"Descargo de responsabilidad"}]},{"@type":"WebSite","@id":"https:\/\/hotelrez-mykonos.local\/#website","url":"https:\/\/hotelrez-mykonos.local\/","name":"The Townhouse Hotel Mykonos","description":"Reservations +30 211 198 9344","publisher":{"@id":"https:\/\/hotelrez-mykonos.local\/#organization"},"potentialAction":[{"@type":"SearchAction","target":{"@type":"EntryPoint","urlTemplate":"https:\/\/hotelrez-mykonos.local\/?s={search_term_string}"},"query-input":{"@type":"PropertyValueSpecification","valueRequired":true,"valueName":"search_term_string"}}],"inLanguage":"es"},{"@type":"Organization","@id":"https:\/\/hotelrez-mykonos.local\/#organization","name":"The TownHouse Mykonos","url":"https:\/\/hotelrez-mykonos.local\/","logo":{"@type":"ImageObject","inLanguage":"es","@id":"https:\/\/hotelrez-mykonos.local\/#\/schema\/logo\/image\/","url":"https:\/\/mykonostownhousehotel.com\/wp-content\/uploads\/2017\/01\/The-Townhouse-Mykonos-Logo-12.png","contentUrl":"https:\/\/mykonostownhousehotel.com\/wp-content\/uploads\/2017\/01\/The-Townhouse-Mykonos-Logo-12.png","width":909,"height":396,"caption":"The TownHouse Mykonos"},"image":{"@id":"https:\/\/hotelrez-mykonos.local\/#\/schema\/logo\/image\/"},"sameAs":["https:\/\/www.facebook.com\/MykonosTownHouse\/","https:\/\/www.instagram.com\/mykonostownhouse\/"]}]}},"_links":{"self":[{"href":"https:\/\/mykonostownhousehotel.com\/es\/wp-json\/wp\/v2\/pages\/11991","targetHints":{"allow":["GET"]}}],"collection":[{"href":"https:\/\/mykonostownhousehotel.com\/es\/wp-json\/wp\/v2\/pages"}],"about":[{"href":"https:\/\/mykonostownhousehotel.com\/es\/wp-json\/wp\/v2\/types\/page"}],"author":[{"embeddable":true,"href":"https:\/\/mykonostownhousehotel.com\/es\/wp-json\/wp\/v2\/users\/2"}],"replies":[{"embeddable":true,"href":"https:\/\/mykonostownhousehotel.com\/es\/wp-json\/wp\/v2\/comments?post=11991"}],"version-history":[{"count":0,"href":"https:\/\/mykonostownhousehotel.com\/es\/wp-json\/wp\/v2\/pages\/11991\/revisions"}],"wp:attachment":[{"href":"https:\/\/mykonostownhousehotel.com\/es\/wp-json\/wp\/v2\/media?parent=11991"}],"curies":[{"name":"wp","href":"https:\/\/api.w.org\/{rel}","templated":true}]}}