{"id":11754,"date":"2026-02-02T18:15:34","date_gmt":"2026-02-02T16:15:34","guid":{"rendered":"https:\/\/mykonostownhousehotel.com\/politicas-del-hotel-covid-19\/"},"modified":"2026-02-02T18:15:37","modified_gmt":"2026-02-02T16:15:37","slug":"politicas-del-hotel-covid-19","status":"publish","type":"page","link":"https:\/\/mykonostownhousehotel.com\/es\/politicas-del-hotel-covid-19\/","title":{"rendered":"Pol\u00edticas del hotel COVID-19"},"content":{"rendered":"<div class=\"wpb-content-wrapper\"><p>[vc_row rt_row_background_width=\u00bbfullwidth\u00bb rt_row_content_width=\u00bbfullwidth\u00bb rt_row_style=\u00bbalt-style-1&#8243; rt_row_height=\u00bbmin_height\u00bb rt_holder_placement=\u00bbmiddle\u00bb rt_column_placement=\u00bbmiddle\u00bb rt_row_borders=\u00bb\u00bb rt_row_shadows=\u00bb\u00bb rt_column_gaps=\u00bb\u00bb rt_row_paddings=\u00bbtrue\u00bb rt_bg_effect=\u00bbclassic\u00bb rt_transparent_bg=\u00bb\u00bb rt_bg_image_repeat=\u00bbrepeat\u00bb rt_bg_size=\u00bbcover\u00bb rt_bg_position=\u00bbcenter center\u00bb rt_bg_attachment=\u00bbfixed\u00bb rt_bg_video_format=\u00bbself-hosted\u00bb rt_bg_color=\u00bb#020202&#8243; rt_min_row_height=\u00bb600&#8243; rt_bg_image=\u00bb7548&#8243; rt_bg_overlay_color=\u00bbrgba(0,0,0,0.79)\u00bb][vc_column rt_col_paddings=\u00bbtrue\u00bb rt_wrp_col_paddings=\u00bbfalse\u00bb rt_column_shadow=\u00bb\u00bb rt_border_top=\u00bb\u00bb rt_border_bottom=\u00bb\u00bb rt_border_left=\u00bb\u00bb rt_border_right=\u00bb\u00bb rt_border_top_mobile=\u00bb\u00bb rt_border_bottom_mobile=\u00bb\u00bb rt_border_left_mobile=\u00bb\u00bb rt_border_right_mobile=\u00bb\u00bb rt_bg_image_repeat=\u00bbrepeat\u00bb rt_bg_size=\u00bbauto auto\u00bb rt_bg_position=\u00bbright top\u00bb rt_bg_attachment=\u00bbscroll\u00bb]<div class=\"rt_heading_wrapper style-4\">\n\t\t\t\t\t\t<h1 class=\"rt_heading  primary-color secondary-font style-4\"  style=\"font-size:50px;margin-top:150px;\">Pol\u00edticas del hotel COVID-19<\/h1> \n\t\t\t\t\t<\/div>[\/vc_column][\/vc_row][vc_row rt_row_background_width=\u00bbfullwidth\u00bb rt_row_content_width=\u00bbdefault\u00bb rt_row_style=\u00bbdefault-style\u00bb rt_row_height=\u00bb\u00bb rt_row_borders=\u00bb\u00bb rt_row_shadows=\u00bb\u00bb rt_column_gaps=\u00bb\u00bb rt_row_paddings=\u00bbtrue\u00bb rt_bg_effect=\u00bbclassic\u00bb rt_transparent_bg=\u00bb\u00bb rt_bg_image_repeat=\u00bbrepeat\u00bb rt_bg_size=\u00bbcover\u00bb rt_bg_position=\u00bbright top\u00bb rt_bg_attachment=\u00bbscroll\u00bb rt_bg_video_format=\u00bbself-hosted\u00bb][vc_column rt_col_paddings=\u00bbtrue\u00bb rt_wrp_col_paddings=\u00bbfalse\u00bb rt_column_shadow=\u00bb\u00bb rt_border_top=\u00bb\u00bb rt_border_bottom=\u00bb\u00bb rt_border_left=\u00bb\u00bb rt_border_right=\u00bb\u00bb rt_border_top_mobile=\u00bb\u00bb rt_border_bottom_mobile=\u00bb\u00bb rt_border_left_mobile=\u00bb\u00bb rt_border_right_mobile=\u00bb\u00bb rt_bg_image_repeat=\u00bbrepeat\u00bb rt_bg_size=\u00bbauto auto\u00bb rt_bg_position=\u00bbright top\u00bb rt_bg_attachment=\u00bbscroll\u00bb][vc_column_text]En The TownHouse Mykonos, somos muy conscientes del impacto del virus Corona y del brote de Covid-19 en las decisiones de viaje de los hu\u00e9spedes y de la necesidad de que se sientan \u00abseguros\u00bb cuando se alojan con nosotros.<\/p>\n<p>La salud de nuestros hu\u00e9spedes y del personal es primordial para nosotros. Esta p\u00e1gina proporciona a los hu\u00e9spedes actuales y futuros una visi\u00f3n general de las medidas que tomamos para garantizar tu seguridad y bienestar. <\/p>\n<p>La TownHouse sigue de cerca las recomendaciones de la Organizaci\u00f3n Mundial de la Salud (OMS), el Centro de Control de Enfermedades (CDC) y diversas agencias gubernamentales en materia de buenas pr\u00e1cticas, que informan nuestras pol\u00edticas y mejoran los procedimientos operativos. Hemos puesto en pr\u00e1ctica las siguientes pol\u00edticas <\/p>\n<p><img loading=\"lazy\" decoding=\"async\" class=\"alignnone wp-image-7399 size-full\" src=\"https:\/\/mykonostownhousehotel.com\/wp-content\/uploads\/2020\/07\/Covid_Compliance_Badge_1137628-02.jpg\" alt=\"\" width=\"1034\" height=\"317\" srcset=\"https:\/\/mykonostownhousehotel.com\/wp-content\/uploads\/2020\/07\/Covid_Compliance_Badge_1137628-02.jpg 1034w, https:\/\/mykonostownhousehotel.com\/wp-content\/uploads\/2020\/07\/Covid_Compliance_Badge_1137628-02-300x92.jpg 300w, https:\/\/mykonostownhousehotel.com\/wp-content\/uploads\/2020\/07\/Covid_Compliance_Badge_1137628-02-1024x314.jpg 1024w, https:\/\/mykonostownhousehotel.com\/wp-content\/uploads\/2020\/07\/Covid_Compliance_Badge_1137628-02-768x235.jpg 768w\" sizes=\"auto, (max-width: 1034px) 100vw, 1034px\" \/><\/p>\n<p>&nbsp;<\/p>\n<h4><b>Pol\u00edtica de super \u00absala blanca<\/b><\/h4>\n<p>Mary Poppins estar\u00eda muy orgullosa de nuestro enfoque minucioso de la desinfecci\u00f3n e higienizaci\u00f3n de las habitaciones y de todas las zonas del hotel.<\/p>\n<ul>\n<li>Nuestros PNT de limpieza de habitaciones cumplen las instrucciones de EODY COVID-19.<\/li>\n<li>Todas las habitaciones (y las zonas p\u00fablicas) se desinfectan a fondo con productos espec\u00edficos de Dettol, Lysol, Johnson &amp; Johnson o similares. Esto se hace antes de la llegada. <\/li>\n<li>Una vez que las habitaciones se han sometido a una \u00abhigienizaci\u00f3n profunda\u00bb, se sellan para garantizar que eres la \u00fanica y la primera persona que entra.<\/li>\n<li>Se han identificado las zonas de alto contacto en las habitaciones y en todo el hotel, y se desinfectan peri\u00f3dicamente. \u00c9stas incluyen, entre otras: tiradores de puertas, botones, barandillas, recepci\u00f3n; mostradores, llaves de habitaciones, zonas de bar, mesas y todas las zonas comunes. <\/li>\n<li>Las habitaciones desordenadas reducen el riesgo de transmisi\u00f3n.<\/li>\n<li>Limpieza a petici\u00f3n &#8211; Nuestra norma es limpiar las habitaciones a diario y cambiar las s\u00e1banas cada dos d\u00edas, adem\u00e1s de ofrecer un servicio de cambio de s\u00e1banas. El servicio de limpieza s\u00f3lo se realiza a petici\u00f3n de los hu\u00e9spedes entre las 19.00 y las 21.00 horas. <\/li>\n<li>Nuestros minibares se desinfectan antes de la llegada y seguir\u00e1n estando totalmente abastecidos.<\/li>\n<\/ul>\n<p>&nbsp;<\/p>\n<h4><b>Higiene del personal y EPI  <\/b><\/h4>\n<ul>\n<li>Todos los miembros del personal deben seguir los consejos oficiales relativos a la adopci\u00f3n de equipos de protecci\u00f3n individual (EPI) mediante el uso de mascarillas.<\/li>\n<li>Todos los miembros del personal deben lavarse y desinfectarse las manos con frecuencia<\/li>\n<li>Proporcionamos l\u00edquido antibacteriano y desinfectantes en todo el hotel para uso de los hu\u00e9spedes<\/li>\n<li>No estrechamos la mano ni establecemos ning\u00fan tipo de contacto f\u00edsico con hu\u00e9spedes o compa\u00f1eros (se trata de una pr\u00e1ctica recomendada para evitar la propagaci\u00f3n del COVID-19). Esto nos resulta un poco extra\u00f1o, ya que al ser un hotel boutique de lujo creemos que la personalizaci\u00f3n es incre\u00edblemente importante. No obstante, haremos todo lo posible para que la personalidad de nuestros equipos siga brillando.  <\/li>\n<li>El equipo EPI para los invitados est\u00e1 disponible previa solicitud.<\/li>\n<li>Nuestra cocina funciona de acuerdo con las normas y reglamentos APPCC.<\/li>\n<li>Todos los puntos de contacto con el p\u00fablico de alta frecuencia se desinfectan con frecuencia<\/li>\n<li>Las toallas de las tumbonas se cambian y las tumbonas se desinfectan despu\u00e9s de cada uso<\/li>\n<\/ul>\n<p>&nbsp;<\/p>\n<h4><strong>Distanciamiento social<\/strong><\/h4>\n<ul>\n<li>Se ofrece desayuno a la carta. El desayuno se sirve en las terrazas del bar 54. Si has reservado la tarifa \u00abB\u00faho Nocturno\u00bb (s\u00f3lo habitaci\u00f3n), puedes a\u00f1adir el desayuno a tu estancia por un cargo adicional por persona.  <\/li>\n<li>Se han establecido restricciones en todo el hotel para garantizar que se mantiene cierto grado de distanciamiento social.<\/li>\n<li>Se ha reducido el n\u00famero de mesas disponibles en el hotel para que los hu\u00e9spedes tomen bebidas, etc., de acuerdo con las directrices oficiales. Esto incluye la capacidad de nuestro 54 Cocktail Bar, que se ha reducido para garantizar tu seguridad, por lo que te recomendamos que reserves sitio si te apetece tomarte un c\u00f3ctel con nosotros: los hu\u00e9spedes del hotel siempre tienen prioridad. <\/li>\n<li>Las restricciones de buenas pr\u00e1cticas tambi\u00e9n se aplican en Pump Gym.<\/li>\n<li>Habla con recepci\u00f3n para que te informen de c\u00f3mo hacer las reservas necesarias.<\/li>\n<\/ul>\n<div class=\"notranslate\" style=\"all: initial;\"><\/div>\n<p>[\/vc_column_text][\/vc_column][\/vc_row]<\/p>\n<\/div>","protected":false},"excerpt":{"rendered":"<p>[vc_row rt_row_background_width=\u00bbfullwidth\u00bb rt_row_content_width=\u00bbfullwidth\u00bb rt_row_style=\u00bbalt-style-1&#8243; rt_row_height=\u00bbmin_height\u00bb rt_holder_placement=\u00bbmiddle\u00bb rt_column_placement=\u00bbmiddle\u00bb rt_row_borders=\u00bb\u00bb rt_row_shadows=\u00bb\u00bb rt_column_gaps=\u00bb\u00bb rt_row_paddings=\u00bbtrue\u00bb rt_bg_effect=\u00bbclassic\u00bb rt_transparent_bg=\u00bb\u00bb rt_bg_image_repeat=\u00bbrepeat\u00bb rt_bg_size=\u00bbcover\u00bb rt_bg_position=\u00bbcenter center\u00bb rt_bg_attachment=\u00bbfixed\u00bb rt_bg_video_format=\u00bbself-hosted\u00bb rt_bg_color=\u00bb#020202&#8243; rt_min_row_height=\u00bb600&#8243; rt_bg_image=\u00bb7548&#8243; rt_bg_overlay_color=\u00bbrgba(0,0,0,0.79)\u00bb][vc_column rt_col_paddings=\u00bbtrue\u00bb rt_wrp_col_paddings=\u00bbfalse\u00bb rt_column_shadow=\u00bb\u00bb rt_border_top=\u00bb\u00bb rt_border_bottom=\u00bb\u00bb rt_border_left=\u00bb\u00bb rt_border_right=\u00bb\u00bb rt_border_top_mobile=\u00bb\u00bb rt_border_bottom_mobile=\u00bb\u00bb rt_border_left_mobile=\u00bb\u00bb rt_border_right_mobile=\u00bb\u00bb rt_bg_image_repeat=\u00bbrepeat\u00bb rt_bg_size=\u00bbauto auto\u00bb rt_bg_position=\u00bbright top\u00bb rt_bg_attachment=\u00bbscroll\u00bb][\/vc_column][\/vc_row][vc_row rt_row_background_width=\u00bbfullwidth\u00bb rt_row_content_width=\u00bbdefault\u00bb rt_row_style=\u00bbdefault-style\u00bb rt_row_height=\u00bb\u00bb rt_row_borders=\u00bb\u00bb rt_row_shadows=\u00bb\u00bb rt_column_gaps=\u00bb\u00bb rt_row_paddings=\u00bbtrue\u00bb rt_bg_effect=\u00bbclassic\u00bb rt_transparent_bg=\u00bb\u00bb rt_bg_image_repeat=\u00bbrepeat\u00bb rt_bg_size=\u00bbcover\u00bb rt_bg_position=\u00bbright top\u00bb rt_bg_attachment=\u00bbscroll\u00bb &#8230; <a class=\"more-link\" href=\"https:\/\/mykonostownhousehotel.com\/es\/politicas-del-hotel-covid-19\/\">Seguir leyendo<\/a><\/p>\n","protected":false},"author":2,"featured_media":0,"parent":0,"menu_order":0,"comment_status":"closed","ping_status":"closed","template":"","meta":{"footnotes":""},"class_list":["post-11754","page","type-page","status-publish","hentry"],"yoast_head":"<!-- This site is optimized with the Yoast SEO plugin v27.4 - https:\/\/yoast.com\/product\/yoast-seo-wordpress\/ -->\n<title>Pol\u00edticas del hotel COVID-19 - The Townhouse Hotel Mykonos<\/title>\n<meta name=\"robots\" content=\"index, follow, max-snippet:-1, max-image-preview:large, max-video-preview:-1\" \/>\n<link rel=\"canonical\" href=\"https:\/\/mykonostownhousehotel.com\/es\/politicas-del-hotel-covid-19\/\" \/>\n<meta property=\"og:locale\" content=\"es_ES\" \/>\n<meta property=\"og:type\" content=\"article\" \/>\n<meta property=\"og:title\" content=\"Pol\u00edticas del hotel COVID-19 - The Townhouse Hotel Mykonos\" \/>\n<meta property=\"og:description\" content=\"[vc_row rt_row_background_width=\u00bbfullwidth\u00bb rt_row_content_width=\u00bbfullwidth\u00bb rt_row_style=\u00bbalt-style-1&#8243; rt_row_height=\u00bbmin_height\u00bb rt_holder_placement=\u00bbmiddle\u00bb rt_column_placement=\u00bbmiddle\u00bb rt_row_borders=\u00bb\u00bb rt_row_shadows=\u00bb\u00bb rt_column_gaps=\u00bb\u00bb rt_row_paddings=\u00bbtrue\u00bb rt_bg_effect=\u00bbclassic\u00bb rt_transparent_bg=\u00bb\u00bb rt_bg_image_repeat=\u00bbrepeat\u00bb rt_bg_size=\u00bbcover\u00bb rt_bg_position=\u00bbcenter center\u00bb rt_bg_attachment=\u00bbfixed\u00bb rt_bg_video_format=\u00bbself-hosted\u00bb rt_bg_color=\u00bb#020202&#8243; rt_min_row_height=\u00bb600&#8243; rt_bg_image=\u00bb7548&#8243; rt_bg_overlay_color=\u00bbrgba(0,0,0,0.79)\u00bb][vc_column rt_col_paddings=\u00bbtrue\u00bb rt_wrp_col_paddings=\u00bbfalse\u00bb rt_column_shadow=\u00bb\u00bb rt_border_top=\u00bb\u00bb rt_border_bottom=\u00bb\u00bb rt_border_left=\u00bb\u00bb rt_border_right=\u00bb\u00bb rt_border_top_mobile=\u00bb\u00bb rt_border_bottom_mobile=\u00bb\u00bb rt_border_left_mobile=\u00bb\u00bb rt_border_right_mobile=\u00bb\u00bb rt_bg_image_repeat=\u00bbrepeat\u00bb rt_bg_size=\u00bbauto auto\u00bb rt_bg_position=\u00bbright top\u00bb rt_bg_attachment=\u00bbscroll\u00bb][\/vc_column][\/vc_row][vc_row rt_row_background_width=\u00bbfullwidth\u00bb rt_row_content_width=\u00bbdefault\u00bb rt_row_style=\u00bbdefault-style\u00bb rt_row_height=\u00bb\u00bb rt_row_borders=\u00bb\u00bb rt_row_shadows=\u00bb\u00bb rt_column_gaps=\u00bb\u00bb rt_row_paddings=\u00bbtrue\u00bb rt_bg_effect=\u00bbclassic\u00bb rt_transparent_bg=\u00bb\u00bb rt_bg_image_repeat=\u00bbrepeat\u00bb rt_bg_size=\u00bbcover\u00bb rt_bg_position=\u00bbright top\u00bb rt_bg_attachment=\u00bbscroll\u00bb [&hellip;]\" \/>\n<meta property=\"og:url\" content=\"https:\/\/mykonostownhousehotel.com\/es\/politicas-del-hotel-covid-19\/\" \/>\n<meta property=\"og:site_name\" content=\"The Townhouse Hotel Mykonos\" \/>\n<meta property=\"article:publisher\" content=\"https:\/\/www.facebook.com\/MykonosTownHouse\/\" \/>\n<meta property=\"article:modified_time\" content=\"2026-02-02T16:15:37+00:00\" \/>\n<meta property=\"og:image\" content=\"https:\/\/mykonostownhousehotel.com\/wp-content\/uploads\/2020\/07\/Covid_Compliance_Badge_1137628-02.jpg\" \/>\n\t<meta property=\"og:image:width\" content=\"1034\" \/>\n\t<meta property=\"og:image:height\" content=\"317\" \/>\n\t<meta property=\"og:image:type\" content=\"image\/jpeg\" \/>\n<meta name=\"twitter:card\" content=\"summary_large_image\" \/>\n<meta name=\"twitter:label1\" content=\"Tiempo de lectura\" \/>\n\t<meta name=\"twitter:data1\" content=\"5 minutos\" \/>\n<script type=\"application\/ld+json\" class=\"yoast-schema-graph\">{\"@context\":\"https:\\\/\\\/schema.org\",\"@graph\":[{\"@type\":\"WebPage\",\"@id\":\"https:\\\/\\\/mykonostownhousehotel.com\\\/es\\\/politicas-del-hotel-covid-19\\\/\",\"url\":\"https:\\\/\\\/mykonostownhousehotel.com\\\/es\\\/politicas-del-hotel-covid-19\\\/\",\"name\":\"Pol\u00edticas del hotel COVID-19 - The Townhouse Hotel Mykonos\",\"isPartOf\":{\"@id\":\"https:\\\/\\\/hotelrez-mykonos.local\\\/#website\"},\"primaryImageOfPage\":{\"@id\":\"https:\\\/\\\/mykonostownhousehotel.com\\\/es\\\/politicas-del-hotel-covid-19\\\/#primaryimage\"},\"image\":{\"@id\":\"https:\\\/\\\/mykonostownhousehotel.com\\\/es\\\/politicas-del-hotel-covid-19\\\/#primaryimage\"},\"thumbnailUrl\":\"https:\\\/\\\/mykonostownhousehotel.com\\\/wp-content\\\/uploads\\\/2020\\\/07\\\/Covid_Compliance_Badge_1137628-02.jpg\",\"datePublished\":\"2026-02-02T16:15:34+00:00\",\"dateModified\":\"2026-02-02T16:15:37+00:00\",\"breadcrumb\":{\"@id\":\"https:\\\/\\\/mykonostownhousehotel.com\\\/es\\\/politicas-del-hotel-covid-19\\\/#breadcrumb\"},\"inLanguage\":\"es\",\"potentialAction\":[{\"@type\":\"ReadAction\",\"target\":[\"https:\\\/\\\/mykonostownhousehotel.com\\\/es\\\/politicas-del-hotel-covid-19\\\/\"]}]},{\"@type\":\"ImageObject\",\"inLanguage\":\"es\",\"@id\":\"https:\\\/\\\/mykonostownhousehotel.com\\\/es\\\/politicas-del-hotel-covid-19\\\/#primaryimage\",\"url\":\"https:\\\/\\\/mykonostownhousehotel.com\\\/wp-content\\\/uploads\\\/2020\\\/07\\\/Covid_Compliance_Badge_1137628-02.jpg\",\"contentUrl\":\"https:\\\/\\\/mykonostownhousehotel.com\\\/wp-content\\\/uploads\\\/2020\\\/07\\\/Covid_Compliance_Badge_1137628-02.jpg\"},{\"@type\":\"BreadcrumbList\",\"@id\":\"https:\\\/\\\/mykonostownhousehotel.com\\\/es\\\/politicas-del-hotel-covid-19\\\/#breadcrumb\",\"itemListElement\":[{\"@type\":\"ListItem\",\"position\":1,\"name\":\"Home\",\"item\":\"https:\\\/\\\/mykonostownhousehotel.com\\\/es\\\/\"},{\"@type\":\"ListItem\",\"position\":2,\"name\":\"Pol\u00edticas del hotel COVID-19\"}]},{\"@type\":\"WebSite\",\"@id\":\"https:\\\/\\\/hotelrez-mykonos.local\\\/#website\",\"url\":\"https:\\\/\\\/hotelrez-mykonos.local\\\/\",\"name\":\"The Townhouse Hotel Mykonos\",\"description\":\"Reservations +30 211 198 9344\",\"publisher\":{\"@id\":\"https:\\\/\\\/hotelrez-mykonos.local\\\/#organization\"},\"potentialAction\":[{\"@type\":\"SearchAction\",\"target\":{\"@type\":\"EntryPoint\",\"urlTemplate\":\"https:\\\/\\\/hotelrez-mykonos.local\\\/?s={search_term_string}\"},\"query-input\":{\"@type\":\"PropertyValueSpecification\",\"valueRequired\":true,\"valueName\":\"search_term_string\"}}],\"inLanguage\":\"es\"},{\"@type\":\"Organization\",\"@id\":\"https:\\\/\\\/hotelrez-mykonos.local\\\/#organization\",\"name\":\"The TownHouse Mykonos\",\"url\":\"https:\\\/\\\/hotelrez-mykonos.local\\\/\",\"logo\":{\"@type\":\"ImageObject\",\"inLanguage\":\"es\",\"@id\":\"https:\\\/\\\/hotelrez-mykonos.local\\\/#\\\/schema\\\/logo\\\/image\\\/\",\"url\":\"https:\\\/\\\/mykonostownhousehotel.com\\\/wp-content\\\/uploads\\\/2017\\\/01\\\/The-Townhouse-Mykonos-Logo-12.png\",\"contentUrl\":\"https:\\\/\\\/mykonostownhousehotel.com\\\/wp-content\\\/uploads\\\/2017\\\/01\\\/The-Townhouse-Mykonos-Logo-12.png\",\"width\":909,\"height\":396,\"caption\":\"The TownHouse Mykonos\"},\"image\":{\"@id\":\"https:\\\/\\\/hotelrez-mykonos.local\\\/#\\\/schema\\\/logo\\\/image\\\/\"},\"sameAs\":[\"https:\\\/\\\/www.facebook.com\\\/MykonosTownHouse\\\/\",\"https:\\\/\\\/www.instagram.com\\\/mykonostownhouse\\\/\"]}]}<\/script>\n<!-- \/ Yoast SEO plugin. -->","yoast_head_json":{"title":"Pol\u00edticas del hotel COVID-19 - The Townhouse Hotel Mykonos","robots":{"index":"index","follow":"follow","max-snippet":"max-snippet:-1","max-image-preview":"max-image-preview:large","max-video-preview":"max-video-preview:-1"},"canonical":"https:\/\/mykonostownhousehotel.com\/es\/politicas-del-hotel-covid-19\/","og_locale":"es_ES","og_type":"article","og_title":"Pol\u00edticas del hotel COVID-19 - The Townhouse Hotel Mykonos","og_description":"[vc_row rt_row_background_width=\u00bbfullwidth\u00bb rt_row_content_width=\u00bbfullwidth\u00bb rt_row_style=\u00bbalt-style-1&#8243; rt_row_height=\u00bbmin_height\u00bb rt_holder_placement=\u00bbmiddle\u00bb rt_column_placement=\u00bbmiddle\u00bb rt_row_borders=\u00bb\u00bb rt_row_shadows=\u00bb\u00bb rt_column_gaps=\u00bb\u00bb rt_row_paddings=\u00bbtrue\u00bb rt_bg_effect=\u00bbclassic\u00bb rt_transparent_bg=\u00bb\u00bb rt_bg_image_repeat=\u00bbrepeat\u00bb rt_bg_size=\u00bbcover\u00bb rt_bg_position=\u00bbcenter center\u00bb rt_bg_attachment=\u00bbfixed\u00bb rt_bg_video_format=\u00bbself-hosted\u00bb rt_bg_color=\u00bb#020202&#8243; rt_min_row_height=\u00bb600&#8243; rt_bg_image=\u00bb7548&#8243; rt_bg_overlay_color=\u00bbrgba(0,0,0,0.79)\u00bb][vc_column rt_col_paddings=\u00bbtrue\u00bb rt_wrp_col_paddings=\u00bbfalse\u00bb rt_column_shadow=\u00bb\u00bb rt_border_top=\u00bb\u00bb rt_border_bottom=\u00bb\u00bb rt_border_left=\u00bb\u00bb rt_border_right=\u00bb\u00bb rt_border_top_mobile=\u00bb\u00bb rt_border_bottom_mobile=\u00bb\u00bb rt_border_left_mobile=\u00bb\u00bb rt_border_right_mobile=\u00bb\u00bb rt_bg_image_repeat=\u00bbrepeat\u00bb rt_bg_size=\u00bbauto auto\u00bb rt_bg_position=\u00bbright top\u00bb rt_bg_attachment=\u00bbscroll\u00bb][\/vc_column][\/vc_row][vc_row rt_row_background_width=\u00bbfullwidth\u00bb rt_row_content_width=\u00bbdefault\u00bb rt_row_style=\u00bbdefault-style\u00bb rt_row_height=\u00bb\u00bb rt_row_borders=\u00bb\u00bb rt_row_shadows=\u00bb\u00bb rt_column_gaps=\u00bb\u00bb rt_row_paddings=\u00bbtrue\u00bb rt_bg_effect=\u00bbclassic\u00bb rt_transparent_bg=\u00bb\u00bb rt_bg_image_repeat=\u00bbrepeat\u00bb rt_bg_size=\u00bbcover\u00bb rt_bg_position=\u00bbright top\u00bb rt_bg_attachment=\u00bbscroll\u00bb [&hellip;]","og_url":"https:\/\/mykonostownhousehotel.com\/es\/politicas-del-hotel-covid-19\/","og_site_name":"The Townhouse Hotel Mykonos","article_publisher":"https:\/\/www.facebook.com\/MykonosTownHouse\/","article_modified_time":"2026-02-02T16:15:37+00:00","og_image":[{"width":1034,"height":317,"url":"https:\/\/mykonostownhousehotel.com\/wp-content\/uploads\/2020\/07\/Covid_Compliance_Badge_1137628-02.jpg","type":"image\/jpeg"}],"twitter_card":"summary_large_image","twitter_misc":{"Tiempo de lectura":"5 minutos"},"schema":{"@context":"https:\/\/schema.org","@graph":[{"@type":"WebPage","@id":"https:\/\/mykonostownhousehotel.com\/es\/politicas-del-hotel-covid-19\/","url":"https:\/\/mykonostownhousehotel.com\/es\/politicas-del-hotel-covid-19\/","name":"Pol\u00edticas del hotel COVID-19 - The Townhouse Hotel Mykonos","isPartOf":{"@id":"https:\/\/hotelrez-mykonos.local\/#website"},"primaryImageOfPage":{"@id":"https:\/\/mykonostownhousehotel.com\/es\/politicas-del-hotel-covid-19\/#primaryimage"},"image":{"@id":"https:\/\/mykonostownhousehotel.com\/es\/politicas-del-hotel-covid-19\/#primaryimage"},"thumbnailUrl":"https:\/\/mykonostownhousehotel.com\/wp-content\/uploads\/2020\/07\/Covid_Compliance_Badge_1137628-02.jpg","datePublished":"2026-02-02T16:15:34+00:00","dateModified":"2026-02-02T16:15:37+00:00","breadcrumb":{"@id":"https:\/\/mykonostownhousehotel.com\/es\/politicas-del-hotel-covid-19\/#breadcrumb"},"inLanguage":"es","potentialAction":[{"@type":"ReadAction","target":["https:\/\/mykonostownhousehotel.com\/es\/politicas-del-hotel-covid-19\/"]}]},{"@type":"ImageObject","inLanguage":"es","@id":"https:\/\/mykonostownhousehotel.com\/es\/politicas-del-hotel-covid-19\/#primaryimage","url":"https:\/\/mykonostownhousehotel.com\/wp-content\/uploads\/2020\/07\/Covid_Compliance_Badge_1137628-02.jpg","contentUrl":"https:\/\/mykonostownhousehotel.com\/wp-content\/uploads\/2020\/07\/Covid_Compliance_Badge_1137628-02.jpg"},{"@type":"BreadcrumbList","@id":"https:\/\/mykonostownhousehotel.com\/es\/politicas-del-hotel-covid-19\/#breadcrumb","itemListElement":[{"@type":"ListItem","position":1,"name":"Home","item":"https:\/\/mykonostownhousehotel.com\/es\/"},{"@type":"ListItem","position":2,"name":"Pol\u00edticas del hotel COVID-19"}]},{"@type":"WebSite","@id":"https:\/\/hotelrez-mykonos.local\/#website","url":"https:\/\/hotelrez-mykonos.local\/","name":"The Townhouse Hotel Mykonos","description":"Reservations +30 211 198 9344","publisher":{"@id":"https:\/\/hotelrez-mykonos.local\/#organization"},"potentialAction":[{"@type":"SearchAction","target":{"@type":"EntryPoint","urlTemplate":"https:\/\/hotelrez-mykonos.local\/?s={search_term_string}"},"query-input":{"@type":"PropertyValueSpecification","valueRequired":true,"valueName":"search_term_string"}}],"inLanguage":"es"},{"@type":"Organization","@id":"https:\/\/hotelrez-mykonos.local\/#organization","name":"The TownHouse Mykonos","url":"https:\/\/hotelrez-mykonos.local\/","logo":{"@type":"ImageObject","inLanguage":"es","@id":"https:\/\/hotelrez-mykonos.local\/#\/schema\/logo\/image\/","url":"https:\/\/mykonostownhousehotel.com\/wp-content\/uploads\/2017\/01\/The-Townhouse-Mykonos-Logo-12.png","contentUrl":"https:\/\/mykonostownhousehotel.com\/wp-content\/uploads\/2017\/01\/The-Townhouse-Mykonos-Logo-12.png","width":909,"height":396,"caption":"The TownHouse Mykonos"},"image":{"@id":"https:\/\/hotelrez-mykonos.local\/#\/schema\/logo\/image\/"},"sameAs":["https:\/\/www.facebook.com\/MykonosTownHouse\/","https:\/\/www.instagram.com\/mykonostownhouse\/"]}]}},"_links":{"self":[{"href":"https:\/\/mykonostownhousehotel.com\/es\/wp-json\/wp\/v2\/pages\/11754","targetHints":{"allow":["GET"]}}],"collection":[{"href":"https:\/\/mykonostownhousehotel.com\/es\/wp-json\/wp\/v2\/pages"}],"about":[{"href":"https:\/\/mykonostownhousehotel.com\/es\/wp-json\/wp\/v2\/types\/page"}],"author":[{"embeddable":true,"href":"https:\/\/mykonostownhousehotel.com\/es\/wp-json\/wp\/v2\/users\/2"}],"replies":[{"embeddable":true,"href":"https:\/\/mykonostownhousehotel.com\/es\/wp-json\/wp\/v2\/comments?post=11754"}],"version-history":[{"count":1,"href":"https:\/\/mykonostownhousehotel.com\/es\/wp-json\/wp\/v2\/pages\/11754\/revisions"}],"predecessor-version":[{"id":11758,"href":"https:\/\/mykonostownhousehotel.com\/es\/wp-json\/wp\/v2\/pages\/11754\/revisions\/11758"}],"wp:attachment":[{"href":"https:\/\/mykonostownhousehotel.com\/es\/wp-json\/wp\/v2\/media?parent=11754"}],"curies":[{"name":"wp","href":"https:\/\/api.w.org\/{rel}","templated":true}]}}