{"id":11507,"date":"2026-02-02T18:15:09","date_gmt":"2026-02-02T16:15:09","guid":{"rendered":"https:\/\/mykonostownhousehotel.com\/gracias-por-suscribirte\/"},"modified":"2026-02-02T18:15:13","modified_gmt":"2026-02-02T16:15:13","slug":"gracias-por-suscribirte","status":"publish","type":"page","link":"https:\/\/mykonostownhousehotel.com\/es\/gracias-por-suscribirte\/","title":{"rendered":"\u00a1Gracias por suscribirte!"},"content":{"rendered":"<div class=\"wpb-content-wrapper\"><p>[vc_row rt_row_background_width=\u00bbfullwidth\u00bb rt_row_content_width=\u00bbdefault\u00bb rt_row_style=\u00bbalt-style-1&#8243; rt_row_height=\u00bbfull_height\u00bb rt_holder_placement=\u00bbmiddle\u00bb rt_column_placement=\u00bbmiddle\u00bb rt_row_borders=\u00bb\u00bb rt_row_shadows=\u00bb\u00bb rt_column_gaps=\u00bb\u00bb rt_row_paddings=\u00bbtrue\u00bb rt_bg_effect=\u00bbclassic\u00bb rt_transparent_bg=\u00bb\u00bb rt_bg_image_repeat=\u00bbrepeat\u00bb rt_bg_size=\u00bbcover\u00bb rt_bg_position=\u00bbright top\u00bb rt_bg_attachment=\u00bbscroll\u00bb rt_bg_video_format=\u00bbself-hosted\u00bb rt_padding_top=\u00bb200&#8243; rt_padding_bottom=\u00bb200&#8243; rt_bg_image=\u00bb3362&#8243; rt_bg_overlay_color=\u00bbrgba(0,0,0,0.73)\u00bb][vc_column rt_col_paddings=\u00bbtrue\u00bb rt_wrp_col_paddings=\u00bbfalse\u00bb rt_column_shadow=\u00bb\u00bb rt_border_top=\u00bb\u00bb rt_border_bottom=\u00bb\u00bb rt_border_left=\u00bb\u00bb rt_border_right=\u00bb\u00bb rt_border_top_mobile=\u00bb\u00bb rt_border_bottom_mobile=\u00bb\u00bb rt_border_left_mobile=\u00bb\u00bb rt_border_right_mobile=\u00bb\u00bb rt_bg_image_repeat=\u00bbrepeat\u00bb rt_bg_size=\u00bbauto auto\u00bb rt_bg_position=\u00bbright top\u00bb rt_bg_attachment=\u00bbscroll\u00bb][vc_column_text css_animation=\u00bbfadeIn\u00bb]<\/p>\n<h2 style=\"text-align: center;\"><\/h2>\n<h1 class=\"entry-content clearfix\" style=\"text-align: center;\">\u00a1Gracias por suscribirte!<\/h1>\n<h4><\/h4>\n<h4 class=\"entry-content clearfix\" style=\"text-align: center;\"><span style=\"color: #baad85;\">Tu suscripci\u00f3n ha sido confirmada.<\/span><\/h4>\n<p>[\/vc_column_text][vc_column_text css_animation=\u00bbfadeIn\u00bb]<\/p>\n<h5 class=\"entry-content clearfix\" style=\"text-align: center;\">The TownHouse Mykonos c\/o Elegant Hotel Collection Ltd. te enviar\u00e1 ofertas y tarifas especiales, noticias y contenido del blog, as\u00ed como c\u00f3digos promocionales exclusivos en nuestros boletines.<\/h5>\n<p>&nbsp;<\/p>\n<p class=\"entry-content clearfix\" style=\"text-align: center;\">Puedes dejar de recibir esta informaci\u00f3n en cualquier momento haciendo clic en el enlace \u00abdarse de baja\u00bb de cualquiera de los correos electr\u00f3nicos que te enviamos o envi\u00e1ndonos un correo electr\u00f3nico directamente a <a href=\"mailto:marketing@eleganthotelcollection.com\">marketing@eleganthotelcollection.com.<\/a><\/p>\n<p>[\/vc_column_text][\/vc_column][\/vc_row]<\/p>\n<\/div>","protected":false},"excerpt":{"rendered":"<p>[vc_row rt_row_background_width=\u00bbfullwidth\u00bb rt_row_content_width=\u00bbdefault\u00bb rt_row_style=\u00bbalt-style-1&#8243; rt_row_height=\u00bbfull_height\u00bb rt_holder_placement=\u00bbmiddle\u00bb rt_column_placement=\u00bbmiddle\u00bb rt_row_borders=\u00bb\u00bb rt_row_shadows=\u00bb\u00bb rt_column_gaps=\u00bb\u00bb rt_row_paddings=\u00bbtrue\u00bb rt_bg_effect=\u00bbclassic\u00bb rt_transparent_bg=\u00bb\u00bb rt_bg_image_repeat=\u00bbrepeat\u00bb rt_bg_size=\u00bbcover\u00bb rt_bg_position=\u00bbright top\u00bb rt_bg_attachment=\u00bbscroll\u00bb rt_bg_video_format=\u00bbself-hosted\u00bb rt_padding_top=\u00bb200&#8243; rt_padding_bottom=\u00bb200&#8243; rt_bg_image=\u00bb3362&#8243; rt_bg_overlay_color=\u00bbrgba(0,0,0,0.73)\u00bb][vc_column rt_col_paddings=\u00bbtrue\u00bb rt_wrp_col_paddings=\u00bbfalse\u00bb rt_column_shadow=\u00bb\u00bb rt_border_top=\u00bb\u00bb rt_border_bottom=\u00bb\u00bb rt_border_left=\u00bb\u00bb rt_border_right=\u00bb\u00bb rt_border_top_mobile=\u00bb\u00bb rt_border_bottom_mobile=\u00bb\u00bb rt_border_left_mobile=\u00bb\u00bb rt_border_right_mobile=\u00bb\u00bb rt_bg_image_repeat=\u00bbrepeat\u00bb rt_bg_size=\u00bbauto auto\u00bb rt_bg_position=\u00bbright top\u00bb rt_bg_attachment=\u00bbscroll\u00bb][vc_column_text css_animation=\u00bbfadeIn\u00bb] \u00a1Gracias por suscribirte! Tu suscripci\u00f3n ha sido confirmada. [\/vc_column_text][vc_column_text css_animation=\u00bbfadeIn\u00bb] The TownHouse Mykonos c\/o &#8230; <a class=\"more-link\" href=\"https:\/\/mykonostownhousehotel.com\/es\/gracias-por-suscribirte\/\">Seguir leyendo<\/a><\/p>\n","protected":false},"author":7,"featured_media":0,"parent":0,"menu_order":0,"comment_status":"closed","ping_status":"closed","template":"","meta":{"footnotes":""},"class_list":["post-11507","page","type-page","status-publish","hentry"],"yoast_head":"<!-- This site is optimized with the Yoast SEO plugin v27.4 - https:\/\/yoast.com\/product\/yoast-seo-wordpress\/ -->\n<title>\u00a1Gracias por suscribirte! - The Townhouse Hotel Mykonos<\/title>\n<meta name=\"description\" content=\"l TownHouse Mykonos c\/o Elegant Hotel Collection Ltd. te enviar\u00e1 ofertas y tarifas especiales, noticias y contenido del blog, as\u00ed como c\u00f3digos promocionales especiales.\" \/>\n<meta name=\"robots\" content=\"index, follow, max-snippet:-1, max-image-preview:large, max-video-preview:-1\" \/>\n<link rel=\"canonical\" href=\"https:\/\/mykonostownhousehotel.com\/es\/gracias-por-suscribirte\/\" \/>\n<meta property=\"og:locale\" content=\"es_ES\" \/>\n<meta property=\"og:type\" content=\"article\" \/>\n<meta property=\"og:title\" content=\"\u00a1Gracias por suscribirte! - The Townhouse Hotel Mykonos\" \/>\n<meta property=\"og:description\" content=\"l TownHouse Mykonos c\/o Elegant Hotel Collection Ltd. te enviar\u00e1 ofertas y tarifas especiales, noticias y contenido del blog, as\u00ed como c\u00f3digos promocionales especiales.\" \/>\n<meta property=\"og:url\" content=\"https:\/\/mykonostownhousehotel.com\/es\/gracias-por-suscribirte\/\" \/>\n<meta property=\"og:site_name\" content=\"The Townhouse Hotel Mykonos\" \/>\n<meta property=\"article:publisher\" content=\"https:\/\/www.facebook.com\/MykonosTownHouse\/\" \/>\n<meta property=\"article:modified_time\" content=\"2026-02-02T16:15:13+00:00\" \/>\n<meta name=\"twitter:card\" content=\"summary_large_image\" \/>\n<meta name=\"twitter:label1\" content=\"Tiempo de lectura\" \/>\n\t<meta name=\"twitter:data1\" content=\"1 minuto\" \/>\n<script type=\"application\/ld+json\" class=\"yoast-schema-graph\">{\"@context\":\"https:\\\/\\\/schema.org\",\"@graph\":[{\"@type\":\"WebPage\",\"@id\":\"https:\\\/\\\/mykonostownhousehotel.com\\\/es\\\/gracias-por-suscribirte\\\/\",\"url\":\"https:\\\/\\\/mykonostownhousehotel.com\\\/es\\\/gracias-por-suscribirte\\\/\",\"name\":\"\u00a1Gracias por suscribirte! - The Townhouse Hotel Mykonos\",\"isPartOf\":{\"@id\":\"https:\\\/\\\/hotelrez-mykonos.local\\\/#website\"},\"datePublished\":\"2026-02-02T16:15:09+00:00\",\"dateModified\":\"2026-02-02T16:15:13+00:00\",\"description\":\"l TownHouse Mykonos c\\\/o Elegant Hotel Collection Ltd. te enviar\u00e1 ofertas y tarifas especiales, noticias y contenido del blog, as\u00ed como c\u00f3digos promocionales especiales.\",\"breadcrumb\":{\"@id\":\"https:\\\/\\\/mykonostownhousehotel.com\\\/es\\\/gracias-por-suscribirte\\\/#breadcrumb\"},\"inLanguage\":\"es\",\"potentialAction\":[{\"@type\":\"ReadAction\",\"target\":[\"https:\\\/\\\/mykonostownhousehotel.com\\\/es\\\/gracias-por-suscribirte\\\/\"]}]},{\"@type\":\"BreadcrumbList\",\"@id\":\"https:\\\/\\\/mykonostownhousehotel.com\\\/es\\\/gracias-por-suscribirte\\\/#breadcrumb\",\"itemListElement\":[{\"@type\":\"ListItem\",\"position\":1,\"name\":\"Home\",\"item\":\"https:\\\/\\\/mykonostownhousehotel.com\\\/es\\\/\"},{\"@type\":\"ListItem\",\"position\":2,\"name\":\"\u00a1Gracias por suscribirte!\"}]},{\"@type\":\"WebSite\",\"@id\":\"https:\\\/\\\/hotelrez-mykonos.local\\\/#website\",\"url\":\"https:\\\/\\\/hotelrez-mykonos.local\\\/\",\"name\":\"The Townhouse Hotel Mykonos\",\"description\":\"Reservations +30 211 198 9344\",\"publisher\":{\"@id\":\"https:\\\/\\\/hotelrez-mykonos.local\\\/#organization\"},\"potentialAction\":[{\"@type\":\"SearchAction\",\"target\":{\"@type\":\"EntryPoint\",\"urlTemplate\":\"https:\\\/\\\/hotelrez-mykonos.local\\\/?s={search_term_string}\"},\"query-input\":{\"@type\":\"PropertyValueSpecification\",\"valueRequired\":true,\"valueName\":\"search_term_string\"}}],\"inLanguage\":\"es\"},{\"@type\":\"Organization\",\"@id\":\"https:\\\/\\\/hotelrez-mykonos.local\\\/#organization\",\"name\":\"The TownHouse Mykonos\",\"url\":\"https:\\\/\\\/hotelrez-mykonos.local\\\/\",\"logo\":{\"@type\":\"ImageObject\",\"inLanguage\":\"es\",\"@id\":\"https:\\\/\\\/hotelrez-mykonos.local\\\/#\\\/schema\\\/logo\\\/image\\\/\",\"url\":\"https:\\\/\\\/mykonostownhousehotel.com\\\/wp-content\\\/uploads\\\/2017\\\/01\\\/The-Townhouse-Mykonos-Logo-12.png\",\"contentUrl\":\"https:\\\/\\\/mykonostownhousehotel.com\\\/wp-content\\\/uploads\\\/2017\\\/01\\\/The-Townhouse-Mykonos-Logo-12.png\",\"width\":909,\"height\":396,\"caption\":\"The TownHouse Mykonos\"},\"image\":{\"@id\":\"https:\\\/\\\/hotelrez-mykonos.local\\\/#\\\/schema\\\/logo\\\/image\\\/\"},\"sameAs\":[\"https:\\\/\\\/www.facebook.com\\\/MykonosTownHouse\\\/\",\"https:\\\/\\\/www.instagram.com\\\/mykonostownhouse\\\/\"]}]}<\/script>\n<!-- \/ Yoast SEO plugin. -->","yoast_head_json":{"title":"\u00a1Gracias por suscribirte! - The Townhouse Hotel Mykonos","description":"l TownHouse Mykonos c\/o Elegant Hotel Collection Ltd. te enviar\u00e1 ofertas y tarifas especiales, noticias y contenido del blog, as\u00ed como c\u00f3digos promocionales especiales.","robots":{"index":"index","follow":"follow","max-snippet":"max-snippet:-1","max-image-preview":"max-image-preview:large","max-video-preview":"max-video-preview:-1"},"canonical":"https:\/\/mykonostownhousehotel.com\/es\/gracias-por-suscribirte\/","og_locale":"es_ES","og_type":"article","og_title":"\u00a1Gracias por suscribirte! - The Townhouse Hotel Mykonos","og_description":"l TownHouse Mykonos c\/o Elegant Hotel Collection Ltd. te enviar\u00e1 ofertas y tarifas especiales, noticias y contenido del blog, as\u00ed como c\u00f3digos promocionales especiales.","og_url":"https:\/\/mykonostownhousehotel.com\/es\/gracias-por-suscribirte\/","og_site_name":"The Townhouse Hotel Mykonos","article_publisher":"https:\/\/www.facebook.com\/MykonosTownHouse\/","article_modified_time":"2026-02-02T16:15:13+00:00","twitter_card":"summary_large_image","twitter_misc":{"Tiempo de lectura":"1 minuto"},"schema":{"@context":"https:\/\/schema.org","@graph":[{"@type":"WebPage","@id":"https:\/\/mykonostownhousehotel.com\/es\/gracias-por-suscribirte\/","url":"https:\/\/mykonostownhousehotel.com\/es\/gracias-por-suscribirte\/","name":"\u00a1Gracias por suscribirte! - The Townhouse Hotel Mykonos","isPartOf":{"@id":"https:\/\/hotelrez-mykonos.local\/#website"},"datePublished":"2026-02-02T16:15:09+00:00","dateModified":"2026-02-02T16:15:13+00:00","description":"l TownHouse Mykonos c\/o Elegant Hotel Collection Ltd. te enviar\u00e1 ofertas y tarifas especiales, noticias y contenido del blog, as\u00ed como c\u00f3digos promocionales especiales.","breadcrumb":{"@id":"https:\/\/mykonostownhousehotel.com\/es\/gracias-por-suscribirte\/#breadcrumb"},"inLanguage":"es","potentialAction":[{"@type":"ReadAction","target":["https:\/\/mykonostownhousehotel.com\/es\/gracias-por-suscribirte\/"]}]},{"@type":"BreadcrumbList","@id":"https:\/\/mykonostownhousehotel.com\/es\/gracias-por-suscribirte\/#breadcrumb","itemListElement":[{"@type":"ListItem","position":1,"name":"Home","item":"https:\/\/mykonostownhousehotel.com\/es\/"},{"@type":"ListItem","position":2,"name":"\u00a1Gracias por suscribirte!"}]},{"@type":"WebSite","@id":"https:\/\/hotelrez-mykonos.local\/#website","url":"https:\/\/hotelrez-mykonos.local\/","name":"The Townhouse Hotel Mykonos","description":"Reservations +30 211 198 9344","publisher":{"@id":"https:\/\/hotelrez-mykonos.local\/#organization"},"potentialAction":[{"@type":"SearchAction","target":{"@type":"EntryPoint","urlTemplate":"https:\/\/hotelrez-mykonos.local\/?s={search_term_string}"},"query-input":{"@type":"PropertyValueSpecification","valueRequired":true,"valueName":"search_term_string"}}],"inLanguage":"es"},{"@type":"Organization","@id":"https:\/\/hotelrez-mykonos.local\/#organization","name":"The TownHouse Mykonos","url":"https:\/\/hotelrez-mykonos.local\/","logo":{"@type":"ImageObject","inLanguage":"es","@id":"https:\/\/hotelrez-mykonos.local\/#\/schema\/logo\/image\/","url":"https:\/\/mykonostownhousehotel.com\/wp-content\/uploads\/2017\/01\/The-Townhouse-Mykonos-Logo-12.png","contentUrl":"https:\/\/mykonostownhousehotel.com\/wp-content\/uploads\/2017\/01\/The-Townhouse-Mykonos-Logo-12.png","width":909,"height":396,"caption":"The TownHouse Mykonos"},"image":{"@id":"https:\/\/hotelrez-mykonos.local\/#\/schema\/logo\/image\/"},"sameAs":["https:\/\/www.facebook.com\/MykonosTownHouse\/","https:\/\/www.instagram.com\/mykonostownhouse\/"]}]}},"_links":{"self":[{"href":"https:\/\/mykonostownhousehotel.com\/es\/wp-json\/wp\/v2\/pages\/11507","targetHints":{"allow":["GET"]}}],"collection":[{"href":"https:\/\/mykonostownhousehotel.com\/es\/wp-json\/wp\/v2\/pages"}],"about":[{"href":"https:\/\/mykonostownhousehotel.com\/es\/wp-json\/wp\/v2\/types\/page"}],"author":[{"embeddable":true,"href":"https:\/\/mykonostownhousehotel.com\/es\/wp-json\/wp\/v2\/users\/7"}],"replies":[{"embeddable":true,"href":"https:\/\/mykonostownhousehotel.com\/es\/wp-json\/wp\/v2\/comments?post=11507"}],"version-history":[{"count":10,"href":"https:\/\/mykonostownhousehotel.com\/es\/wp-json\/wp\/v2\/pages\/11507\/revisions"}],"predecessor-version":[{"id":11556,"href":"https:\/\/mykonostownhousehotel.com\/es\/wp-json\/wp\/v2\/pages\/11507\/revisions\/11556"}],"wp:attachment":[{"href":"https:\/\/mykonostownhousehotel.com\/es\/wp-json\/wp\/v2\/media?parent=11507"}],"curies":[{"name":"wp","href":"https:\/\/api.w.org\/{rel}","templated":true}]}}