{"id":11165,"date":"2026-01-28T14:28:30","date_gmt":"2026-01-28T12:28:30","guid":{"rendered":"https:\/\/mykonostownhousehotel.com\/mykonos-accommodation-our-rooms\/"},"modified":"2026-04-15T19:11:43","modified_gmt":"2026-04-15T16:11:43","slug":"mykonos-accommodation-our-rooms","status":"publish","type":"page","link":"https:\/\/mykonostownhousehotel.com\/de\/mykonos-accommodation-our-rooms\/","title":{"rendered":"UNSERE ZIMMER"},"content":{"rendered":"<div class=\"wpb-content-wrapper\"><p>[vc_row rt_row_background_width=&#8220;fullwidth&#8220; rt_row_content_width=&#8220;default&#8220; rt_row_style=&#8220;alt-style-1&#8243; rt_row_height=&#8220;full_height&#8220; rt_holder_placement=&#8220;middle&#8220; rt_column_placement=&#8220;middle&#8220; rt_row_borders=&#8220;&#8220; rt_row_shadows=&#8220;&#8220; rt_column_gaps=&#8220;&#8220; rt_row_paddings=&#8220;true&#8220; rt_bg_effect=&#8220;classic&#8220; rt_transparent_bg=&#8220;true&#8220; rt_bg_image_repeat=&#8220;no-repeat&#8220; rt_bg_size=&#8220;cover&#8220; rt_bg_position=&#8220;center center&#8220; rt_bg_attachment=&#8220;fixed&#8220; rt_bg_video_format=&#8220;self-hosted&#8220; rt_margin_top=&#8220;0&#8243; rt_margin_bottom=&#8220;0&#8243; rt_content_margin_top=&#8220;0&#8243; rt_content_margin_bottom=&#8220;0&#8243; rt_bg_image=&#8220;7609&#8243; rt_bg_overlay_color=&#8220;rgba(0,0,0,0.64)&#8220; rt_padding_left=&#8220;0&#8243; rt_padding_right=&#8220;0&#8243;][vc_column rt_col_paddings=&#8220;true&#8220; rt_wrp_col_paddings=&#8220;false&#8220; rt_column_shadow=&#8220;&#8220; rt_border_top=&#8220;&#8220; rt_border_bottom=&#8220;&#8220; rt_border_left=&#8220;&#8220; rt_border_right=&#8220;&#8220; rt_border_top_mobile=&#8220;&#8220; rt_border_bottom_mobile=&#8220;&#8220; rt_border_left_mobile=&#8220;&#8220; rt_border_right_mobile=&#8220;&#8220; rt_bg_image_repeat=&#8220;repeat&#8220; rt_bg_size=&#8220;auto auto&#8220; rt_bg_position=&#8220;right top&#8220; rt_bg_attachment=&#8220;scroll&#8220; rt_bg_color=&#8220;&#8220; rt_bg_overlay_color=&#8220;&#8220;][vc_empty_space height=&#8220;70px&#8220;]<div class=\"rt_heading_wrapper style-4\">\n\t\t\t\t\t\t<h1 class=\"rt_heading  style-4\" >Luxuri\u00f6se TownHouse Zimmer und Suiten<\/h1> \n\t\t\t\t\t<\/div><div class=\"rt_heading_wrapper style-7\">\n\t\t\t\t\t\t<h2 class=\"rt_heading  aligncenter style-7\"  style=\"font-size:18px;line-height:35px;\">Es war ein m\u00fchsames Unterfangen, den historischen und einzigartigen Charakter des TownHouse mit den Anspr\u00fcchen des heutigen Luxusreisenden in Einklang zu bringen. Daher k\u00f6nnen die G\u00e4ste zwischen luxuri\u00f6s ausgestatteten Superior Chic und Classic Zimmern, Duplex, Junior und Sunset Suiten oder der luxuri\u00f6sen TownHouse Villa und der Mykonian Suite w\u00e4hlen. <\/h2> \n\t\t\t\t\t<\/div>[vc_empty_space height=&#8220;70px&#8220;][\/vc_column][\/vc_row][vc_row rt_row_background_width=&#8220;fullwidth&#8220; rt_row_content_width=&#8220;default&#8220; rt_row_style=&#8220;alt-style-1&#8243; rt_row_height=&#8220;&#8220; rt_row_borders=&#8220;&#8220; rt_row_shadows=&#8220;&#8220; rt_column_gaps=&#8220;&#8220; rt_row_paddings=&#8220;true&#8220; rt_bg_effect=&#8220;classic&#8220; rt_transparent_bg=&#8220;&#8220; rt_bg_image_repeat=&#8220;repeat&#8220; rt_bg_size=&#8220;cover&#8220; rt_bg_position=&#8220;right top&#8220; rt_bg_attachment=&#8220;scroll&#8220; rt_bg_video_format=&#8220;self-hosted&#8220; rt_bg_color=&#8220;#baad85&#8243; rt_padding_top=&#8220;100&#8243; rt_padding_bottom=&#8220;100&#8243;][vc_column rt_col_paddings=&#8220;true&#8220; rt_wrp_col_paddings=&#8220;false&#8220; rt_column_shadow=&#8220;&#8220; rt_border_top=&#8220;&#8220; rt_border_bottom=&#8220;&#8220; rt_border_left=&#8220;&#8220; rt_border_right=&#8220;&#8220; rt_border_top_mobile=&#8220;&#8220; rt_border_bottom_mobile=&#8220;&#8220; rt_border_left_mobile=&#8220;&#8220; rt_border_right_mobile=&#8220;&#8220; rt_bg_image_repeat=&#8220;repeat&#8220; rt_bg_size=&#8220;auto auto&#8220; rt_bg_position=&#8220;right top&#8220; rt_bg_attachment=&#8220;scroll&#8220; rt_bg_color=&#8220;&#8220; rt_bg_overlay_color=&#8220;&#8220; rt_padding_bottom=&#8220;50&#8243;]<div class=\"rt_heading_wrapper style-4\">\n\t\t\t\t\t\t<h3 class=\"rt_heading  secondary-font style-4\"  style=\"font-size:50px;\">Exklusive Nutzung<\/h3> \n\t\t\t\t\t<\/div>[\/vc_column][vc_column width=&#8220;1\/2&#8243; rt_col_paddings=&#8220;true&#8220; rt_wrp_col_paddings=&#8220;false&#8220; rt_column_shadow=&#8220;&#8220; rt_border_top=&#8220;&#8220; rt_border_bottom=&#8220;&#8220; rt_border_left=&#8220;true&#8220; rt_border_right=&#8220;&#8220; rt_border_top_mobile=&#8220;&#8220; rt_border_bottom_mobile=&#8220;&#8220; rt_border_left_mobile=&#8220;true&#8220; rt_border_right_mobile=&#8220;&#8220; rt_bg_image_repeat=&#8220;repeat&#8220; rt_bg_size=&#8220;auto auto&#8220; rt_bg_position=&#8220;right top&#8220; rt_bg_attachment=&#8220;scroll&#8220; rt_bg_color=&#8220;&#8220; rt_bg_overlay_color=&#8220;&#8220;][vc_column_text css_animation=&#8220;fadeIn&#8220;]<\/p>\n<p style=\"text-align: left;\">Das Mykonos Townhouse steht zur exklusiven Nutzung zur Verf\u00fcgung, so dass G\u00e4ste auf Anfrage alle 19 Zimmer\/Suiten f\u00fcr besondere Anl\u00e4sse nutzen k\u00f6nnen. Ganz gleich, ob Sie an Ihrem Hochzeitstag privaten Luxus f\u00fcr sich und Ihre G\u00e4ste w\u00fcnschen oder ob Sie einen besonderen Anlass mit einem VIP-Erlebnis in unserem Hotel feiern m\u00f6chten. <\/p>\n<p>[\/vc_column_text][\/vc_column][vc_column width=&#8220;1\/2&#8243; rt_col_paddings=&#8220;true&#8220; rt_wrp_col_paddings=&#8220;false&#8220; rt_column_shadow=&#8220;&#8220; rt_border_top=&#8220;&#8220; rt_border_bottom=&#8220;&#8220; rt_border_left=&#8220;true&#8220; rt_border_right=&#8220;&#8220; rt_border_top_mobile=&#8220;&#8220; rt_border_bottom_mobile=&#8220;&#8220; rt_border_left_mobile=&#8220;&#8220; rt_border_right_mobile=&#8220;&#8220; rt_bg_image_repeat=&#8220;repeat&#8220; rt_bg_size=&#8220;auto auto&#8220; rt_bg_position=&#8220;right top&#8220; rt_bg_attachment=&#8220;scroll&#8220; rt_bg_color=&#8220;&#8220; rt_bg_overlay_color=&#8220;&#8220;][vc_column_text css_animation=&#8220;fadeIn&#8220;]<\/p>\n<p style=\"text-align: left;\">Sie haben vollen exklusiven Zugang zu unseren Sonnenuntergangs- und Dachterrassen, unserem VIP-Concierge-Service und auf Wunsch sogar Ihren eigenen Butler.<\/p>\n<p style=\"text-align: left;\">Kontaktieren Sie uns einfach direkt unter <a style=\"word-wrap: break-word;\" href=\"mailto:reservations@eleganthotelcollection.com;gm@mykonostownhousehotel.com\">reservations@eleganthotelcollection.com<\/a>, um die Buchung unseres Herrenhauses aus dem<sup>18.<\/sup> Jahrhundert im Herzen von Mykonos zu besprechen.<\/p>\n<p>[\/vc_column_text][\/vc_column][\/vc_row][vc_row rt_row_background_width=&#8220;fullwidth&#8220; rt_row_content_width=&#8220;default&#8220; rt_row_style=&#8220;default-style&#8220; rt_row_height=&#8220;&#8220; rt_row_borders=&#8220;&#8220; rt_row_shadows=&#8220;&#8220; rt_column_gaps=&#8220;&#8220; rt_row_paddings=&#8220;false&#8220; rt_bg_effect=&#8220;classic&#8220; rt_transparent_bg=&#8220;&#8220; rt_bg_image_repeat=&#8220;repeat&#8220; rt_bg_size=&#8220;cover&#8220; rt_bg_position=&#8220;right top&#8220; rt_bg_attachment=&#8220;scroll&#8220; rt_bg_video_format=&#8220;self-hosted&#8220; rt_content_margin_top=&#8220;-50px&#8220;][vc_column rt_col_paddings=&#8220;true&#8220; rt_wrp_col_paddings=&#8220;false&#8220; rt_column_shadow=&#8220;&#8220; rt_border_top=&#8220;&#8220; rt_border_bottom=&#8220;&#8220; rt_border_left=&#8220;&#8220; rt_border_right=&#8220;&#8220; rt_border_top_mobile=&#8220;&#8220; rt_border_bottom_mobile=&#8220;&#8220; rt_border_left_mobile=&#8220;&#8220; rt_border_right_mobile=&#8220;&#8220; rt_bg_image_repeat=&#8220;repeat&#8220; rt_bg_size=&#8220;auto auto&#8220; rt_bg_position=&#8220;right top&#8220; rt_bg_attachment=&#8220;scroll&#8220; rt_bg_color=&#8220;&#8220; rt_bg_overlay_color=&#8220;&#8220;][vc_empty_space height=&#8220;100px&#8220; el_id=&#8220;rooms&#8220;][\/vc_column][\/vc_row][vc_row rt_row_background_width=&#8220;fullwidth&#8220; rt_row_content_width=&#8220;default&#8220; rt_row_style=&#8220;default-style&#8220; rt_row_height=&#8220;&#8220; rt_row_borders=&#8220;&#8220; rt_row_shadows=&#8220;&#8220; rt_column_gaps=&#8220;&#8220; rt_row_paddings=&#8220;true&#8220; id=&#8220;rooms&#8220; rt_bg_effect=&#8220;classic&#8220; rt_transparent_bg=&#8220;&#8220; rt_bg_image_repeat=&#8220;repeat&#8220; rt_bg_size=&#8220;cover&#8220; rt_bg_position=&#8220;right top&#8220; rt_bg_attachment=&#8220;scroll&#8220; rt_bg_video_format=&#8220;self-hosted&#8220;][vc_column rt_col_paddings=&#8220;true&#8220; rt_wrp_col_paddings=&#8220;false&#8220; rt_column_shadow=&#8220;&#8220; rt_border_top=&#8220;&#8220; rt_border_bottom=&#8220;&#8220; rt_border_left=&#8220;&#8220; rt_border_right=&#8220;&#8220; rt_border_top_mobile=&#8220;&#8220; rt_border_bottom_mobile=&#8220;&#8220; rt_border_left_mobile=&#8220;&#8220; rt_border_right_mobile=&#8220;&#8220; rt_bg_image_repeat=&#8220;repeat&#8220; rt_bg_size=&#8220;auto auto&#8220; rt_bg_position=&#8220;right top&#8220; rt_bg_attachment=&#8220;scroll&#8220;][\/vc_column][\/vc_row]<\/p>\n<\/div>","protected":false},"excerpt":{"rendered":"<p>[vc_row rt_row_background_width=&#8220;fullwidth&#8220; rt_row_content_width=&#8220;default&#8220; rt_row_style=&#8220;alt-style-1&#8243; rt_row_height=&#8220;full_height&#8220; rt_holder_placement=&#8220;middle&#8220; rt_column_placement=&#8220;middle&#8220; rt_row_borders=&#8220;&#8220; rt_row_shadows=&#8220;&#8220; rt_column_gaps=&#8220;&#8220; rt_row_paddings=&#8220;true&#8220; rt_bg_effect=&#8220;classic&#8220; rt_transparent_bg=&#8220;true&#8220; rt_bg_image_repeat=&#8220;no-repeat&#8220; rt_bg_size=&#8220;cover&#8220; rt_bg_position=&#8220;center center&#8220; rt_bg_attachment=&#8220;fixed&#8220; rt_bg_video_format=&#8220;self-hosted&#8220; rt_margin_top=&#8220;0&#8243; rt_margin_bottom=&#8220;0&#8243; rt_content_margin_top=&#8220;0&#8243; rt_content_margin_bottom=&#8220;0&#8243; rt_bg_image=&#8220;7609&#8243; rt_bg_overlay_color=&#8220;rgba(0,0,0,0.64)&#8220; rt_padding_left=&#8220;0&#8243; rt_padding_right=&#8220;0&#8243;][vc_column rt_col_paddings=&#8220;true&#8220; rt_wrp_col_paddings=&#8220;false&#8220; rt_column_shadow=&#8220;&#8220; rt_border_top=&#8220;&#8220; rt_border_bottom=&#8220;&#8220; rt_border_left=&#8220;&#8220; rt_border_right=&#8220;&#8220; rt_border_top_mobile=&#8220;&#8220; rt_border_bottom_mobile=&#8220;&#8220; rt_border_left_mobile=&#8220;&#8220; rt_border_right_mobile=&#8220;&#8220; rt_bg_image_repeat=&#8220;repeat&#8220; rt_bg_size=&#8220;auto auto&#8220; rt_bg_position=&#8220;right top&#8220; rt_bg_attachment=&#8220;scroll&#8220; rt_bg_color=&#8220;&#8220; rt_bg_overlay_color=&#8220;&#8220;][vc_empty_space height=&#8220;70px&#8220;][vc_empty_space height=&#8220;70px&#8220;][\/vc_column][\/vc_row][vc_row rt_row_background_width=&#8220;fullwidth&#8220; rt_row_content_width=&#8220;default&#8220; rt_row_style=&#8220;alt-style-1&#8243; rt_row_height=&#8220;&#8220; rt_row_borders=&#8220;&#8220; rt_row_shadows=&#8220;&#8220; rt_column_gaps=&#8220;&#8220; &#8230; <a class=\"more-link\" href=\"https:\/\/mykonostownhousehotel.com\/de\/mykonos-accommodation-our-rooms\/\">Lesen Sie weiter<\/a><\/p>\n","protected":false},"author":2,"featured_media":0,"parent":0,"menu_order":0,"comment_status":"closed","ping_status":"closed","template":"","meta":{"footnotes":""},"class_list":["post-11165","page","type-page","status-publish","hentry"],"yoast_head":"<!-- This site is optimized with the Yoast SEO plugin v27.4 - https:\/\/yoast.com\/product\/yoast-seo-wordpress\/ -->\n<title>Luxuri\u00f6se TownHouse Zimmer und Suiten - The TownHouse Mykonos Hotel<\/title>\n<meta name=\"description\" content=\"G\u00e4ste k\u00f6nnen aus 19 luxuri\u00f6sen Zimmern und Suiten w\u00e4hlen, darunter unsere Superior Chic und Classic Zimmer, Duplex, Junior und Sunset Suiten oder die luxuri\u00f6se TownHouse Villa und die Mykononian Suite.\" \/>\n<meta name=\"robots\" content=\"index, follow, max-snippet:-1, max-image-preview:large, max-video-preview:-1\" \/>\n<link rel=\"canonical\" href=\"https:\/\/mykonostownhousehotel.com\/de\/mykonos-accommodation-our-rooms\/\" \/>\n<meta property=\"og:locale\" content=\"de_DE\" \/>\n<meta property=\"og:type\" content=\"article\" \/>\n<meta property=\"og:title\" content=\"Unsere Hotelzimmer - Das TownHouse Mykonos Hotel\" \/>\n<meta property=\"og:description\" content=\"Die Balance zwischen dem historischen und einzigartigen Charakter von The TownHouse und den Anspr\u00fcchen des heutigen High-End-Boutique-Reisenden war ein m\u00fchsames Werk der Liebe.\" \/>\n<meta property=\"og:url\" content=\"https:\/\/mykonostownhousehotel.com\/de\/mykonos-accommodation-our-rooms\/\" \/>\n<meta property=\"og:site_name\" content=\"The Townhouse Hotel Mykonos\" \/>\n<meta property=\"article:publisher\" content=\"https:\/\/www.facebook.com\/MykonosTownHouse\/\" \/>\n<meta property=\"article:modified_time\" content=\"2026-04-15T16:11:43+00:00\" \/>\n<meta property=\"og:image\" content=\"https:\/\/mykonostownhousehotel.com\/wp-content\/uploads\/2019\/10\/Deluxe_Suites2.jpg\" \/>\n<meta name=\"twitter:card\" content=\"summary_large_image\" \/>\n<meta name=\"twitter:title\" content=\"Unsere Hotelzimmer - Das TownHouse Mykonos Hotel\" \/>\n<meta name=\"twitter:description\" content=\"Die Balance zwischen dem historischen und einzigartigen Charakter von The TownHouse und den Anspr\u00fcchen des heutigen High-End-Boutique-Reisenden war ein m\u00fchsames Werk der Liebe.\" \/>\n<meta name=\"twitter:image\" content=\"https:\/\/mykonostownhousehotel.com\/wp-content\/uploads\/2019\/10\/Deluxe_Suites2.jpg\" \/>\n<meta name=\"twitter:label1\" content=\"Gesch\u00e4tzte Lesezeit\" \/>\n\t<meta name=\"twitter:data1\" content=\"2\u00a0Minuten\" \/>\n<script type=\"application\/ld+json\" class=\"yoast-schema-graph\">{\"@context\":\"https:\\\/\\\/schema.org\",\"@graph\":[{\"@type\":\"WebPage\",\"@id\":\"https:\\\/\\\/mykonostownhousehotel.com\\\/de\\\/mykonos-accommodation-our-rooms\\\/\",\"url\":\"https:\\\/\\\/mykonostownhousehotel.com\\\/de\\\/mykonos-accommodation-our-rooms\\\/\",\"name\":\"Luxuri\u00f6se TownHouse Zimmer und Suiten - The TownHouse Mykonos Hotel\",\"isPartOf\":{\"@id\":\"https:\\\/\\\/hotelrez-mykonos.local\\\/#website\"},\"datePublished\":\"2026-01-28T12:28:30+00:00\",\"dateModified\":\"2026-04-15T16:11:43+00:00\",\"description\":\"G\u00e4ste k\u00f6nnen aus 19 luxuri\u00f6sen Zimmern und Suiten w\u00e4hlen, darunter unsere Superior Chic und Classic Zimmer, Duplex, Junior und Sunset Suiten oder die luxuri\u00f6se TownHouse Villa und die Mykononian Suite.\",\"breadcrumb\":{\"@id\":\"https:\\\/\\\/mykonostownhousehotel.com\\\/de\\\/mykonos-accommodation-our-rooms\\\/#breadcrumb\"},\"inLanguage\":\"de\",\"potentialAction\":[{\"@type\":\"ReadAction\",\"target\":[\"https:\\\/\\\/mykonostownhousehotel.com\\\/de\\\/mykonos-accommodation-our-rooms\\\/\"]}]},{\"@type\":\"BreadcrumbList\",\"@id\":\"https:\\\/\\\/mykonostownhousehotel.com\\\/de\\\/mykonos-accommodation-our-rooms\\\/#breadcrumb\",\"itemListElement\":[{\"@type\":\"ListItem\",\"position\":1,\"name\":\"Home\",\"item\":\"https:\\\/\\\/mykonostownhousehotel.com\\\/de\\\/\"},{\"@type\":\"ListItem\",\"position\":2,\"name\":\"UNSERE ZIMMER\"}]},{\"@type\":\"WebSite\",\"@id\":\"https:\\\/\\\/hotelrez-mykonos.local\\\/#website\",\"url\":\"https:\\\/\\\/hotelrez-mykonos.local\\\/\",\"name\":\"The Townhouse Hotel Mykonos\",\"description\":\"Reservations +30 211 198 9344\",\"publisher\":{\"@id\":\"https:\\\/\\\/hotelrez-mykonos.local\\\/#organization\"},\"potentialAction\":[{\"@type\":\"SearchAction\",\"target\":{\"@type\":\"EntryPoint\",\"urlTemplate\":\"https:\\\/\\\/hotelrez-mykonos.local\\\/?s={search_term_string}\"},\"query-input\":{\"@type\":\"PropertyValueSpecification\",\"valueRequired\":true,\"valueName\":\"search_term_string\"}}],\"inLanguage\":\"de\"},{\"@type\":\"Organization\",\"@id\":\"https:\\\/\\\/hotelrez-mykonos.local\\\/#organization\",\"name\":\"The TownHouse Mykonos\",\"url\":\"https:\\\/\\\/hotelrez-mykonos.local\\\/\",\"logo\":{\"@type\":\"ImageObject\",\"inLanguage\":\"de\",\"@id\":\"https:\\\/\\\/hotelrez-mykonos.local\\\/#\\\/schema\\\/logo\\\/image\\\/\",\"url\":\"https:\\\/\\\/mykonostownhousehotel.com\\\/wp-content\\\/uploads\\\/2017\\\/01\\\/The-Townhouse-Mykonos-Logo-12.png\",\"contentUrl\":\"https:\\\/\\\/mykonostownhousehotel.com\\\/wp-content\\\/uploads\\\/2017\\\/01\\\/The-Townhouse-Mykonos-Logo-12.png\",\"width\":909,\"height\":396,\"caption\":\"The TownHouse Mykonos\"},\"image\":{\"@id\":\"https:\\\/\\\/hotelrez-mykonos.local\\\/#\\\/schema\\\/logo\\\/image\\\/\"},\"sameAs\":[\"https:\\\/\\\/www.facebook.com\\\/MykonosTownHouse\\\/\",\"https:\\\/\\\/www.instagram.com\\\/mykonostownhouse\\\/\"]}]}<\/script>\n<!-- \/ Yoast SEO plugin. -->","yoast_head_json":{"title":"Luxuri\u00f6se TownHouse Zimmer und Suiten - The TownHouse Mykonos Hotel","description":"G\u00e4ste k\u00f6nnen aus 19 luxuri\u00f6sen Zimmern und Suiten w\u00e4hlen, darunter unsere Superior Chic und Classic Zimmer, Duplex, Junior und Sunset Suiten oder die luxuri\u00f6se TownHouse Villa und die Mykononian Suite.","robots":{"index":"index","follow":"follow","max-snippet":"max-snippet:-1","max-image-preview":"max-image-preview:large","max-video-preview":"max-video-preview:-1"},"canonical":"https:\/\/mykonostownhousehotel.com\/de\/mykonos-accommodation-our-rooms\/","og_locale":"de_DE","og_type":"article","og_title":"Unsere Hotelzimmer - Das TownHouse Mykonos Hotel","og_description":"Die Balance zwischen dem historischen und einzigartigen Charakter von The TownHouse und den Anspr\u00fcchen des heutigen High-End-Boutique-Reisenden war ein m\u00fchsames Werk der Liebe.","og_url":"https:\/\/mykonostownhousehotel.com\/de\/mykonos-accommodation-our-rooms\/","og_site_name":"The Townhouse Hotel Mykonos","article_publisher":"https:\/\/www.facebook.com\/MykonosTownHouse\/","article_modified_time":"2026-04-15T16:11:43+00:00","og_image":[{"url":"https:\/\/mykonostownhousehotel.com\/wp-content\/uploads\/2019\/10\/Deluxe_Suites2.jpg","type":"","width":"","height":""}],"twitter_card":"summary_large_image","twitter_title":"Unsere Hotelzimmer - Das TownHouse Mykonos Hotel","twitter_description":"Die Balance zwischen dem historischen und einzigartigen Charakter von The TownHouse und den Anspr\u00fcchen des heutigen High-End-Boutique-Reisenden war ein m\u00fchsames Werk der Liebe.","twitter_image":"https:\/\/mykonostownhousehotel.com\/wp-content\/uploads\/2019\/10\/Deluxe_Suites2.jpg","twitter_misc":{"Gesch\u00e4tzte Lesezeit":"2\u00a0Minuten"},"schema":{"@context":"https:\/\/schema.org","@graph":[{"@type":"WebPage","@id":"https:\/\/mykonostownhousehotel.com\/de\/mykonos-accommodation-our-rooms\/","url":"https:\/\/mykonostownhousehotel.com\/de\/mykonos-accommodation-our-rooms\/","name":"Luxuri\u00f6se TownHouse Zimmer und Suiten - The TownHouse Mykonos Hotel","isPartOf":{"@id":"https:\/\/hotelrez-mykonos.local\/#website"},"datePublished":"2026-01-28T12:28:30+00:00","dateModified":"2026-04-15T16:11:43+00:00","description":"G\u00e4ste k\u00f6nnen aus 19 luxuri\u00f6sen Zimmern und Suiten w\u00e4hlen, darunter unsere Superior Chic und Classic Zimmer, Duplex, Junior und Sunset Suiten oder die luxuri\u00f6se TownHouse Villa und die Mykononian Suite.","breadcrumb":{"@id":"https:\/\/mykonostownhousehotel.com\/de\/mykonos-accommodation-our-rooms\/#breadcrumb"},"inLanguage":"de","potentialAction":[{"@type":"ReadAction","target":["https:\/\/mykonostownhousehotel.com\/de\/mykonos-accommodation-our-rooms\/"]}]},{"@type":"BreadcrumbList","@id":"https:\/\/mykonostownhousehotel.com\/de\/mykonos-accommodation-our-rooms\/#breadcrumb","itemListElement":[{"@type":"ListItem","position":1,"name":"Home","item":"https:\/\/mykonostownhousehotel.com\/de\/"},{"@type":"ListItem","position":2,"name":"UNSERE ZIMMER"}]},{"@type":"WebSite","@id":"https:\/\/hotelrez-mykonos.local\/#website","url":"https:\/\/hotelrez-mykonos.local\/","name":"The Townhouse Hotel Mykonos","description":"Reservations +30 211 198 9344","publisher":{"@id":"https:\/\/hotelrez-mykonos.local\/#organization"},"potentialAction":[{"@type":"SearchAction","target":{"@type":"EntryPoint","urlTemplate":"https:\/\/hotelrez-mykonos.local\/?s={search_term_string}"},"query-input":{"@type":"PropertyValueSpecification","valueRequired":true,"valueName":"search_term_string"}}],"inLanguage":"de"},{"@type":"Organization","@id":"https:\/\/hotelrez-mykonos.local\/#organization","name":"The TownHouse Mykonos","url":"https:\/\/hotelrez-mykonos.local\/","logo":{"@type":"ImageObject","inLanguage":"de","@id":"https:\/\/hotelrez-mykonos.local\/#\/schema\/logo\/image\/","url":"https:\/\/mykonostownhousehotel.com\/wp-content\/uploads\/2017\/01\/The-Townhouse-Mykonos-Logo-12.png","contentUrl":"https:\/\/mykonostownhousehotel.com\/wp-content\/uploads\/2017\/01\/The-Townhouse-Mykonos-Logo-12.png","width":909,"height":396,"caption":"The TownHouse Mykonos"},"image":{"@id":"https:\/\/hotelrez-mykonos.local\/#\/schema\/logo\/image\/"},"sameAs":["https:\/\/www.facebook.com\/MykonosTownHouse\/","https:\/\/www.instagram.com\/mykonostownhouse\/"]}]}},"_links":{"self":[{"href":"https:\/\/mykonostownhousehotel.com\/de\/wp-json\/wp\/v2\/pages\/11165","targetHints":{"allow":["GET"]}}],"collection":[{"href":"https:\/\/mykonostownhousehotel.com\/de\/wp-json\/wp\/v2\/pages"}],"about":[{"href":"https:\/\/mykonostownhousehotel.com\/de\/wp-json\/wp\/v2\/types\/page"}],"author":[{"embeddable":true,"href":"https:\/\/mykonostownhousehotel.com\/de\/wp-json\/wp\/v2\/users\/2"}],"replies":[{"embeddable":true,"href":"https:\/\/mykonostownhousehotel.com\/de\/wp-json\/wp\/v2\/comments?post=11165"}],"version-history":[{"count":8,"href":"https:\/\/mykonostownhousehotel.com\/de\/wp-json\/wp\/v2\/pages\/11165\/revisions"}],"predecessor-version":[{"id":13315,"href":"https:\/\/mykonostownhousehotel.com\/de\/wp-json\/wp\/v2\/pages\/11165\/revisions\/13315"}],"wp:attachment":[{"href":"https:\/\/mykonostownhousehotel.com\/de\/wp-json\/wp\/v2\/media?parent=11165"}],"curies":[{"name":"wp","href":"https:\/\/api.w.org\/{rel}","templated":true}]}}