{"id":11007,"date":"2026-01-28T00:57:01","date_gmt":"2026-01-27T22:57:01","guid":{"rendered":"https:\/\/mykonostownhousehotel.com\/breakfast\/"},"modified":"2026-01-29T11:42:22","modified_gmt":"2026-01-29T09:42:22","slug":"fruehstueck","status":"publish","type":"page","link":"https:\/\/mykonostownhousehotel.com\/de\/fruehstueck\/","title":{"rendered":"Fr\u00fchst\u00fcck"},"content":{"rendered":"<div class=\"wpb-content-wrapper\"><p>[vc_row rt_row_background_width=&#8220;fullwidth&#8220; rt_row_content_width=&#8220;default&#8220; rt_row_style=&#8220;default-style&#8220; rt_row_height=&#8220;&#8220; rt_row_borders=&#8220;&#8220; rt_row_shadows=&#8220;&#8220; rt_column_gaps=&#8220;&#8220; rt_row_paddings=&#8220;true&#8220; rt_bg_effect=&#8220;classic&#8220; rt_transparent_bg=&#8220;&#8220; rt_bg_image_repeat=&#8220;repeat&#8220; rt_bg_size=&#8220;cover&#8220; rt_bg_position=&#8220;right top&#8220; rt_bg_attachment=&#8220;scroll&#8220; rt_bg_video_format=&#8220;self-hosted&#8220; rt_padding_top=&#8220;30&#8243; rt_padding_bottom=&#8220;30&#8243;][vc_column rt_col_paddings=&#8220;true&#8220; rt_wrp_col_paddings=&#8220;false&#8220; rt_column_shadow=&#8220;&#8220; rt_border_top=&#8220;&#8220; rt_border_bottom=&#8220;&#8220; rt_border_left=&#8220;&#8220; rt_border_right=&#8220;&#8220; rt_border_top_mobile=&#8220;&#8220; rt_border_bottom_mobile=&#8220;&#8220; rt_border_left_mobile=&#8220;&#8220; rt_border_right_mobile=&#8220;&#8220; rt_bg_image_repeat=&#8220;repeat&#8220; rt_bg_size=&#8220;auto auto&#8220; rt_bg_position=&#8220;right top&#8220; rt_bg_attachment=&#8220;scroll&#8220;]<div class=\"rt_heading_wrapper style-7\">\n\t\t\t\t\t\t<h1 class=\"rt_heading  aligncenter style-7\"  style=\"font-size:40px;\">FR\u00dcHST\u00dcCK MEN\u00dc<\/h1> \n\t\t\t\t\t<\/div>[\/vc_column][\/vc_row][vc_row rt_row_background_width=&#8220;fullwidth&#8220; rt_row_content_width=&#8220;default&#8220; rt_row_style=&#8220;default-style&#8220; rt_row_height=&#8220;&#8220; rt_row_borders=&#8220;&#8220; rt_row_shadows=&#8220;&#8220; rt_column_gaps=&#8220;&#8220; rt_row_paddings=&#8220;true&#8220; rt_bg_effect=&#8220;classic&#8220; rt_transparent_bg=&#8220;&#8220; rt_bg_image_repeat=&#8220;repeat&#8220; rt_bg_size=&#8220;cover&#8220; rt_bg_position=&#8220;right top&#8220; rt_bg_attachment=&#8220;scroll&#8220; rt_bg_video_format=&#8220;self-hosted&#8220;][vc_column width=&#8220;1\/6&#8243; rt_col_paddings=&#8220;true&#8220; rt_wrp_col_paddings=&#8220;false&#8220; rt_column_shadow=&#8220;&#8220; rt_border_top=&#8220;&#8220; rt_border_bottom=&#8220;&#8220; rt_border_left=&#8220;&#8220; rt_border_right=&#8220;&#8220; rt_border_top_mobile=&#8220;&#8220; rt_border_bottom_mobile=&#8220;&#8220; rt_border_left_mobile=&#8220;&#8220; rt_border_right_mobile=&#8220;&#8220; rt_bg_image_repeat=&#8220;repeat&#8220; rt_bg_size=&#8220;auto auto&#8220; rt_bg_position=&#8220;right top&#8220; rt_bg_attachment=&#8220;scroll&#8220;][\/vc_column][vc_column width=&#8220;2\/3&#8243; rt_col_paddings=&#8220;true&#8220; rt_wrp_col_paddings=&#8220;false&#8220; rt_column_shadow=&#8220;&#8220; rt_border_top=&#8220;&#8220; rt_border_bottom=&#8220;&#8220; rt_border_left=&#8220;&#8220; rt_border_right=&#8220;&#8220; rt_border_top_mobile=&#8220;&#8220; rt_border_bottom_mobile=&#8220;&#8220; rt_border_left_mobile=&#8220;&#8220; rt_border_right_mobile=&#8220;&#8220; rt_bg_image_repeat=&#8220;repeat&#8220; rt_bg_size=&#8220;auto auto&#8220; rt_bg_position=&#8220;right top&#8220; rt_bg_attachment=&#8220;scroll&#8220;]<div class=\"rt_heading_wrapper style-5\">\n\t\t\t\t\t\t<h2 class=\"rt_heading  style-5\"  style=\"font-size:30px;color:#baad85;margin-bottom:40px;\">BAKER&#8217;S BASKET<\/h2> \n\t\t\t\t\t<\/div>[vc_column_text css=&#8220;&#8220;]Vollkornbrot<\/p>\n<p>ProBody-Brot<\/p>\n<p>Butter<\/p>\n<p>Fruchtkonfit\u00fcre<\/p>\n<p>Honig<\/p>\n<p>Croissants<\/p>\n<p>Pikante Mini-Pasteten[\/vc_column_text]<div class=\"rt_heading_wrapper style-5\">\n\t\t\t\t\t\t<h2 class=\"rt_heading  style-5\"  style=\"font-size:30px;color:#baad85;margin-top:80px;margin-bottom:40px;\">M\u00dcSLI &amp; JOGHURT<\/h2> \n\t\t\t\t\t<\/div>[vc_column_text css=&#8220;&#8220;]Cornflakes<\/p>\n<p>Hafer<\/p>\n<p>M\u00fcsli<\/p>\n<p>Vollfettmilch<\/p>\n<p>Entrahmte Milch<\/p>\n<p>Mandelmilch<\/p>\n<p>Griechischer Joghurt<\/p>\n<p>Joghurt mit Obst<\/p>\n<p>Joghurt mit Honig<\/p>\n<p>Joghurt mit M\u00fcsli[\/vc_column_text]<div class=\"rt_heading_wrapper style-5\">\n\t\t\t\t\t\t<h2 class=\"rt_heading  style-5\"  style=\"font-size:30px;color:#baad85;margin-top:80px;margin-bottom:40px;\">EIER &amp; OMELETTS<\/h2> \n\t\t\t\t\t<\/div>[vc_column_text css=&#8220;&#8220;]Gekochte Eier<\/p>\n<p>Getoastetes Brot mit:<\/p>\n<p>Pochierte Eier<\/p>\n<p>Spiegeleier<\/p>\n<p>R\u00fchrei<\/p>\n<p><strong>F\u00fcllungen und Beilagen<\/strong><\/p>\n<p>Tomate<\/p>\n<p>Zwiebeln<\/p>\n<p>Paprika<\/p>\n<p>Pilze<\/p>\n<p>Avocado<\/p>\n<p>Feta-K\u00e4se<\/p>\n<p>Edamer-K\u00e4se<\/p>\n<p>T\u00fcrkei<\/p>\n<p>Schinken<\/p>\n<p>Schweinespeck<\/p>\n<p>R\u00e4ucherlachs<\/p>\n<p>Wurst[\/vc_column_text]<div class=\"rt_heading_wrapper style-5\">\n\t\t\t\t\t\t<h2 class=\"rt_heading  style-5\"  style=\"font-size:30px;color:#baad85;margin-top:80px;margin-bottom:40px;\">MORGEN-COCKTAILS, MOCKTAILS &amp; SMOOTHIES<\/h2> \n\t\t\t\t\t<\/div>[vc_column_text]<strong>MOCKTAILS<\/strong><\/p>\n<p>PASSION KEY<br \/>\nPassionsfrucht, Erdbeere, Limettensaft, Karamellsirup &#8211; \u20ac13<\/p>\n<p>SPICY LIPS<br \/>\nLebkuchensirup, Limettensaft, Minzbl\u00e4tter, Ingwerbier &#8211; \u20ac13<\/p>\n<p>HOMEMADE LEMONADE<br \/>\nIngwer- und Zitrussirup, Minze, Zitronensaft, Sodawasser &#8211; \u20ac13<\/p>\n<p><strong><br \/>\nSMOOTHIES<\/strong><\/p>\n<p>BANANITO<br \/>\nBanane, Mandelmilch, griechischer Honig, Erdnussbutter &#8211; \u20ac13<\/p>\n<p>SWEET DREAMS<br \/>\nErdbeeren, Sojamilch, Schokolade, Haferflocken &#8211; \u20ac13<\/p>\n<p>SOMMER IN IHREM GLAS<br \/>\nMango, griechischer Joghurt, griechischer Honig, fettarme Milch &#8211; \u20ac13<\/p>\n<p><strong><br \/>\nFR\u00dcHST\u00dcCKSCOCKTAILS<\/strong><\/p>\n<p>APEROL MARTINI<br \/>\nGin, Aperol, Limettensaft, Orangensaft &#8211; \u20ac15<\/p>\n<p>VANILLA PEACH BELLINI<br \/>\nVanillesirup, Pfirsich, Sekt &#8211; \u20ac15<\/p>\n<p>PROSECCO MINT JULEP<br \/>\nBourbon, Minze, Zuckersirup, Sekt &#8211; \u20ac15<\/p>\n<p>MIMOSA<br \/>\nOrangenlik\u00f6r, frischer Orangensaft, Schaumwein &#8211; \u20ac15<\/p>\n<p>BLOODY MARY<br \/>\nWodka, TownHouse Tomato Mix, frischer Zitronensaft, Sellerie-Bitter &#8211; \u20ac16<\/p>\n<p>&nbsp;<\/p>\n<p><strong>PROTEIN SHAKES<\/strong><br \/>\nW\u00e4hlen Sie Ihre Geschmacksrichtung<br \/>\nSchokolade, Vanille oder Erdbeere mit einer Kugel Protein und fettarmer Milch &#8211; \u20ac10<\/p>\n<p>+ 0.50\u20ac mit Erdnussbutter<br \/>\n+ 0.50\u20ac mit Banane[\/vc_column_text][\/vc_column][vc_column width=&#8220;1\/6&#8243; rt_col_paddings=&#8220;true&#8220; rt_wrp_col_paddings=&#8220;false&#8220; rt_column_shadow=&#8220;&#8220; rt_border_top=&#8220;&#8220; rt_border_bottom=&#8220;&#8220; rt_border_left=&#8220;&#8220; rt_border_right=&#8220;&#8220; rt_border_top_mobile=&#8220;&#8220; rt_border_bottom_mobile=&#8220;&#8220; rt_border_left_mobile=&#8220;&#8220; rt_border_right_mobile=&#8220;&#8220; rt_bg_image_repeat=&#8220;repeat&#8220; rt_bg_size=&#8220;auto auto&#8220; rt_bg_position=&#8220;right top&#8220; rt_bg_attachment=&#8220;scroll&#8220;][\/vc_column][\/vc_row][vc_row rt_row_background_width=&#8220;fullwidth&#8220; rt_row_content_width=&#8220;default&#8220; rt_row_style=&#8220;default-style&#8220; rt_row_height=&#8220;&#8220; rt_row_borders=&#8220;&#8220; rt_row_shadows=&#8220;&#8220; rt_column_gaps=&#8220;&#8220; rt_row_paddings=&#8220;true&#8220; rt_bg_effect=&#8220;classic&#8220; rt_transparent_bg=&#8220;&#8220; rt_bg_image_repeat=&#8220;repeat&#8220; rt_bg_size=&#8220;cover&#8220; rt_bg_position=&#8220;right top&#8220; rt_bg_attachment=&#8220;scroll&#8220; rt_bg_video_format=&#8220;self-hosted&#8220;][vc_column width=&#8220;1\/6&#8243; rt_col_paddings=&#8220;true&#8220; rt_wrp_col_paddings=&#8220;false&#8220; rt_column_shadow=&#8220;&#8220; rt_border_top=&#8220;&#8220; rt_border_bottom=&#8220;&#8220; rt_border_left=&#8220;&#8220; rt_border_right=&#8220;&#8220; rt_border_top_mobile=&#8220;&#8220; rt_border_bottom_mobile=&#8220;&#8220; rt_border_left_mobile=&#8220;&#8220; rt_border_right_mobile=&#8220;&#8220; rt_bg_image_repeat=&#8220;repeat&#8220; rt_bg_size=&#8220;auto auto&#8220; rt_bg_position=&#8220;right top&#8220; rt_bg_attachment=&#8220;scroll&#8220;][\/vc_column][vc_column width=&#8220;2\/3&#8243; rt_col_paddings=&#8220;true&#8220; rt_wrp_col_paddings=&#8220;false&#8220; rt_column_shadow=&#8220;&#8220; rt_border_top=&#8220;&#8220; rt_border_bottom=&#8220;&#8220; rt_border_left=&#8220;&#8220; rt_border_right=&#8220;&#8220; rt_border_top_mobile=&#8220;&#8220; rt_border_bottom_mobile=&#8220;&#8220; rt_border_left_mobile=&#8220;&#8220; rt_border_right_mobile=&#8220;&#8220; rt_bg_image_repeat=&#8220;repeat&#8220; rt_bg_size=&#8220;auto auto&#8220; rt_bg_position=&#8220;right top&#8220; rt_bg_attachment=&#8220;scroll&#8220;][vc_column_text]Wenn Sie eine Lebensmittelallergie haben oder eine besondere Di\u00e4t ben\u00f6tigen, informieren Sie bitte unsere Kellner.[\/vc_column_text][\/vc_column][vc_column width=&#8220;1\/6&#8243; rt_col_paddings=&#8220;true&#8220; rt_wrp_col_paddings=&#8220;false&#8220; rt_column_shadow=&#8220;&#8220; rt_border_top=&#8220;&#8220; rt_border_bottom=&#8220;&#8220; rt_border_left=&#8220;&#8220; rt_border_right=&#8220;&#8220; rt_border_top_mobile=&#8220;&#8220; rt_border_bottom_mobile=&#8220;&#8220; rt_border_left_mobile=&#8220;&#8220; rt_border_right_mobile=&#8220;&#8220; rt_bg_image_repeat=&#8220;repeat&#8220; rt_bg_size=&#8220;auto auto&#8220; rt_bg_position=&#8220;right top&#8220; rt_bg_attachment=&#8220;scroll&#8220;][\/vc_column][\/vc_row]<\/p>\n<\/div>","protected":false},"excerpt":{"rendered":"<p>[vc_row rt_row_background_width=&#8220;fullwidth&#8220; rt_row_content_width=&#8220;default&#8220; rt_row_style=&#8220;default-style&#8220; rt_row_height=&#8220;&#8220; rt_row_borders=&#8220;&#8220; rt_row_shadows=&#8220;&#8220; rt_column_gaps=&#8220;&#8220; rt_row_paddings=&#8220;true&#8220; rt_bg_effect=&#8220;classic&#8220; rt_transparent_bg=&#8220;&#8220; rt_bg_image_repeat=&#8220;repeat&#8220; rt_bg_size=&#8220;cover&#8220; rt_bg_position=&#8220;right top&#8220; rt_bg_attachment=&#8220;scroll&#8220; rt_bg_video_format=&#8220;self-hosted&#8220; rt_padding_top=&#8220;30&#8243; rt_padding_bottom=&#8220;30&#8243;][vc_column rt_col_paddings=&#8220;true&#8220; rt_wrp_col_paddings=&#8220;false&#8220; rt_column_shadow=&#8220;&#8220; rt_border_top=&#8220;&#8220; rt_border_bottom=&#8220;&#8220; rt_border_left=&#8220;&#8220; rt_border_right=&#8220;&#8220; rt_border_top_mobile=&#8220;&#8220; rt_border_bottom_mobile=&#8220;&#8220; rt_border_left_mobile=&#8220;&#8220; rt_border_right_mobile=&#8220;&#8220; rt_bg_image_repeat=&#8220;repeat&#8220; rt_bg_size=&#8220;auto auto&#8220; rt_bg_position=&#8220;right top&#8220; rt_bg_attachment=&#8220;scroll&#8220;][\/vc_column][\/vc_row][vc_row rt_row_background_width=&#8220;fullwidth&#8220; rt_row_content_width=&#8220;default&#8220; rt_row_style=&#8220;default-style&#8220; rt_row_height=&#8220;&#8220; rt_row_borders=&#8220;&#8220; rt_row_shadows=&#8220;&#8220; rt_column_gaps=&#8220;&#8220; rt_row_paddings=&#8220;true&#8220; rt_bg_effect=&#8220;classic&#8220; rt_transparent_bg=&#8220;&#8220; rt_bg_image_repeat=&#8220;repeat&#8220; rt_bg_size=&#8220;cover&#8220; rt_bg_position=&#8220;right top&#8220; rt_bg_attachment=&#8220;scroll&#8220; rt_bg_video_format=&#8220;self-hosted&#8220;][vc_column width=&#8220;1\/6&#8243; rt_col_paddings=&#8220;true&#8220; rt_wrp_col_paddings=&#8220;false&#8220; &#8230; <a class=\"more-link\" href=\"https:\/\/mykonostownhousehotel.com\/de\/fruehstueck\/\">Lesen Sie weiter<\/a><\/p>\n","protected":false},"author":2,"featured_media":0,"parent":0,"menu_order":0,"comment_status":"closed","ping_status":"closed","template":"","meta":{"footnotes":""},"class_list":["post-11007","page","type-page","status-publish","hentry"],"yoast_head":"<!-- This site is optimized with the Yoast SEO plugin v27.4 - https:\/\/yoast.com\/product\/yoast-seo-wordpress\/ -->\n<title>Fr\u00fchst\u00fcck - The Townhouse Hotel Mykonos<\/title>\n<meta name=\"robots\" content=\"index, follow, max-snippet:-1, max-image-preview:large, max-video-preview:-1\" \/>\n<link rel=\"canonical\" href=\"https:\/\/mykonostownhousehotel.com\/de\/fruehstueck\/\" \/>\n<meta property=\"og:locale\" content=\"de_DE\" \/>\n<meta property=\"og:type\" content=\"article\" \/>\n<meta property=\"og:title\" content=\"Fr\u00fchst\u00fcck - The Townhouse Hotel Mykonos\" \/>\n<meta property=\"og:description\" content=\"[vc_row rt_row_background_width=&#8220;fullwidth&#8220; rt_row_content_width=&#8220;default&#8220; rt_row_style=&#8220;default-style&#8220; rt_row_height=&#8220;&#8220; rt_row_borders=&#8220;&#8220; rt_row_shadows=&#8220;&#8220; rt_column_gaps=&#8220;&#8220; rt_row_paddings=&#8220;true&#8220; rt_bg_effect=&#8220;classic&#8220; rt_transparent_bg=&#8220;&#8220; rt_bg_image_repeat=&#8220;repeat&#8220; rt_bg_size=&#8220;cover&#8220; rt_bg_position=&#8220;right top&#8220; rt_bg_attachment=&#8220;scroll&#8220; rt_bg_video_format=&#8220;self-hosted&#8220; rt_padding_top=&#8220;30&#8243; rt_padding_bottom=&#8220;30&#8243;][vc_column rt_col_paddings=&#8220;true&#8220; rt_wrp_col_paddings=&#8220;false&#8220; rt_column_shadow=&#8220;&#8220; rt_border_top=&#8220;&#8220; rt_border_bottom=&#8220;&#8220; rt_border_left=&#8220;&#8220; rt_border_right=&#8220;&#8220; rt_border_top_mobile=&#8220;&#8220; rt_border_bottom_mobile=&#8220;&#8220; rt_border_left_mobile=&#8220;&#8220; rt_border_right_mobile=&#8220;&#8220; rt_bg_image_repeat=&#8220;repeat&#8220; rt_bg_size=&#8220;auto auto&#8220; rt_bg_position=&#8220;right top&#8220; rt_bg_attachment=&#8220;scroll&#8220;][\/vc_column][\/vc_row][vc_row rt_row_background_width=&#8220;fullwidth&#8220; rt_row_content_width=&#8220;default&#8220; rt_row_style=&#8220;default-style&#8220; rt_row_height=&#8220;&#8220; rt_row_borders=&#8220;&#8220; rt_row_shadows=&#8220;&#8220; rt_column_gaps=&#8220;&#8220; rt_row_paddings=&#8220;true&#8220; rt_bg_effect=&#8220;classic&#8220; rt_transparent_bg=&#8220;&#8220; rt_bg_image_repeat=&#8220;repeat&#8220; rt_bg_size=&#8220;cover&#8220; rt_bg_position=&#8220;right top&#8220; rt_bg_attachment=&#8220;scroll&#8220; rt_bg_video_format=&#8220;self-hosted&#8220;][vc_column width=&#8220;1\/6&#8243; rt_col_paddings=&#8220;true&#8220; rt_wrp_col_paddings=&#8220;false&#8220; [&hellip;]\" \/>\n<meta property=\"og:url\" content=\"https:\/\/mykonostownhousehotel.com\/de\/fruehstueck\/\" \/>\n<meta property=\"og:site_name\" content=\"The Townhouse Hotel Mykonos\" \/>\n<meta property=\"article:publisher\" content=\"https:\/\/www.facebook.com\/MykonosTownHouse\/\" \/>\n<meta property=\"article:modified_time\" content=\"2026-01-29T09:42:22+00:00\" \/>\n<meta name=\"twitter:card\" content=\"summary_large_image\" \/>\n<meta name=\"twitter:label1\" content=\"Gesch\u00e4tzte Lesezeit\" \/>\n\t<meta name=\"twitter:data1\" content=\"5\u00a0Minuten\" \/>\n<script type=\"application\/ld+json\" class=\"yoast-schema-graph\">{\"@context\":\"https:\\\/\\\/schema.org\",\"@graph\":[{\"@type\":\"WebPage\",\"@id\":\"https:\\\/\\\/mykonostownhousehotel.com\\\/de\\\/fruehstueck\\\/\",\"url\":\"https:\\\/\\\/mykonostownhousehotel.com\\\/de\\\/fruehstueck\\\/\",\"name\":\"Fr\u00fchst\u00fcck - The Townhouse Hotel Mykonos\",\"isPartOf\":{\"@id\":\"https:\\\/\\\/hotelrez-mykonos.local\\\/#website\"},\"datePublished\":\"2026-01-27T22:57:01+00:00\",\"dateModified\":\"2026-01-29T09:42:22+00:00\",\"breadcrumb\":{\"@id\":\"https:\\\/\\\/mykonostownhousehotel.com\\\/de\\\/fruehstueck\\\/#breadcrumb\"},\"inLanguage\":\"de\",\"potentialAction\":[{\"@type\":\"ReadAction\",\"target\":[\"https:\\\/\\\/mykonostownhousehotel.com\\\/de\\\/fruehstueck\\\/\"]}]},{\"@type\":\"BreadcrumbList\",\"@id\":\"https:\\\/\\\/mykonostownhousehotel.com\\\/de\\\/fruehstueck\\\/#breadcrumb\",\"itemListElement\":[{\"@type\":\"ListItem\",\"position\":1,\"name\":\"Home\",\"item\":\"https:\\\/\\\/mykonostownhousehotel.com\\\/de\\\/\"},{\"@type\":\"ListItem\",\"position\":2,\"name\":\"Fr\u00fchst\u00fcck\"}]},{\"@type\":\"WebSite\",\"@id\":\"https:\\\/\\\/hotelrez-mykonos.local\\\/#website\",\"url\":\"https:\\\/\\\/hotelrez-mykonos.local\\\/\",\"name\":\"The Townhouse Hotel Mykonos\",\"description\":\"Reservations +30 211 198 9344\",\"publisher\":{\"@id\":\"https:\\\/\\\/hotelrez-mykonos.local\\\/#organization\"},\"potentialAction\":[{\"@type\":\"SearchAction\",\"target\":{\"@type\":\"EntryPoint\",\"urlTemplate\":\"https:\\\/\\\/hotelrez-mykonos.local\\\/?s={search_term_string}\"},\"query-input\":{\"@type\":\"PropertyValueSpecification\",\"valueRequired\":true,\"valueName\":\"search_term_string\"}}],\"inLanguage\":\"de\"},{\"@type\":\"Organization\",\"@id\":\"https:\\\/\\\/hotelrez-mykonos.local\\\/#organization\",\"name\":\"The TownHouse Mykonos\",\"url\":\"https:\\\/\\\/hotelrez-mykonos.local\\\/\",\"logo\":{\"@type\":\"ImageObject\",\"inLanguage\":\"de\",\"@id\":\"https:\\\/\\\/hotelrez-mykonos.local\\\/#\\\/schema\\\/logo\\\/image\\\/\",\"url\":\"https:\\\/\\\/mykonostownhousehotel.com\\\/wp-content\\\/uploads\\\/2017\\\/01\\\/The-Townhouse-Mykonos-Logo-12.png\",\"contentUrl\":\"https:\\\/\\\/mykonostownhousehotel.com\\\/wp-content\\\/uploads\\\/2017\\\/01\\\/The-Townhouse-Mykonos-Logo-12.png\",\"width\":909,\"height\":396,\"caption\":\"The TownHouse Mykonos\"},\"image\":{\"@id\":\"https:\\\/\\\/hotelrez-mykonos.local\\\/#\\\/schema\\\/logo\\\/image\\\/\"},\"sameAs\":[\"https:\\\/\\\/www.facebook.com\\\/MykonosTownHouse\\\/\",\"https:\\\/\\\/www.instagram.com\\\/mykonostownhouse\\\/\"]}]}<\/script>\n<!-- \/ Yoast SEO plugin. -->","yoast_head_json":{"title":"Fr\u00fchst\u00fcck - The Townhouse Hotel Mykonos","robots":{"index":"index","follow":"follow","max-snippet":"max-snippet:-1","max-image-preview":"max-image-preview:large","max-video-preview":"max-video-preview:-1"},"canonical":"https:\/\/mykonostownhousehotel.com\/de\/fruehstueck\/","og_locale":"de_DE","og_type":"article","og_title":"Fr\u00fchst\u00fcck - The Townhouse Hotel Mykonos","og_description":"[vc_row rt_row_background_width=&#8220;fullwidth&#8220; rt_row_content_width=&#8220;default&#8220; rt_row_style=&#8220;default-style&#8220; rt_row_height=&#8220;&#8220; rt_row_borders=&#8220;&#8220; rt_row_shadows=&#8220;&#8220; rt_column_gaps=&#8220;&#8220; rt_row_paddings=&#8220;true&#8220; rt_bg_effect=&#8220;classic&#8220; rt_transparent_bg=&#8220;&#8220; rt_bg_image_repeat=&#8220;repeat&#8220; rt_bg_size=&#8220;cover&#8220; rt_bg_position=&#8220;right top&#8220; rt_bg_attachment=&#8220;scroll&#8220; rt_bg_video_format=&#8220;self-hosted&#8220; rt_padding_top=&#8220;30&#8243; rt_padding_bottom=&#8220;30&#8243;][vc_column rt_col_paddings=&#8220;true&#8220; rt_wrp_col_paddings=&#8220;false&#8220; rt_column_shadow=&#8220;&#8220; rt_border_top=&#8220;&#8220; rt_border_bottom=&#8220;&#8220; rt_border_left=&#8220;&#8220; rt_border_right=&#8220;&#8220; rt_border_top_mobile=&#8220;&#8220; rt_border_bottom_mobile=&#8220;&#8220; rt_border_left_mobile=&#8220;&#8220; rt_border_right_mobile=&#8220;&#8220; rt_bg_image_repeat=&#8220;repeat&#8220; rt_bg_size=&#8220;auto auto&#8220; rt_bg_position=&#8220;right top&#8220; rt_bg_attachment=&#8220;scroll&#8220;][\/vc_column][\/vc_row][vc_row rt_row_background_width=&#8220;fullwidth&#8220; rt_row_content_width=&#8220;default&#8220; rt_row_style=&#8220;default-style&#8220; rt_row_height=&#8220;&#8220; rt_row_borders=&#8220;&#8220; rt_row_shadows=&#8220;&#8220; rt_column_gaps=&#8220;&#8220; rt_row_paddings=&#8220;true&#8220; rt_bg_effect=&#8220;classic&#8220; rt_transparent_bg=&#8220;&#8220; rt_bg_image_repeat=&#8220;repeat&#8220; rt_bg_size=&#8220;cover&#8220; rt_bg_position=&#8220;right top&#8220; rt_bg_attachment=&#8220;scroll&#8220; rt_bg_video_format=&#8220;self-hosted&#8220;][vc_column width=&#8220;1\/6&#8243; rt_col_paddings=&#8220;true&#8220; rt_wrp_col_paddings=&#8220;false&#8220; [&hellip;]","og_url":"https:\/\/mykonostownhousehotel.com\/de\/fruehstueck\/","og_site_name":"The Townhouse Hotel Mykonos","article_publisher":"https:\/\/www.facebook.com\/MykonosTownHouse\/","article_modified_time":"2026-01-29T09:42:22+00:00","twitter_card":"summary_large_image","twitter_misc":{"Gesch\u00e4tzte Lesezeit":"5\u00a0Minuten"},"schema":{"@context":"https:\/\/schema.org","@graph":[{"@type":"WebPage","@id":"https:\/\/mykonostownhousehotel.com\/de\/fruehstueck\/","url":"https:\/\/mykonostownhousehotel.com\/de\/fruehstueck\/","name":"Fr\u00fchst\u00fcck - The Townhouse Hotel Mykonos","isPartOf":{"@id":"https:\/\/hotelrez-mykonos.local\/#website"},"datePublished":"2026-01-27T22:57:01+00:00","dateModified":"2026-01-29T09:42:22+00:00","breadcrumb":{"@id":"https:\/\/mykonostownhousehotel.com\/de\/fruehstueck\/#breadcrumb"},"inLanguage":"de","potentialAction":[{"@type":"ReadAction","target":["https:\/\/mykonostownhousehotel.com\/de\/fruehstueck\/"]}]},{"@type":"BreadcrumbList","@id":"https:\/\/mykonostownhousehotel.com\/de\/fruehstueck\/#breadcrumb","itemListElement":[{"@type":"ListItem","position":1,"name":"Home","item":"https:\/\/mykonostownhousehotel.com\/de\/"},{"@type":"ListItem","position":2,"name":"Fr\u00fchst\u00fcck"}]},{"@type":"WebSite","@id":"https:\/\/hotelrez-mykonos.local\/#website","url":"https:\/\/hotelrez-mykonos.local\/","name":"The Townhouse Hotel Mykonos","description":"Reservations +30 211 198 9344","publisher":{"@id":"https:\/\/hotelrez-mykonos.local\/#organization"},"potentialAction":[{"@type":"SearchAction","target":{"@type":"EntryPoint","urlTemplate":"https:\/\/hotelrez-mykonos.local\/?s={search_term_string}"},"query-input":{"@type":"PropertyValueSpecification","valueRequired":true,"valueName":"search_term_string"}}],"inLanguage":"de"},{"@type":"Organization","@id":"https:\/\/hotelrez-mykonos.local\/#organization","name":"The TownHouse Mykonos","url":"https:\/\/hotelrez-mykonos.local\/","logo":{"@type":"ImageObject","inLanguage":"de","@id":"https:\/\/hotelrez-mykonos.local\/#\/schema\/logo\/image\/","url":"https:\/\/mykonostownhousehotel.com\/wp-content\/uploads\/2017\/01\/The-Townhouse-Mykonos-Logo-12.png","contentUrl":"https:\/\/mykonostownhousehotel.com\/wp-content\/uploads\/2017\/01\/The-Townhouse-Mykonos-Logo-12.png","width":909,"height":396,"caption":"The TownHouse Mykonos"},"image":{"@id":"https:\/\/hotelrez-mykonos.local\/#\/schema\/logo\/image\/"},"sameAs":["https:\/\/www.facebook.com\/MykonosTownHouse\/","https:\/\/www.instagram.com\/mykonostownhouse\/"]}]}},"_links":{"self":[{"href":"https:\/\/mykonostownhousehotel.com\/de\/wp-json\/wp\/v2\/pages\/11007","targetHints":{"allow":["GET"]}}],"collection":[{"href":"https:\/\/mykonostownhousehotel.com\/de\/wp-json\/wp\/v2\/pages"}],"about":[{"href":"https:\/\/mykonostownhousehotel.com\/de\/wp-json\/wp\/v2\/types\/page"}],"author":[{"embeddable":true,"href":"https:\/\/mykonostownhousehotel.com\/de\/wp-json\/wp\/v2\/users\/2"}],"replies":[{"embeddable":true,"href":"https:\/\/mykonostownhousehotel.com\/de\/wp-json\/wp\/v2\/comments?post=11007"}],"version-history":[{"count":4,"href":"https:\/\/mykonostownhousehotel.com\/de\/wp-json\/wp\/v2\/pages\/11007\/revisions"}],"predecessor-version":[{"id":11312,"href":"https:\/\/mykonostownhousehotel.com\/de\/wp-json\/wp\/v2\/pages\/11007\/revisions\/11312"}],"wp:attachment":[{"href":"https:\/\/mykonostownhousehotel.com\/de\/wp-json\/wp\/v2\/media?parent=11007"}],"curies":[{"name":"wp","href":"https:\/\/api.w.org\/{rel}","templated":true}]}}