{"id":10986,"date":"2026-01-28T00:57:00","date_gmt":"2026-01-27T22:57:00","guid":{"rendered":"https:\/\/mykonostownhousehotel.com\/covid-19-hotel-policies\/"},"modified":"2026-01-28T00:57:01","modified_gmt":"2026-01-27T22:57:01","slug":"covid-19-hotel-policies","status":"publish","type":"page","link":"https:\/\/mykonostownhousehotel.com\/de\/covid-19-hotel-policies\/","title":{"rendered":"COVID-19 Hotelrichtlinien"},"content":{"rendered":"<div class=\"wpb-content-wrapper\"><p>[vc_row rt_row_background_width=&#8220;fullwidth&#8220; rt_row_content_width=&#8220;fullwidth&#8220; rt_row_style=&#8220;alt-style-1&#8243; rt_row_height=&#8220;min_height&#8220; rt_holder_placement=&#8220;middle&#8220; rt_column_placement=&#8220;middle&#8220; rt_row_borders=&#8220;&#8220; rt_row_shadows=&#8220;&#8220; rt_column_gaps=&#8220;&#8220; rt_row_paddings=&#8220;true&#8220; rt_bg_effect=&#8220;classic&#8220; rt_transparent_bg=&#8220;&#8220; rt_bg_image_repeat=&#8220;repeat&#8220; rt_bg_size=&#8220;cover&#8220; rt_bg_position=&#8220;center center&#8220; rt_bg_attachment=&#8220;fixed&#8220; rt_bg_video_format=&#8220;self-hosted&#8220; rt_bg_color=&#8220;#020202&#8243; rt_min_row_height=&#8220;600&#8243; rt_bg_image=&#8220;7548&#8243; rt_bg_overlay_color=&#8220;rgba(0,0,0,0.79)&#8220;][vc_column rt_col_paddings=&#8220;true&#8220; rt_wrp_col_paddings=&#8220;false&#8220; rt_column_shadow=&#8220;&#8220; rt_border_top=&#8220;&#8220; rt_border_bottom=&#8220;&#8220; rt_border_left=&#8220;&#8220; rt_border_right=&#8220;&#8220; rt_border_top_mobile=&#8220;&#8220; rt_border_bottom_mobile=&#8220;&#8220; rt_border_left_mobile=&#8220;&#8220; rt_border_right_mobile=&#8220;&#8220; rt_bg_image_repeat=&#8220;repeat&#8220; rt_bg_size=&#8220;auto auto&#8220; rt_bg_position=&#8220;right top&#8220; rt_bg_attachment=&#8220;scroll&#8220;]<div class=\"rt_heading_wrapper style-4\">\n\t\t\t\t\t\t<h1 class=\"rt_heading  primary-color secondary-font style-4\"  style=\"font-size:50px;margin-top:150px;\">COVID-19 Hotelrichtlinien<\/h1> \n\t\t\t\t\t<\/div>[\/vc_column][\/vc_row][vc_row rt_row_background_width=&#8220;fullwidth&#8220; rt_row_content_width=&#8220;default&#8220; rt_row_style=&#8220;default-style&#8220; rt_row_height=&#8220;&#8220; rt_row_borders=&#8220;&#8220; rt_row_shadows=&#8220;&#8220; rt_column_gaps=&#8220;&#8220; rt_row_paddings=&#8220;true&#8220; rt_bg_effect=&#8220;classic&#8220; rt_transparent_bg=&#8220;&#8220; rt_bg_image_repeat=&#8220;repeat&#8220; rt_bg_size=&#8220;cover&#8220; rt_bg_position=&#8220;right top&#8220; rt_bg_attachment=&#8220;scroll&#8220; rt_bg_video_format=&#8220;self-hosted&#8220;][vc_column rt_col_paddings=&#8220;true&#8220; rt_wrp_col_paddings=&#8220;false&#8220; rt_column_shadow=&#8220;&#8220; rt_border_top=&#8220;&#8220; rt_border_bottom=&#8220;&#8220; rt_border_left=&#8220;&#8220; rt_border_right=&#8220;&#8220; rt_border_top_mobile=&#8220;&#8220; rt_border_bottom_mobile=&#8220;&#8220; rt_border_left_mobile=&#8220;&#8220; rt_border_right_mobile=&#8220;&#8220; rt_bg_image_repeat=&#8220;repeat&#8220; rt_bg_size=&#8220;auto auto&#8220; rt_bg_position=&#8220;right top&#8220; rt_bg_attachment=&#8220;scroll&#8220;][vc_column_text]Im TownHouse Mykonos sind wir uns der Auswirkungen des Corona-Virus und des Covid-19-Ausbruchs auf die Reiseentscheidungen unserer G\u00e4ste bewusst und wissen, dass sie sich bei einem Aufenthalt bei uns sicher f\u00fchlen m\u00fcssen.<\/p>\n<p>Die Gesundheit unserer G\u00e4ste und Mitarbeiter ist f\u00fcr uns von gr\u00f6\u00dfter Bedeutung. Diese Seite bietet aktuellen und zuk\u00fcnftigen G\u00e4sten einen \u00dcberblick \u00fcber die Ma\u00dfnahmen, die wir ergreifen, um Ihre Sicherheit und Ihr Wohlbefinden zu gew\u00e4hrleisten. <\/p>\n<p>Das TownHouse beobachtet die Weltgesundheitsorganisation (WHO), das Centre for Disease Control (CDC) und verschiedene Regierungsbeh\u00f6rden genau, um die besten Praktiken zu ermitteln, die in unsere Richtlinien einflie\u00dfen und unsere Arbeitsabl\u00e4ufe verbessern. Wir haben die folgenden Richtlinien eingef\u00fchrt:- <\/p>\n<p><img loading=\"lazy\" decoding=\"async\" class=\"alignnone wp-image-7399 size-full\" src=\"https:\/\/mykonostownhousehotel.com\/wp-content\/uploads\/2020\/07\/Covid_Compliance_Badge_1137628-02.jpg\" alt=\"\" width=\"1034\" height=\"317\" srcset=\"https:\/\/mykonostownhousehotel.com\/wp-content\/uploads\/2020\/07\/Covid_Compliance_Badge_1137628-02.jpg 1034w, https:\/\/mykonostownhousehotel.com\/wp-content\/uploads\/2020\/07\/Covid_Compliance_Badge_1137628-02-300x92.jpg 300w, https:\/\/mykonostownhousehotel.com\/wp-content\/uploads\/2020\/07\/Covid_Compliance_Badge_1137628-02-1024x314.jpg 1024w, https:\/\/mykonostownhousehotel.com\/wp-content\/uploads\/2020\/07\/Covid_Compliance_Badge_1137628-02-768x235.jpg 768w\" sizes=\"auto, (max-width: 1034px) 100vw, 1034px\" \/><\/p>\n<p>&nbsp;<\/p>\n<h4><b>Super &#8218;Reinraum&#8216;-Politik<\/b><\/h4>\n<p>Mary Poppins w\u00e4re stolz auf unsere gr\u00fcndliche Vorgehensweise bei der Desinfektion und Desinfizierung von Zimmern und allen anderen Hotelbereichen.<\/p>\n<ul>\n<li>Unsere SOP&#8217;s f\u00fcr die Zimmerreinigung entsprechen den Anweisungen von EODY COVID-19.<\/li>\n<li>Alle Zimmer (und \u00f6ffentlichen Bereiche) werden mit speziellen Produkten von Dettol, Lysol, Johnson &amp; Johnson oder \u00e4hnlichen Produkten gr\u00fcndlich desinfiziert. Dies geschieht vor Ihrer Ankunft. <\/li>\n<li>Nachdem die Zimmer einer &#8218;Tiefenreinigung&#8216; unterzogen wurden, werden sie versiegelt, um sicherzustellen, dass Sie die einzigen und ersten Personen sind, die sie betreten.<\/li>\n<li>Die Bereiche mit hohen Ber\u00fchrungspunkten in den Zimmern und im gesamten Hotel wurden identifiziert und werden regelm\u00e4\u00dfig desinfiziert. Dazu geh\u00f6ren unter anderem: T\u00fcrklinken, Kn\u00f6pfe, Gel\u00e4nder, die Rezeption, Arbeitsfl\u00e4chen, Zimmerschl\u00fcssel, Barbereiche, Tische und alle Gemeinschaftsbereiche. <\/li>\n<li>Aufger\u00e4umte R\u00e4ume verringern das Risiko einer \u00dcbertragung.<\/li>\n<li>Reinigung auf Anfrage &#8211; Es geh\u00f6rt zum Standard unseres Hotels, die Zimmer t\u00e4glich zu reinigen und die Bettw\u00e4sche alle zwei Tage zu wechseln sowie einen Reinigungsservice anzubieten. Der Zimmerservice findet nur auf Anfrage der G\u00e4ste zwischen 19 und 21 Uhr statt. <\/li>\n<li>Unsere Minibars werden vor der Ankunft desinfiziert und sind auch in Zukunft immer voll best\u00fcckt.<\/li>\n<\/ul>\n<p>&nbsp;<\/p>\n<h4><b>Personalhygiene &amp; PSA  <\/b><\/h4>\n<ul>\n<li>Alle Mitarbeiter sind verpflichtet, die offiziellen Empfehlungen zur Verwendung von pers\u00f6nlicher Schutzausr\u00fcstung (PSA) zu befolgen und Masken zu tragen.<\/li>\n<li>Alle Mitarbeiter sind verpflichtet, sich regelm\u00e4\u00dfig die H\u00e4nde zu waschen und zu desinfizieren.<\/li>\n<li>Wir stellen im gesamten Hotel antibakterielle Fl\u00fcssigkeiten und Desinfektionsmittel f\u00fcr unsere G\u00e4ste bereit.<\/li>\n<li>Wir sch\u00fctteln weder die H\u00e4nde noch nehmen wir irgendeine Art von K\u00f6rperkontakt mit G\u00e4sten oder Kollegen auf (dies ist die empfohlene beste Praxis, um die Ausbreitung von COVID-19 zu verhindern). Das ist uns ein wenig fremd, denn als Luxus-Boutique-Hotel halten wir Personalisierung f\u00fcr unglaublich wichtig. Wir werden jedoch unser Bestes tun, damit die Pers\u00f6nlichkeit unserer Teams auch weiterhin zum Vorschein kommt.  <\/li>\n<li>PSA-Ausr\u00fcstung f\u00fcr G\u00e4ste ist auf Anfrage erh\u00e4ltlich.<\/li>\n<li>Unsere K\u00fcche arbeitet in \u00dcbereinstimmung mit den HACCP-Regeln und Vorschriften.<\/li>\n<li>Alle hochfrequenten \u00f6ffentlichen Ber\u00fchrungspunkte werden regelm\u00e4\u00dfig desinfiziert<\/li>\n<li>Die Handt\u00fccher der Sonnenb\u00e4nke werden nach jeder Benutzung ausgetauscht und die Sonnenb\u00e4nke desinfiziert<\/li>\n<\/ul>\n<p>&nbsp;<\/p>\n<h4><strong>Soziale Distanzierung<\/strong><\/h4>\n<ul>\n<li>Das Fr\u00fchst\u00fcck ist \u00e0 la carte erh\u00e4ltlich. Das Fr\u00fchst\u00fcck wird auf den Terrassen der 54 Bar serviert. Wenn Sie den &#8218;Night Owl&#8216;-Tarif (nur Zimmer) gebucht haben, k\u00f6nnen Sie das Fr\u00fchst\u00fcck gegen eine zus\u00e4tzliche Geb\u00fchr pro Person zu Ihrem Aufenthalt hinzuf\u00fcgen.  <\/li>\n<li>Im gesamten Hotel wurden Beschr\u00e4nkungen eingef\u00fchrt, um ein gewisses Ma\u00df an sozialer Distanz aufrechtzuerhalten.<\/li>\n<li>Die Anzahl der Tische im Hotel, an denen G\u00e4ste Getr\u00e4nke etc. zu sich nehmen k\u00f6nnen, wurde gem\u00e4\u00df den offiziellen Richtlinien reduziert. Dies gilt auch f\u00fcr unsere 54 Cocktailbar, deren Kapazit\u00e4t aus Sicherheitsgr\u00fcnden eingeschr\u00e4nkt wurde. Wir empfehlen Ihnen daher, einen Platz zu reservieren, wenn Sie bei uns einen Cocktail trinken m\u00f6chten &#8211; Hotelg\u00e4ste haben immer Vorrang. <\/li>\n<li>Auch im Pump Gym gelten Einschr\u00e4nkungen f\u00fcr bew\u00e4hrte Praktiken.<\/li>\n<li>Bitte wenden Sie sich an die Rezeption, um alle notwendigen Reservierungen zu besprechen.<\/li>\n<\/ul>\n<div class=\"notranslate\" style=\"all: initial;\"><\/div>\n<p>[\/vc_column_text][\/vc_column][\/vc_row]<\/p>\n<\/div>","protected":false},"excerpt":{"rendered":"<p>[vc_row rt_row_background_width=&#8220;fullwidth&#8220; rt_row_content_width=&#8220;fullwidth&#8220; rt_row_style=&#8220;alt-style-1&#8243; rt_row_height=&#8220;min_height&#8220; rt_holder_placement=&#8220;middle&#8220; rt_column_placement=&#8220;middle&#8220; rt_row_borders=&#8220;&#8220; rt_row_shadows=&#8220;&#8220; rt_column_gaps=&#8220;&#8220; rt_row_paddings=&#8220;true&#8220; rt_bg_effect=&#8220;classic&#8220; rt_transparent_bg=&#8220;&#8220; rt_bg_image_repeat=&#8220;repeat&#8220; rt_bg_size=&#8220;cover&#8220; rt_bg_position=&#8220;center center&#8220; rt_bg_attachment=&#8220;fixed&#8220; rt_bg_video_format=&#8220;self-hosted&#8220; rt_bg_color=&#8220;#020202&#8243; rt_min_row_height=&#8220;600&#8243; rt_bg_image=&#8220;7548&#8243; rt_bg_overlay_color=&#8220;rgba(0,0,0,0.79)&#8220;][vc_column rt_col_paddings=&#8220;true&#8220; rt_wrp_col_paddings=&#8220;false&#8220; rt_column_shadow=&#8220;&#8220; rt_border_top=&#8220;&#8220; rt_border_bottom=&#8220;&#8220; rt_border_left=&#8220;&#8220; rt_border_right=&#8220;&#8220; rt_border_top_mobile=&#8220;&#8220; rt_border_bottom_mobile=&#8220;&#8220; rt_border_left_mobile=&#8220;&#8220; rt_border_right_mobile=&#8220;&#8220; rt_bg_image_repeat=&#8220;repeat&#8220; rt_bg_size=&#8220;auto auto&#8220; rt_bg_position=&#8220;right top&#8220; rt_bg_attachment=&#8220;scroll&#8220;][\/vc_column][\/vc_row][vc_row rt_row_background_width=&#8220;fullwidth&#8220; rt_row_content_width=&#8220;default&#8220; rt_row_style=&#8220;default-style&#8220; rt_row_height=&#8220;&#8220; rt_row_borders=&#8220;&#8220; rt_row_shadows=&#8220;&#8220; rt_column_gaps=&#8220;&#8220; rt_row_paddings=&#8220;true&#8220; rt_bg_effect=&#8220;classic&#8220; rt_transparent_bg=&#8220;&#8220; rt_bg_image_repeat=&#8220;repeat&#8220; rt_bg_size=&#8220;cover&#8220; rt_bg_position=&#8220;right top&#8220; rt_bg_attachment=&#8220;scroll&#8220; &#8230; <a class=\"more-link\" href=\"https:\/\/mykonostownhousehotel.com\/de\/covid-19-hotel-policies\/\">Lesen Sie weiter<\/a><\/p>\n","protected":false},"author":2,"featured_media":0,"parent":0,"menu_order":0,"comment_status":"closed","ping_status":"closed","template":"","meta":{"footnotes":""},"class_list":["post-10986","page","type-page","status-publish","hentry"],"yoast_head":"<!-- This site is optimized with the Yoast SEO plugin v27.4 - https:\/\/yoast.com\/product\/yoast-seo-wordpress\/ -->\n<title>COVID-19 Hotelrichtlinien - The Townhouse Hotel Mykonos<\/title>\n<meta name=\"robots\" content=\"index, follow, max-snippet:-1, max-image-preview:large, max-video-preview:-1\" \/>\n<link rel=\"canonical\" href=\"https:\/\/mykonostownhousehotel.com\/de\/covid-19-hotel-policies\/\" \/>\n<meta property=\"og:locale\" content=\"de_DE\" \/>\n<meta property=\"og:type\" content=\"article\" \/>\n<meta property=\"og:title\" content=\"COVID-19 Hotelrichtlinien - The Townhouse Hotel Mykonos\" \/>\n<meta property=\"og:description\" content=\"[vc_row rt_row_background_width=&#8220;fullwidth&#8220; rt_row_content_width=&#8220;fullwidth&#8220; rt_row_style=&#8220;alt-style-1&#8243; rt_row_height=&#8220;min_height&#8220; rt_holder_placement=&#8220;middle&#8220; rt_column_placement=&#8220;middle&#8220; rt_row_borders=&#8220;&#8220; rt_row_shadows=&#8220;&#8220; rt_column_gaps=&#8220;&#8220; rt_row_paddings=&#8220;true&#8220; rt_bg_effect=&#8220;classic&#8220; rt_transparent_bg=&#8220;&#8220; rt_bg_image_repeat=&#8220;repeat&#8220; rt_bg_size=&#8220;cover&#8220; rt_bg_position=&#8220;center center&#8220; rt_bg_attachment=&#8220;fixed&#8220; rt_bg_video_format=&#8220;self-hosted&#8220; rt_bg_color=&#8220;#020202&#8243; rt_min_row_height=&#8220;600&#8243; rt_bg_image=&#8220;7548&#8243; rt_bg_overlay_color=&#8220;rgba(0,0,0,0.79)&#8220;][vc_column rt_col_paddings=&#8220;true&#8220; rt_wrp_col_paddings=&#8220;false&#8220; rt_column_shadow=&#8220;&#8220; rt_border_top=&#8220;&#8220; rt_border_bottom=&#8220;&#8220; rt_border_left=&#8220;&#8220; rt_border_right=&#8220;&#8220; rt_border_top_mobile=&#8220;&#8220; rt_border_bottom_mobile=&#8220;&#8220; rt_border_left_mobile=&#8220;&#8220; rt_border_right_mobile=&#8220;&#8220; rt_bg_image_repeat=&#8220;repeat&#8220; rt_bg_size=&#8220;auto auto&#8220; rt_bg_position=&#8220;right top&#8220; rt_bg_attachment=&#8220;scroll&#8220;][\/vc_column][\/vc_row][vc_row rt_row_background_width=&#8220;fullwidth&#8220; rt_row_content_width=&#8220;default&#8220; rt_row_style=&#8220;default-style&#8220; rt_row_height=&#8220;&#8220; rt_row_borders=&#8220;&#8220; rt_row_shadows=&#8220;&#8220; rt_column_gaps=&#8220;&#8220; rt_row_paddings=&#8220;true&#8220; rt_bg_effect=&#8220;classic&#8220; rt_transparent_bg=&#8220;&#8220; rt_bg_image_repeat=&#8220;repeat&#8220; rt_bg_size=&#8220;cover&#8220; rt_bg_position=&#8220;right top&#8220; rt_bg_attachment=&#8220;scroll&#8220; [&hellip;]\" \/>\n<meta property=\"og:url\" content=\"https:\/\/mykonostownhousehotel.com\/de\/covid-19-hotel-policies\/\" \/>\n<meta property=\"og:site_name\" content=\"The Townhouse Hotel Mykonos\" \/>\n<meta property=\"article:publisher\" content=\"https:\/\/www.facebook.com\/MykonosTownHouse\/\" \/>\n<meta property=\"article:modified_time\" content=\"2026-01-27T22:57:01+00:00\" \/>\n<meta property=\"og:image\" content=\"https:\/\/mykonostownhousehotel.com\/wp-content\/uploads\/2020\/07\/Covid_Compliance_Badge_1137628-02.jpg\" \/>\n\t<meta property=\"og:image:width\" content=\"1034\" \/>\n\t<meta property=\"og:image:height\" content=\"317\" \/>\n\t<meta property=\"og:image:type\" content=\"image\/jpeg\" \/>\n<meta name=\"twitter:card\" content=\"summary_large_image\" \/>\n<meta name=\"twitter:label1\" content=\"Gesch\u00e4tzte Lesezeit\" \/>\n\t<meta name=\"twitter:data1\" content=\"5\u00a0Minuten\" \/>\n<script type=\"application\/ld+json\" class=\"yoast-schema-graph\">{\"@context\":\"https:\\\/\\\/schema.org\",\"@graph\":[{\"@type\":\"WebPage\",\"@id\":\"https:\\\/\\\/mykonostownhousehotel.com\\\/de\\\/covid-19-hotel-policies\\\/\",\"url\":\"https:\\\/\\\/mykonostownhousehotel.com\\\/de\\\/covid-19-hotel-policies\\\/\",\"name\":\"COVID-19 Hotelrichtlinien - The Townhouse Hotel Mykonos\",\"isPartOf\":{\"@id\":\"https:\\\/\\\/hotelrez-mykonos.local\\\/#website\"},\"primaryImageOfPage\":{\"@id\":\"https:\\\/\\\/mykonostownhousehotel.com\\\/de\\\/covid-19-hotel-policies\\\/#primaryimage\"},\"image\":{\"@id\":\"https:\\\/\\\/mykonostownhousehotel.com\\\/de\\\/covid-19-hotel-policies\\\/#primaryimage\"},\"thumbnailUrl\":\"https:\\\/\\\/mykonostownhousehotel.com\\\/wp-content\\\/uploads\\\/2020\\\/07\\\/Covid_Compliance_Badge_1137628-02.jpg\",\"datePublished\":\"2026-01-27T22:57:00+00:00\",\"dateModified\":\"2026-01-27T22:57:01+00:00\",\"breadcrumb\":{\"@id\":\"https:\\\/\\\/mykonostownhousehotel.com\\\/de\\\/covid-19-hotel-policies\\\/#breadcrumb\"},\"inLanguage\":\"de\",\"potentialAction\":[{\"@type\":\"ReadAction\",\"target\":[\"https:\\\/\\\/mykonostownhousehotel.com\\\/de\\\/covid-19-hotel-policies\\\/\"]}]},{\"@type\":\"ImageObject\",\"inLanguage\":\"de\",\"@id\":\"https:\\\/\\\/mykonostownhousehotel.com\\\/de\\\/covid-19-hotel-policies\\\/#primaryimage\",\"url\":\"https:\\\/\\\/mykonostownhousehotel.com\\\/wp-content\\\/uploads\\\/2020\\\/07\\\/Covid_Compliance_Badge_1137628-02.jpg\",\"contentUrl\":\"https:\\\/\\\/mykonostownhousehotel.com\\\/wp-content\\\/uploads\\\/2020\\\/07\\\/Covid_Compliance_Badge_1137628-02.jpg\"},{\"@type\":\"BreadcrumbList\",\"@id\":\"https:\\\/\\\/mykonostownhousehotel.com\\\/de\\\/covid-19-hotel-policies\\\/#breadcrumb\",\"itemListElement\":[{\"@type\":\"ListItem\",\"position\":1,\"name\":\"Home\",\"item\":\"https:\\\/\\\/mykonostownhousehotel.com\\\/de\\\/\"},{\"@type\":\"ListItem\",\"position\":2,\"name\":\"COVID-19 Hotelrichtlinien\"}]},{\"@type\":\"WebSite\",\"@id\":\"https:\\\/\\\/hotelrez-mykonos.local\\\/#website\",\"url\":\"https:\\\/\\\/hotelrez-mykonos.local\\\/\",\"name\":\"The Townhouse Hotel Mykonos\",\"description\":\"Reservations +30 211 198 9344\",\"publisher\":{\"@id\":\"https:\\\/\\\/hotelrez-mykonos.local\\\/#organization\"},\"potentialAction\":[{\"@type\":\"SearchAction\",\"target\":{\"@type\":\"EntryPoint\",\"urlTemplate\":\"https:\\\/\\\/hotelrez-mykonos.local\\\/?s={search_term_string}\"},\"query-input\":{\"@type\":\"PropertyValueSpecification\",\"valueRequired\":true,\"valueName\":\"search_term_string\"}}],\"inLanguage\":\"de\"},{\"@type\":\"Organization\",\"@id\":\"https:\\\/\\\/hotelrez-mykonos.local\\\/#organization\",\"name\":\"The TownHouse Mykonos\",\"url\":\"https:\\\/\\\/hotelrez-mykonos.local\\\/\",\"logo\":{\"@type\":\"ImageObject\",\"inLanguage\":\"de\",\"@id\":\"https:\\\/\\\/hotelrez-mykonos.local\\\/#\\\/schema\\\/logo\\\/image\\\/\",\"url\":\"https:\\\/\\\/mykonostownhousehotel.com\\\/wp-content\\\/uploads\\\/2017\\\/01\\\/The-Townhouse-Mykonos-Logo-12.png\",\"contentUrl\":\"https:\\\/\\\/mykonostownhousehotel.com\\\/wp-content\\\/uploads\\\/2017\\\/01\\\/The-Townhouse-Mykonos-Logo-12.png\",\"width\":909,\"height\":396,\"caption\":\"The TownHouse Mykonos\"},\"image\":{\"@id\":\"https:\\\/\\\/hotelrez-mykonos.local\\\/#\\\/schema\\\/logo\\\/image\\\/\"},\"sameAs\":[\"https:\\\/\\\/www.facebook.com\\\/MykonosTownHouse\\\/\",\"https:\\\/\\\/www.instagram.com\\\/mykonostownhouse\\\/\"]}]}<\/script>\n<!-- \/ Yoast SEO plugin. -->","yoast_head_json":{"title":"COVID-19 Hotelrichtlinien - The Townhouse Hotel Mykonos","robots":{"index":"index","follow":"follow","max-snippet":"max-snippet:-1","max-image-preview":"max-image-preview:large","max-video-preview":"max-video-preview:-1"},"canonical":"https:\/\/mykonostownhousehotel.com\/de\/covid-19-hotel-policies\/","og_locale":"de_DE","og_type":"article","og_title":"COVID-19 Hotelrichtlinien - The Townhouse Hotel Mykonos","og_description":"[vc_row rt_row_background_width=&#8220;fullwidth&#8220; rt_row_content_width=&#8220;fullwidth&#8220; rt_row_style=&#8220;alt-style-1&#8243; rt_row_height=&#8220;min_height&#8220; rt_holder_placement=&#8220;middle&#8220; rt_column_placement=&#8220;middle&#8220; rt_row_borders=&#8220;&#8220; rt_row_shadows=&#8220;&#8220; rt_column_gaps=&#8220;&#8220; rt_row_paddings=&#8220;true&#8220; rt_bg_effect=&#8220;classic&#8220; rt_transparent_bg=&#8220;&#8220; rt_bg_image_repeat=&#8220;repeat&#8220; rt_bg_size=&#8220;cover&#8220; rt_bg_position=&#8220;center center&#8220; rt_bg_attachment=&#8220;fixed&#8220; rt_bg_video_format=&#8220;self-hosted&#8220; rt_bg_color=&#8220;#020202&#8243; rt_min_row_height=&#8220;600&#8243; rt_bg_image=&#8220;7548&#8243; rt_bg_overlay_color=&#8220;rgba(0,0,0,0.79)&#8220;][vc_column rt_col_paddings=&#8220;true&#8220; rt_wrp_col_paddings=&#8220;false&#8220; rt_column_shadow=&#8220;&#8220; rt_border_top=&#8220;&#8220; rt_border_bottom=&#8220;&#8220; rt_border_left=&#8220;&#8220; rt_border_right=&#8220;&#8220; rt_border_top_mobile=&#8220;&#8220; rt_border_bottom_mobile=&#8220;&#8220; rt_border_left_mobile=&#8220;&#8220; rt_border_right_mobile=&#8220;&#8220; rt_bg_image_repeat=&#8220;repeat&#8220; rt_bg_size=&#8220;auto auto&#8220; rt_bg_position=&#8220;right top&#8220; rt_bg_attachment=&#8220;scroll&#8220;][\/vc_column][\/vc_row][vc_row rt_row_background_width=&#8220;fullwidth&#8220; rt_row_content_width=&#8220;default&#8220; rt_row_style=&#8220;default-style&#8220; rt_row_height=&#8220;&#8220; rt_row_borders=&#8220;&#8220; rt_row_shadows=&#8220;&#8220; rt_column_gaps=&#8220;&#8220; rt_row_paddings=&#8220;true&#8220; rt_bg_effect=&#8220;classic&#8220; rt_transparent_bg=&#8220;&#8220; rt_bg_image_repeat=&#8220;repeat&#8220; rt_bg_size=&#8220;cover&#8220; rt_bg_position=&#8220;right top&#8220; rt_bg_attachment=&#8220;scroll&#8220; [&hellip;]","og_url":"https:\/\/mykonostownhousehotel.com\/de\/covid-19-hotel-policies\/","og_site_name":"The Townhouse Hotel Mykonos","article_publisher":"https:\/\/www.facebook.com\/MykonosTownHouse\/","article_modified_time":"2026-01-27T22:57:01+00:00","og_image":[{"width":1034,"height":317,"url":"https:\/\/mykonostownhousehotel.com\/wp-content\/uploads\/2020\/07\/Covid_Compliance_Badge_1137628-02.jpg","type":"image\/jpeg"}],"twitter_card":"summary_large_image","twitter_misc":{"Gesch\u00e4tzte Lesezeit":"5\u00a0Minuten"},"schema":{"@context":"https:\/\/schema.org","@graph":[{"@type":"WebPage","@id":"https:\/\/mykonostownhousehotel.com\/de\/covid-19-hotel-policies\/","url":"https:\/\/mykonostownhousehotel.com\/de\/covid-19-hotel-policies\/","name":"COVID-19 Hotelrichtlinien - The Townhouse Hotel Mykonos","isPartOf":{"@id":"https:\/\/hotelrez-mykonos.local\/#website"},"primaryImageOfPage":{"@id":"https:\/\/mykonostownhousehotel.com\/de\/covid-19-hotel-policies\/#primaryimage"},"image":{"@id":"https:\/\/mykonostownhousehotel.com\/de\/covid-19-hotel-policies\/#primaryimage"},"thumbnailUrl":"https:\/\/mykonostownhousehotel.com\/wp-content\/uploads\/2020\/07\/Covid_Compliance_Badge_1137628-02.jpg","datePublished":"2026-01-27T22:57:00+00:00","dateModified":"2026-01-27T22:57:01+00:00","breadcrumb":{"@id":"https:\/\/mykonostownhousehotel.com\/de\/covid-19-hotel-policies\/#breadcrumb"},"inLanguage":"de","potentialAction":[{"@type":"ReadAction","target":["https:\/\/mykonostownhousehotel.com\/de\/covid-19-hotel-policies\/"]}]},{"@type":"ImageObject","inLanguage":"de","@id":"https:\/\/mykonostownhousehotel.com\/de\/covid-19-hotel-policies\/#primaryimage","url":"https:\/\/mykonostownhousehotel.com\/wp-content\/uploads\/2020\/07\/Covid_Compliance_Badge_1137628-02.jpg","contentUrl":"https:\/\/mykonostownhousehotel.com\/wp-content\/uploads\/2020\/07\/Covid_Compliance_Badge_1137628-02.jpg"},{"@type":"BreadcrumbList","@id":"https:\/\/mykonostownhousehotel.com\/de\/covid-19-hotel-policies\/#breadcrumb","itemListElement":[{"@type":"ListItem","position":1,"name":"Home","item":"https:\/\/mykonostownhousehotel.com\/de\/"},{"@type":"ListItem","position":2,"name":"COVID-19 Hotelrichtlinien"}]},{"@type":"WebSite","@id":"https:\/\/hotelrez-mykonos.local\/#website","url":"https:\/\/hotelrez-mykonos.local\/","name":"The Townhouse Hotel Mykonos","description":"Reservations +30 211 198 9344","publisher":{"@id":"https:\/\/hotelrez-mykonos.local\/#organization"},"potentialAction":[{"@type":"SearchAction","target":{"@type":"EntryPoint","urlTemplate":"https:\/\/hotelrez-mykonos.local\/?s={search_term_string}"},"query-input":{"@type":"PropertyValueSpecification","valueRequired":true,"valueName":"search_term_string"}}],"inLanguage":"de"},{"@type":"Organization","@id":"https:\/\/hotelrez-mykonos.local\/#organization","name":"The TownHouse Mykonos","url":"https:\/\/hotelrez-mykonos.local\/","logo":{"@type":"ImageObject","inLanguage":"de","@id":"https:\/\/hotelrez-mykonos.local\/#\/schema\/logo\/image\/","url":"https:\/\/mykonostownhousehotel.com\/wp-content\/uploads\/2017\/01\/The-Townhouse-Mykonos-Logo-12.png","contentUrl":"https:\/\/mykonostownhousehotel.com\/wp-content\/uploads\/2017\/01\/The-Townhouse-Mykonos-Logo-12.png","width":909,"height":396,"caption":"The TownHouse Mykonos"},"image":{"@id":"https:\/\/hotelrez-mykonos.local\/#\/schema\/logo\/image\/"},"sameAs":["https:\/\/www.facebook.com\/MykonosTownHouse\/","https:\/\/www.instagram.com\/mykonostownhouse\/"]}]}},"_links":{"self":[{"href":"https:\/\/mykonostownhousehotel.com\/de\/wp-json\/wp\/v2\/pages\/10986","targetHints":{"allow":["GET"]}}],"collection":[{"href":"https:\/\/mykonostownhousehotel.com\/de\/wp-json\/wp\/v2\/pages"}],"about":[{"href":"https:\/\/mykonostownhousehotel.com\/de\/wp-json\/wp\/v2\/types\/page"}],"author":[{"embeddable":true,"href":"https:\/\/mykonostownhousehotel.com\/de\/wp-json\/wp\/v2\/users\/2"}],"replies":[{"embeddable":true,"href":"https:\/\/mykonostownhousehotel.com\/de\/wp-json\/wp\/v2\/comments?post=10986"}],"version-history":[{"count":1,"href":"https:\/\/mykonostownhousehotel.com\/de\/wp-json\/wp\/v2\/pages\/10986\/revisions"}],"predecessor-version":[{"id":10993,"href":"https:\/\/mykonostownhousehotel.com\/de\/wp-json\/wp\/v2\/pages\/10986\/revisions\/10993"}],"wp:attachment":[{"href":"https:\/\/mykonostownhousehotel.com\/de\/wp-json\/wp\/v2\/media?parent=10986"}],"curies":[{"name":"wp","href":"https:\/\/api.w.org\/{rel}","templated":true}]}}