{"id":10740,"date":"2026-01-28T00:55:25","date_gmt":"2026-01-27T22:55:25","guid":{"rendered":"https:\/\/mykonostownhousehotel.com\/weddings\/"},"modified":"2026-02-03T16:54:34","modified_gmt":"2026-02-03T14:54:34","slug":"hochzeiten","status":"publish","type":"page","link":"https:\/\/mykonostownhousehotel.com\/de\/hochzeiten\/","title":{"rendered":"HOCHZEITEN"},"content":{"rendered":"<div class=\"wpb-content-wrapper\"><p>[vc_row rt_row_background_width=&#8220;fullwidth&#8220; rt_row_content_width=&#8220;default&#8220; rt_row_style=&#8220;light-style&#8220; rt_row_height=&#8220;full_height&#8220; rt_holder_placement=&#8220;middle&#8220; rt_column_placement=&#8220;middle&#8220; rt_row_borders=&#8220;&#8220; rt_row_shadows=&#8220;&#8220; rt_column_gaps=&#8220;&#8220; rt_row_paddings=&#8220;true&#8220; rt_bg_effect=&#8220;classic&#8220; rt_transparent_bg=&#8220;&#8220; rt_bg_image_repeat=&#8220;no-repeat&#8220; rt_bg_size=&#8220;cover&#8220; rt_bg_position=&#8220;center center&#8220; rt_bg_attachment=&#8220;fixed&#8220; rt_bg_video_format=&#8220;youtube&#8220; rt_bg_image=&#8220;5574&#8243; rt_bg_overlay_color=&#8220;rgba(2,2,2,0.55)&#8220;][vc_column rt_col_paddings=&#8220;true&#8220; rt_wrp_col_paddings=&#8220;false&#8220; rt_column_shadow=&#8220;&#8220; rt_border_top=&#8220;&#8220; rt_border_bottom=&#8220;&#8220; rt_border_left=&#8220;&#8220; rt_border_right=&#8220;&#8220; rt_border_top_mobile=&#8220;&#8220; rt_border_bottom_mobile=&#8220;&#8220; rt_border_left_mobile=&#8220;&#8220; rt_border_right_mobile=&#8220;&#8220; rt_bg_image_repeat=&#8220;repeat&#8220; rt_bg_size=&#8220;auto auto&#8220; rt_bg_position=&#8220;right top&#8220; rt_bg_attachment=&#8220;scroll&#8220; rt_bg_color=&#8220;&#8220; rt_bg_overlay_color=&#8220;&#8220; rt_padding_left=&#8220;30&#8243; rt_padding_right=&#8220;30&#8243;][vc_empty_space height=&#8220;70&#8243;]<div class=\"rt_heading_wrapper style-7\">\n\t\t\t\t\t\t<h1 class=\"rt_heading  aligncenter style-7\"  style=\"margin-top:100px;\">Ich will! &#8230;ich will! Ich will! Ich will! <\/h1> \n\t\t\t\t\t<\/div><div class=\"rt_heading_wrapper style-4\">\n\t\t\t\t\t\t<h3 class=\"rt_heading  secondary-font style-4\"  style=\"font-size:20px;color:#baad85;margin-top:20px;\">Magisches Mykonos f\u00fcr Ihren gro\u00dfen Tag!<\/h3> \n\t\t\t\t\t<\/div><div class=\"rt_heading_wrapper style-7\">\n\t\t\t\t\t\t<h2 class=\"rt_heading  aligncenter style-7\"  style=\"font-size:18px;line-height:35px;margin-left:30px;margin-right:30px;\">Mit seiner einzigartigen nat\u00fcrlichen Sch\u00f6nheit, dem schicken Nachtleben und dem kosmopolitischen Lebensstil ist Mykonos der perfekte Rahmen f\u00fcr eine luxuri\u00f6se und elegante Hochzeit. Ganz gleich, ob Sie Ihre Traumhochzeit verwirklichen oder Ihr Ehegel\u00fcbde mit bezaubernder Aussicht und atemberaubender Sonnenuntergangsstimmung erneuern m\u00f6chten, das TownHouse Mykonos ist der perfekte Ort f\u00fcr Ihre Hochzeit.<\/h2> \n\t\t\t\t\t<\/div>[vc_empty_space height=&#8220;70&#8243;][\/vc_column][\/vc_row][vc_row rt_row_background_width=&#8220;fullwidth&#8220; rt_row_content_width=&#8220;default&#8220; rt_row_style=&#8220;alt-style-1&#8243; rt_row_height=&#8220;&#8220; rt_column_placement=&#8220;middle&#8220; rt_row_borders=&#8220;&#8220; rt_row_shadows=&#8220;&#8220; rt_column_view=&#8220;equal_heights&#8220; rt_column_gaps=&#8220;&#8220; rt_row_paddings=&#8220;true&#8220; rt_bg_effect=&#8220;classic&#8220; rt_transparent_bg=&#8220;&#8220; rt_bg_image_repeat=&#8220;no-repeat&#8220; rt_bg_size=&#8220;cover&#8220; rt_bg_position=&#8220;center bottom&#8220; rt_bg_attachment=&#8220;fixed&#8220; rt_bg_video_format=&#8220;self-hosted&#8220; rt_padding_top=&#8220;120&#8243; rt_padding_bottom=&#8220;120&#8243;][vc_column rt_col_paddings=&#8220;true&#8220; rt_wrp_col_paddings=&#8220;false&#8220; rt_column_shadow=&#8220;&#8220; rt_border_top=&#8220;&#8220; rt_border_bottom=&#8220;&#8220; rt_border_left=&#8220;&#8220; rt_border_right=&#8220;&#8220; rt_border_top_mobile=&#8220;&#8220; rt_border_bottom_mobile=&#8220;&#8220; rt_border_left_mobile=&#8220;&#8220; rt_border_right_mobile=&#8220;&#8220; rt_bg_image_repeat=&#8220;repeat&#8220; rt_bg_size=&#8220;auto auto&#8220; rt_bg_position=&#8220;right top&#8220; rt_bg_attachment=&#8220;scroll&#8220; rt_padding_bottom=&#8220;50&#8243; rt_bg_color=&#8220;&#8220; rt_bg_overlay_color=&#8220;&#8220;]<div class=\"rt_heading_wrapper style-4\">\n\t\t\t\t\t\t<h3 class=\"rt_heading  secondary-font style-4\"  style=\"font-size:50px;\">Exklusive Nutzung<\/h3> \n\t\t\t\t\t<\/div>[\/vc_column][vc_column width=&#8220;1\/2&#8243; rt_col_paddings=&#8220;true&#8220; rt_wrp_col_paddings=&#8220;false&#8220; rt_column_shadow=&#8220;&#8220; rt_border_top=&#8220;&#8220; rt_border_bottom=&#8220;&#8220; rt_border_left=&#8220;&#8220; rt_border_right=&#8220;&#8220; rt_border_top_mobile=&#8220;&#8220; rt_border_bottom_mobile=&#8220;&#8220; rt_border_left_mobile=&#8220;&#8220; rt_border_right_mobile=&#8220;&#8220; rt_bg_image_repeat=&#8220;repeat&#8220; rt_bg_size=&#8220;auto auto&#8220; rt_bg_position=&#8220;right top&#8220; rt_bg_attachment=&#8220;scroll&#8220;][vc_column_text css_animation=&#8220;fadeIn&#8220;]<\/p>\n<p style=\"text-align: left;\">Erleben Sie die ultimative exklusive Nutzung unserer 19 modernen und stilvollen G\u00e4stezimmer und Suiten, privaten Zugang zu unseren Sonnenuntergangs- und Dachterrassen, VIP-Concierge- und Butler-Service auf Anfrage.<\/p>\n<p>[\/vc_column_text][\/vc_column][vc_column width=&#8220;1\/2&#8243; rt_col_paddings=&#8220;true&#8220; rt_wrp_col_paddings=&#8220;false&#8220; rt_column_shadow=&#8220;&#8220; rt_border_top=&#8220;&#8220; rt_border_bottom=&#8220;&#8220; rt_border_left=&#8220;true&#8220; rt_border_right=&#8220;&#8220; rt_border_top_mobile=&#8220;&#8220; rt_border_bottom_mobile=&#8220;&#8220; rt_border_left_mobile=&#8220;&#8220; rt_border_right_mobile=&#8220;&#8220; rt_bg_image_repeat=&#8220;repeat&#8220; rt_bg_size=&#8220;auto auto&#8220; rt_bg_position=&#8220;right top&#8220; rt_bg_attachment=&#8220;scroll&#8220; rt_bg_color=&#8220;&#8220; rt_bg_overlay_color=&#8220;&#8220;][vc_column_text css_animation=&#8220;fadeIn&#8220;]<\/p>\n<p style=\"text-align: left;\">Sie haben auch Zugang zu unserer lebhaften und schillernden 54 Cocktail Bar &amp; Sunset Lounge, die erfrischende fruchtige Cocktails oder gek\u00fchlte Champagnerfl\u00f6ten anbietet, um Ihre Hochzeit au\u00dfergew\u00f6hnlich extravagant zu gestalten.<\/p>\n<p>[\/vc_column_text][\/vc_column][\/vc_row][vc_row rt_row_background_width=&#8220;fullwidth&#8220; rt_row_content_width=&#8220;default&#8220; rt_row_style=&#8220;default-style&#8220; rt_row_height=&#8220;min_height&#8220; rt_holder_placement=&#8220;middle&#8220; rt_column_placement=&#8220;middle&#8220; rt_row_borders=&#8220;&#8220; rt_row_shadows=&#8220;&#8220; rt_column_view=&#8220;equal_heights&#8220; rt_column_gaps=&#8220;&#8220; rt_row_paddings=&#8220;true&#8220; rt_bg_effect=&#8220;classic&#8220; rt_transparent_bg=&#8220;&#8220; rt_bg_image_repeat=&#8220;repeat&#8220; rt_bg_size=&#8220;cover&#8220; rt_bg_position=&#8220;right top&#8220; rt_bg_attachment=&#8220;scroll&#8220; rt_bg_video_format=&#8220;self-hosted&#8220; rt_padding_top=&#8220;0&#8243; rt_padding_bottom=&#8220;0&#8243; rt_padding_left=&#8220;0&#8243; rt_padding_right=&#8220;0&#8243; rt_min_row_height=&#8220;600&#8243;][vc_column width=&#8220;1\/2&#8243; rt_color_set=&#8220;default-style&#8220; rt_col_paddings=&#8220;true&#8220; rt_wrp_col_paddings=&#8220;false&#8220; rt_column_shadow=&#8220;&#8220; rt_border_top=&#8220;&#8220; rt_border_bottom=&#8220;&#8220; rt_border_left=&#8220;&#8220; rt_border_right=&#8220;&#8220; rt_border_top_mobile=&#8220;&#8220; rt_border_bottom_mobile=&#8220;&#8220; rt_border_left_mobile=&#8220;&#8220; rt_border_right_mobile=&#8220;&#8220; rt_bg_image=&#8220;5581&#8243; rt_bg_image_repeat=&#8220;no-repeat&#8220; rt_bg_size=&#8220;cover&#8220; rt_bg_position=&#8220;center center&#8220; rt_bg_attachment=&#8220;fixed&#8220; rt_padding_top=&#8220;40&#8243; rt_padding_bottom=&#8220;40&#8243; rt_bg_color=&#8220;&#8220; rt_bg_overlay_color=&#8220;&#8220; rt_min_height=&#8220;600&#8243;][\/vc_column][vc_column width=&#8220;1\/2&#8243; rt_col_paddings=&#8220;true&#8220; rt_wrp_col_paddings=&#8220;false&#8220; rt_column_shadow=&#8220;&#8220; rt_border_top=&#8220;&#8220; rt_border_bottom=&#8220;&#8220; rt_border_left=&#8220;&#8220; rt_border_right=&#8220;&#8220; rt_border_top_mobile=&#8220;&#8220; rt_border_bottom_mobile=&#8220;&#8220; rt_border_left_mobile=&#8220;&#8220; rt_border_right_mobile=&#8220;&#8220; rt_bg_image_repeat=&#8220;repeat&#8220; rt_bg_size=&#8220;cover&#8220; rt_bg_position=&#8220;center center&#8220; rt_bg_attachment=&#8220;fixed&#8220; rt_bg_color=&#8220;&#8220; rt_bg_overlay_color=&#8220;&#8220;][vc_empty_space]<div class=\"rt_heading_wrapper style-5\">\n\t\t\t\t\t\t<h3 class=\"rt_heading  style-5\"  style=\"font-size:30px;\">Unaufdringlicher, diskreter Luxus<\/h3> \n\t\t\t\t\t<\/div>[vc_empty_space][vc_column_text css_animation=&#8220;fadeIn&#8220;]<\/p>\n<h4><em>Das TownHouse bietet seinen G\u00e4sten diskreten Luxus auf dem alten Platz von Mykonos-Stadt in einer beeindruckenden Sammlung traditioneller griechischer Geb\u00e4ude.  <\/em><\/h4>\n<p>Erkunden Sie das wundervolle Labyrinth aus wei\u00df get\u00fcnchten Stra\u00dfen, perfekten goldenen Str\u00e4nden und verlockenden Aussichten und fangen Sie dieses einmalige Hochzeitsfoto ein, das alle Ihre G\u00e4ste in Ehrfurcht erstarren lassen wird.[\/vc_column_text][vc_empty_space][\/vc_column][\/vc_row][vc_row rt_row_background_width=&#8220;fullwidth&#8220; rt_row_content_width=&#8220;default&#8220; rt_row_style=&#8220;default-style&#8220; rt_row_height=&#8220;min_height&#8220; rt_holder_placement=&#8220;middle&#8220; rt_column_placement=&#8220;middle&#8220; rt_row_borders=&#8220;&#8220; rt_row_shadows=&#8220;&#8220; rt_column_view=&#8220;equal_heights&#8220; rt_column_gaps=&#8220;&#8220; rt_row_paddings=&#8220;true&#8220; rt_bg_effect=&#8220;classic&#8220; rt_transparent_bg=&#8220;&#8220; rt_bg_image_repeat=&#8220;repeat&#8220; rt_bg_size=&#8220;cover&#8220; rt_bg_position=&#8220;right top&#8220; rt_bg_attachment=&#8220;scroll&#8220; rt_bg_video_format=&#8220;self-hosted&#8220; rt_padding_top=&#8220;0&#8243; rt_padding_bottom=&#8220;0&#8243; rt_padding_left=&#8220;0&#8243; rt_padding_right=&#8220;0&#8243; rt_min_row_height=&#8220;600&#8243;][vc_column width=&#8220;1\/2&#8243; rt_color_set=&#8220;default-style&#8220; rt_col_paddings=&#8220;true&#8220; rt_wrp_col_paddings=&#8220;false&#8220; rt_column_shadow=&#8220;&#8220; rt_border_top=&#8220;&#8220; rt_border_bottom=&#8220;&#8220; rt_border_left=&#8220;&#8220; rt_border_right=&#8220;&#8220; rt_border_top_mobile=&#8220;&#8220; rt_border_bottom_mobile=&#8220;&#8220; rt_border_left_mobile=&#8220;&#8220; rt_border_right_mobile=&#8220;&#8220; rt_bg_image_repeat=&#8220;no-repeat&#8220; rt_bg_size=&#8220;cover&#8220; rt_bg_position=&#8220;center center&#8220; rt_bg_attachment=&#8220;scroll&#8220; rt_padding_top=&#8220;40&#8243; rt_padding_bottom=&#8220;40&#8243; rt_bg_color=&#8220;&#8220; rt_bg_overlay_color=&#8220;&#8220; rt_min_height=&#8220;400&#8243;]<div class=\"rt_heading_wrapper style-5\">\n\t\t\t\t\t\t<h3 class=\"rt_heading  style-5\"  style=\"font-size:30px;\">Bereiten Sie sich auf den gro\u00dfen Tag vor<\/h3> \n\t\t\t\t\t<\/div>[vc_column_text css_animation=&#8220;fadeIn&#8220;]<\/p>\n<h4><em>Mit herrlichem Blick auf den atemberaubenden Hafen der Altstadt von Mykonos, wenn die Sonne durch die Balkonfenster aufgeht.<\/em><\/h4>\n<p>Wachen Sie an Ihrem Hochzeitstag erfrischt, verj\u00fcngt und umgeben von Komfort in einer unserer vielen au\u00dfergew\u00f6hnlichen Suiten auf, die alle \u00fcber ein Kingsize-Bett, eine orthop\u00e4dische Matratze, hypoallergene Kissen, luxuri\u00f6se dicke Frotteebadem\u00e4ntel und sogar flauschige Hausschuhe verf\u00fcgen.<\/p>\n<p>[\/vc_column_text][\/vc_column][vc_column width=&#8220;1\/2&#8243; rt_color_set=&#8220;default-style&#8220; rt_col_paddings=&#8220;true&#8220; rt_wrp_col_paddings=&#8220;false&#8220; rt_column_shadow=&#8220;&#8220; rt_border_top=&#8220;&#8220; rt_border_bottom=&#8220;&#8220; rt_border_left=&#8220;&#8220; rt_border_right=&#8220;&#8220; rt_border_top_mobile=&#8220;&#8220; rt_border_bottom_mobile=&#8220;&#8220; rt_border_left_mobile=&#8220;&#8220; rt_border_right_mobile=&#8220;&#8220; rt_bg_image=&#8220;5577&#8243; rt_bg_image_repeat=&#8220;no-repeat&#8220; rt_bg_size=&#8220;cover&#8220; rt_bg_position=&#8220;center center&#8220; rt_bg_attachment=&#8220;fixed&#8220; rt_bg_color=&#8220;&#8220; rt_bg_overlay_color=&#8220;&#8220; rt_padding_top=&#8220;40&#8243; rt_padding_bottom=&#8220;40&#8243; rt_min_height=&#8220;600&#8243;][\/vc_column][\/vc_row][vc_row css_animation=&#8220;fadeIn&#8220; rt_row_background_width=&#8220;fullwidth&#8220; rt_row_content_width=&#8220;default&#8220; rt_row_style=&#8220;alt-style-1&#8243; rt_row_height=&#8220;&#8220; rt_row_borders=&#8220;&#8220; rt_row_shadows=&#8220;&#8220; rt_column_view=&#8220;equal_heights&#8220; rt_column_gaps=&#8220;&#8220; rt_row_paddings=&#8220;true&#8220; rt_bg_effect=&#8220;classic&#8220; rt_transparent_bg=&#8220;&#8220; rt_bg_image_repeat=&#8220;repeat&#8220; rt_bg_size=&#8220;cover&#8220; rt_bg_position=&#8220;right top&#8220; rt_bg_attachment=&#8220;scroll&#8220; rt_bg_video_format=&#8220;self-hosted&#8220; rt_padding_top=&#8220;80&#8243; rt_padding_bottom=&#8220;80&#8243;][vc_column width=&#8220;1\/2&#8243; rt_col_paddings=&#8220;true&#8220; rt_wrp_col_paddings=&#8220;false&#8220; rt_column_shadow=&#8220;&#8220; rt_border_top=&#8220;&#8220; rt_border_bottom=&#8220;&#8220; rt_border_left=&#8220;&#8220; rt_border_right=&#8220;&#8220; rt_border_top_mobile=&#8220;&#8220; rt_border_bottom_mobile=&#8220;&#8220; rt_border_left_mobile=&#8220;&#8220; rt_border_right_mobile=&#8220;&#8220; rt_bg_image_repeat=&#8220;repeat&#8220; rt_bg_size=&#8220;auto auto&#8220; rt_bg_position=&#8220;right top&#8220; rt_bg_attachment=&#8220;scroll&#8220; rt_bg_color=&#8220;&#8220; rt_bg_overlay_color=&#8220;&#8220;]<div class=\"rt_heading_wrapper style-5\">\n\t\t\t\t\t\t<h4 class=\"rt_heading  style-5\"  style=\"font-size:30px;\">Wir gehen auf Ihre Bed\u00fcrfnisse ein<\/h4> \n\t\t\t\t\t<\/div>[vc_column_text css_animation=&#8220;fadeIn&#8220;]<\/p>\n<p style=\"text-align: left;\">Unsere Mitarbeiter und unser Concierge sind auf der Insel ans\u00e4ssig und k\u00f6nnen Ihnen in jeder Hinsicht bei Ihrem gro\u00dfen Tag behilflich sein. Egal, ob Sie wissen m\u00f6chten, wann die beste Zeit des Jahres ist, um den Bund f\u00fcrs Leben zu schlie\u00dfen, ob Sie lokale Fotografen mit griechisch inspiriertem Flair suchen oder in welcher Luxussuite sich Ihre Brautjungfern fertig machen sollen.<\/p>\n<p style=\"text-align: left;\">Sollten Sie besondere Anforderungen oder W\u00fcnsche haben, werden wir uns bem\u00fchen, Ihnen und Ihren G\u00e4sten gerecht zu werden und Ihre Hochzeit so malerisch zu gestalten wie die Aussicht von unserer Dachterrasse.<\/p>\n<p>[\/vc_column_text][\/vc_column][vc_column width=&#8220;1\/2&#8243; rt_col_paddings=&#8220;true&#8220; rt_wrp_col_paddings=&#8220;false&#8220; rt_column_shadow=&#8220;&#8220; rt_border_top=&#8220;&#8220; rt_border_bottom=&#8220;&#8220; rt_border_left=&#8220;true&#8220; rt_border_right=&#8220;&#8220; rt_border_top_mobile=&#8220;&#8220; rt_border_bottom_mobile=&#8220;&#8220; rt_border_left_mobile=&#8220;&#8220; rt_border_right_mobile=&#8220;&#8220; rt_bg_image_repeat=&#8220;repeat&#8220; rt_bg_size=&#8220;auto auto&#8220; rt_bg_position=&#8220;right top&#8220; rt_bg_attachment=&#8220;scroll&#8220; rt_bg_color=&#8220;&#8220; rt_bg_overlay_color=&#8220;&#8220;]<div class=\"rt_heading_wrapper style-5\">\n\t\t\t\t\t\t<h4 class=\"rt_heading  style-5\"  style=\"font-size:30px;\">Kontaktieren Sie uns f\u00fcr weitere Informationen<\/h4> \n\t\t\t\t\t<\/div>[vc_column_text css_animation=&#8220;fadeIn&#8220;]<\/p>\n<p style=\"text-align: left;\">Kontaktieren Sie uns einfach direkt unter <strong><a href=\"mailto:concierge@mykonostownhousehotel.com\">concierge@mykonostownhousehotel.com<\/a><\/strong> um die Buchung unseres Herrenhauses aus dem 18. Jahrhundert im Herzen von Mykonos f\u00fcr den sch\u00f6nsten Tag Ihres Lebens zu besprechen.<\/p>\n<p>[\/vc_column_text][\/vc_column][\/vc_row]<\/p>\n<\/div>","protected":false},"excerpt":{"rendered":"<p>[vc_row rt_row_background_width=&#8220;fullwidth&#8220; rt_row_content_width=&#8220;default&#8220; rt_row_style=&#8220;light-style&#8220; rt_row_height=&#8220;full_height&#8220; rt_holder_placement=&#8220;middle&#8220; rt_column_placement=&#8220;middle&#8220; rt_row_borders=&#8220;&#8220; rt_row_shadows=&#8220;&#8220; rt_column_gaps=&#8220;&#8220; rt_row_paddings=&#8220;true&#8220; rt_bg_effect=&#8220;classic&#8220; rt_transparent_bg=&#8220;&#8220; rt_bg_image_repeat=&#8220;no-repeat&#8220; rt_bg_size=&#8220;cover&#8220; rt_bg_position=&#8220;center center&#8220; rt_bg_attachment=&#8220;fixed&#8220; rt_bg_video_format=&#8220;youtube&#8220; rt_bg_image=&#8220;5574&#8243; rt_bg_overlay_color=&#8220;rgba(2,2,2,0.55)&#8220;][vc_column rt_col_paddings=&#8220;true&#8220; rt_wrp_col_paddings=&#8220;false&#8220; rt_column_shadow=&#8220;&#8220; rt_border_top=&#8220;&#8220; rt_border_bottom=&#8220;&#8220; rt_border_left=&#8220;&#8220; rt_border_right=&#8220;&#8220; rt_border_top_mobile=&#8220;&#8220; rt_border_bottom_mobile=&#8220;&#8220; rt_border_left_mobile=&#8220;&#8220; rt_border_right_mobile=&#8220;&#8220; rt_bg_image_repeat=&#8220;repeat&#8220; rt_bg_size=&#8220;auto auto&#8220; rt_bg_position=&#8220;right top&#8220; rt_bg_attachment=&#8220;scroll&#8220; rt_bg_color=&#8220;&#8220; rt_bg_overlay_color=&#8220;&#8220; rt_padding_left=&#8220;30&#8243; rt_padding_right=&#8220;30&#8243;][vc_empty_space height=&#8220;70&#8243;][vc_empty_space height=&#8220;70&#8243;][\/vc_column][\/vc_row][vc_row rt_row_background_width=&#8220;fullwidth&#8220; rt_row_content_width=&#8220;default&#8220; rt_row_style=&#8220;alt-style-1&#8243; rt_row_height=&#8220;&#8220; rt_column_placement=&#8220;middle&#8220; rt_row_borders=&#8220;&#8220; rt_row_shadows=&#8220;&#8220; rt_column_view=&#8220;equal_heights&#8220; rt_column_gaps=&#8220;&#8220; rt_row_paddings=&#8220;true&#8220; rt_bg_effect=&#8220;classic&#8220; &#8230; <a class=\"more-link\" href=\"https:\/\/mykonostownhousehotel.com\/de\/hochzeiten\/\">Lesen Sie weiter<\/a><\/p>\n","protected":false},"author":2,"featured_media":0,"parent":0,"menu_order":0,"comment_status":"closed","ping_status":"closed","template":"","meta":{"footnotes":""},"class_list":["post-10740","page","type-page","status-publish","hentry"],"yoast_head":"<!-- This site is optimized with the Yoast SEO plugin v27.4 - https:\/\/yoast.com\/product\/yoast-seo-wordpress\/ -->\n<title>HOCHZEITEN - The Townhouse Hotel Mykonos<\/title>\n<meta name=\"description\" content=\"Ganz gleich, ob Sie Ihre Traumhochzeit verwirklichen oder Ihr Eheversprechen mit einem bezaubernden Ausblick erneuern m\u00f6chten, das TownHouse Mykonos ist der perfekte Ort f\u00fcr Ihre Hochzeit.\" \/>\n<meta name=\"robots\" content=\"index, follow, max-snippet:-1, max-image-preview:large, max-video-preview:-1\" \/>\n<link rel=\"canonical\" href=\"https:\/\/mykonostownhousehotel.com\/de\/hochzeiten\/\" \/>\n<meta property=\"og:locale\" content=\"de_DE\" \/>\n<meta property=\"og:type\" content=\"article\" \/>\n<meta property=\"og:title\" content=\"HOCHZEITEN - The Townhouse Hotel Mykonos\" \/>\n<meta property=\"og:description\" content=\"Ganz gleich, ob Sie Ihre Traumhochzeit verwirklichen oder Ihr Eheversprechen mit einem bezaubernden Ausblick erneuern m\u00f6chten, das TownHouse Mykonos ist der perfekte Ort f\u00fcr Ihre Hochzeit.\" \/>\n<meta property=\"og:url\" content=\"https:\/\/mykonostownhousehotel.com\/de\/hochzeiten\/\" \/>\n<meta property=\"og:site_name\" content=\"The Townhouse Hotel Mykonos\" \/>\n<meta property=\"article:publisher\" content=\"https:\/\/www.facebook.com\/MykonosTownHouse\/\" \/>\n<meta property=\"article:modified_time\" content=\"2026-02-03T14:54:34+00:00\" \/>\n<meta name=\"twitter:card\" content=\"summary_large_image\" \/>\n<meta name=\"twitter:label1\" content=\"Gesch\u00e4tzte Lesezeit\" \/>\n\t<meta name=\"twitter:data1\" content=\"9\u00a0Minuten\" \/>\n<script type=\"application\/ld+json\" class=\"yoast-schema-graph\">{\"@context\":\"https:\\\/\\\/schema.org\",\"@graph\":[{\"@type\":\"WebPage\",\"@id\":\"https:\\\/\\\/mykonostownhousehotel.com\\\/de\\\/hochzeiten\\\/\",\"url\":\"https:\\\/\\\/mykonostownhousehotel.com\\\/de\\\/hochzeiten\\\/\",\"name\":\"HOCHZEITEN - The Townhouse Hotel Mykonos\",\"isPartOf\":{\"@id\":\"https:\\\/\\\/hotelrez-mykonos.local\\\/#website\"},\"datePublished\":\"2026-01-27T22:55:25+00:00\",\"dateModified\":\"2026-02-03T14:54:34+00:00\",\"description\":\"Ganz gleich, ob Sie Ihre Traumhochzeit verwirklichen oder Ihr Eheversprechen mit einem bezaubernden Ausblick erneuern m\u00f6chten, das TownHouse Mykonos ist der perfekte Ort f\u00fcr Ihre Hochzeit.\",\"breadcrumb\":{\"@id\":\"https:\\\/\\\/mykonostownhousehotel.com\\\/de\\\/hochzeiten\\\/#breadcrumb\"},\"inLanguage\":\"de\",\"potentialAction\":[{\"@type\":\"ReadAction\",\"target\":[\"https:\\\/\\\/mykonostownhousehotel.com\\\/de\\\/hochzeiten\\\/\"]}]},{\"@type\":\"BreadcrumbList\",\"@id\":\"https:\\\/\\\/mykonostownhousehotel.com\\\/de\\\/hochzeiten\\\/#breadcrumb\",\"itemListElement\":[{\"@type\":\"ListItem\",\"position\":1,\"name\":\"Home\",\"item\":\"https:\\\/\\\/mykonostownhousehotel.com\\\/de\\\/\"},{\"@type\":\"ListItem\",\"position\":2,\"name\":\"HOCHZEITEN\"}]},{\"@type\":\"WebSite\",\"@id\":\"https:\\\/\\\/hotelrez-mykonos.local\\\/#website\",\"url\":\"https:\\\/\\\/hotelrez-mykonos.local\\\/\",\"name\":\"The Townhouse Hotel Mykonos\",\"description\":\"Reservations +30 211 198 9344\",\"publisher\":{\"@id\":\"https:\\\/\\\/hotelrez-mykonos.local\\\/#organization\"},\"potentialAction\":[{\"@type\":\"SearchAction\",\"target\":{\"@type\":\"EntryPoint\",\"urlTemplate\":\"https:\\\/\\\/hotelrez-mykonos.local\\\/?s={search_term_string}\"},\"query-input\":{\"@type\":\"PropertyValueSpecification\",\"valueRequired\":true,\"valueName\":\"search_term_string\"}}],\"inLanguage\":\"de\"},{\"@type\":\"Organization\",\"@id\":\"https:\\\/\\\/hotelrez-mykonos.local\\\/#organization\",\"name\":\"The TownHouse Mykonos\",\"url\":\"https:\\\/\\\/hotelrez-mykonos.local\\\/\",\"logo\":{\"@type\":\"ImageObject\",\"inLanguage\":\"de\",\"@id\":\"https:\\\/\\\/hotelrez-mykonos.local\\\/#\\\/schema\\\/logo\\\/image\\\/\",\"url\":\"https:\\\/\\\/mykonostownhousehotel.com\\\/wp-content\\\/uploads\\\/2017\\\/01\\\/The-Townhouse-Mykonos-Logo-12.png\",\"contentUrl\":\"https:\\\/\\\/mykonostownhousehotel.com\\\/wp-content\\\/uploads\\\/2017\\\/01\\\/The-Townhouse-Mykonos-Logo-12.png\",\"width\":909,\"height\":396,\"caption\":\"The TownHouse Mykonos\"},\"image\":{\"@id\":\"https:\\\/\\\/hotelrez-mykonos.local\\\/#\\\/schema\\\/logo\\\/image\\\/\"},\"sameAs\":[\"https:\\\/\\\/www.facebook.com\\\/MykonosTownHouse\\\/\",\"https:\\\/\\\/www.instagram.com\\\/mykonostownhouse\\\/\"]}]}<\/script>\n<!-- \/ Yoast SEO plugin. -->","yoast_head_json":{"title":"HOCHZEITEN - The Townhouse Hotel Mykonos","description":"Ganz gleich, ob Sie Ihre Traumhochzeit verwirklichen oder Ihr Eheversprechen mit einem bezaubernden Ausblick erneuern m\u00f6chten, das TownHouse Mykonos ist der perfekte Ort f\u00fcr Ihre Hochzeit.","robots":{"index":"index","follow":"follow","max-snippet":"max-snippet:-1","max-image-preview":"max-image-preview:large","max-video-preview":"max-video-preview:-1"},"canonical":"https:\/\/mykonostownhousehotel.com\/de\/hochzeiten\/","og_locale":"de_DE","og_type":"article","og_title":"HOCHZEITEN - The Townhouse Hotel Mykonos","og_description":"Ganz gleich, ob Sie Ihre Traumhochzeit verwirklichen oder Ihr Eheversprechen mit einem bezaubernden Ausblick erneuern m\u00f6chten, das TownHouse Mykonos ist der perfekte Ort f\u00fcr Ihre Hochzeit.","og_url":"https:\/\/mykonostownhousehotel.com\/de\/hochzeiten\/","og_site_name":"The Townhouse Hotel Mykonos","article_publisher":"https:\/\/www.facebook.com\/MykonosTownHouse\/","article_modified_time":"2026-02-03T14:54:34+00:00","twitter_card":"summary_large_image","twitter_misc":{"Gesch\u00e4tzte Lesezeit":"9\u00a0Minuten"},"schema":{"@context":"https:\/\/schema.org","@graph":[{"@type":"WebPage","@id":"https:\/\/mykonostownhousehotel.com\/de\/hochzeiten\/","url":"https:\/\/mykonostownhousehotel.com\/de\/hochzeiten\/","name":"HOCHZEITEN - The Townhouse Hotel Mykonos","isPartOf":{"@id":"https:\/\/hotelrez-mykonos.local\/#website"},"datePublished":"2026-01-27T22:55:25+00:00","dateModified":"2026-02-03T14:54:34+00:00","description":"Ganz gleich, ob Sie Ihre Traumhochzeit verwirklichen oder Ihr Eheversprechen mit einem bezaubernden Ausblick erneuern m\u00f6chten, das TownHouse Mykonos ist der perfekte Ort f\u00fcr Ihre Hochzeit.","breadcrumb":{"@id":"https:\/\/mykonostownhousehotel.com\/de\/hochzeiten\/#breadcrumb"},"inLanguage":"de","potentialAction":[{"@type":"ReadAction","target":["https:\/\/mykonostownhousehotel.com\/de\/hochzeiten\/"]}]},{"@type":"BreadcrumbList","@id":"https:\/\/mykonostownhousehotel.com\/de\/hochzeiten\/#breadcrumb","itemListElement":[{"@type":"ListItem","position":1,"name":"Home","item":"https:\/\/mykonostownhousehotel.com\/de\/"},{"@type":"ListItem","position":2,"name":"HOCHZEITEN"}]},{"@type":"WebSite","@id":"https:\/\/hotelrez-mykonos.local\/#website","url":"https:\/\/hotelrez-mykonos.local\/","name":"The Townhouse Hotel Mykonos","description":"Reservations +30 211 198 9344","publisher":{"@id":"https:\/\/hotelrez-mykonos.local\/#organization"},"potentialAction":[{"@type":"SearchAction","target":{"@type":"EntryPoint","urlTemplate":"https:\/\/hotelrez-mykonos.local\/?s={search_term_string}"},"query-input":{"@type":"PropertyValueSpecification","valueRequired":true,"valueName":"search_term_string"}}],"inLanguage":"de"},{"@type":"Organization","@id":"https:\/\/hotelrez-mykonos.local\/#organization","name":"The TownHouse Mykonos","url":"https:\/\/hotelrez-mykonos.local\/","logo":{"@type":"ImageObject","inLanguage":"de","@id":"https:\/\/hotelrez-mykonos.local\/#\/schema\/logo\/image\/","url":"https:\/\/mykonostownhousehotel.com\/wp-content\/uploads\/2017\/01\/The-Townhouse-Mykonos-Logo-12.png","contentUrl":"https:\/\/mykonostownhousehotel.com\/wp-content\/uploads\/2017\/01\/The-Townhouse-Mykonos-Logo-12.png","width":909,"height":396,"caption":"The TownHouse Mykonos"},"image":{"@id":"https:\/\/hotelrez-mykonos.local\/#\/schema\/logo\/image\/"},"sameAs":["https:\/\/www.facebook.com\/MykonosTownHouse\/","https:\/\/www.instagram.com\/mykonostownhouse\/"]}]}},"_links":{"self":[{"href":"https:\/\/mykonostownhousehotel.com\/de\/wp-json\/wp\/v2\/pages\/10740","targetHints":{"allow":["GET"]}}],"collection":[{"href":"https:\/\/mykonostownhousehotel.com\/de\/wp-json\/wp\/v2\/pages"}],"about":[{"href":"https:\/\/mykonostownhousehotel.com\/de\/wp-json\/wp\/v2\/types\/page"}],"author":[{"embeddable":true,"href":"https:\/\/mykonostownhousehotel.com\/de\/wp-json\/wp\/v2\/users\/2"}],"replies":[{"embeddable":true,"href":"https:\/\/mykonostownhousehotel.com\/de\/wp-json\/wp\/v2\/comments?post=10740"}],"version-history":[{"count":10,"href":"https:\/\/mykonostownhousehotel.com\/de\/wp-json\/wp\/v2\/pages\/10740\/revisions"}],"predecessor-version":[{"id":13136,"href":"https:\/\/mykonostownhousehotel.com\/de\/wp-json\/wp\/v2\/pages\/10740\/revisions\/13136"}],"wp:attachment":[{"href":"https:\/\/mykonostownhousehotel.com\/de\/wp-json\/wp\/v2\/media?parent=10740"}],"curies":[{"name":"wp","href":"https:\/\/api.w.org\/{rel}","templated":true}]}}