{"id":10702,"date":"2026-01-28T00:16:33","date_gmt":"2026-01-27T22:16:33","guid":{"rendered":"https:\/\/mykonostownhousehotel.com\/disclaimer\/"},"modified":"2026-01-28T00:16:33","modified_gmt":"2026-01-27T22:16:33","slug":"disclaimer","status":"publish","type":"page","link":"https:\/\/mykonostownhousehotel.com\/de\/disclaimer\/","title":{"rendered":"Haftungsausschluss"},"content":{"rendered":"<p>Das TownHouse Mykonos ist Mitglied der Elegant Hotel Collection (EHC), die ihren Sitz in Gro\u00dfbritannien hat, und wird exklusiv von dieser vertreten. Das TownHouse ist Teil des EHC-Hotel-Franchises und h\u00e4lt sich an dessen Verpflichtung zur Exzellenz. Alle Reservierungen werden ausschlie\u00dflich \u00fcber EHC get\u00e4tigt und Buchungsanfragen, die sich auf diese oder andere Angelegenheiten beziehen, sollten an folgende Adresse gerichtet werden: accounts@eleganthotelcollection.com Bitte beachten Sie unsere <strong><a href=\"https:\/\/mykonostownhousehotel.com\/de\/bedingungen-und-konditionen\/\">Bedingungen und Konditionen<\/a><\/strong>, <strong><a href=\"https:\/\/mykonostownhousehotel.com\/de\/booking-terms\/\">Buchungsbedingungen<\/a><\/strong> und <a href=\"https:\/\/mykonostownhousehotel.com\/privacy-policy\/\"><strong> Datenschutzbestimmungen <\/strong><\/a> f\u00fcr weitere Informationen.  <\/p>\n<p>Die Informationen in dieser E-Mail-Nachricht sind vertraulich, unbeschadet und k\u00f6nnen rechtlich gesch\u00fctzt sein. Sie sind ausschlie\u00dflich f\u00fcr den\/die Adressaten bestimmt. Der Zugriff auf diese Internet-Mail-Nachricht durch andere Personen ist nicht gestattet. Wenn Sie nicht der vorgesehene Empf\u00e4nger sind, ist jede Weitergabe, Vervielf\u00e4ltigung, Verteilung oder jede Handlung, die im Vertrauen auf diese Nachricht vorgenommen oder unterlassen wird, verboten und kann rechtswidrig sein.   <\/p>\n<p>Die in dieser E-Mail ge\u00e4u\u00dferten Ansichten und\/oder Meinungen k\u00f6nnen pers\u00f6nliche Ansichten sein und sind nicht notwendigerweise die des TownHouse Mykonos. Handlungen, die im Vertrauen auf solche Ansichten und\/oder Meinungen vorgenommen werden, erfolgen daher unabh\u00e4ngig und auf Ihr eigenes Risiko. Der Absender geht davon aus, dass diese E-Mail und alle Anh\u00e4nge zum Zeitpunkt des Versands frei von Viren, W\u00fcrmern, Trojanern und\/oder b\u00f6sartigem Code waren. Diese Nachricht und ihre Anh\u00e4nge k\u00f6nnten w\u00e4hrend der \u00dcbertragung infiziert worden sein. Durch das Lesen der Nachricht und das \u00d6ffnen von Anh\u00e4ngen \u00fcbernimmt der Empf\u00e4nger die volle Verantwortung f\u00fcr die Ergreifung von Schutz- und Abhilfema\u00dfnahmen gegen Viren und andere Defekte.   <\/p>\n","protected":false},"excerpt":{"rendered":"<p>Das TownHouse Mykonos ist Mitglied der Elegant Hotel Collection (EHC), die ihren Sitz in Gro\u00dfbritannien hat, und wird exklusiv von dieser vertreten. Das TownHouse ist Teil des EHC-Hotel-Franchises und h\u00e4lt sich an dessen Verpflichtung zur Exzellenz. Alle Reservierungen werden ausschlie\u00dflich \u00fcber EHC get\u00e4tigt und Buchungsanfragen, die sich auf diese oder andere Angelegenheiten beziehen, sollten an &#8230; <a class=\"more-link\" href=\"https:\/\/mykonostownhousehotel.com\/de\/disclaimer\/\">Lesen Sie weiter<\/a><\/p>\n","protected":false},"author":2,"featured_media":0,"parent":0,"menu_order":0,"comment_status":"closed","ping_status":"closed","template":"","meta":{"footnotes":""},"class_list":["post-10702","page","type-page","status-publish","hentry"],"yoast_head":"<!-- This site is optimized with the Yoast SEO plugin v27.4 - https:\/\/yoast.com\/product\/yoast-seo-wordpress\/ -->\n<title>Haftungsausschluss - The Townhouse Hotel Mykonos<\/title>\n<meta name=\"robots\" content=\"index, follow, max-snippet:-1, max-image-preview:large, max-video-preview:-1\" \/>\n<link rel=\"canonical\" href=\"https:\/\/mykonostownhousehotel.com\/de\/disclaimer\/\" \/>\n<meta property=\"og:locale\" content=\"de_DE\" \/>\n<meta property=\"og:type\" content=\"article\" \/>\n<meta property=\"og:title\" content=\"Haftungsausschluss - The Townhouse Hotel Mykonos\" \/>\n<meta property=\"og:description\" content=\"Das TownHouse Mykonos ist Mitglied der Elegant Hotel Collection (EHC), die ihren Sitz in Gro\u00dfbritannien hat, und wird exklusiv von dieser vertreten. Das TownHouse ist Teil des EHC-Hotel-Franchises und h\u00e4lt sich an dessen Verpflichtung zur Exzellenz. Alle Reservierungen werden ausschlie\u00dflich \u00fcber EHC get\u00e4tigt und Buchungsanfragen, die sich auf diese oder andere Angelegenheiten beziehen, sollten an [&hellip;]\" \/>\n<meta property=\"og:url\" content=\"https:\/\/mykonostownhousehotel.com\/de\/disclaimer\/\" \/>\n<meta property=\"og:site_name\" content=\"The Townhouse Hotel Mykonos\" \/>\n<meta property=\"article:publisher\" content=\"https:\/\/www.facebook.com\/MykonosTownHouse\/\" \/>\n<meta name=\"twitter:card\" content=\"summary_large_image\" \/>\n<meta name=\"twitter:label1\" content=\"Gesch\u00e4tzte Lesezeit\" \/>\n\t<meta name=\"twitter:data1\" content=\"1\u00a0Minute\" \/>\n<script type=\"application\/ld+json\" class=\"yoast-schema-graph\">{\"@context\":\"https:\\\/\\\/schema.org\",\"@graph\":[{\"@type\":\"WebPage\",\"@id\":\"https:\\\/\\\/mykonostownhousehotel.com\\\/de\\\/disclaimer\\\/\",\"url\":\"https:\\\/\\\/mykonostownhousehotel.com\\\/de\\\/disclaimer\\\/\",\"name\":\"Haftungsausschluss - The Townhouse Hotel Mykonos\",\"isPartOf\":{\"@id\":\"https:\\\/\\\/hotelrez-mykonos.local\\\/#website\"},\"datePublished\":\"2026-01-27T22:16:33+00:00\",\"breadcrumb\":{\"@id\":\"https:\\\/\\\/mykonostownhousehotel.com\\\/de\\\/disclaimer\\\/#breadcrumb\"},\"inLanguage\":\"de\",\"potentialAction\":[{\"@type\":\"ReadAction\",\"target\":[\"https:\\\/\\\/mykonostownhousehotel.com\\\/de\\\/disclaimer\\\/\"]}]},{\"@type\":\"BreadcrumbList\",\"@id\":\"https:\\\/\\\/mykonostownhousehotel.com\\\/de\\\/disclaimer\\\/#breadcrumb\",\"itemListElement\":[{\"@type\":\"ListItem\",\"position\":1,\"name\":\"Home\",\"item\":\"https:\\\/\\\/mykonostownhousehotel.com\\\/de\\\/\"},{\"@type\":\"ListItem\",\"position\":2,\"name\":\"Haftungsausschluss\"}]},{\"@type\":\"WebSite\",\"@id\":\"https:\\\/\\\/hotelrez-mykonos.local\\\/#website\",\"url\":\"https:\\\/\\\/hotelrez-mykonos.local\\\/\",\"name\":\"The Townhouse Hotel Mykonos\",\"description\":\"Reservations +30 211 198 9344\",\"publisher\":{\"@id\":\"https:\\\/\\\/hotelrez-mykonos.local\\\/#organization\"},\"potentialAction\":[{\"@type\":\"SearchAction\",\"target\":{\"@type\":\"EntryPoint\",\"urlTemplate\":\"https:\\\/\\\/hotelrez-mykonos.local\\\/?s={search_term_string}\"},\"query-input\":{\"@type\":\"PropertyValueSpecification\",\"valueRequired\":true,\"valueName\":\"search_term_string\"}}],\"inLanguage\":\"de\"},{\"@type\":\"Organization\",\"@id\":\"https:\\\/\\\/hotelrez-mykonos.local\\\/#organization\",\"name\":\"The TownHouse Mykonos\",\"url\":\"https:\\\/\\\/hotelrez-mykonos.local\\\/\",\"logo\":{\"@type\":\"ImageObject\",\"inLanguage\":\"de\",\"@id\":\"https:\\\/\\\/hotelrez-mykonos.local\\\/#\\\/schema\\\/logo\\\/image\\\/\",\"url\":\"https:\\\/\\\/mykonostownhousehotel.com\\\/wp-content\\\/uploads\\\/2017\\\/01\\\/The-Townhouse-Mykonos-Logo-12.png\",\"contentUrl\":\"https:\\\/\\\/mykonostownhousehotel.com\\\/wp-content\\\/uploads\\\/2017\\\/01\\\/The-Townhouse-Mykonos-Logo-12.png\",\"width\":909,\"height\":396,\"caption\":\"The TownHouse Mykonos\"},\"image\":{\"@id\":\"https:\\\/\\\/hotelrez-mykonos.local\\\/#\\\/schema\\\/logo\\\/image\\\/\"},\"sameAs\":[\"https:\\\/\\\/www.facebook.com\\\/MykonosTownHouse\\\/\",\"https:\\\/\\\/www.instagram.com\\\/mykonostownhouse\\\/\"]}]}<\/script>\n<!-- \/ Yoast SEO plugin. -->","yoast_head_json":{"title":"Haftungsausschluss - The Townhouse Hotel Mykonos","robots":{"index":"index","follow":"follow","max-snippet":"max-snippet:-1","max-image-preview":"max-image-preview:large","max-video-preview":"max-video-preview:-1"},"canonical":"https:\/\/mykonostownhousehotel.com\/de\/disclaimer\/","og_locale":"de_DE","og_type":"article","og_title":"Haftungsausschluss - The Townhouse Hotel Mykonos","og_description":"Das TownHouse Mykonos ist Mitglied der Elegant Hotel Collection (EHC), die ihren Sitz in Gro\u00dfbritannien hat, und wird exklusiv von dieser vertreten. Das TownHouse ist Teil des EHC-Hotel-Franchises und h\u00e4lt sich an dessen Verpflichtung zur Exzellenz. Alle Reservierungen werden ausschlie\u00dflich \u00fcber EHC get\u00e4tigt und Buchungsanfragen, die sich auf diese oder andere Angelegenheiten beziehen, sollten an [&hellip;]","og_url":"https:\/\/mykonostownhousehotel.com\/de\/disclaimer\/","og_site_name":"The Townhouse Hotel Mykonos","article_publisher":"https:\/\/www.facebook.com\/MykonosTownHouse\/","twitter_card":"summary_large_image","twitter_misc":{"Gesch\u00e4tzte Lesezeit":"1\u00a0Minute"},"schema":{"@context":"https:\/\/schema.org","@graph":[{"@type":"WebPage","@id":"https:\/\/mykonostownhousehotel.com\/de\/disclaimer\/","url":"https:\/\/mykonostownhousehotel.com\/de\/disclaimer\/","name":"Haftungsausschluss - The Townhouse Hotel Mykonos","isPartOf":{"@id":"https:\/\/hotelrez-mykonos.local\/#website"},"datePublished":"2026-01-27T22:16:33+00:00","breadcrumb":{"@id":"https:\/\/mykonostownhousehotel.com\/de\/disclaimer\/#breadcrumb"},"inLanguage":"de","potentialAction":[{"@type":"ReadAction","target":["https:\/\/mykonostownhousehotel.com\/de\/disclaimer\/"]}]},{"@type":"BreadcrumbList","@id":"https:\/\/mykonostownhousehotel.com\/de\/disclaimer\/#breadcrumb","itemListElement":[{"@type":"ListItem","position":1,"name":"Home","item":"https:\/\/mykonostownhousehotel.com\/de\/"},{"@type":"ListItem","position":2,"name":"Haftungsausschluss"}]},{"@type":"WebSite","@id":"https:\/\/hotelrez-mykonos.local\/#website","url":"https:\/\/hotelrez-mykonos.local\/","name":"The Townhouse Hotel Mykonos","description":"Reservations +30 211 198 9344","publisher":{"@id":"https:\/\/hotelrez-mykonos.local\/#organization"},"potentialAction":[{"@type":"SearchAction","target":{"@type":"EntryPoint","urlTemplate":"https:\/\/hotelrez-mykonos.local\/?s={search_term_string}"},"query-input":{"@type":"PropertyValueSpecification","valueRequired":true,"valueName":"search_term_string"}}],"inLanguage":"de"},{"@type":"Organization","@id":"https:\/\/hotelrez-mykonos.local\/#organization","name":"The TownHouse Mykonos","url":"https:\/\/hotelrez-mykonos.local\/","logo":{"@type":"ImageObject","inLanguage":"de","@id":"https:\/\/hotelrez-mykonos.local\/#\/schema\/logo\/image\/","url":"https:\/\/mykonostownhousehotel.com\/wp-content\/uploads\/2017\/01\/The-Townhouse-Mykonos-Logo-12.png","contentUrl":"https:\/\/mykonostownhousehotel.com\/wp-content\/uploads\/2017\/01\/The-Townhouse-Mykonos-Logo-12.png","width":909,"height":396,"caption":"The TownHouse Mykonos"},"image":{"@id":"https:\/\/hotelrez-mykonos.local\/#\/schema\/logo\/image\/"},"sameAs":["https:\/\/www.facebook.com\/MykonosTownHouse\/","https:\/\/www.instagram.com\/mykonostownhouse\/"]}]}},"_links":{"self":[{"href":"https:\/\/mykonostownhousehotel.com\/de\/wp-json\/wp\/v2\/pages\/10702","targetHints":{"allow":["GET"]}}],"collection":[{"href":"https:\/\/mykonostownhousehotel.com\/de\/wp-json\/wp\/v2\/pages"}],"about":[{"href":"https:\/\/mykonostownhousehotel.com\/de\/wp-json\/wp\/v2\/types\/page"}],"author":[{"embeddable":true,"href":"https:\/\/mykonostownhousehotel.com\/de\/wp-json\/wp\/v2\/users\/2"}],"replies":[{"embeddable":true,"href":"https:\/\/mykonostownhousehotel.com\/de\/wp-json\/wp\/v2\/comments?post=10702"}],"version-history":[{"count":1,"href":"https:\/\/mykonostownhousehotel.com\/de\/wp-json\/wp\/v2\/pages\/10702\/revisions"}],"predecessor-version":[{"id":10703,"href":"https:\/\/mykonostownhousehotel.com\/de\/wp-json\/wp\/v2\/pages\/10702\/revisions\/10703"}],"wp:attachment":[{"href":"https:\/\/mykonostownhousehotel.com\/de\/wp-json\/wp\/v2\/media?parent=10702"}],"curies":[{"name":"wp","href":"https:\/\/api.w.org\/{rel}","templated":true}]}}