{"id":10598,"date":"2026-01-27T23:54:33","date_gmt":"2026-01-27T21:54:33","guid":{"rendered":"https:\/\/mykonostownhousehotel.com\/booking-terms\/"},"modified":"2026-01-27T23:54:33","modified_gmt":"2026-01-27T21:54:33","slug":"booking-terms","status":"publish","type":"page","link":"https:\/\/mykonostownhousehotel.com\/de\/booking-terms\/","title":{"rendered":"BUCHUNGSBEDINGUNGEN"},"content":{"rendered":"<div class=\"wpb-content-wrapper\"><p>[vc_row rt_row_background_width=&#8220;fullwidth&#8220; rt_row_content_width=&#8220;default&#8220; rt_row_style=&#8220;default-style&#8220; rt_row_height=&#8220;&#8220; rt_row_borders=&#8220;&#8220; rt_row_shadows=&#8220;&#8220; rt_column_gaps=&#8220;&#8220; rt_row_paddings=&#8220;true&#8220; rt_bg_effect=&#8220;classic&#8220; rt_transparent_bg=&#8220;&#8220; rt_bg_image_repeat=&#8220;repeat&#8220; rt_bg_size=&#8220;cover&#8220; rt_bg_position=&#8220;right top&#8220; rt_bg_attachment=&#8220;scroll&#8220; rt_bg_video_format=&#8220;self-hosted&#8220;][vc_column rt_col_paddings=&#8220;true&#8220; rt_wrp_col_paddings=&#8220;false&#8220; rt_column_shadow=&#8220;&#8220; rt_border_top=&#8220;&#8220; rt_border_bottom=&#8220;&#8220; rt_border_left=&#8220;&#8220; rt_border_right=&#8220;&#8220; rt_border_top_mobile=&#8220;&#8220; rt_border_bottom_mobile=&#8220;&#8220; rt_border_left_mobile=&#8220;&#8220; rt_border_right_mobile=&#8220;&#8220; rt_bg_image_repeat=&#8220;repeat&#8220; rt_bg_size=&#8220;auto auto&#8220; rt_bg_position=&#8220;right top&#8220; rt_bg_attachment=&#8220;scroll&#8220; rt_padding_top=&#8220;20&#8243; rt_bg_color=&#8220;&#8220; rt_bg_overlay_color=&#8220;&#8220;][vc_column_text]<\/p>\n<h1><strong>Buchungsbedingungen f\u00fcr Mykonos TownHouse<\/strong><\/h1>\n<p>&nbsp;<\/p>\n<p><strong>1. Betreiber und Bedingungen<br \/>\n<\/strong>Elegant Hotel Collection Limited (EHC) mit Sitz in Newark Beacon Cafferata Way NG24 2TN ist der Betreiber des Mykonos TownHouse.<\/p>\n<p>Bitte beachten Sie, dass Ihre Zahlung von HotelREZ Limited (unter derselben Adresse) abgewickelt wird, das als Vertreter von EHC f\u00fcr die Zahlungsabwicklung fungiert.<\/p>\n<p>Dies sind die Bedingungen, die gelten, wenn Sie eine Reservierung im Mykonos TownHouse vornehmen m\u00f6chten.<\/p>\n<p>F\u00fcr Reservierungen in allen anderen EHC-Hotels gelten andere Bedingungen, die Sie normalerweise auf der Buchungsseite des jeweiligen Hotels finden.<\/p>\n<p>&nbsp;<\/p>\n<p><strong>2. Ihre Reservierung<\/strong><\/p>\n<p>Wir ben\u00f6tigen die Daten Ihrer Kredit- oder Debitkarte, um Ihre Reservierung zu sichern. Wir akzeptieren Visa, Mastercard, American Express und alle anderen Karten, die in der Zahlungsm\u00f6glichkeit angegeben sind. Bitte \u00fcberpr\u00fcfen Sie die Details Ihrer Reservierung sorgf\u00e4ltig, bevor Sie sie best\u00e4tigen.  <\/p>\n<p><span style=\"font-weight: 400;\">Buchungen sind nur g\u00fcltig, wenn die Kredit-\/Debitkarte auf den Namen der Person lautet, die die Buchung vorgenommen hat. Wir akzeptieren keine bezahlten\/garantierten Buchungen, wenn der Name des Karteninhabers nicht mit dem Namen der Buchung \u00fcbereinstimmt. <\/span><\/p>\n<p>Wir werden Ihre Reservierung best\u00e4tigen, indem wir eine E-Mail an die E-Mail-Adresse senden, die Sie uns bei der Reservierung angegeben haben. Erst wenn Sie diese E-Mail erhalten, kommt ein Vertrag zwischen uns zustande. <\/p>\n<p>Bitte beachten Sie, dass Ihre Reservierung nicht \u00fcbertragbar ist. Wir behalten uns das Recht vor, einer Person, die nicht in der urspr\u00fcnglichen Reservierung genannt wurde, die Unterkunft und\/oder Dienstleistungen zu verweigern. <\/p>\n<p>Sie m\u00fcssen mindestens 18 Jahre alt sein, um eine Reservierung vornehmen zu k\u00f6nnen.<\/p>\n<p>&nbsp;<\/p>\n<p><strong>3. Preis und Bezahlung<br \/>\n<\/strong><\/p>\n<p>Der Preis, den Sie bezahlen, ist der Preis, der Ihnen bei der Reservierung genannt wird. Dieser wird Ihnen in der Best\u00e4tigungs-E-Mail best\u00e4tigt. <\/p>\n<p>Der Preis enth\u00e4lt die Mehrwertsteuer zum jeweils g\u00fcltigen Satz. Wenn sich der Mehrwertsteuersatz \u00e4ndert, sind wir verpflichtet, den neuen Satz auf alle Betr\u00e4ge zu berechnen, die Sie nicht vor Inkrafttreten der \u00c4nderung bezahlt haben. <\/p>\n<p>Der Zeitpunkt, zu dem die Zahlung erfolgen muss, h\u00e4ngt von dem Zimmerpreisplan ab, den Sie ausgew\u00e4hlt haben. Dies wird in den Buchungsinformationen angegeben, die Sie vor Ihrer Buchung erhalten. <\/p>\n<p>Bitte beachten Sie, dass die \u00f6rtliche Touristensteuer bei oder vor Ihrer Abreise im Hotel bezahlt werden muss. Wir akzeptieren Bargeld f\u00fcr Betr\u00e4ge bis zu 100 Euro, verlangen aber eine Zahlung per Kredit- oder Debitkarte f\u00fcr Betr\u00e4ge \u00fcber 100 Euro. <\/p>\n<p>Speisen und Getr\u00e4nke, die Sie im Mykonos TownHouse und seinen Schwesterbars, der SKYBAR &amp; 54 Cocktail Bar, kaufen, k\u00f6nnen mit Ihrem Zimmer verrechnet und bei oder vor Ihrer Abreise beglichen werden, vorausgesetzt, Sie haben uns Ihre Kreditkartendaten mit einer Vorautorisierung eines ausreichenden Betrags mitgeteilt.<\/p>\n<p>Wir behalten uns das Recht vor, eine Vorautorisierung Ihrer Kreditkarte f\u00fcr alle Ausgaben oder Sch\u00e4den, die Sie w\u00e4hrend Ihres Aufenthalts bei uns verursachen, zu verlangen und\/oder Sie aufzufordern, Ihre Rechnung zu einem beliebigen Zeitpunkt w\u00e4hrend Ihres Aufenthalts zu begleichen.<\/p>\n<p>&nbsp;<\/p>\n<p><strong>4. Ihr Aufenthalt<\/strong><\/p>\n<p>Bei Ihrer Ankunft im Mykonos TownHouse werden Sie m\u00f6glicherweise gebeten, bestimmte Informationen anzugeben, z. B. einen Identit\u00e4tsnachweis und Angaben zu Ihrem Reisepass. Diese Informationen werden in \u00dcbereinstimmung mit unserer Datenschutzrichtlinie verarbeitet. <\/p>\n<p>Die maximale Belegung Ihres Zimmers ist die Anzahl der Personen, die in den Informationen bei Ihrer Buchung angegeben ist. Sie d\u00fcrfen diese Zahl nicht \u00fcberschreiten. <\/p>\n<p>Ihr Zimmer steht Ihnen am Tag Ihrer Ankunft ab 15 Uhr zur Verf\u00fcgung, und der sp\u00e4teste Check-out ist 12 Uhr am Tag Ihrer Abreise. Bitte lassen Sie uns wissen, wenn Sie andere Vereinbarungen treffen m\u00f6chten, und wir werden uns bem\u00fchen, Ihnen zu helfen. <\/p>\n<p>Bitte teilen Sie uns mit, wenn Sie nach 21 Uhr ankommen.<\/p>\n<p><strong><br \/>\n5. Zug\u00e4nglichkeit<br \/>\n<\/strong>Das Mykonos TownHouse befindet sich in einem historisch sensiblen Gebiet, in dem die lokalen Vorschriften die Entwicklung einschr\u00e4nken und der Zugang zum Hotel extrem eingeschr\u00e4nkt ist. Daher k\u00f6nnen wir nicht garantieren, dass das Hotel f\u00fcr Menschen mit Behinderungen geeignet ist. Wenn Sie Zweifel haben, ob das Mykonos TownHouse f\u00fcr Sie oder ein Mitglied Ihrer Reisegruppe geeignet ist, setzen Sie sich bitte vor der Buchung mit uns in Verbindung, und wir werden Sie gerne beraten.  <\/p>\n<p>&nbsp;<\/p>\n<p><strong>6. Stornierung und \u00c4nderungen Ihrer Reservierung durch Sie<br \/>\n<\/strong>Wenn Sie Ihre Reservierung stornieren, erstatten wir Ihnen das Geld zur\u00fcck:<\/p>\n<ul>\n<li>100% &#8211; wenn Sie mehr als 21 Tage vor dem ersten Tag Ihres Aufenthalts stornieren;<\/li>\n<li>Wenn Sie 21 Tage oder weniger vor dem ersten Tag Ihres Aufenthalts stornieren, k\u00f6nnen wir keine Erstattung vornehmen.<\/li>\n<\/ul>\n<p>Sie sollten in Erw\u00e4gung ziehen, eine entsprechende Versicherung abzuschlie\u00dfen, um diese Eventualit\u00e4t abzudecken.<\/p>\n<p>Wenn Sie geringf\u00fcgige \u00c4nderungen an Ihrer Reservierung vornehmen m\u00f6chten, kontaktieren Sie uns bitte und wir werden uns bem\u00fchen, Ihnen zu helfen.<\/p>\n<p><strong><br \/>\n7. Stornierung durch uns<br \/>\n<\/strong>Wir behalten uns das Recht vor, Ihre Reservierung durch eine schriftliche Mitteilung (auch per E-Mail) zu stornieren:<\/p>\n<ul>\n<li>wenn Sie die Zahlung nicht leisten, wenn Sie in diesen Bedingungen dazu aufgefordert werden<\/li>\n<li>wenn Sie den Vertrag zwischen uns in irgendeiner Weise brechen<\/li>\n<li><span style=\"font-weight: 400;\">wenn der Name des Karteninhabers nicht mit dem Namen der Buchung \u00fcbereinstimmt<\/span><\/li>\n<\/ul>\n<p>Wir k\u00f6nnen Ihre Reservierung auch stornieren, wenn wir aufgrund eines Ereignisses, das sich unserer Kontrolle entzieht (z. B. Feuer, \u00dcberschwemmung, Stromausfall oder Notfallevakuierung), nicht in der Lage sind, Ihnen Ihr Zimmer zur Verf\u00fcgung zu stellen. In diesem Fall werden wir Sie so schnell wie m\u00f6glich benachrichtigen und Ihnen alle von Ihnen gezahlten Betr\u00e4ge vollst\u00e4ndig erstatten. Die R\u00fcckerstattung erfolgt auf dieselbe Karte, die Sie zur Zahlung verwendet haben. Abgesehen von den gesetzlichen Rechten, die wir nicht ausschlie\u00dfen oder einschr\u00e4nken k\u00f6nnen, haften wir Ihnen gegen\u00fcber unter diesen Umst\u00e4nden jedoch nicht weiter.   <\/p>\n<p><strong><br \/>\n8. Ihr Verhalten<\/strong><\/p>\n<p>Sie und Ihre Gruppe werden gebeten, sich jederzeit angemessen zu verhalten und unseren Verfahren und\/oder Aufforderungen in Bezug auf das Verhalten und den Respekt vor dem Eigentum des Hotels, seinen Mitarbeitern und G\u00e4sten sowie deren Gesundheit und Sicherheit nachzukommen. Sie und Ihre Gruppe werden gebeten, den Komfort und das Vergn\u00fcgen anderer G\u00e4ste sowie den reibungslosen Betrieb des Hotels nicht zu st\u00f6ren oder andere G\u00e4ste oder unsere Mitarbeiter zu beleidigen. <\/p>\n<p>Bitte rauchen Sie im gesamten Hotel nicht. Das<span style=\"font-weight: 400;\">Hotel beh\u00e4lt sich das Recht vor, eine Geb\u00fchr zu erheben, wenn Sie in den Zimmern rauchen.<\/span> <\/p>\n<p>Sie und Ihre Gruppe d\u00fcrfen den von uns zur Verf\u00fcgung gestellten Internetzugang nicht nutzen, um auf ungesetzliches oder obsz\u00f6nes Material zuzugreifen oder solches herunterzuladen, das Ansto\u00df erregen k\u00f6nnte.<\/p>\n<p>Wir behalten uns das Recht vor, die Unterbringung oder Dienstleistungen zu verweigern oder Sie und\/oder Mitglieder Ihrer Gruppe aus dem Hotel zu verweisen, wenn wir nach vern\u00fcnftigem Ermessen der Ansicht sind, dass gegen diese Bestimmung versto\u00dfen wurde. In diesem Fall sind wir nicht verpflichtet, Ihnen die Kosten f\u00fcr entgangene Unterkunft, andere Dienstleistungen oder andere Verluste oder Ausgaben zu erstatten. <\/p>\n<p>&nbsp;<\/p>\n<p><strong>9. Unsere Haftung<\/strong><\/p>\n<p>Wir haften nicht f\u00fcr den Verlust oder die Besch\u00e4digung von im Hotel zur\u00fcckgelassenen Gegenst\u00e4nden, es sei denn, dies ist nach geltendem Recht vorgeschrieben.<\/p>\n<p>Wir haften nicht f\u00fcr indirekte, Folge- oder reine wirtschaftliche Verluste oder f\u00fcr den Verlust von Gewinn, Firmenwert oder Chancen, wie auch immer verursacht (einschlie\u00dflich durch unsere Fahrl\u00e4ssigkeit).<\/p>\n<p>Sofern dies nicht durch geltendes Recht untersagt ist, \u00fcbersteigt unsere Gesamthaftung nicht den Wert der Geb\u00fchren, die wir von Ihnen in Bezug auf diese Reservierung erhalten.<\/p>\n<p>Wir haften Ihnen gegen\u00fcber nicht f\u00fcr Ausf\u00e4lle, Verluste oder Verst\u00f6\u00dfe, die auf Ereignisse zur\u00fcckzuf\u00fchren sind, die au\u00dferhalb unserer Kontrolle liegen.<\/p>\n<p>Nichts in diesen Bedingungen ist so zu verstehen oder auszulegen, dass es eine Haftung ausschlie\u00dft oder einschr\u00e4nkt, die nach geltendem Recht nicht ausgeschlossen oder eingeschr\u00e4nkt werden darf, oder dass es Rechte beeintr\u00e4chtigt, die Sie als Verbraucher haben.<\/p>\n<p><strong><br \/>\n10. Ihre Informationen<br \/>\n<\/strong>Wir werden Ihre pers\u00f6nlichen Daten sicher und gesch\u00fctzt aufbewahren. Einzelheiten dar\u00fcber, wie wir mit Ihren Daten umgehen, finden Sie in unserer <a href=\"https:\/\/mykonostownhousehotel.com\/privacy-policy\/\">Datenschutzerkl\u00e4rung<\/a>. <\/p>\n<p><strong><br \/>\n11. Rechtliche Bedingungen<br \/>\n<\/strong>F\u00fcr diese Bedingungen (einschlie\u00dflich ihres Gegenstands und ihrer Entstehung) und Ihre Reservierung gilt englisches Recht.<\/p>\n<p>Die ausschlie\u00dfliche Zust\u00e4ndigkeit liegt bei den englischen Gerichten.[\/vc_column_text][\/vc_column][\/vc_row]<\/p>\n<\/div>","protected":false},"excerpt":{"rendered":"<p>[vc_row rt_row_background_width=&#8220;fullwidth&#8220; rt_row_content_width=&#8220;default&#8220; rt_row_style=&#8220;default-style&#8220; rt_row_height=&#8220;&#8220; rt_row_borders=&#8220;&#8220; rt_row_shadows=&#8220;&#8220; rt_column_gaps=&#8220;&#8220; rt_row_paddings=&#8220;true&#8220; rt_bg_effect=&#8220;classic&#8220; rt_transparent_bg=&#8220;&#8220; rt_bg_image_repeat=&#8220;repeat&#8220; rt_bg_size=&#8220;cover&#8220; rt_bg_position=&#8220;right top&#8220; rt_bg_attachment=&#8220;scroll&#8220; rt_bg_video_format=&#8220;self-hosted&#8220;][vc_column rt_col_paddings=&#8220;true&#8220; rt_wrp_col_paddings=&#8220;false&#8220; rt_column_shadow=&#8220;&#8220; rt_border_top=&#8220;&#8220; rt_border_bottom=&#8220;&#8220; rt_border_left=&#8220;&#8220; rt_border_right=&#8220;&#8220; rt_border_top_mobile=&#8220;&#8220; rt_border_bottom_mobile=&#8220;&#8220; rt_border_left_mobile=&#8220;&#8220; rt_border_right_mobile=&#8220;&#8220; rt_bg_image_repeat=&#8220;repeat&#8220; rt_bg_size=&#8220;auto auto&#8220; rt_bg_position=&#8220;right top&#8220; rt_bg_attachment=&#8220;scroll&#8220; rt_padding_top=&#8220;20&#8243; rt_bg_color=&#8220;&#8220; rt_bg_overlay_color=&#8220;&#8220;][vc_column_text] Buchungsbedingungen f\u00fcr Mykonos TownHouse &nbsp; 1. Betreiber und Bedingungen Elegant Hotel Collection Limited (EHC) mit Sitz in Newark &#8230; <a class=\"more-link\" href=\"https:\/\/mykonostownhousehotel.com\/de\/booking-terms\/\">Lesen Sie weiter<\/a><\/p>\n","protected":false},"author":7,"featured_media":0,"parent":0,"menu_order":0,"comment_status":"closed","ping_status":"closed","template":"","meta":{"footnotes":""},"class_list":["post-10598","page","type-page","status-publish","hentry"],"yoast_head":"<!-- This site is optimized with the Yoast SEO plugin v27.4 - https:\/\/yoast.com\/product\/yoast-seo-wordpress\/ -->\n<title>Buchungsbedingungen - The TownHouse Mykonos Hotel<\/title>\n<meta name=\"description\" content=\"Alles, was Sie \u00fcber Ihre Buchungsbedingungen im The TownHouse Mykonos Hotel wissen m\u00fcssen.\" \/>\n<meta name=\"robots\" content=\"index, follow, max-snippet:-1, max-image-preview:large, max-video-preview:-1\" \/>\n<link rel=\"canonical\" href=\"https:\/\/mykonostownhousehotel.com\/de\/booking-terms\/\" \/>\n<meta property=\"og:locale\" content=\"de_DE\" \/>\n<meta property=\"og:type\" content=\"article\" \/>\n<meta property=\"og:title\" content=\"Buchungsbedingungen - The TownHouse Mykonos Hotel\" \/>\n<meta property=\"og:description\" content=\"Alles, was Sie \u00fcber Ihre Buchungsbedingungen im The TownHouse Mykonos Hotel wissen m\u00fcssen.\" \/>\n<meta property=\"og:url\" content=\"https:\/\/mykonostownhousehotel.com\/de\/booking-terms\/\" \/>\n<meta property=\"og:site_name\" content=\"The Townhouse Hotel Mykonos\" \/>\n<meta property=\"article:publisher\" content=\"https:\/\/www.facebook.com\/MykonosTownHouse\/\" \/>\n<meta name=\"twitter:card\" content=\"summary_large_image\" \/>\n<meta name=\"twitter:label1\" content=\"Gesch\u00e4tzte Lesezeit\" \/>\n\t<meta name=\"twitter:data1\" content=\"7\u00a0Minuten\" \/>\n<script type=\"application\/ld+json\" class=\"yoast-schema-graph\">{\"@context\":\"https:\\\/\\\/schema.org\",\"@graph\":[{\"@type\":\"WebPage\",\"@id\":\"https:\\\/\\\/mykonostownhousehotel.com\\\/de\\\/booking-terms\\\/\",\"url\":\"https:\\\/\\\/mykonostownhousehotel.com\\\/de\\\/booking-terms\\\/\",\"name\":\"Buchungsbedingungen - The TownHouse Mykonos Hotel\",\"isPartOf\":{\"@id\":\"https:\\\/\\\/hotelrez-mykonos.local\\\/#website\"},\"datePublished\":\"2026-01-27T21:54:33+00:00\",\"description\":\"Alles, was Sie \u00fcber Ihre Buchungsbedingungen im The TownHouse Mykonos Hotel wissen m\u00fcssen.\",\"breadcrumb\":{\"@id\":\"https:\\\/\\\/mykonostownhousehotel.com\\\/de\\\/booking-terms\\\/#breadcrumb\"},\"inLanguage\":\"de\",\"potentialAction\":[{\"@type\":\"ReadAction\",\"target\":[\"https:\\\/\\\/mykonostownhousehotel.com\\\/de\\\/booking-terms\\\/\"]}]},{\"@type\":\"BreadcrumbList\",\"@id\":\"https:\\\/\\\/mykonostownhousehotel.com\\\/de\\\/booking-terms\\\/#breadcrumb\",\"itemListElement\":[{\"@type\":\"ListItem\",\"position\":1,\"name\":\"Home\",\"item\":\"https:\\\/\\\/mykonostownhousehotel.com\\\/de\\\/\"},{\"@type\":\"ListItem\",\"position\":2,\"name\":\"BUCHUNGSBEDINGUNGEN\"}]},{\"@type\":\"WebSite\",\"@id\":\"https:\\\/\\\/hotelrez-mykonos.local\\\/#website\",\"url\":\"https:\\\/\\\/hotelrez-mykonos.local\\\/\",\"name\":\"The Townhouse Hotel Mykonos\",\"description\":\"Reservations +30 211 198 9344\",\"publisher\":{\"@id\":\"https:\\\/\\\/hotelrez-mykonos.local\\\/#organization\"},\"potentialAction\":[{\"@type\":\"SearchAction\",\"target\":{\"@type\":\"EntryPoint\",\"urlTemplate\":\"https:\\\/\\\/hotelrez-mykonos.local\\\/?s={search_term_string}\"},\"query-input\":{\"@type\":\"PropertyValueSpecification\",\"valueRequired\":true,\"valueName\":\"search_term_string\"}}],\"inLanguage\":\"de\"},{\"@type\":\"Organization\",\"@id\":\"https:\\\/\\\/hotelrez-mykonos.local\\\/#organization\",\"name\":\"The TownHouse Mykonos\",\"url\":\"https:\\\/\\\/hotelrez-mykonos.local\\\/\",\"logo\":{\"@type\":\"ImageObject\",\"inLanguage\":\"de\",\"@id\":\"https:\\\/\\\/hotelrez-mykonos.local\\\/#\\\/schema\\\/logo\\\/image\\\/\",\"url\":\"https:\\\/\\\/mykonostownhousehotel.com\\\/wp-content\\\/uploads\\\/2017\\\/01\\\/The-Townhouse-Mykonos-Logo-12.png\",\"contentUrl\":\"https:\\\/\\\/mykonostownhousehotel.com\\\/wp-content\\\/uploads\\\/2017\\\/01\\\/The-Townhouse-Mykonos-Logo-12.png\",\"width\":909,\"height\":396,\"caption\":\"The TownHouse Mykonos\"},\"image\":{\"@id\":\"https:\\\/\\\/hotelrez-mykonos.local\\\/#\\\/schema\\\/logo\\\/image\\\/\"},\"sameAs\":[\"https:\\\/\\\/www.facebook.com\\\/MykonosTownHouse\\\/\",\"https:\\\/\\\/www.instagram.com\\\/mykonostownhouse\\\/\"]}]}<\/script>\n<!-- \/ Yoast SEO plugin. -->","yoast_head_json":{"title":"Buchungsbedingungen - The TownHouse Mykonos Hotel","description":"Alles, was Sie \u00fcber Ihre Buchungsbedingungen im The TownHouse Mykonos Hotel wissen m\u00fcssen.","robots":{"index":"index","follow":"follow","max-snippet":"max-snippet:-1","max-image-preview":"max-image-preview:large","max-video-preview":"max-video-preview:-1"},"canonical":"https:\/\/mykonostownhousehotel.com\/de\/booking-terms\/","og_locale":"de_DE","og_type":"article","og_title":"Buchungsbedingungen - The TownHouse Mykonos Hotel","og_description":"Alles, was Sie \u00fcber Ihre Buchungsbedingungen im The TownHouse Mykonos Hotel wissen m\u00fcssen.","og_url":"https:\/\/mykonostownhousehotel.com\/de\/booking-terms\/","og_site_name":"The Townhouse Hotel Mykonos","article_publisher":"https:\/\/www.facebook.com\/MykonosTownHouse\/","twitter_card":"summary_large_image","twitter_misc":{"Gesch\u00e4tzte Lesezeit":"7\u00a0Minuten"},"schema":{"@context":"https:\/\/schema.org","@graph":[{"@type":"WebPage","@id":"https:\/\/mykonostownhousehotel.com\/de\/booking-terms\/","url":"https:\/\/mykonostownhousehotel.com\/de\/booking-terms\/","name":"Buchungsbedingungen - The TownHouse Mykonos Hotel","isPartOf":{"@id":"https:\/\/hotelrez-mykonos.local\/#website"},"datePublished":"2026-01-27T21:54:33+00:00","description":"Alles, was Sie \u00fcber Ihre Buchungsbedingungen im The TownHouse Mykonos Hotel wissen m\u00fcssen.","breadcrumb":{"@id":"https:\/\/mykonostownhousehotel.com\/de\/booking-terms\/#breadcrumb"},"inLanguage":"de","potentialAction":[{"@type":"ReadAction","target":["https:\/\/mykonostownhousehotel.com\/de\/booking-terms\/"]}]},{"@type":"BreadcrumbList","@id":"https:\/\/mykonostownhousehotel.com\/de\/booking-terms\/#breadcrumb","itemListElement":[{"@type":"ListItem","position":1,"name":"Home","item":"https:\/\/mykonostownhousehotel.com\/de\/"},{"@type":"ListItem","position":2,"name":"BUCHUNGSBEDINGUNGEN"}]},{"@type":"WebSite","@id":"https:\/\/hotelrez-mykonos.local\/#website","url":"https:\/\/hotelrez-mykonos.local\/","name":"The Townhouse Hotel Mykonos","description":"Reservations +30 211 198 9344","publisher":{"@id":"https:\/\/hotelrez-mykonos.local\/#organization"},"potentialAction":[{"@type":"SearchAction","target":{"@type":"EntryPoint","urlTemplate":"https:\/\/hotelrez-mykonos.local\/?s={search_term_string}"},"query-input":{"@type":"PropertyValueSpecification","valueRequired":true,"valueName":"search_term_string"}}],"inLanguage":"de"},{"@type":"Organization","@id":"https:\/\/hotelrez-mykonos.local\/#organization","name":"The TownHouse Mykonos","url":"https:\/\/hotelrez-mykonos.local\/","logo":{"@type":"ImageObject","inLanguage":"de","@id":"https:\/\/hotelrez-mykonos.local\/#\/schema\/logo\/image\/","url":"https:\/\/mykonostownhousehotel.com\/wp-content\/uploads\/2017\/01\/The-Townhouse-Mykonos-Logo-12.png","contentUrl":"https:\/\/mykonostownhousehotel.com\/wp-content\/uploads\/2017\/01\/The-Townhouse-Mykonos-Logo-12.png","width":909,"height":396,"caption":"The TownHouse Mykonos"},"image":{"@id":"https:\/\/hotelrez-mykonos.local\/#\/schema\/logo\/image\/"},"sameAs":["https:\/\/www.facebook.com\/MykonosTownHouse\/","https:\/\/www.instagram.com\/mykonostownhouse\/"]}]}},"_links":{"self":[{"href":"https:\/\/mykonostownhousehotel.com\/de\/wp-json\/wp\/v2\/pages\/10598","targetHints":{"allow":["GET"]}}],"collection":[{"href":"https:\/\/mykonostownhousehotel.com\/de\/wp-json\/wp\/v2\/pages"}],"about":[{"href":"https:\/\/mykonostownhousehotel.com\/de\/wp-json\/wp\/v2\/types\/page"}],"author":[{"embeddable":true,"href":"https:\/\/mykonostownhousehotel.com\/de\/wp-json\/wp\/v2\/users\/7"}],"replies":[{"embeddable":true,"href":"https:\/\/mykonostownhousehotel.com\/de\/wp-json\/wp\/v2\/comments?post=10598"}],"version-history":[{"count":2,"href":"https:\/\/mykonostownhousehotel.com\/de\/wp-json\/wp\/v2\/pages\/10598\/revisions"}],"predecessor-version":[{"id":10600,"href":"https:\/\/mykonostownhousehotel.com\/de\/wp-json\/wp\/v2\/pages\/10598\/revisions\/10600"}],"wp:attachment":[{"href":"https:\/\/mykonostownhousehotel.com\/de\/wp-json\/wp\/v2\/media?parent=10598"}],"curies":[{"name":"wp","href":"https:\/\/api.w.org\/{rel}","templated":true}]}}